{"id":16581,"date":"2023-12-19T19:36:03","date_gmt":"2023-12-19T18:36:03","guid":{"rendered":"https:\/\/venuspara.com\/?post_type=product&#038;p=16581"},"modified":"2023-12-19T19:36:56","modified_gmt":"2023-12-19T18:36:56","slug":"roge-cavailles-huile-bain-douche-veloutante-250-ml","status":"publish","type":"product","link":"https:\/\/pharmadreams.shop\/index.php\/product\/roge-cavailles-huile-bain-douche-veloutante-250-ml\/","title":{"rendered":"roge cavailles huile bain douche veloutante, 250 ml"},"content":{"rendered":"","protected":false},"excerpt":{"rendered":"<p>Cette Huile Bain Douche Amande &amp; Argan nettoie en douceur et nourrit intens\u00e9ment les peaux sensibles et s\u00e8ches. Avec ses agents surgras associ\u00e9s aux vertus nourrissantes de l\u2019huile d\u2019argan et de l\u2019huile d\u2019amande douce.<\/p>\n<p>Utilisez cette Huile de Douche Amande &amp; Argan quotidiennement, sous la douche ou dans votre bain, en appliquant une dose de produit sur votre peau pr\u00e9alablement mouill\u00e9e.<br \/>\nFaites mousser puis rincez abondamment \u00e0 l\u2019eau ti\u00e8de.<\/p>\n","protected":false},"featured_media":16666,"comment_status":"open","ping_status":"closed","template":"","meta":[],"product_brand":[],"product_cat":[166],"product_tag":[],"class_list":{"0":"post-16581","1":"product","2":"type-product","3":"status-publish","4":"has-post-thumbnail","6":"product_cat-huile-bain-douche","8":"first","9":"instock","10":"shipping-taxable","11":"purchasable","12":"product-type-simple"},"yoast_head":"<!-- This site is optimized with the Yoast SEO plugin v23.0 - https:\/\/yoast.com\/wordpress\/plugins\/seo\/ -->\n<title>roge cavailles huile bain douche veloutante, 250 ml - pharmadreams<\/title>\n<meta name=\"robots\" content=\"index, follow, max-snippet:-1, max-image-preview:large, max-video-preview:-1\" \/>\n<link rel=\"canonical\" href=\"https:\/\/pharmadreams.shop\/index.php\/product\/roge-cavailles-huile-bain-douche-veloutante-250-ml\/\" \/>\n<meta property=\"og:locale\" content=\"fr_FR\" \/>\n<meta property=\"og:type\" content=\"article\" \/>\n<meta property=\"og:title\" content=\"roge cavailles huile bain douche veloutante, 250 ml - pharmadreams\" \/>\n<meta property=\"og:description\" content=\"Cette Huile Bain Douche Amande &amp; Argan nettoie en douceur et nourrit intens\u00e9ment les peaux sensibles et s\u00e8ches. Avec ses agents surgras associ\u00e9s aux vertus nourrissantes de l\u2019huile d\u2019argan et de l\u2019huile d\u2019amande douce.  Utilisez cette Huile de Douche Amande &amp; Argan quotidiennement, sous la douche ou dans votre bain, en appliquant une dose de produit sur votre peau pr\u00e9alablement mouill\u00e9e. Faites mousser puis rincez abondamment \u00e0 l\u2019eau ti\u00e8de.\" \/>\n<meta property=\"og:url\" content=\"https:\/\/pharmadreams.shop\/index.php\/product\/roge-cavailles-huile-bain-douche-veloutante-250-ml\/\" \/>\n<meta property=\"og:site_name\" content=\"pharmadreams\" \/>\n<meta property=\"article:modified_time\" content=\"2023-12-19T18:36:56+00:00\" \/>\n<meta property=\"og:image\" content=\"https:\/\/pharmadreams.shop\/wp-content\/uploads\/2023\/12\/roge-cavailles.png\" \/>\n\t<meta property=\"og:image:width\" content=\"614\" \/>\n\t<meta property=\"og:image:height\" content=\"689\" \/>\n\t<meta property=\"og:image:type\" content=\"image\/png\" \/>\n<meta name=\"twitter:card\" content=\"summary_large_image\" \/>\n<script type=\"application\/ld+json\" class=\"yoast-schema-graph\">{\"@context\":\"https:\/\/schema.org\",\"@graph\":[{\"@type\":\"WebPage\",\"@id\":\"https:\/\/pharmadreams.shop\/index.php\/product\/roge-cavailles-huile-bain-douche-veloutante-250-ml\/\",\"url\":\"https:\/\/pharmadreams.shop\/index.php\/product\/roge-cavailles-huile-bain-douche-veloutante-250-ml\/\",\"name\":\"roge cavailles huile bain douche veloutante, 250 ml - pharmadreams\",\"isPartOf\":{\"@id\":\"https:\/\/pharmadreams.shop\/#website\"},\"primaryImageOfPage\":{\"@id\":\"https:\/\/pharmadreams.shop\/index.php\/product\/roge-cavailles-huile-bain-douche-veloutante-250-ml\/#primaryimage\"},\"image\":{\"@id\":\"https:\/\/pharmadreams.shop\/index.php\/product\/roge-cavailles-huile-bain-douche-veloutante-250-ml\/#primaryimage\"},\"thumbnailUrl\":\"https:\/\/pharmadreams.shop\/wp-content\/uploads\/2023\/12\/roge-cavailles.png\",\"datePublished\":\"2023-12-19T18:36:03+00:00\",\"dateModified\":\"2023-12-19T18:36:56+00:00\",\"breadcrumb\":{\"@id\":\"https:\/\/pharmadreams.shop\/index.php\/product\/roge-cavailles-huile-bain-douche-veloutante-250-ml\/#breadcrumb\"},\"inLanguage\":\"fr-FR\",\"potentialAction\":[{\"@type\":\"ReadAction\",\"target\":[\"https:\/\/pharmadreams.shop\/index.php\/product\/roge-cavailles-huile-bain-douche-veloutante-250-ml\/\"]}]},{\"@type\":\"ImageObject\",\"inLanguage\":\"fr-FR\",\"@id\":\"https:\/\/pharmadreams.shop\/index.php\/product\/roge-cavailles-huile-bain-douche-veloutante-250-ml\/#primaryimage\",\"url\":\"https:\/\/pharmadreams.shop\/wp-content\/uploads\/2023\/12\/roge-cavailles.png\",\"contentUrl\":\"https:\/\/pharmadreams.shop\/wp-content\/uploads\/2023\/12\/roge-cavailles.png\",\"width\":614,\"height\":689},{\"@type\":\"BreadcrumbList\",\"@id\":\"https:\/\/pharmadreams.shop\/index.php\/product\/roge-cavailles-huile-bain-douche-veloutante-250-ml\/#breadcrumb\",\"itemListElement\":[{\"@type\":\"ListItem\",\"position\":1,\"name\":\"Accueil\",\"item\":\"https:\/\/pharmadreams.shop\/\"},{\"@type\":\"ListItem\",\"position\":2,\"name\":\"Shop\",\"item\":\"https:\/\/pharmadreams.shop\/index.php\/shop\/\"},{\"@type\":\"ListItem\",\"position\":3,\"name\":\"roge cavailles huile bain douche veloutante, 250 ml\"}]},{\"@type\":\"WebSite\",\"@id\":\"https:\/\/pharmadreams.shop\/#website\",\"url\":\"https:\/\/pharmadreams.shop\/\",\"name\":\"pharmadreams\",\"description\":\"Parapharmacie en ligne\",\"potentialAction\":[{\"@type\":\"SearchAction\",\"target\":{\"@type\":\"EntryPoint\",\"urlTemplate\":\"https:\/\/pharmadreams.shop\/?s={search_term_string}\"},\"query-input\":\"required name=search_term_string\"}],\"inLanguage\":\"fr-FR\"}]}<\/script>\n<!-- \/ Yoast SEO plugin. -->","yoast_head_json":{"title":"roge cavailles huile bain douche veloutante, 250 ml - pharmadreams","robots":{"index":"index","follow":"follow","max-snippet":"max-snippet:-1","max-image-preview":"max-image-preview:large","max-video-preview":"max-video-preview:-1"},"canonical":"https:\/\/pharmadreams.shop\/index.php\/product\/roge-cavailles-huile-bain-douche-veloutante-250-ml\/","og_locale":"fr_FR","og_type":"article","og_title":"roge cavailles huile bain douche veloutante, 250 ml - pharmadreams","og_description":"Cette Huile Bain Douche Amande &amp; Argan nettoie en douceur et nourrit intens\u00e9ment les peaux sensibles et s\u00e8ches. Avec ses agents surgras associ\u00e9s aux vertus nourrissantes de l\u2019huile d\u2019argan et de l\u2019huile d\u2019amande douce.  Utilisez cette Huile de Douche Amande &amp; Argan quotidiennement, sous la douche ou dans votre bain, en appliquant une dose de produit sur votre peau pr\u00e9alablement mouill\u00e9e. Faites mousser puis rincez abondamment \u00e0 l\u2019eau ti\u00e8de.","og_url":"https:\/\/pharmadreams.shop\/index.php\/product\/roge-cavailles-huile-bain-douche-veloutante-250-ml\/","og_site_name":"pharmadreams","article_modified_time":"2023-12-19T18:36:56+00:00","og_image":[{"width":614,"height":689,"url":"https:\/\/pharmadreams.shop\/wp-content\/uploads\/2023\/12\/roge-cavailles.png","type":"image\/png"}],"twitter_card":"summary_large_image","schema":{"@context":"https:\/\/schema.org","@graph":[{"@type":"WebPage","@id":"https:\/\/pharmadreams.shop\/index.php\/product\/roge-cavailles-huile-bain-douche-veloutante-250-ml\/","url":"https:\/\/pharmadreams.shop\/index.php\/product\/roge-cavailles-huile-bain-douche-veloutante-250-ml\/","name":"roge cavailles huile bain douche veloutante, 250 ml - pharmadreams","isPartOf":{"@id":"https:\/\/pharmadreams.shop\/#website"},"primaryImageOfPage":{"@id":"https:\/\/pharmadreams.shop\/index.php\/product\/roge-cavailles-huile-bain-douche-veloutante-250-ml\/#primaryimage"},"image":{"@id":"https:\/\/pharmadreams.shop\/index.php\/product\/roge-cavailles-huile-bain-douche-veloutante-250-ml\/#primaryimage"},"thumbnailUrl":"https:\/\/pharmadreams.shop\/wp-content\/uploads\/2023\/12\/roge-cavailles.png","datePublished":"2023-12-19T18:36:03+00:00","dateModified":"2023-12-19T18:36:56+00:00","breadcrumb":{"@id":"https:\/\/pharmadreams.shop\/index.php\/product\/roge-cavailles-huile-bain-douche-veloutante-250-ml\/#breadcrumb"},"inLanguage":"fr-FR","potentialAction":[{"@type":"ReadAction","target":["https:\/\/pharmadreams.shop\/index.php\/product\/roge-cavailles-huile-bain-douche-veloutante-250-ml\/"]}]},{"@type":"ImageObject","inLanguage":"fr-FR","@id":"https:\/\/pharmadreams.shop\/index.php\/product\/roge-cavailles-huile-bain-douche-veloutante-250-ml\/#primaryimage","url":"https:\/\/pharmadreams.shop\/wp-content\/uploads\/2023\/12\/roge-cavailles.png","contentUrl":"https:\/\/pharmadreams.shop\/wp-content\/uploads\/2023\/12\/roge-cavailles.png","width":614,"height":689},{"@type":"BreadcrumbList","@id":"https:\/\/pharmadreams.shop\/index.php\/product\/roge-cavailles-huile-bain-douche-veloutante-250-ml\/#breadcrumb","itemListElement":[{"@type":"ListItem","position":1,"name":"Accueil","item":"https:\/\/pharmadreams.shop\/"},{"@type":"ListItem","position":2,"name":"Shop","item":"https:\/\/pharmadreams.shop\/index.php\/shop\/"},{"@type":"ListItem","position":3,"name":"roge cavailles huile bain douche veloutante, 250 ml"}]},{"@type":"WebSite","@id":"https:\/\/pharmadreams.shop\/#website","url":"https:\/\/pharmadreams.shop\/","name":"pharmadreams","description":"Parapharmacie en ligne","potentialAction":[{"@type":"SearchAction","target":{"@type":"EntryPoint","urlTemplate":"https:\/\/pharmadreams.shop\/?s={search_term_string}"},"query-input":"required name=search_term_string"}],"inLanguage":"fr-FR"}]}},"_links":{"self":[{"href":"https:\/\/pharmadreams.shop\/index.php\/wp-json\/wp\/v2\/product\/16581","targetHints":{"allow":["GET"]}}],"collection":[{"href":"https:\/\/pharmadreams.shop\/index.php\/wp-json\/wp\/v2\/product"}],"about":[{"href":"https:\/\/pharmadreams.shop\/index.php\/wp-json\/wp\/v2\/types\/product"}],"replies":[{"embeddable":true,"href":"https:\/\/pharmadreams.shop\/index.php\/wp-json\/wp\/v2\/comments?post=16581"}],"version-history":[{"count":0,"href":"https:\/\/pharmadreams.shop\/index.php\/wp-json\/wp\/v2\/product\/16581\/revisions"}],"wp:featuredmedia":[{"embeddable":true,"href":"https:\/\/pharmadreams.shop\/index.php\/wp-json\/wp\/v2\/media\/16666"}],"wp:attachment":[{"href":"https:\/\/pharmadreams.shop\/index.php\/wp-json\/wp\/v2\/media?parent=16581"}],"wp:term":[{"taxonomy":"product_brand","embeddable":true,"href":"https:\/\/pharmadreams.shop\/index.php\/wp-json\/wp\/v2\/product_brand?post=16581"},{"taxonomy":"product_cat","embeddable":true,"href":"https:\/\/pharmadreams.shop\/index.php\/wp-json\/wp\/v2\/product_cat?post=16581"},{"taxonomy":"product_tag","embeddable":true,"href":"https:\/\/pharmadreams.shop\/index.php\/wp-json\/wp\/v2\/product_tag?post=16581"}],"curies":[{"name":"wp","href":"https:\/\/api.w.org\/{rel}","templated":true}]}}