{"id":16610,"date":"2023-12-19T19:36:27","date_gmt":"2023-12-19T18:36:27","guid":{"rendered":"https:\/\/venuspara.com\/?post_type=product&#038;p=16610"},"modified":"2023-12-19T19:36:58","modified_gmt":"2023-12-19T18:36:58","slug":"roge-cavailles-creme-de-douche-relaxante-amande-rose-peaux-seches-250-ml","status":"publish","type":"product","link":"https:\/\/pharmadreams.shop\/index.php\/product\/roge-cavailles-creme-de-douche-relaxante-amande-rose-peaux-seches-250-ml\/","title":{"rendered":"roge cavailles cr\u00e8me de douche relaxante amande &#038; rose peaux s\u00e8ches &#8211; 250 ml"},"content":{"rendered":"","protected":false},"excerpt":{"rendered":"<p>Cr\u00e8me de Douche Relaxante Amande &amp; Rose peaux s\u00e8ches &#8211; 250 ML Cette Cr\u00e8me de Douche \u00e0 l\u2019Amande et \u00e0 la Rose vous permet de combiner plaisir et hydratation pour votre peau sensible lors de votre douche.Cette Cr\u00e8me de Bain et Douche associe les vertus nourrissantes de l\u2019huile d\u2019Amande douce et les propri\u00e9t\u00e9s tonifiantes des fleurs de rosier cent-feuilles afin d\u2019assurer une hydratation intense \u00e0 votre peau.Votre peau s\u2019adoucit et s\u2019assouplit au fil des jours afin de vous apporter douceur et r\u00e9confort.La texture ultra-cr\u00e9meuse de cette Cr\u00e8me Douche Relaxante et son parfum aux notes fleuries vous feront fondre de plaisir. Votre peau est souple, douce et incroyablement confortable.Sous la douche ou dans le bain, d\u00e9posez une quantit\u00e9 g\u00e9n\u00e9reuse de Cr\u00e8me de Douche Relaxante sa texture fluide et onctueuse ainsi que son d\u00e9licieux parfum de rose et d&rsquo;amande vous transportent pour un moment de bien-\u00eatre et de s\u00e9r\u00e9nit\u00e9.formul\u00e9e sans Savon, . hypoallerg\u00e9nique.test\u00e9e cliniquement sur peaux sensibles.Sous la douche ou dans le bain, d\u00e9posez une quantit\u00e9 g\u00e9n\u00e9reuse de Cr\u00e8me au creux de votre main et faites mousser en vous d\u00e9lectant de son parfum.Une fois Savonn\u00e9, rincez abondamment \u00e0 l&rsquo;eau<\/p>\n","protected":false},"featured_media":16668,"comment_status":"open","ping_status":"closed","template":"","meta":[],"product_brand":[],"product_cat":[166],"product_tag":[],"class_list":{"0":"post-16610","1":"product","2":"type-product","3":"status-publish","4":"has-post-thumbnail","6":"product_cat-huile-bain-douche","8":"first","9":"instock","10":"shipping-taxable","11":"purchasable","12":"product-type-simple"},"yoast_head":"<!-- This site is optimized with the Yoast SEO plugin v23.0 - https:\/\/yoast.com\/wordpress\/plugins\/seo\/ -->\n<title>roge cavailles cr\u00e8me de douche relaxante amande &amp; rose peaux s\u00e8ches - 250 ml - pharmadreams<\/title>\n<meta name=\"robots\" content=\"index, follow, max-snippet:-1, max-image-preview:large, max-video-preview:-1\" \/>\n<link rel=\"canonical\" href=\"https:\/\/pharmadreams.shop\/index.php\/product\/roge-cavailles-creme-de-douche-relaxante-amande-rose-peaux-seches-250-ml\/\" \/>\n<meta property=\"og:locale\" content=\"fr_FR\" \/>\n<meta property=\"og:type\" content=\"article\" \/>\n<meta property=\"og:title\" content=\"roge cavailles cr\u00e8me de douche relaxante amande &amp; rose peaux s\u00e8ches - 250 ml - pharmadreams\" \/>\n<meta property=\"og:description\" content=\"Cr\u00e8me de Douche Relaxante Amande &amp; Rose peaux s\u00e8ches - 250 ML Cette Cr\u00e8me de Douche \u00e0 l\u2019Amande et \u00e0 la Rose vous permet de combiner plaisir et hydratation pour votre peau sensible lors de votre douche.Cette Cr\u00e8me de Bain et Douche associe les vertus nourrissantes de l\u2019huile d\u2019Amande douce et les propri\u00e9t\u00e9s tonifiantes des fleurs de rosier cent-feuilles afin d\u2019assurer une hydratation intense \u00e0 votre peau.Votre peau s\u2019adoucit et s\u2019assouplit au fil des jours afin de vous apporter douceur et r\u00e9confort.La texture ultra-cr\u00e9meuse de cette Cr\u00e8me Douche Relaxante et son parfum aux notes fleuries vous feront fondre de plaisir. Votre peau est souple, douce et incroyablement confortable.Sous la douche ou dans le bain, d\u00e9posez une quantit\u00e9 g\u00e9n\u00e9reuse de Cr\u00e8me de Douche Relaxante sa texture fluide et onctueuse ainsi que son d\u00e9licieux parfum de rose et d&#039;amande vous transportent pour un moment de bien-\u00eatre et de s\u00e9r\u00e9nit\u00e9.formul\u00e9e sans Savon, . hypoallerg\u00e9nique.test\u00e9e cliniquement sur peaux sensibles.Sous la douche ou dans le bain, d\u00e9posez une quantit\u00e9 g\u00e9n\u00e9reuse de Cr\u00e8me au creux de votre main et faites mousser en vous d\u00e9lectant de son parfum.Une fois Savonn\u00e9, rincez abondamment \u00e0 l&#039;eau\" \/>\n<meta property=\"og:url\" content=\"https:\/\/pharmadreams.shop\/index.php\/product\/roge-cavailles-creme-de-douche-relaxante-amande-rose-peaux-seches-250-ml\/\" \/>\n<meta property=\"og:site_name\" content=\"pharmadreams\" \/>\n<meta property=\"article:modified_time\" content=\"2023-12-19T18:36:58+00:00\" \/>\n<meta property=\"og:image\" content=\"https:\/\/pharmadreams.shop\/wp-content\/uploads\/2023\/12\/ward.png\" \/>\n\t<meta property=\"og:image:width\" content=\"614\" \/>\n\t<meta property=\"og:image:height\" content=\"689\" \/>\n\t<meta property=\"og:image:type\" content=\"image\/png\" \/>\n<meta name=\"twitter:card\" content=\"summary_large_image\" \/>\n<script type=\"application\/ld+json\" class=\"yoast-schema-graph\">{\"@context\":\"https:\/\/schema.org\",\"@graph\":[{\"@type\":\"WebPage\",\"@id\":\"https:\/\/pharmadreams.shop\/index.php\/product\/roge-cavailles-creme-de-douche-relaxante-amande-rose-peaux-seches-250-ml\/\",\"url\":\"https:\/\/pharmadreams.shop\/index.php\/product\/roge-cavailles-creme-de-douche-relaxante-amande-rose-peaux-seches-250-ml\/\",\"name\":\"roge cavailles cr\u00e8me de douche relaxante amande & rose peaux s\u00e8ches - 250 ml - pharmadreams\",\"isPartOf\":{\"@id\":\"https:\/\/pharmadreams.shop\/#website\"},\"primaryImageOfPage\":{\"@id\":\"https:\/\/pharmadreams.shop\/index.php\/product\/roge-cavailles-creme-de-douche-relaxante-amande-rose-peaux-seches-250-ml\/#primaryimage\"},\"image\":{\"@id\":\"https:\/\/pharmadreams.shop\/index.php\/product\/roge-cavailles-creme-de-douche-relaxante-amande-rose-peaux-seches-250-ml\/#primaryimage\"},\"thumbnailUrl\":\"https:\/\/pharmadreams.shop\/wp-content\/uploads\/2023\/12\/ward.png\",\"datePublished\":\"2023-12-19T18:36:27+00:00\",\"dateModified\":\"2023-12-19T18:36:58+00:00\",\"breadcrumb\":{\"@id\":\"https:\/\/pharmadreams.shop\/index.php\/product\/roge-cavailles-creme-de-douche-relaxante-amande-rose-peaux-seches-250-ml\/#breadcrumb\"},\"inLanguage\":\"fr-FR\",\"potentialAction\":[{\"@type\":\"ReadAction\",\"target\":[\"https:\/\/pharmadreams.shop\/index.php\/product\/roge-cavailles-creme-de-douche-relaxante-amande-rose-peaux-seches-250-ml\/\"]}]},{\"@type\":\"ImageObject\",\"inLanguage\":\"fr-FR\",\"@id\":\"https:\/\/pharmadreams.shop\/index.php\/product\/roge-cavailles-creme-de-douche-relaxante-amande-rose-peaux-seches-250-ml\/#primaryimage\",\"url\":\"https:\/\/pharmadreams.shop\/wp-content\/uploads\/2023\/12\/ward.png\",\"contentUrl\":\"https:\/\/pharmadreams.shop\/wp-content\/uploads\/2023\/12\/ward.png\",\"width\":614,\"height\":689},{\"@type\":\"BreadcrumbList\",\"@id\":\"https:\/\/pharmadreams.shop\/index.php\/product\/roge-cavailles-creme-de-douche-relaxante-amande-rose-peaux-seches-250-ml\/#breadcrumb\",\"itemListElement\":[{\"@type\":\"ListItem\",\"position\":1,\"name\":\"Accueil\",\"item\":\"https:\/\/pharmadreams.shop\/\"},{\"@type\":\"ListItem\",\"position\":2,\"name\":\"Shop\",\"item\":\"https:\/\/pharmadreams.shop\/index.php\/shop\/\"},{\"@type\":\"ListItem\",\"position\":3,\"name\":\"roge cavailles cr\u00e8me de douche relaxante amande &#038; rose peaux s\u00e8ches &#8211; 250 ml\"}]},{\"@type\":\"WebSite\",\"@id\":\"https:\/\/pharmadreams.shop\/#website\",\"url\":\"https:\/\/pharmadreams.shop\/\",\"name\":\"pharmadreams\",\"description\":\"Parapharmacie en ligne\",\"potentialAction\":[{\"@type\":\"SearchAction\",\"target\":{\"@type\":\"EntryPoint\",\"urlTemplate\":\"https:\/\/pharmadreams.shop\/?s={search_term_string}\"},\"query-input\":\"required name=search_term_string\"}],\"inLanguage\":\"fr-FR\"}]}<\/script>\n<!-- \/ Yoast SEO plugin. -->","yoast_head_json":{"title":"roge cavailles cr\u00e8me de douche relaxante amande & rose peaux s\u00e8ches - 250 ml - pharmadreams","robots":{"index":"index","follow":"follow","max-snippet":"max-snippet:-1","max-image-preview":"max-image-preview:large","max-video-preview":"max-video-preview:-1"},"canonical":"https:\/\/pharmadreams.shop\/index.php\/product\/roge-cavailles-creme-de-douche-relaxante-amande-rose-peaux-seches-250-ml\/","og_locale":"fr_FR","og_type":"article","og_title":"roge cavailles cr\u00e8me de douche relaxante amande & rose peaux s\u00e8ches - 250 ml - pharmadreams","og_description":"Cr\u00e8me de Douche Relaxante Amande &amp; Rose peaux s\u00e8ches - 250 ML Cette Cr\u00e8me de Douche \u00e0 l\u2019Amande et \u00e0 la Rose vous permet de combiner plaisir et hydratation pour votre peau sensible lors de votre douche.Cette Cr\u00e8me de Bain et Douche associe les vertus nourrissantes de l\u2019huile d\u2019Amande douce et les propri\u00e9t\u00e9s tonifiantes des fleurs de rosier cent-feuilles afin d\u2019assurer une hydratation intense \u00e0 votre peau.Votre peau s\u2019adoucit et s\u2019assouplit au fil des jours afin de vous apporter douceur et r\u00e9confort.La texture ultra-cr\u00e9meuse de cette Cr\u00e8me Douche Relaxante et son parfum aux notes fleuries vous feront fondre de plaisir. Votre peau est souple, douce et incroyablement confortable.Sous la douche ou dans le bain, d\u00e9posez une quantit\u00e9 g\u00e9n\u00e9reuse de Cr\u00e8me de Douche Relaxante sa texture fluide et onctueuse ainsi que son d\u00e9licieux parfum de rose et d'amande vous transportent pour un moment de bien-\u00eatre et de s\u00e9r\u00e9nit\u00e9.formul\u00e9e sans Savon, . hypoallerg\u00e9nique.test\u00e9e cliniquement sur peaux sensibles.Sous la douche ou dans le bain, d\u00e9posez une quantit\u00e9 g\u00e9n\u00e9reuse de Cr\u00e8me au creux de votre main et faites mousser en vous d\u00e9lectant de son parfum.Une fois Savonn\u00e9, rincez abondamment \u00e0 l'eau","og_url":"https:\/\/pharmadreams.shop\/index.php\/product\/roge-cavailles-creme-de-douche-relaxante-amande-rose-peaux-seches-250-ml\/","og_site_name":"pharmadreams","article_modified_time":"2023-12-19T18:36:58+00:00","og_image":[{"width":614,"height":689,"url":"https:\/\/pharmadreams.shop\/wp-content\/uploads\/2023\/12\/ward.png","type":"image\/png"}],"twitter_card":"summary_large_image","schema":{"@context":"https:\/\/schema.org","@graph":[{"@type":"WebPage","@id":"https:\/\/pharmadreams.shop\/index.php\/product\/roge-cavailles-creme-de-douche-relaxante-amande-rose-peaux-seches-250-ml\/","url":"https:\/\/pharmadreams.shop\/index.php\/product\/roge-cavailles-creme-de-douche-relaxante-amande-rose-peaux-seches-250-ml\/","name":"roge cavailles cr\u00e8me de douche relaxante amande & rose peaux s\u00e8ches - 250 ml - pharmadreams","isPartOf":{"@id":"https:\/\/pharmadreams.shop\/#website"},"primaryImageOfPage":{"@id":"https:\/\/pharmadreams.shop\/index.php\/product\/roge-cavailles-creme-de-douche-relaxante-amande-rose-peaux-seches-250-ml\/#primaryimage"},"image":{"@id":"https:\/\/pharmadreams.shop\/index.php\/product\/roge-cavailles-creme-de-douche-relaxante-amande-rose-peaux-seches-250-ml\/#primaryimage"},"thumbnailUrl":"https:\/\/pharmadreams.shop\/wp-content\/uploads\/2023\/12\/ward.png","datePublished":"2023-12-19T18:36:27+00:00","dateModified":"2023-12-19T18:36:58+00:00","breadcrumb":{"@id":"https:\/\/pharmadreams.shop\/index.php\/product\/roge-cavailles-creme-de-douche-relaxante-amande-rose-peaux-seches-250-ml\/#breadcrumb"},"inLanguage":"fr-FR","potentialAction":[{"@type":"ReadAction","target":["https:\/\/pharmadreams.shop\/index.php\/product\/roge-cavailles-creme-de-douche-relaxante-amande-rose-peaux-seches-250-ml\/"]}]},{"@type":"ImageObject","inLanguage":"fr-FR","@id":"https:\/\/pharmadreams.shop\/index.php\/product\/roge-cavailles-creme-de-douche-relaxante-amande-rose-peaux-seches-250-ml\/#primaryimage","url":"https:\/\/pharmadreams.shop\/wp-content\/uploads\/2023\/12\/ward.png","contentUrl":"https:\/\/pharmadreams.shop\/wp-content\/uploads\/2023\/12\/ward.png","width":614,"height":689},{"@type":"BreadcrumbList","@id":"https:\/\/pharmadreams.shop\/index.php\/product\/roge-cavailles-creme-de-douche-relaxante-amande-rose-peaux-seches-250-ml\/#breadcrumb","itemListElement":[{"@type":"ListItem","position":1,"name":"Accueil","item":"https:\/\/pharmadreams.shop\/"},{"@type":"ListItem","position":2,"name":"Shop","item":"https:\/\/pharmadreams.shop\/index.php\/shop\/"},{"@type":"ListItem","position":3,"name":"roge cavailles cr\u00e8me de douche relaxante amande &#038; rose peaux s\u00e8ches &#8211; 250 ml"}]},{"@type":"WebSite","@id":"https:\/\/pharmadreams.shop\/#website","url":"https:\/\/pharmadreams.shop\/","name":"pharmadreams","description":"Parapharmacie en ligne","potentialAction":[{"@type":"SearchAction","target":{"@type":"EntryPoint","urlTemplate":"https:\/\/pharmadreams.shop\/?s={search_term_string}"},"query-input":"required name=search_term_string"}],"inLanguage":"fr-FR"}]}},"_links":{"self":[{"href":"https:\/\/pharmadreams.shop\/index.php\/wp-json\/wp\/v2\/product\/16610","targetHints":{"allow":["GET"]}}],"collection":[{"href":"https:\/\/pharmadreams.shop\/index.php\/wp-json\/wp\/v2\/product"}],"about":[{"href":"https:\/\/pharmadreams.shop\/index.php\/wp-json\/wp\/v2\/types\/product"}],"replies":[{"embeddable":true,"href":"https:\/\/pharmadreams.shop\/index.php\/wp-json\/wp\/v2\/comments?post=16610"}],"version-history":[{"count":0,"href":"https:\/\/pharmadreams.shop\/index.php\/wp-json\/wp\/v2\/product\/16610\/revisions"}],"wp:featuredmedia":[{"embeddable":true,"href":"https:\/\/pharmadreams.shop\/index.php\/wp-json\/wp\/v2\/media\/16668"}],"wp:attachment":[{"href":"https:\/\/pharmadreams.shop\/index.php\/wp-json\/wp\/v2\/media?parent=16610"}],"wp:term":[{"taxonomy":"product_brand","embeddable":true,"href":"https:\/\/pharmadreams.shop\/index.php\/wp-json\/wp\/v2\/product_brand?post=16610"},{"taxonomy":"product_cat","embeddable":true,"href":"https:\/\/pharmadreams.shop\/index.php\/wp-json\/wp\/v2\/product_cat?post=16610"},{"taxonomy":"product_tag","embeddable":true,"href":"https:\/\/pharmadreams.shop\/index.php\/wp-json\/wp\/v2\/product_tag?post=16610"}],"curies":[{"name":"wp","href":"https:\/\/api.w.org\/{rel}","templated":true}]}}