{"id":16614,"date":"2023-12-19T19:36:28","date_gmt":"2023-12-19T18:36:28","guid":{"rendered":"https:\/\/venuspara.com\/?post_type=product&#038;p=16614"},"modified":"2024-10-31T13:02:21","modified_gmt":"2024-10-31T12:02:21","slug":"fiderma-clarifid-serum-depigmentant-nuit-30ml","status":"publish","type":"product","link":"https:\/\/pharmadreams.shop\/index.php\/product\/fiderma-clarifid-serum-depigmentant-nuit-30ml\/","title":{"rendered":"Fiderma clarifid s\u00e9rum d\u00e9pigmentant nuit 30ml"},"content":{"rendered":"","protected":false},"excerpt":{"rendered":"<p>FIDERMA CLARIFID D\u00e9pigmentante NIGHT SERUM est un s\u00e9rum sp\u00e9cifique pour hyperpigmentations de la peau.\u00a0Sa formule high-tech inhibe la production excessive de m\u00e9lanine, favorise l\u00a0\u00bbatt\u00e9nuation des taches brunes existantes et emp\u00eache la formation de nouveau<\/p>\n","protected":false},"featured_media":16676,"comment_status":"open","ping_status":"closed","template":"","meta":[],"product_brand":[],"product_cat":[97,94],"product_tag":[],"class_list":{"0":"post-16614","1":"product","2":"type-product","3":"status-publish","4":"has-post-thumbnail","6":"product_cat-anti-imperfection","7":"product_cat-serum","9":"first","10":"instock","11":"sale","12":"shipping-taxable","13":"purchasable","14":"product-type-simple"},"yoast_head":"<!-- This site is optimized with the Yoast SEO plugin v23.0 - https:\/\/yoast.com\/wordpress\/plugins\/seo\/ -->\n<title>Fiderma clarifid s\u00e9rum d\u00e9pigmentant nuit 30ml - pharmadreams<\/title>\n<meta name=\"robots\" content=\"index, follow, max-snippet:-1, max-image-preview:large, max-video-preview:-1\" \/>\n<link rel=\"canonical\" href=\"https:\/\/pharmadreams.shop\/index.php\/product\/fiderma-clarifid-serum-depigmentant-nuit-30ml\/\" \/>\n<meta property=\"og:locale\" content=\"fr_FR\" \/>\n<meta property=\"og:type\" content=\"article\" \/>\n<meta property=\"og:title\" content=\"Fiderma clarifid s\u00e9rum d\u00e9pigmentant nuit 30ml - pharmadreams\" \/>\n<meta property=\"og:description\" content=\"FIDERMA CLARIFID D\u00e9pigmentante NIGHT SERUM est un s\u00e9rum sp\u00e9cifique pour hyperpigmentations de la peau.\u00a0Sa formule high-tech inhibe la production excessive de m\u00e9lanine, favorise l&#039;&#039;att\u00e9nuation des taches brunes existantes et emp\u00eache la formation de nouveau\" \/>\n<meta property=\"og:url\" content=\"https:\/\/pharmadreams.shop\/index.php\/product\/fiderma-clarifid-serum-depigmentant-nuit-30ml\/\" \/>\n<meta property=\"og:site_name\" content=\"pharmadreams\" \/>\n<meta property=\"article:modified_time\" content=\"2024-10-31T12:02:21+00:00\" \/>\n<meta property=\"og:image\" content=\"https:\/\/pharmadreams.shop\/wp-content\/uploads\/2023\/12\/fiderma.png\" \/>\n\t<meta property=\"og:image:width\" content=\"620\" \/>\n\t<meta property=\"og:image:height\" content=\"668\" \/>\n\t<meta property=\"og:image:type\" content=\"image\/png\" \/>\n<meta name=\"twitter:card\" content=\"summary_large_image\" \/>\n<script type=\"application\/ld+json\" class=\"yoast-schema-graph\">{\"@context\":\"https:\/\/schema.org\",\"@graph\":[{\"@type\":\"WebPage\",\"@id\":\"https:\/\/pharmadreams.shop\/index.php\/product\/fiderma-clarifid-serum-depigmentant-nuit-30ml\/\",\"url\":\"https:\/\/pharmadreams.shop\/index.php\/product\/fiderma-clarifid-serum-depigmentant-nuit-30ml\/\",\"name\":\"Fiderma clarifid s\u00e9rum d\u00e9pigmentant nuit 30ml - pharmadreams\",\"isPartOf\":{\"@id\":\"https:\/\/pharmadreams.shop\/#website\"},\"primaryImageOfPage\":{\"@id\":\"https:\/\/pharmadreams.shop\/index.php\/product\/fiderma-clarifid-serum-depigmentant-nuit-30ml\/#primaryimage\"},\"image\":{\"@id\":\"https:\/\/pharmadreams.shop\/index.php\/product\/fiderma-clarifid-serum-depigmentant-nuit-30ml\/#primaryimage\"},\"thumbnailUrl\":\"https:\/\/pharmadreams.shop\/wp-content\/uploads\/2023\/12\/fiderma.png\",\"datePublished\":\"2023-12-19T18:36:28+00:00\",\"dateModified\":\"2024-10-31T12:02:21+00:00\",\"breadcrumb\":{\"@id\":\"https:\/\/pharmadreams.shop\/index.php\/product\/fiderma-clarifid-serum-depigmentant-nuit-30ml\/#breadcrumb\"},\"inLanguage\":\"fr-FR\",\"potentialAction\":[{\"@type\":\"ReadAction\",\"target\":[\"https:\/\/pharmadreams.shop\/index.php\/product\/fiderma-clarifid-serum-depigmentant-nuit-30ml\/\"]}]},{\"@type\":\"ImageObject\",\"inLanguage\":\"fr-FR\",\"@id\":\"https:\/\/pharmadreams.shop\/index.php\/product\/fiderma-clarifid-serum-depigmentant-nuit-30ml\/#primaryimage\",\"url\":\"https:\/\/pharmadreams.shop\/wp-content\/uploads\/2023\/12\/fiderma.png\",\"contentUrl\":\"https:\/\/pharmadreams.shop\/wp-content\/uploads\/2023\/12\/fiderma.png\",\"width\":620,\"height\":668},{\"@type\":\"BreadcrumbList\",\"@id\":\"https:\/\/pharmadreams.shop\/index.php\/product\/fiderma-clarifid-serum-depigmentant-nuit-30ml\/#breadcrumb\",\"itemListElement\":[{\"@type\":\"ListItem\",\"position\":1,\"name\":\"Accueil\",\"item\":\"https:\/\/pharmadreams.shop\/\"},{\"@type\":\"ListItem\",\"position\":2,\"name\":\"Shop\",\"item\":\"https:\/\/pharmadreams.shop\/index.php\/shop\/\"},{\"@type\":\"ListItem\",\"position\":3,\"name\":\"Fiderma clarifid s\u00e9rum d\u00e9pigmentant nuit 30ml\"}]},{\"@type\":\"WebSite\",\"@id\":\"https:\/\/pharmadreams.shop\/#website\",\"url\":\"https:\/\/pharmadreams.shop\/\",\"name\":\"pharmadreams\",\"description\":\"Parapharmacie en ligne\",\"potentialAction\":[{\"@type\":\"SearchAction\",\"target\":{\"@type\":\"EntryPoint\",\"urlTemplate\":\"https:\/\/pharmadreams.shop\/?s={search_term_string}\"},\"query-input\":\"required name=search_term_string\"}],\"inLanguage\":\"fr-FR\"}]}<\/script>\n<!-- \/ Yoast SEO plugin. -->","yoast_head_json":{"title":"Fiderma clarifid s\u00e9rum d\u00e9pigmentant nuit 30ml - pharmadreams","robots":{"index":"index","follow":"follow","max-snippet":"max-snippet:-1","max-image-preview":"max-image-preview:large","max-video-preview":"max-video-preview:-1"},"canonical":"https:\/\/pharmadreams.shop\/index.php\/product\/fiderma-clarifid-serum-depigmentant-nuit-30ml\/","og_locale":"fr_FR","og_type":"article","og_title":"Fiderma clarifid s\u00e9rum d\u00e9pigmentant nuit 30ml - pharmadreams","og_description":"FIDERMA CLARIFID D\u00e9pigmentante NIGHT SERUM est un s\u00e9rum sp\u00e9cifique pour hyperpigmentations de la peau.\u00a0Sa formule high-tech inhibe la production excessive de m\u00e9lanine, favorise l''att\u00e9nuation des taches brunes existantes et emp\u00eache la formation de nouveau","og_url":"https:\/\/pharmadreams.shop\/index.php\/product\/fiderma-clarifid-serum-depigmentant-nuit-30ml\/","og_site_name":"pharmadreams","article_modified_time":"2024-10-31T12:02:21+00:00","og_image":[{"width":620,"height":668,"url":"https:\/\/pharmadreams.shop\/wp-content\/uploads\/2023\/12\/fiderma.png","type":"image\/png"}],"twitter_card":"summary_large_image","schema":{"@context":"https:\/\/schema.org","@graph":[{"@type":"WebPage","@id":"https:\/\/pharmadreams.shop\/index.php\/product\/fiderma-clarifid-serum-depigmentant-nuit-30ml\/","url":"https:\/\/pharmadreams.shop\/index.php\/product\/fiderma-clarifid-serum-depigmentant-nuit-30ml\/","name":"Fiderma clarifid s\u00e9rum d\u00e9pigmentant nuit 30ml - pharmadreams","isPartOf":{"@id":"https:\/\/pharmadreams.shop\/#website"},"primaryImageOfPage":{"@id":"https:\/\/pharmadreams.shop\/index.php\/product\/fiderma-clarifid-serum-depigmentant-nuit-30ml\/#primaryimage"},"image":{"@id":"https:\/\/pharmadreams.shop\/index.php\/product\/fiderma-clarifid-serum-depigmentant-nuit-30ml\/#primaryimage"},"thumbnailUrl":"https:\/\/pharmadreams.shop\/wp-content\/uploads\/2023\/12\/fiderma.png","datePublished":"2023-12-19T18:36:28+00:00","dateModified":"2024-10-31T12:02:21+00:00","breadcrumb":{"@id":"https:\/\/pharmadreams.shop\/index.php\/product\/fiderma-clarifid-serum-depigmentant-nuit-30ml\/#breadcrumb"},"inLanguage":"fr-FR","potentialAction":[{"@type":"ReadAction","target":["https:\/\/pharmadreams.shop\/index.php\/product\/fiderma-clarifid-serum-depigmentant-nuit-30ml\/"]}]},{"@type":"ImageObject","inLanguage":"fr-FR","@id":"https:\/\/pharmadreams.shop\/index.php\/product\/fiderma-clarifid-serum-depigmentant-nuit-30ml\/#primaryimage","url":"https:\/\/pharmadreams.shop\/wp-content\/uploads\/2023\/12\/fiderma.png","contentUrl":"https:\/\/pharmadreams.shop\/wp-content\/uploads\/2023\/12\/fiderma.png","width":620,"height":668},{"@type":"BreadcrumbList","@id":"https:\/\/pharmadreams.shop\/index.php\/product\/fiderma-clarifid-serum-depigmentant-nuit-30ml\/#breadcrumb","itemListElement":[{"@type":"ListItem","position":1,"name":"Accueil","item":"https:\/\/pharmadreams.shop\/"},{"@type":"ListItem","position":2,"name":"Shop","item":"https:\/\/pharmadreams.shop\/index.php\/shop\/"},{"@type":"ListItem","position":3,"name":"Fiderma clarifid s\u00e9rum d\u00e9pigmentant nuit 30ml"}]},{"@type":"WebSite","@id":"https:\/\/pharmadreams.shop\/#website","url":"https:\/\/pharmadreams.shop\/","name":"pharmadreams","description":"Parapharmacie en ligne","potentialAction":[{"@type":"SearchAction","target":{"@type":"EntryPoint","urlTemplate":"https:\/\/pharmadreams.shop\/?s={search_term_string}"},"query-input":"required name=search_term_string"}],"inLanguage":"fr-FR"}]}},"_links":{"self":[{"href":"https:\/\/pharmadreams.shop\/index.php\/wp-json\/wp\/v2\/product\/16614","targetHints":{"allow":["GET"]}}],"collection":[{"href":"https:\/\/pharmadreams.shop\/index.php\/wp-json\/wp\/v2\/product"}],"about":[{"href":"https:\/\/pharmadreams.shop\/index.php\/wp-json\/wp\/v2\/types\/product"}],"replies":[{"embeddable":true,"href":"https:\/\/pharmadreams.shop\/index.php\/wp-json\/wp\/v2\/comments?post=16614"}],"version-history":[{"count":0,"href":"https:\/\/pharmadreams.shop\/index.php\/wp-json\/wp\/v2\/product\/16614\/revisions"}],"wp:featuredmedia":[{"embeddable":true,"href":"https:\/\/pharmadreams.shop\/index.php\/wp-json\/wp\/v2\/media\/16676"}],"wp:attachment":[{"href":"https:\/\/pharmadreams.shop\/index.php\/wp-json\/wp\/v2\/media?parent=16614"}],"wp:term":[{"taxonomy":"product_brand","embeddable":true,"href":"https:\/\/pharmadreams.shop\/index.php\/wp-json\/wp\/v2\/product_brand?post=16614"},{"taxonomy":"product_cat","embeddable":true,"href":"https:\/\/pharmadreams.shop\/index.php\/wp-json\/wp\/v2\/product_cat?post=16614"},{"taxonomy":"product_tag","embeddable":true,"href":"https:\/\/pharmadreams.shop\/index.php\/wp-json\/wp\/v2\/product_tag?post=16614"}],"curies":[{"name":"wp","href":"https:\/\/api.w.org\/{rel}","templated":true}]}}