{"id":16617,"date":"2023-12-19T19:36:28","date_gmt":"2023-12-19T18:36:28","guid":{"rendered":"https:\/\/venuspara.com\/?post_type=product&#038;p=16617"},"modified":"2023-12-19T19:37:07","modified_gmt":"2023-12-19T18:37:07","slug":"iap-pharma-eau-de-parfum-pour-femme-no-30-50ml","status":"publish","type":"product","link":"https:\/\/pharmadreams.shop\/index.php\/product\/iap-pharma-eau-de-parfum-pour-femme-no-30-50ml\/","title":{"rendered":"Iap pharma eau de parfum pour femme n\u00ba 30 50ml"},"content":{"rendered":"","protected":false},"excerpt":{"rendered":"<p>Cela commence par des fruits combin\u00e9s qui se d\u00e9placent vers un accord de \u00ab\u00a0lys ald\u00e9hydique\u00a0\u00bb. Cr\u00e9\u00e9 autour du lys, le c\u0153ur r\u00e9v\u00e8le \u00e9galement des effluves de jasmin et de fleur d\u2019oranger. Le fond oriental et tr\u00e8s sucr\u00e9 est le r\u00e9sultat de l\u2019union de la vanille, de la f\u00e8ve tonka, du pralin\u00e9 et du patchouli.<\/p>\n","protected":false},"featured_media":16682,"comment_status":"open","ping_status":"closed","template":"","meta":[],"product_brand":[],"product_cat":[88],"product_tag":[],"class_list":{"0":"post-16617","1":"product","2":"type-product","3":"status-publish","4":"has-post-thumbnail","6":"product_cat-parfum","8":"first","9":"instock","10":"shipping-taxable","11":"purchasable","12":"product-type-simple"},"yoast_head":"<!-- This site is optimized with the Yoast SEO plugin v23.0 - https:\/\/yoast.com\/wordpress\/plugins\/seo\/ -->\n<title>Iap pharma eau de parfum pour femme n\u00ba 30 50ml - pharmadreams<\/title>\n<meta name=\"robots\" content=\"index, follow, max-snippet:-1, max-image-preview:large, max-video-preview:-1\" \/>\n<link rel=\"canonical\" href=\"https:\/\/pharmadreams.shop\/index.php\/product\/iap-pharma-eau-de-parfum-pour-femme-no-30-50ml\/\" \/>\n<meta property=\"og:locale\" content=\"fr_FR\" \/>\n<meta property=\"og:type\" content=\"article\" \/>\n<meta property=\"og:title\" content=\"Iap pharma eau de parfum pour femme n\u00ba 30 50ml - pharmadreams\" \/>\n<meta property=\"og:description\" content=\"Cela commence par des fruits combin\u00e9s qui se d\u00e9placent vers un accord de \u00ab\u00a0lys ald\u00e9hydique\u00a0\u00bb. Cr\u00e9\u00e9 autour du lys, le c\u0153ur r\u00e9v\u00e8le \u00e9galement des effluves de jasmin et de fleur d\u2019oranger. Le fond oriental et tr\u00e8s sucr\u00e9 est le r\u00e9sultat de l\u2019union de la vanille, de la f\u00e8ve tonka, du pralin\u00e9 et du patchouli.\" \/>\n<meta property=\"og:url\" content=\"https:\/\/pharmadreams.shop\/index.php\/product\/iap-pharma-eau-de-parfum-pour-femme-no-30-50ml\/\" \/>\n<meta property=\"og:site_name\" content=\"pharmadreams\" \/>\n<meta property=\"article:modified_time\" content=\"2023-12-19T18:37:07+00:00\" \/>\n<meta property=\"og:image\" content=\"https:\/\/pharmadreams.shop\/wp-content\/uploads\/2023\/12\/30.png\" \/>\n\t<meta property=\"og:image:width\" content=\"492\" \/>\n\t<meta property=\"og:image:height\" content=\"604\" \/>\n\t<meta property=\"og:image:type\" content=\"image\/png\" \/>\n<meta name=\"twitter:card\" content=\"summary_large_image\" \/>\n<script type=\"application\/ld+json\" class=\"yoast-schema-graph\">{\"@context\":\"https:\/\/schema.org\",\"@graph\":[{\"@type\":\"WebPage\",\"@id\":\"https:\/\/pharmadreams.shop\/index.php\/product\/iap-pharma-eau-de-parfum-pour-femme-no-30-50ml\/\",\"url\":\"https:\/\/pharmadreams.shop\/index.php\/product\/iap-pharma-eau-de-parfum-pour-femme-no-30-50ml\/\",\"name\":\"Iap pharma eau de parfum pour femme n\u00ba 30 50ml - pharmadreams\",\"isPartOf\":{\"@id\":\"https:\/\/pharmadreams.shop\/#website\"},\"primaryImageOfPage\":{\"@id\":\"https:\/\/pharmadreams.shop\/index.php\/product\/iap-pharma-eau-de-parfum-pour-femme-no-30-50ml\/#primaryimage\"},\"image\":{\"@id\":\"https:\/\/pharmadreams.shop\/index.php\/product\/iap-pharma-eau-de-parfum-pour-femme-no-30-50ml\/#primaryimage\"},\"thumbnailUrl\":\"https:\/\/pharmadreams.shop\/wp-content\/uploads\/2023\/12\/30.png\",\"datePublished\":\"2023-12-19T18:36:28+00:00\",\"dateModified\":\"2023-12-19T18:37:07+00:00\",\"breadcrumb\":{\"@id\":\"https:\/\/pharmadreams.shop\/index.php\/product\/iap-pharma-eau-de-parfum-pour-femme-no-30-50ml\/#breadcrumb\"},\"inLanguage\":\"fr-FR\",\"potentialAction\":[{\"@type\":\"ReadAction\",\"target\":[\"https:\/\/pharmadreams.shop\/index.php\/product\/iap-pharma-eau-de-parfum-pour-femme-no-30-50ml\/\"]}]},{\"@type\":\"ImageObject\",\"inLanguage\":\"fr-FR\",\"@id\":\"https:\/\/pharmadreams.shop\/index.php\/product\/iap-pharma-eau-de-parfum-pour-femme-no-30-50ml\/#primaryimage\",\"url\":\"https:\/\/pharmadreams.shop\/wp-content\/uploads\/2023\/12\/30.png\",\"contentUrl\":\"https:\/\/pharmadreams.shop\/wp-content\/uploads\/2023\/12\/30.png\",\"width\":492,\"height\":604},{\"@type\":\"BreadcrumbList\",\"@id\":\"https:\/\/pharmadreams.shop\/index.php\/product\/iap-pharma-eau-de-parfum-pour-femme-no-30-50ml\/#breadcrumb\",\"itemListElement\":[{\"@type\":\"ListItem\",\"position\":1,\"name\":\"Accueil\",\"item\":\"https:\/\/pharmadreams.shop\/\"},{\"@type\":\"ListItem\",\"position\":2,\"name\":\"Shop\",\"item\":\"https:\/\/pharmadreams.shop\/index.php\/shop\/\"},{\"@type\":\"ListItem\",\"position\":3,\"name\":\"Iap pharma eau de parfum pour femme n\u00ba 30 50ml\"}]},{\"@type\":\"WebSite\",\"@id\":\"https:\/\/pharmadreams.shop\/#website\",\"url\":\"https:\/\/pharmadreams.shop\/\",\"name\":\"pharmadreams\",\"description\":\"Parapharmacie en ligne\",\"potentialAction\":[{\"@type\":\"SearchAction\",\"target\":{\"@type\":\"EntryPoint\",\"urlTemplate\":\"https:\/\/pharmadreams.shop\/?s={search_term_string}\"},\"query-input\":\"required name=search_term_string\"}],\"inLanguage\":\"fr-FR\"}]}<\/script>\n<!-- \/ Yoast SEO plugin. -->","yoast_head_json":{"title":"Iap pharma eau de parfum pour femme n\u00ba 30 50ml - pharmadreams","robots":{"index":"index","follow":"follow","max-snippet":"max-snippet:-1","max-image-preview":"max-image-preview:large","max-video-preview":"max-video-preview:-1"},"canonical":"https:\/\/pharmadreams.shop\/index.php\/product\/iap-pharma-eau-de-parfum-pour-femme-no-30-50ml\/","og_locale":"fr_FR","og_type":"article","og_title":"Iap pharma eau de parfum pour femme n\u00ba 30 50ml - pharmadreams","og_description":"Cela commence par des fruits combin\u00e9s qui se d\u00e9placent vers un accord de \u00ab\u00a0lys ald\u00e9hydique\u00a0\u00bb. Cr\u00e9\u00e9 autour du lys, le c\u0153ur r\u00e9v\u00e8le \u00e9galement des effluves de jasmin et de fleur d\u2019oranger. Le fond oriental et tr\u00e8s sucr\u00e9 est le r\u00e9sultat de l\u2019union de la vanille, de la f\u00e8ve tonka, du pralin\u00e9 et du patchouli.","og_url":"https:\/\/pharmadreams.shop\/index.php\/product\/iap-pharma-eau-de-parfum-pour-femme-no-30-50ml\/","og_site_name":"pharmadreams","article_modified_time":"2023-12-19T18:37:07+00:00","og_image":[{"width":492,"height":604,"url":"https:\/\/pharmadreams.shop\/wp-content\/uploads\/2023\/12\/30.png","type":"image\/png"}],"twitter_card":"summary_large_image","schema":{"@context":"https:\/\/schema.org","@graph":[{"@type":"WebPage","@id":"https:\/\/pharmadreams.shop\/index.php\/product\/iap-pharma-eau-de-parfum-pour-femme-no-30-50ml\/","url":"https:\/\/pharmadreams.shop\/index.php\/product\/iap-pharma-eau-de-parfum-pour-femme-no-30-50ml\/","name":"Iap pharma eau de parfum pour femme n\u00ba 30 50ml - pharmadreams","isPartOf":{"@id":"https:\/\/pharmadreams.shop\/#website"},"primaryImageOfPage":{"@id":"https:\/\/pharmadreams.shop\/index.php\/product\/iap-pharma-eau-de-parfum-pour-femme-no-30-50ml\/#primaryimage"},"image":{"@id":"https:\/\/pharmadreams.shop\/index.php\/product\/iap-pharma-eau-de-parfum-pour-femme-no-30-50ml\/#primaryimage"},"thumbnailUrl":"https:\/\/pharmadreams.shop\/wp-content\/uploads\/2023\/12\/30.png","datePublished":"2023-12-19T18:36:28+00:00","dateModified":"2023-12-19T18:37:07+00:00","breadcrumb":{"@id":"https:\/\/pharmadreams.shop\/index.php\/product\/iap-pharma-eau-de-parfum-pour-femme-no-30-50ml\/#breadcrumb"},"inLanguage":"fr-FR","potentialAction":[{"@type":"ReadAction","target":["https:\/\/pharmadreams.shop\/index.php\/product\/iap-pharma-eau-de-parfum-pour-femme-no-30-50ml\/"]}]},{"@type":"ImageObject","inLanguage":"fr-FR","@id":"https:\/\/pharmadreams.shop\/index.php\/product\/iap-pharma-eau-de-parfum-pour-femme-no-30-50ml\/#primaryimage","url":"https:\/\/pharmadreams.shop\/wp-content\/uploads\/2023\/12\/30.png","contentUrl":"https:\/\/pharmadreams.shop\/wp-content\/uploads\/2023\/12\/30.png","width":492,"height":604},{"@type":"BreadcrumbList","@id":"https:\/\/pharmadreams.shop\/index.php\/product\/iap-pharma-eau-de-parfum-pour-femme-no-30-50ml\/#breadcrumb","itemListElement":[{"@type":"ListItem","position":1,"name":"Accueil","item":"https:\/\/pharmadreams.shop\/"},{"@type":"ListItem","position":2,"name":"Shop","item":"https:\/\/pharmadreams.shop\/index.php\/shop\/"},{"@type":"ListItem","position":3,"name":"Iap pharma eau de parfum pour femme n\u00ba 30 50ml"}]},{"@type":"WebSite","@id":"https:\/\/pharmadreams.shop\/#website","url":"https:\/\/pharmadreams.shop\/","name":"pharmadreams","description":"Parapharmacie en ligne","potentialAction":[{"@type":"SearchAction","target":{"@type":"EntryPoint","urlTemplate":"https:\/\/pharmadreams.shop\/?s={search_term_string}"},"query-input":"required name=search_term_string"}],"inLanguage":"fr-FR"}]}},"_links":{"self":[{"href":"https:\/\/pharmadreams.shop\/index.php\/wp-json\/wp\/v2\/product\/16617","targetHints":{"allow":["GET"]}}],"collection":[{"href":"https:\/\/pharmadreams.shop\/index.php\/wp-json\/wp\/v2\/product"}],"about":[{"href":"https:\/\/pharmadreams.shop\/index.php\/wp-json\/wp\/v2\/types\/product"}],"replies":[{"embeddable":true,"href":"https:\/\/pharmadreams.shop\/index.php\/wp-json\/wp\/v2\/comments?post=16617"}],"version-history":[{"count":0,"href":"https:\/\/pharmadreams.shop\/index.php\/wp-json\/wp\/v2\/product\/16617\/revisions"}],"wp:featuredmedia":[{"embeddable":true,"href":"https:\/\/pharmadreams.shop\/index.php\/wp-json\/wp\/v2\/media\/16682"}],"wp:attachment":[{"href":"https:\/\/pharmadreams.shop\/index.php\/wp-json\/wp\/v2\/media?parent=16617"}],"wp:term":[{"taxonomy":"product_brand","embeddable":true,"href":"https:\/\/pharmadreams.shop\/index.php\/wp-json\/wp\/v2\/product_brand?post=16617"},{"taxonomy":"product_cat","embeddable":true,"href":"https:\/\/pharmadreams.shop\/index.php\/wp-json\/wp\/v2\/product_cat?post=16617"},{"taxonomy":"product_tag","embeddable":true,"href":"https:\/\/pharmadreams.shop\/index.php\/wp-json\/wp\/v2\/product_tag?post=16617"}],"curies":[{"name":"wp","href":"https:\/\/api.w.org\/{rel}","templated":true}]}}