{"id":16618,"date":"2023-12-19T19:36:28","date_gmt":"2023-12-19T18:36:28","guid":{"rendered":"https:\/\/venuspara.com\/?post_type=product&#038;p=16618"},"modified":"2023-12-19T19:37:08","modified_gmt":"2023-12-19T18:37:08","slug":"alania-ecran-solaire-visage-invisible-uv-parfait-50-spf","status":"publish","type":"product","link":"https:\/\/pharmadreams.shop\/index.php\/product\/alania-ecran-solaire-visage-invisible-uv-parfait-50-spf\/","title":{"rendered":"alania-ecran solaire visage invisible-uv parfait 50 spf"},"content":{"rendered":"","protected":false},"excerpt":{"rendered":"<p>Soin hydratant et protecteur solaire contre les UVA\/UVB gr\u00e2ce \u00e0 un SPF50. Adapt\u00e9 \u00e0 tous types de peaux, Il emp\u00eache l\u2019apparition de t\u00e2ches pigmentaires et pr\u00e9vient le vieillissement cutan\u00e9 Invisible, texture non collante.<\/p>\n<p>Contenance : 40 ml<\/p>\n<p><strong>Conseils d\u2019utilisation :<\/strong><\/p>\n<p>Appliquer une noisette du produit sur le visage et le cou avant chaque exposition au soleil<\/p>\n<p>Application \u00e0 renouveler toutes les 2h.<\/p>\n<p><strong>Composition :<\/strong><\/p>\n<p>Aqua, Methylene Bis-benzotriazolyl Tetramethylbutylphenol, Ethylhexyl Methoxycinnamate,<br \/>\nC12-20 acid, PEG-8, Propylene glycol, Butyl methoxydibenzoylmethane, Ethylhexyl stearate,<br \/>\nCetearyl Alcohol, Dimethicone, Titanium dioxide, Phenoxyethanol, Potassium cetyl phosphate,Carbomer, Tetrasodium EDTA, Saccharide Isomerate, Citric Acid, Sodium Citrate, Tocopherol acetate,Retinyl Palmitate, Decyl Glucoside, Xanthan gum.Triethanolamine, Fragrance<\/p>\n","protected":false},"featured_media":16684,"comment_status":"open","ping_status":"closed","template":"","meta":[],"product_brand":[],"product_cat":[104],"product_tag":[],"class_list":{"0":"post-16618","1":"product","2":"type-product","3":"status-publish","4":"has-post-thumbnail","6":"product_cat-protection","8":"first","9":"instock","10":"shipping-taxable","11":"purchasable","12":"product-type-simple"},"yoast_head":"<!-- This site is optimized with the Yoast SEO plugin v23.0 - https:\/\/yoast.com\/wordpress\/plugins\/seo\/ -->\n<title>alania-ecran solaire visage invisible-uv parfait 50 spf - pharmadreams<\/title>\n<meta name=\"robots\" content=\"index, follow, max-snippet:-1, max-image-preview:large, max-video-preview:-1\" \/>\n<link rel=\"canonical\" href=\"https:\/\/pharmadreams.shop\/index.php\/product\/alania-ecran-solaire-visage-invisible-uv-parfait-50-spf\/\" \/>\n<meta property=\"og:locale\" content=\"fr_FR\" \/>\n<meta property=\"og:type\" content=\"article\" \/>\n<meta property=\"og:title\" content=\"alania-ecran solaire visage invisible-uv parfait 50 spf - pharmadreams\" \/>\n<meta property=\"og:description\" content=\"Soin hydratant et protecteur solaire contre les UVA\/UVB gr\u00e2ce \u00e0 un SPF50. Adapt\u00e9 \u00e0 tous types de peaux, Il emp\u00eache l\u2019apparition de t\u00e2ches pigmentaires et pr\u00e9vient le vieillissement cutan\u00e9 Invisible, texture non collante.  Contenance : 40 ml  Conseils d\u2019utilisation :  Appliquer une noisette du produit sur le visage et le cou avant chaque exposition au soleil  Application \u00e0 renouveler toutes les 2h.  Composition :  Aqua, Methylene Bis-benzotriazolyl Tetramethylbutylphenol, Ethylhexyl Methoxycinnamate, C12-20 acid, PEG-8, Propylene glycol, Butyl methoxydibenzoylmethane, Ethylhexyl stearate, Cetearyl Alcohol, Dimethicone, Titanium dioxide, Phenoxyethanol, Potassium cetyl phosphate,Carbomer, Tetrasodium EDTA, Saccharide Isomerate, Citric Acid, Sodium Citrate, Tocopherol acetate,Retinyl Palmitate, Decyl Glucoside, Xanthan gum.Triethanolamine, Fragrance\" \/>\n<meta property=\"og:url\" content=\"https:\/\/pharmadreams.shop\/index.php\/product\/alania-ecran-solaire-visage-invisible-uv-parfait-50-spf\/\" \/>\n<meta property=\"og:site_name\" content=\"pharmadreams\" \/>\n<meta property=\"article:modified_time\" content=\"2023-12-19T18:37:08+00:00\" \/>\n<meta property=\"og:image\" content=\"https:\/\/pharmadreams.shop\/wp-content\/uploads\/2023\/12\/alania.png\" \/>\n\t<meta property=\"og:image:width\" content=\"614\" \/>\n\t<meta property=\"og:image:height\" content=\"434\" \/>\n\t<meta property=\"og:image:type\" content=\"image\/png\" \/>\n<meta name=\"twitter:card\" content=\"summary_large_image\" \/>\n<script type=\"application\/ld+json\" class=\"yoast-schema-graph\">{\"@context\":\"https:\/\/schema.org\",\"@graph\":[{\"@type\":\"WebPage\",\"@id\":\"https:\/\/pharmadreams.shop\/index.php\/product\/alania-ecran-solaire-visage-invisible-uv-parfait-50-spf\/\",\"url\":\"https:\/\/pharmadreams.shop\/index.php\/product\/alania-ecran-solaire-visage-invisible-uv-parfait-50-spf\/\",\"name\":\"alania-ecran solaire visage invisible-uv parfait 50 spf - pharmadreams\",\"isPartOf\":{\"@id\":\"https:\/\/pharmadreams.shop\/#website\"},\"primaryImageOfPage\":{\"@id\":\"https:\/\/pharmadreams.shop\/index.php\/product\/alania-ecran-solaire-visage-invisible-uv-parfait-50-spf\/#primaryimage\"},\"image\":{\"@id\":\"https:\/\/pharmadreams.shop\/index.php\/product\/alania-ecran-solaire-visage-invisible-uv-parfait-50-spf\/#primaryimage\"},\"thumbnailUrl\":\"https:\/\/pharmadreams.shop\/wp-content\/uploads\/2023\/12\/alania.png\",\"datePublished\":\"2023-12-19T18:36:28+00:00\",\"dateModified\":\"2023-12-19T18:37:08+00:00\",\"breadcrumb\":{\"@id\":\"https:\/\/pharmadreams.shop\/index.php\/product\/alania-ecran-solaire-visage-invisible-uv-parfait-50-spf\/#breadcrumb\"},\"inLanguage\":\"fr-FR\",\"potentialAction\":[{\"@type\":\"ReadAction\",\"target\":[\"https:\/\/pharmadreams.shop\/index.php\/product\/alania-ecran-solaire-visage-invisible-uv-parfait-50-spf\/\"]}]},{\"@type\":\"ImageObject\",\"inLanguage\":\"fr-FR\",\"@id\":\"https:\/\/pharmadreams.shop\/index.php\/product\/alania-ecran-solaire-visage-invisible-uv-parfait-50-spf\/#primaryimage\",\"url\":\"https:\/\/pharmadreams.shop\/wp-content\/uploads\/2023\/12\/alania.png\",\"contentUrl\":\"https:\/\/pharmadreams.shop\/wp-content\/uploads\/2023\/12\/alania.png\",\"width\":614,\"height\":434},{\"@type\":\"BreadcrumbList\",\"@id\":\"https:\/\/pharmadreams.shop\/index.php\/product\/alania-ecran-solaire-visage-invisible-uv-parfait-50-spf\/#breadcrumb\",\"itemListElement\":[{\"@type\":\"ListItem\",\"position\":1,\"name\":\"Accueil\",\"item\":\"https:\/\/pharmadreams.shop\/\"},{\"@type\":\"ListItem\",\"position\":2,\"name\":\"Shop\",\"item\":\"https:\/\/pharmadreams.shop\/index.php\/shop\/\"},{\"@type\":\"ListItem\",\"position\":3,\"name\":\"alania-ecran solaire visage invisible-uv parfait 50 spf\"}]},{\"@type\":\"WebSite\",\"@id\":\"https:\/\/pharmadreams.shop\/#website\",\"url\":\"https:\/\/pharmadreams.shop\/\",\"name\":\"pharmadreams\",\"description\":\"Parapharmacie en ligne\",\"potentialAction\":[{\"@type\":\"SearchAction\",\"target\":{\"@type\":\"EntryPoint\",\"urlTemplate\":\"https:\/\/pharmadreams.shop\/?s={search_term_string}\"},\"query-input\":\"required name=search_term_string\"}],\"inLanguage\":\"fr-FR\"}]}<\/script>\n<!-- \/ Yoast SEO plugin. -->","yoast_head_json":{"title":"alania-ecran solaire visage invisible-uv parfait 50 spf - pharmadreams","robots":{"index":"index","follow":"follow","max-snippet":"max-snippet:-1","max-image-preview":"max-image-preview:large","max-video-preview":"max-video-preview:-1"},"canonical":"https:\/\/pharmadreams.shop\/index.php\/product\/alania-ecran-solaire-visage-invisible-uv-parfait-50-spf\/","og_locale":"fr_FR","og_type":"article","og_title":"alania-ecran solaire visage invisible-uv parfait 50 spf - pharmadreams","og_description":"Soin hydratant et protecteur solaire contre les UVA\/UVB gr\u00e2ce \u00e0 un SPF50. Adapt\u00e9 \u00e0 tous types de peaux, Il emp\u00eache l\u2019apparition de t\u00e2ches pigmentaires et pr\u00e9vient le vieillissement cutan\u00e9 Invisible, texture non collante.  Contenance : 40 ml  Conseils d\u2019utilisation :  Appliquer une noisette du produit sur le visage et le cou avant chaque exposition au soleil  Application \u00e0 renouveler toutes les 2h.  Composition :  Aqua, Methylene Bis-benzotriazolyl Tetramethylbutylphenol, Ethylhexyl Methoxycinnamate, C12-20 acid, PEG-8, Propylene glycol, Butyl methoxydibenzoylmethane, Ethylhexyl stearate, Cetearyl Alcohol, Dimethicone, Titanium dioxide, Phenoxyethanol, Potassium cetyl phosphate,Carbomer, Tetrasodium EDTA, Saccharide Isomerate, Citric Acid, Sodium Citrate, Tocopherol acetate,Retinyl Palmitate, Decyl Glucoside, Xanthan gum.Triethanolamine, Fragrance","og_url":"https:\/\/pharmadreams.shop\/index.php\/product\/alania-ecran-solaire-visage-invisible-uv-parfait-50-spf\/","og_site_name":"pharmadreams","article_modified_time":"2023-12-19T18:37:08+00:00","og_image":[{"width":614,"height":434,"url":"https:\/\/pharmadreams.shop\/wp-content\/uploads\/2023\/12\/alania.png","type":"image\/png"}],"twitter_card":"summary_large_image","schema":{"@context":"https:\/\/schema.org","@graph":[{"@type":"WebPage","@id":"https:\/\/pharmadreams.shop\/index.php\/product\/alania-ecran-solaire-visage-invisible-uv-parfait-50-spf\/","url":"https:\/\/pharmadreams.shop\/index.php\/product\/alania-ecran-solaire-visage-invisible-uv-parfait-50-spf\/","name":"alania-ecran solaire visage invisible-uv parfait 50 spf - pharmadreams","isPartOf":{"@id":"https:\/\/pharmadreams.shop\/#website"},"primaryImageOfPage":{"@id":"https:\/\/pharmadreams.shop\/index.php\/product\/alania-ecran-solaire-visage-invisible-uv-parfait-50-spf\/#primaryimage"},"image":{"@id":"https:\/\/pharmadreams.shop\/index.php\/product\/alania-ecran-solaire-visage-invisible-uv-parfait-50-spf\/#primaryimage"},"thumbnailUrl":"https:\/\/pharmadreams.shop\/wp-content\/uploads\/2023\/12\/alania.png","datePublished":"2023-12-19T18:36:28+00:00","dateModified":"2023-12-19T18:37:08+00:00","breadcrumb":{"@id":"https:\/\/pharmadreams.shop\/index.php\/product\/alania-ecran-solaire-visage-invisible-uv-parfait-50-spf\/#breadcrumb"},"inLanguage":"fr-FR","potentialAction":[{"@type":"ReadAction","target":["https:\/\/pharmadreams.shop\/index.php\/product\/alania-ecran-solaire-visage-invisible-uv-parfait-50-spf\/"]}]},{"@type":"ImageObject","inLanguage":"fr-FR","@id":"https:\/\/pharmadreams.shop\/index.php\/product\/alania-ecran-solaire-visage-invisible-uv-parfait-50-spf\/#primaryimage","url":"https:\/\/pharmadreams.shop\/wp-content\/uploads\/2023\/12\/alania.png","contentUrl":"https:\/\/pharmadreams.shop\/wp-content\/uploads\/2023\/12\/alania.png","width":614,"height":434},{"@type":"BreadcrumbList","@id":"https:\/\/pharmadreams.shop\/index.php\/product\/alania-ecran-solaire-visage-invisible-uv-parfait-50-spf\/#breadcrumb","itemListElement":[{"@type":"ListItem","position":1,"name":"Accueil","item":"https:\/\/pharmadreams.shop\/"},{"@type":"ListItem","position":2,"name":"Shop","item":"https:\/\/pharmadreams.shop\/index.php\/shop\/"},{"@type":"ListItem","position":3,"name":"alania-ecran solaire visage invisible-uv parfait 50 spf"}]},{"@type":"WebSite","@id":"https:\/\/pharmadreams.shop\/#website","url":"https:\/\/pharmadreams.shop\/","name":"pharmadreams","description":"Parapharmacie en ligne","potentialAction":[{"@type":"SearchAction","target":{"@type":"EntryPoint","urlTemplate":"https:\/\/pharmadreams.shop\/?s={search_term_string}"},"query-input":"required name=search_term_string"}],"inLanguage":"fr-FR"}]}},"_links":{"self":[{"href":"https:\/\/pharmadreams.shop\/index.php\/wp-json\/wp\/v2\/product\/16618","targetHints":{"allow":["GET"]}}],"collection":[{"href":"https:\/\/pharmadreams.shop\/index.php\/wp-json\/wp\/v2\/product"}],"about":[{"href":"https:\/\/pharmadreams.shop\/index.php\/wp-json\/wp\/v2\/types\/product"}],"replies":[{"embeddable":true,"href":"https:\/\/pharmadreams.shop\/index.php\/wp-json\/wp\/v2\/comments?post=16618"}],"version-history":[{"count":0,"href":"https:\/\/pharmadreams.shop\/index.php\/wp-json\/wp\/v2\/product\/16618\/revisions"}],"wp:featuredmedia":[{"embeddable":true,"href":"https:\/\/pharmadreams.shop\/index.php\/wp-json\/wp\/v2\/media\/16684"}],"wp:attachment":[{"href":"https:\/\/pharmadreams.shop\/index.php\/wp-json\/wp\/v2\/media?parent=16618"}],"wp:term":[{"taxonomy":"product_brand","embeddable":true,"href":"https:\/\/pharmadreams.shop\/index.php\/wp-json\/wp\/v2\/product_brand?post=16618"},{"taxonomy":"product_cat","embeddable":true,"href":"https:\/\/pharmadreams.shop\/index.php\/wp-json\/wp\/v2\/product_cat?post=16618"},{"taxonomy":"product_tag","embeddable":true,"href":"https:\/\/pharmadreams.shop\/index.php\/wp-json\/wp\/v2\/product_tag?post=16618"}],"curies":[{"name":"wp","href":"https:\/\/api.w.org\/{rel}","templated":true}]}}