{"id":16621,"date":"2023-12-19T19:36:29","date_gmt":"2023-12-19T18:36:29","guid":{"rendered":"https:\/\/venuspara.com\/?post_type=product&#038;p=16621"},"modified":"2023-12-19T19:37:19","modified_gmt":"2023-12-19T18:37:19","slug":"alania-serum-capillaire-reparateur-prodige-50ml","status":"publish","type":"product","link":"https:\/\/pharmadreams.shop\/index.php\/product\/alania-serum-capillaire-reparateur-prodige-50ml\/","title":{"rendered":"alania serum capillaire reparateur prodige, 50ml"},"content":{"rendered":"","protected":false},"excerpt":{"rendered":"<p>Il est utilis\u00e9 pour lisser, discipliner et apporter de l\u2019\u00e9clat et de la brillance aux cheveux.SANS SULFATE \u2013 SANS PARABEN \u2013 SANS COLORANT. Non test\u00e9 sur les animaux. Hypoallerg\u00e9nique et test\u00e9 dermatologiquement<\/p>\n<p><b>Ingr\u00e9dients:<\/b><br \/>\nCYCLOPENTASILOXANE, DIMETHICONOL, ISOPROPYL MYRISTATE, TOCOPHERYL ACETATE, ACACIA CONCINNA FRUIT OIL, FRAGRANCE<\/p>\n","protected":false},"featured_media":16705,"comment_status":"open","ping_status":"closed","template":"","meta":[],"product_brand":[],"product_cat":[94,110],"product_tag":[],"class_list":{"0":"post-16621","1":"product","2":"type-product","3":"status-publish","4":"has-post-thumbnail","6":"product_cat-serum","7":"product_cat-soin-cheveux","9":"first","10":"instock","11":"shipping-taxable","12":"purchasable","13":"product-type-simple"},"yoast_head":"<!-- This site is optimized with the Yoast SEO plugin v23.0 - https:\/\/yoast.com\/wordpress\/plugins\/seo\/ -->\n<title>alania serum capillaire reparateur prodige, 50ml - pharmadreams<\/title>\n<meta name=\"robots\" content=\"index, follow, max-snippet:-1, max-image-preview:large, max-video-preview:-1\" \/>\n<link rel=\"canonical\" href=\"https:\/\/pharmadreams.shop\/index.php\/product\/alania-serum-capillaire-reparateur-prodige-50ml\/\" \/>\n<meta property=\"og:locale\" content=\"fr_FR\" \/>\n<meta property=\"og:type\" content=\"article\" \/>\n<meta property=\"og:title\" content=\"alania serum capillaire reparateur prodige, 50ml - pharmadreams\" \/>\n<meta property=\"og:description\" content=\"Il est utilis\u00e9 pour lisser, discipliner et apporter de l\u2019\u00e9clat et de la brillance aux cheveux.SANS SULFATE \u2013 SANS PARABEN \u2013 SANS COLORANT. Non test\u00e9 sur les animaux. Hypoallerg\u00e9nique et test\u00e9 dermatologiquement  Ingr\u00e9dients: CYCLOPENTASILOXANE, DIMETHICONOL, ISOPROPYL MYRISTATE, TOCOPHERYL ACETATE, ACACIA CONCINNA FRUIT OIL, FRAGRANCE\" \/>\n<meta property=\"og:url\" content=\"https:\/\/pharmadreams.shop\/index.php\/product\/alania-serum-capillaire-reparateur-prodige-50ml\/\" \/>\n<meta property=\"og:site_name\" content=\"pharmadreams\" \/>\n<meta property=\"article:modified_time\" content=\"2023-12-19T18:37:19+00:00\" \/>\n<meta property=\"og:image\" content=\"https:\/\/pharmadreams.shop\/wp-content\/uploads\/2023\/12\/serum-alania.png\" \/>\n\t<meta property=\"og:image:width\" content=\"1080\" \/>\n\t<meta property=\"og:image:height\" content=\"1080\" \/>\n\t<meta property=\"og:image:type\" content=\"image\/png\" \/>\n<meta name=\"twitter:card\" content=\"summary_large_image\" \/>\n<script type=\"application\/ld+json\" class=\"yoast-schema-graph\">{\"@context\":\"https:\/\/schema.org\",\"@graph\":[{\"@type\":\"WebPage\",\"@id\":\"https:\/\/pharmadreams.shop\/index.php\/product\/alania-serum-capillaire-reparateur-prodige-50ml\/\",\"url\":\"https:\/\/pharmadreams.shop\/index.php\/product\/alania-serum-capillaire-reparateur-prodige-50ml\/\",\"name\":\"alania serum capillaire reparateur prodige, 50ml - pharmadreams\",\"isPartOf\":{\"@id\":\"https:\/\/pharmadreams.shop\/#website\"},\"primaryImageOfPage\":{\"@id\":\"https:\/\/pharmadreams.shop\/index.php\/product\/alania-serum-capillaire-reparateur-prodige-50ml\/#primaryimage\"},\"image\":{\"@id\":\"https:\/\/pharmadreams.shop\/index.php\/product\/alania-serum-capillaire-reparateur-prodige-50ml\/#primaryimage\"},\"thumbnailUrl\":\"https:\/\/pharmadreams.shop\/wp-content\/uploads\/2023\/12\/serum-alania.png\",\"datePublished\":\"2023-12-19T18:36:29+00:00\",\"dateModified\":\"2023-12-19T18:37:19+00:00\",\"breadcrumb\":{\"@id\":\"https:\/\/pharmadreams.shop\/index.php\/product\/alania-serum-capillaire-reparateur-prodige-50ml\/#breadcrumb\"},\"inLanguage\":\"fr-FR\",\"potentialAction\":[{\"@type\":\"ReadAction\",\"target\":[\"https:\/\/pharmadreams.shop\/index.php\/product\/alania-serum-capillaire-reparateur-prodige-50ml\/\"]}]},{\"@type\":\"ImageObject\",\"inLanguage\":\"fr-FR\",\"@id\":\"https:\/\/pharmadreams.shop\/index.php\/product\/alania-serum-capillaire-reparateur-prodige-50ml\/#primaryimage\",\"url\":\"https:\/\/pharmadreams.shop\/wp-content\/uploads\/2023\/12\/serum-alania.png\",\"contentUrl\":\"https:\/\/pharmadreams.shop\/wp-content\/uploads\/2023\/12\/serum-alania.png\",\"width\":1080,\"height\":1080},{\"@type\":\"BreadcrumbList\",\"@id\":\"https:\/\/pharmadreams.shop\/index.php\/product\/alania-serum-capillaire-reparateur-prodige-50ml\/#breadcrumb\",\"itemListElement\":[{\"@type\":\"ListItem\",\"position\":1,\"name\":\"Accueil\",\"item\":\"https:\/\/pharmadreams.shop\/\"},{\"@type\":\"ListItem\",\"position\":2,\"name\":\"Shop\",\"item\":\"https:\/\/pharmadreams.shop\/index.php\/shop\/\"},{\"@type\":\"ListItem\",\"position\":3,\"name\":\"alania serum capillaire reparateur prodige, 50ml\"}]},{\"@type\":\"WebSite\",\"@id\":\"https:\/\/pharmadreams.shop\/#website\",\"url\":\"https:\/\/pharmadreams.shop\/\",\"name\":\"pharmadreams\",\"description\":\"Parapharmacie en ligne\",\"potentialAction\":[{\"@type\":\"SearchAction\",\"target\":{\"@type\":\"EntryPoint\",\"urlTemplate\":\"https:\/\/pharmadreams.shop\/?s={search_term_string}\"},\"query-input\":\"required name=search_term_string\"}],\"inLanguage\":\"fr-FR\"}]}<\/script>\n<!-- \/ Yoast SEO plugin. -->","yoast_head_json":{"title":"alania serum capillaire reparateur prodige, 50ml - pharmadreams","robots":{"index":"index","follow":"follow","max-snippet":"max-snippet:-1","max-image-preview":"max-image-preview:large","max-video-preview":"max-video-preview:-1"},"canonical":"https:\/\/pharmadreams.shop\/index.php\/product\/alania-serum-capillaire-reparateur-prodige-50ml\/","og_locale":"fr_FR","og_type":"article","og_title":"alania serum capillaire reparateur prodige, 50ml - pharmadreams","og_description":"Il est utilis\u00e9 pour lisser, discipliner et apporter de l\u2019\u00e9clat et de la brillance aux cheveux.SANS SULFATE \u2013 SANS PARABEN \u2013 SANS COLORANT. Non test\u00e9 sur les animaux. Hypoallerg\u00e9nique et test\u00e9 dermatologiquement  Ingr\u00e9dients: CYCLOPENTASILOXANE, DIMETHICONOL, ISOPROPYL MYRISTATE, TOCOPHERYL ACETATE, ACACIA CONCINNA FRUIT OIL, FRAGRANCE","og_url":"https:\/\/pharmadreams.shop\/index.php\/product\/alania-serum-capillaire-reparateur-prodige-50ml\/","og_site_name":"pharmadreams","article_modified_time":"2023-12-19T18:37:19+00:00","og_image":[{"width":1080,"height":1080,"url":"https:\/\/pharmadreams.shop\/wp-content\/uploads\/2023\/12\/serum-alania.png","type":"image\/png"}],"twitter_card":"summary_large_image","schema":{"@context":"https:\/\/schema.org","@graph":[{"@type":"WebPage","@id":"https:\/\/pharmadreams.shop\/index.php\/product\/alania-serum-capillaire-reparateur-prodige-50ml\/","url":"https:\/\/pharmadreams.shop\/index.php\/product\/alania-serum-capillaire-reparateur-prodige-50ml\/","name":"alania serum capillaire reparateur prodige, 50ml - pharmadreams","isPartOf":{"@id":"https:\/\/pharmadreams.shop\/#website"},"primaryImageOfPage":{"@id":"https:\/\/pharmadreams.shop\/index.php\/product\/alania-serum-capillaire-reparateur-prodige-50ml\/#primaryimage"},"image":{"@id":"https:\/\/pharmadreams.shop\/index.php\/product\/alania-serum-capillaire-reparateur-prodige-50ml\/#primaryimage"},"thumbnailUrl":"https:\/\/pharmadreams.shop\/wp-content\/uploads\/2023\/12\/serum-alania.png","datePublished":"2023-12-19T18:36:29+00:00","dateModified":"2023-12-19T18:37:19+00:00","breadcrumb":{"@id":"https:\/\/pharmadreams.shop\/index.php\/product\/alania-serum-capillaire-reparateur-prodige-50ml\/#breadcrumb"},"inLanguage":"fr-FR","potentialAction":[{"@type":"ReadAction","target":["https:\/\/pharmadreams.shop\/index.php\/product\/alania-serum-capillaire-reparateur-prodige-50ml\/"]}]},{"@type":"ImageObject","inLanguage":"fr-FR","@id":"https:\/\/pharmadreams.shop\/index.php\/product\/alania-serum-capillaire-reparateur-prodige-50ml\/#primaryimage","url":"https:\/\/pharmadreams.shop\/wp-content\/uploads\/2023\/12\/serum-alania.png","contentUrl":"https:\/\/pharmadreams.shop\/wp-content\/uploads\/2023\/12\/serum-alania.png","width":1080,"height":1080},{"@type":"BreadcrumbList","@id":"https:\/\/pharmadreams.shop\/index.php\/product\/alania-serum-capillaire-reparateur-prodige-50ml\/#breadcrumb","itemListElement":[{"@type":"ListItem","position":1,"name":"Accueil","item":"https:\/\/pharmadreams.shop\/"},{"@type":"ListItem","position":2,"name":"Shop","item":"https:\/\/pharmadreams.shop\/index.php\/shop\/"},{"@type":"ListItem","position":3,"name":"alania serum capillaire reparateur prodige, 50ml"}]},{"@type":"WebSite","@id":"https:\/\/pharmadreams.shop\/#website","url":"https:\/\/pharmadreams.shop\/","name":"pharmadreams","description":"Parapharmacie en ligne","potentialAction":[{"@type":"SearchAction","target":{"@type":"EntryPoint","urlTemplate":"https:\/\/pharmadreams.shop\/?s={search_term_string}"},"query-input":"required name=search_term_string"}],"inLanguage":"fr-FR"}]}},"_links":{"self":[{"href":"https:\/\/pharmadreams.shop\/index.php\/wp-json\/wp\/v2\/product\/16621","targetHints":{"allow":["GET"]}}],"collection":[{"href":"https:\/\/pharmadreams.shop\/index.php\/wp-json\/wp\/v2\/product"}],"about":[{"href":"https:\/\/pharmadreams.shop\/index.php\/wp-json\/wp\/v2\/types\/product"}],"replies":[{"embeddable":true,"href":"https:\/\/pharmadreams.shop\/index.php\/wp-json\/wp\/v2\/comments?post=16621"}],"version-history":[{"count":0,"href":"https:\/\/pharmadreams.shop\/index.php\/wp-json\/wp\/v2\/product\/16621\/revisions"}],"wp:featuredmedia":[{"embeddable":true,"href":"https:\/\/pharmadreams.shop\/index.php\/wp-json\/wp\/v2\/media\/16705"}],"wp:attachment":[{"href":"https:\/\/pharmadreams.shop\/index.php\/wp-json\/wp\/v2\/media?parent=16621"}],"wp:term":[{"taxonomy":"product_brand","embeddable":true,"href":"https:\/\/pharmadreams.shop\/index.php\/wp-json\/wp\/v2\/product_brand?post=16621"},{"taxonomy":"product_cat","embeddable":true,"href":"https:\/\/pharmadreams.shop\/index.php\/wp-json\/wp\/v2\/product_cat?post=16621"},{"taxonomy":"product_tag","embeddable":true,"href":"https:\/\/pharmadreams.shop\/index.php\/wp-json\/wp\/v2\/product_tag?post=16621"}],"curies":[{"name":"wp","href":"https:\/\/api.w.org\/{rel}","templated":true}]}}