{"id":16622,"date":"2023-12-19T19:36:29","date_gmt":"2023-12-19T18:36:29","guid":{"rendered":"https:\/\/venuspara.com\/?post_type=product&#038;p=16622"},"modified":"2023-12-19T19:37:22","modified_gmt":"2023-12-19T18:37:22","slug":"beesline-white-sapphire-luxury-mask-30g","status":"publish","type":"product","link":"https:\/\/pharmadreams.shop\/index.php\/product\/beesline-white-sapphire-luxury-mask-30g\/","title":{"rendered":"Beesline white sapphire luxury mask 30g"},"content":{"rendered":"","protected":false},"excerpt":{"rendered":"<div class=\"woocommerce-product-details__short-description\">\n<p>Un masque en feuille luxueux qui sature la peau de g\u00e9n\u00e9reuses quantit\u00e9s d\u2019ingr\u00e9dients actifs \u00e9claircissants et liftants tout en favorisant l\u2019\u00e9lasticit\u00e9 de la peau pour un teint plus \u00e9clatant et plus jeune.<\/p>\n<\/div>\n","protected":false},"featured_media":16707,"comment_status":"open","ping_status":"closed","template":"","meta":[],"product_brand":[],"product_cat":[165],"product_tag":[],"class_list":{"0":"post-16622","1":"product","2":"type-product","3":"status-publish","4":"has-post-thumbnail","6":"product_cat-masque","8":"first","9":"instock","10":"shipping-taxable","11":"purchasable","12":"product-type-simple"},"yoast_head":"<!-- This site is optimized with the Yoast SEO plugin v23.0 - https:\/\/yoast.com\/wordpress\/plugins\/seo\/ -->\n<title>Beesline white sapphire luxury mask 30g - pharmadreams<\/title>\n<meta name=\"robots\" content=\"index, follow, max-snippet:-1, max-image-preview:large, max-video-preview:-1\" \/>\n<link rel=\"canonical\" href=\"https:\/\/pharmadreams.shop\/index.php\/product\/beesline-white-sapphire-luxury-mask-30g\/\" \/>\n<meta property=\"og:locale\" content=\"fr_FR\" \/>\n<meta property=\"og:type\" content=\"article\" \/>\n<meta property=\"og:title\" content=\"Beesline white sapphire luxury mask 30g - pharmadreams\" \/>\n<meta property=\"og:description\" content=\"Un masque en feuille luxueux qui sature la peau de g\u00e9n\u00e9reuses quantit\u00e9s d\u2019ingr\u00e9dients actifs \u00e9claircissants et liftants tout en favorisant l\u2019\u00e9lasticit\u00e9 de la peau pour un teint plus \u00e9clatant et plus jeune.\" \/>\n<meta property=\"og:url\" content=\"https:\/\/pharmadreams.shop\/index.php\/product\/beesline-white-sapphire-luxury-mask-30g\/\" \/>\n<meta property=\"og:site_name\" content=\"pharmadreams\" \/>\n<meta property=\"article:modified_time\" content=\"2023-12-19T18:37:22+00:00\" \/>\n<meta property=\"og:image\" content=\"https:\/\/pharmadreams.shop\/wp-content\/uploads\/2023\/12\/beesline-1.png\" \/>\n\t<meta property=\"og:image:width\" content=\"1556\" \/>\n\t<meta property=\"og:image:height\" content=\"1508\" \/>\n\t<meta property=\"og:image:type\" content=\"image\/png\" \/>\n<meta name=\"twitter:card\" content=\"summary_large_image\" \/>\n<script type=\"application\/ld+json\" class=\"yoast-schema-graph\">{\"@context\":\"https:\/\/schema.org\",\"@graph\":[{\"@type\":\"WebPage\",\"@id\":\"https:\/\/pharmadreams.shop\/index.php\/product\/beesline-white-sapphire-luxury-mask-30g\/\",\"url\":\"https:\/\/pharmadreams.shop\/index.php\/product\/beesline-white-sapphire-luxury-mask-30g\/\",\"name\":\"Beesline white sapphire luxury mask 30g - pharmadreams\",\"isPartOf\":{\"@id\":\"https:\/\/pharmadreams.shop\/#website\"},\"primaryImageOfPage\":{\"@id\":\"https:\/\/pharmadreams.shop\/index.php\/product\/beesline-white-sapphire-luxury-mask-30g\/#primaryimage\"},\"image\":{\"@id\":\"https:\/\/pharmadreams.shop\/index.php\/product\/beesline-white-sapphire-luxury-mask-30g\/#primaryimage\"},\"thumbnailUrl\":\"https:\/\/pharmadreams.shop\/wp-content\/uploads\/2023\/12\/beesline-1.png\",\"datePublished\":\"2023-12-19T18:36:29+00:00\",\"dateModified\":\"2023-12-19T18:37:22+00:00\",\"breadcrumb\":{\"@id\":\"https:\/\/pharmadreams.shop\/index.php\/product\/beesline-white-sapphire-luxury-mask-30g\/#breadcrumb\"},\"inLanguage\":\"fr-FR\",\"potentialAction\":[{\"@type\":\"ReadAction\",\"target\":[\"https:\/\/pharmadreams.shop\/index.php\/product\/beesline-white-sapphire-luxury-mask-30g\/\"]}]},{\"@type\":\"ImageObject\",\"inLanguage\":\"fr-FR\",\"@id\":\"https:\/\/pharmadreams.shop\/index.php\/product\/beesline-white-sapphire-luxury-mask-30g\/#primaryimage\",\"url\":\"https:\/\/pharmadreams.shop\/wp-content\/uploads\/2023\/12\/beesline-1.png\",\"contentUrl\":\"https:\/\/pharmadreams.shop\/wp-content\/uploads\/2023\/12\/beesline-1.png\",\"width\":1556,\"height\":1508},{\"@type\":\"BreadcrumbList\",\"@id\":\"https:\/\/pharmadreams.shop\/index.php\/product\/beesline-white-sapphire-luxury-mask-30g\/#breadcrumb\",\"itemListElement\":[{\"@type\":\"ListItem\",\"position\":1,\"name\":\"Accueil\",\"item\":\"https:\/\/pharmadreams.shop\/\"},{\"@type\":\"ListItem\",\"position\":2,\"name\":\"Shop\",\"item\":\"https:\/\/pharmadreams.shop\/index.php\/shop\/\"},{\"@type\":\"ListItem\",\"position\":3,\"name\":\"Beesline white sapphire luxury mask 30g\"}]},{\"@type\":\"WebSite\",\"@id\":\"https:\/\/pharmadreams.shop\/#website\",\"url\":\"https:\/\/pharmadreams.shop\/\",\"name\":\"pharmadreams\",\"description\":\"Parapharmacie en ligne\",\"potentialAction\":[{\"@type\":\"SearchAction\",\"target\":{\"@type\":\"EntryPoint\",\"urlTemplate\":\"https:\/\/pharmadreams.shop\/?s={search_term_string}\"},\"query-input\":\"required name=search_term_string\"}],\"inLanguage\":\"fr-FR\"}]}<\/script>\n<!-- \/ Yoast SEO plugin. -->","yoast_head_json":{"title":"Beesline white sapphire luxury mask 30g - pharmadreams","robots":{"index":"index","follow":"follow","max-snippet":"max-snippet:-1","max-image-preview":"max-image-preview:large","max-video-preview":"max-video-preview:-1"},"canonical":"https:\/\/pharmadreams.shop\/index.php\/product\/beesline-white-sapphire-luxury-mask-30g\/","og_locale":"fr_FR","og_type":"article","og_title":"Beesline white sapphire luxury mask 30g - pharmadreams","og_description":"Un masque en feuille luxueux qui sature la peau de g\u00e9n\u00e9reuses quantit\u00e9s d\u2019ingr\u00e9dients actifs \u00e9claircissants et liftants tout en favorisant l\u2019\u00e9lasticit\u00e9 de la peau pour un teint plus \u00e9clatant et plus jeune.","og_url":"https:\/\/pharmadreams.shop\/index.php\/product\/beesline-white-sapphire-luxury-mask-30g\/","og_site_name":"pharmadreams","article_modified_time":"2023-12-19T18:37:22+00:00","og_image":[{"width":1556,"height":1508,"url":"https:\/\/pharmadreams.shop\/wp-content\/uploads\/2023\/12\/beesline-1.png","type":"image\/png"}],"twitter_card":"summary_large_image","schema":{"@context":"https:\/\/schema.org","@graph":[{"@type":"WebPage","@id":"https:\/\/pharmadreams.shop\/index.php\/product\/beesline-white-sapphire-luxury-mask-30g\/","url":"https:\/\/pharmadreams.shop\/index.php\/product\/beesline-white-sapphire-luxury-mask-30g\/","name":"Beesline white sapphire luxury mask 30g - pharmadreams","isPartOf":{"@id":"https:\/\/pharmadreams.shop\/#website"},"primaryImageOfPage":{"@id":"https:\/\/pharmadreams.shop\/index.php\/product\/beesline-white-sapphire-luxury-mask-30g\/#primaryimage"},"image":{"@id":"https:\/\/pharmadreams.shop\/index.php\/product\/beesline-white-sapphire-luxury-mask-30g\/#primaryimage"},"thumbnailUrl":"https:\/\/pharmadreams.shop\/wp-content\/uploads\/2023\/12\/beesline-1.png","datePublished":"2023-12-19T18:36:29+00:00","dateModified":"2023-12-19T18:37:22+00:00","breadcrumb":{"@id":"https:\/\/pharmadreams.shop\/index.php\/product\/beesline-white-sapphire-luxury-mask-30g\/#breadcrumb"},"inLanguage":"fr-FR","potentialAction":[{"@type":"ReadAction","target":["https:\/\/pharmadreams.shop\/index.php\/product\/beesline-white-sapphire-luxury-mask-30g\/"]}]},{"@type":"ImageObject","inLanguage":"fr-FR","@id":"https:\/\/pharmadreams.shop\/index.php\/product\/beesline-white-sapphire-luxury-mask-30g\/#primaryimage","url":"https:\/\/pharmadreams.shop\/wp-content\/uploads\/2023\/12\/beesline-1.png","contentUrl":"https:\/\/pharmadreams.shop\/wp-content\/uploads\/2023\/12\/beesline-1.png","width":1556,"height":1508},{"@type":"BreadcrumbList","@id":"https:\/\/pharmadreams.shop\/index.php\/product\/beesline-white-sapphire-luxury-mask-30g\/#breadcrumb","itemListElement":[{"@type":"ListItem","position":1,"name":"Accueil","item":"https:\/\/pharmadreams.shop\/"},{"@type":"ListItem","position":2,"name":"Shop","item":"https:\/\/pharmadreams.shop\/index.php\/shop\/"},{"@type":"ListItem","position":3,"name":"Beesline white sapphire luxury mask 30g"}]},{"@type":"WebSite","@id":"https:\/\/pharmadreams.shop\/#website","url":"https:\/\/pharmadreams.shop\/","name":"pharmadreams","description":"Parapharmacie en ligne","potentialAction":[{"@type":"SearchAction","target":{"@type":"EntryPoint","urlTemplate":"https:\/\/pharmadreams.shop\/?s={search_term_string}"},"query-input":"required name=search_term_string"}],"inLanguage":"fr-FR"}]}},"_links":{"self":[{"href":"https:\/\/pharmadreams.shop\/index.php\/wp-json\/wp\/v2\/product\/16622","targetHints":{"allow":["GET"]}}],"collection":[{"href":"https:\/\/pharmadreams.shop\/index.php\/wp-json\/wp\/v2\/product"}],"about":[{"href":"https:\/\/pharmadreams.shop\/index.php\/wp-json\/wp\/v2\/types\/product"}],"replies":[{"embeddable":true,"href":"https:\/\/pharmadreams.shop\/index.php\/wp-json\/wp\/v2\/comments?post=16622"}],"version-history":[{"count":0,"href":"https:\/\/pharmadreams.shop\/index.php\/wp-json\/wp\/v2\/product\/16622\/revisions"}],"wp:featuredmedia":[{"embeddable":true,"href":"https:\/\/pharmadreams.shop\/index.php\/wp-json\/wp\/v2\/media\/16707"}],"wp:attachment":[{"href":"https:\/\/pharmadreams.shop\/index.php\/wp-json\/wp\/v2\/media?parent=16622"}],"wp:term":[{"taxonomy":"product_brand","embeddable":true,"href":"https:\/\/pharmadreams.shop\/index.php\/wp-json\/wp\/v2\/product_brand?post=16622"},{"taxonomy":"product_cat","embeddable":true,"href":"https:\/\/pharmadreams.shop\/index.php\/wp-json\/wp\/v2\/product_cat?post=16622"},{"taxonomy":"product_tag","embeddable":true,"href":"https:\/\/pharmadreams.shop\/index.php\/wp-json\/wp\/v2\/product_tag?post=16622"}],"curies":[{"name":"wp","href":"https:\/\/api.w.org\/{rel}","templated":true}]}}