{"id":16648,"date":"2023-12-19T19:36:49","date_gmt":"2023-12-19T18:36:49","guid":{"rendered":"https:\/\/venuspara.com\/?post_type=product&#038;p=16648"},"modified":"2023-12-19T19:37:24","modified_gmt":"2023-12-19T18:37:24","slug":"mustela-huile-lavante-a-lavocat-bio-500ml","status":"publish","type":"product","link":"https:\/\/pharmadreams.shop\/index.php\/product\/mustela-huile-lavante-a-lavocat-bio-500ml\/","title":{"rendered":"Mustela huile lavante a l&rsquo;avocat bio 500ml"},"content":{"rendered":"","protected":false},"excerpt":{"rendered":"<div id=\"product-description-short-8083\" class=\"product-description\">\n<p>L&rsquo;huile lavante \u00e0 l&rsquo;avocat bio b\u00e9b\u00e9 est id\u00e9ale pour nettoyer en douceur et nourrir durablement les peaux s\u00e8ches du b\u00e9b\u00e9 d\u00e8s la naissance. Elle prot\u00e8ge des effets dess\u00e9chants du bain en laissant un film protecteur sur la peau du b\u00e9b\u00e9.<\/p>\n<\/div>\n<div class=\"product-actions\">\n<form id=\"add-to-cart-or-refresh\" action=\"https:\/\/pharma-shop.tn\/panier\" method=\"post\">\n<div class=\"product-variants\"><\/div>\n<section class=\"product-discounts\"><\/section>\n<div class=\"product-add-to-cart\"><\/div>\n<\/form>\n<\/div>\n","protected":false},"featured_media":16711,"comment_status":"open","ping_status":"closed","template":"","meta":[],"product_brand":[],"product_cat":[153],"product_tag":[],"class_list":{"0":"post-16648","1":"product","2":"type-product","3":"status-publish","4":"has-post-thumbnail","6":"product_cat-huile","8":"first","9":"instock","10":"shipping-taxable","11":"purchasable","12":"product-type-simple"},"yoast_head":"<!-- This site is optimized with the Yoast SEO plugin v23.0 - https:\/\/yoast.com\/wordpress\/plugins\/seo\/ -->\n<title>Mustela huile lavante a l&#039;avocat bio 500ml - pharmadreams<\/title>\n<meta name=\"robots\" content=\"index, follow, max-snippet:-1, max-image-preview:large, max-video-preview:-1\" \/>\n<link rel=\"canonical\" href=\"https:\/\/pharmadreams.shop\/index.php\/product\/mustela-huile-lavante-a-lavocat-bio-500ml\/\" \/>\n<meta property=\"og:locale\" content=\"fr_FR\" \/>\n<meta property=\"og:type\" content=\"article\" \/>\n<meta property=\"og:title\" content=\"Mustela huile lavante a l&#039;avocat bio 500ml - pharmadreams\" \/>\n<meta property=\"og:description\" content=\"L&#039;huile lavante \u00e0 l&#039;avocat bio b\u00e9b\u00e9 est id\u00e9ale pour nettoyer en douceur et nourrir durablement les peaux s\u00e8ches du b\u00e9b\u00e9 d\u00e8s la naissance. Elle prot\u00e8ge des effets dess\u00e9chants du bain en laissant un film protecteur sur la peau du b\u00e9b\u00e9.\" \/>\n<meta property=\"og:url\" content=\"https:\/\/pharmadreams.shop\/index.php\/product\/mustela-huile-lavante-a-lavocat-bio-500ml\/\" \/>\n<meta property=\"og:site_name\" content=\"pharmadreams\" \/>\n<meta property=\"article:modified_time\" content=\"2023-12-19T18:37:24+00:00\" \/>\n<meta property=\"og:image\" content=\"https:\/\/pharmadreams.shop\/wp-content\/uploads\/2023\/12\/mustela-1.png\" \/>\n\t<meta property=\"og:image:width\" content=\"648\" \/>\n\t<meta property=\"og:image:height\" content=\"780\" \/>\n\t<meta property=\"og:image:type\" content=\"image\/png\" \/>\n<meta name=\"twitter:card\" content=\"summary_large_image\" \/>\n<script type=\"application\/ld+json\" class=\"yoast-schema-graph\">{\"@context\":\"https:\/\/schema.org\",\"@graph\":[{\"@type\":\"WebPage\",\"@id\":\"https:\/\/pharmadreams.shop\/index.php\/product\/mustela-huile-lavante-a-lavocat-bio-500ml\/\",\"url\":\"https:\/\/pharmadreams.shop\/index.php\/product\/mustela-huile-lavante-a-lavocat-bio-500ml\/\",\"name\":\"Mustela huile lavante a l'avocat bio 500ml - pharmadreams\",\"isPartOf\":{\"@id\":\"https:\/\/pharmadreams.shop\/#website\"},\"primaryImageOfPage\":{\"@id\":\"https:\/\/pharmadreams.shop\/index.php\/product\/mustela-huile-lavante-a-lavocat-bio-500ml\/#primaryimage\"},\"image\":{\"@id\":\"https:\/\/pharmadreams.shop\/index.php\/product\/mustela-huile-lavante-a-lavocat-bio-500ml\/#primaryimage\"},\"thumbnailUrl\":\"https:\/\/pharmadreams.shop\/wp-content\/uploads\/2023\/12\/mustela-1.png\",\"datePublished\":\"2023-12-19T18:36:49+00:00\",\"dateModified\":\"2023-12-19T18:37:24+00:00\",\"breadcrumb\":{\"@id\":\"https:\/\/pharmadreams.shop\/index.php\/product\/mustela-huile-lavante-a-lavocat-bio-500ml\/#breadcrumb\"},\"inLanguage\":\"fr-FR\",\"potentialAction\":[{\"@type\":\"ReadAction\",\"target\":[\"https:\/\/pharmadreams.shop\/index.php\/product\/mustela-huile-lavante-a-lavocat-bio-500ml\/\"]}]},{\"@type\":\"ImageObject\",\"inLanguage\":\"fr-FR\",\"@id\":\"https:\/\/pharmadreams.shop\/index.php\/product\/mustela-huile-lavante-a-lavocat-bio-500ml\/#primaryimage\",\"url\":\"https:\/\/pharmadreams.shop\/wp-content\/uploads\/2023\/12\/mustela-1.png\",\"contentUrl\":\"https:\/\/pharmadreams.shop\/wp-content\/uploads\/2023\/12\/mustela-1.png\",\"width\":648,\"height\":780},{\"@type\":\"BreadcrumbList\",\"@id\":\"https:\/\/pharmadreams.shop\/index.php\/product\/mustela-huile-lavante-a-lavocat-bio-500ml\/#breadcrumb\",\"itemListElement\":[{\"@type\":\"ListItem\",\"position\":1,\"name\":\"Accueil\",\"item\":\"https:\/\/pharmadreams.shop\/\"},{\"@type\":\"ListItem\",\"position\":2,\"name\":\"Shop\",\"item\":\"https:\/\/pharmadreams.shop\/index.php\/shop\/\"},{\"@type\":\"ListItem\",\"position\":3,\"name\":\"Mustela huile lavante a l&#8217;avocat bio 500ml\"}]},{\"@type\":\"WebSite\",\"@id\":\"https:\/\/pharmadreams.shop\/#website\",\"url\":\"https:\/\/pharmadreams.shop\/\",\"name\":\"pharmadreams\",\"description\":\"Parapharmacie en ligne\",\"potentialAction\":[{\"@type\":\"SearchAction\",\"target\":{\"@type\":\"EntryPoint\",\"urlTemplate\":\"https:\/\/pharmadreams.shop\/?s={search_term_string}\"},\"query-input\":\"required name=search_term_string\"}],\"inLanguage\":\"fr-FR\"}]}<\/script>\n<!-- \/ Yoast SEO plugin. -->","yoast_head_json":{"title":"Mustela huile lavante a l'avocat bio 500ml - pharmadreams","robots":{"index":"index","follow":"follow","max-snippet":"max-snippet:-1","max-image-preview":"max-image-preview:large","max-video-preview":"max-video-preview:-1"},"canonical":"https:\/\/pharmadreams.shop\/index.php\/product\/mustela-huile-lavante-a-lavocat-bio-500ml\/","og_locale":"fr_FR","og_type":"article","og_title":"Mustela huile lavante a l'avocat bio 500ml - pharmadreams","og_description":"L'huile lavante \u00e0 l'avocat bio b\u00e9b\u00e9 est id\u00e9ale pour nettoyer en douceur et nourrir durablement les peaux s\u00e8ches du b\u00e9b\u00e9 d\u00e8s la naissance. Elle prot\u00e8ge des effets dess\u00e9chants du bain en laissant un film protecteur sur la peau du b\u00e9b\u00e9.","og_url":"https:\/\/pharmadreams.shop\/index.php\/product\/mustela-huile-lavante-a-lavocat-bio-500ml\/","og_site_name":"pharmadreams","article_modified_time":"2023-12-19T18:37:24+00:00","og_image":[{"width":648,"height":780,"url":"https:\/\/pharmadreams.shop\/wp-content\/uploads\/2023\/12\/mustela-1.png","type":"image\/png"}],"twitter_card":"summary_large_image","schema":{"@context":"https:\/\/schema.org","@graph":[{"@type":"WebPage","@id":"https:\/\/pharmadreams.shop\/index.php\/product\/mustela-huile-lavante-a-lavocat-bio-500ml\/","url":"https:\/\/pharmadreams.shop\/index.php\/product\/mustela-huile-lavante-a-lavocat-bio-500ml\/","name":"Mustela huile lavante a l'avocat bio 500ml - pharmadreams","isPartOf":{"@id":"https:\/\/pharmadreams.shop\/#website"},"primaryImageOfPage":{"@id":"https:\/\/pharmadreams.shop\/index.php\/product\/mustela-huile-lavante-a-lavocat-bio-500ml\/#primaryimage"},"image":{"@id":"https:\/\/pharmadreams.shop\/index.php\/product\/mustela-huile-lavante-a-lavocat-bio-500ml\/#primaryimage"},"thumbnailUrl":"https:\/\/pharmadreams.shop\/wp-content\/uploads\/2023\/12\/mustela-1.png","datePublished":"2023-12-19T18:36:49+00:00","dateModified":"2023-12-19T18:37:24+00:00","breadcrumb":{"@id":"https:\/\/pharmadreams.shop\/index.php\/product\/mustela-huile-lavante-a-lavocat-bio-500ml\/#breadcrumb"},"inLanguage":"fr-FR","potentialAction":[{"@type":"ReadAction","target":["https:\/\/pharmadreams.shop\/index.php\/product\/mustela-huile-lavante-a-lavocat-bio-500ml\/"]}]},{"@type":"ImageObject","inLanguage":"fr-FR","@id":"https:\/\/pharmadreams.shop\/index.php\/product\/mustela-huile-lavante-a-lavocat-bio-500ml\/#primaryimage","url":"https:\/\/pharmadreams.shop\/wp-content\/uploads\/2023\/12\/mustela-1.png","contentUrl":"https:\/\/pharmadreams.shop\/wp-content\/uploads\/2023\/12\/mustela-1.png","width":648,"height":780},{"@type":"BreadcrumbList","@id":"https:\/\/pharmadreams.shop\/index.php\/product\/mustela-huile-lavante-a-lavocat-bio-500ml\/#breadcrumb","itemListElement":[{"@type":"ListItem","position":1,"name":"Accueil","item":"https:\/\/pharmadreams.shop\/"},{"@type":"ListItem","position":2,"name":"Shop","item":"https:\/\/pharmadreams.shop\/index.php\/shop\/"},{"@type":"ListItem","position":3,"name":"Mustela huile lavante a l&#8217;avocat bio 500ml"}]},{"@type":"WebSite","@id":"https:\/\/pharmadreams.shop\/#website","url":"https:\/\/pharmadreams.shop\/","name":"pharmadreams","description":"Parapharmacie en ligne","potentialAction":[{"@type":"SearchAction","target":{"@type":"EntryPoint","urlTemplate":"https:\/\/pharmadreams.shop\/?s={search_term_string}"},"query-input":"required name=search_term_string"}],"inLanguage":"fr-FR"}]}},"_links":{"self":[{"href":"https:\/\/pharmadreams.shop\/index.php\/wp-json\/wp\/v2\/product\/16648","targetHints":{"allow":["GET"]}}],"collection":[{"href":"https:\/\/pharmadreams.shop\/index.php\/wp-json\/wp\/v2\/product"}],"about":[{"href":"https:\/\/pharmadreams.shop\/index.php\/wp-json\/wp\/v2\/types\/product"}],"replies":[{"embeddable":true,"href":"https:\/\/pharmadreams.shop\/index.php\/wp-json\/wp\/v2\/comments?post=16648"}],"version-history":[{"count":0,"href":"https:\/\/pharmadreams.shop\/index.php\/wp-json\/wp\/v2\/product\/16648\/revisions"}],"wp:featuredmedia":[{"embeddable":true,"href":"https:\/\/pharmadreams.shop\/index.php\/wp-json\/wp\/v2\/media\/16711"}],"wp:attachment":[{"href":"https:\/\/pharmadreams.shop\/index.php\/wp-json\/wp\/v2\/media?parent=16648"}],"wp:term":[{"taxonomy":"product_brand","embeddable":true,"href":"https:\/\/pharmadreams.shop\/index.php\/wp-json\/wp\/v2\/product_brand?post=16648"},{"taxonomy":"product_cat","embeddable":true,"href":"https:\/\/pharmadreams.shop\/index.php\/wp-json\/wp\/v2\/product_cat?post=16648"},{"taxonomy":"product_tag","embeddable":true,"href":"https:\/\/pharmadreams.shop\/index.php\/wp-json\/wp\/v2\/product_tag?post=16648"}],"curies":[{"name":"wp","href":"https:\/\/api.w.org\/{rel}","templated":true}]}}