{"id":16649,"date":"2023-12-19T19:36:49","date_gmt":"2023-12-19T18:36:49","guid":{"rendered":"https:\/\/venuspara.com\/?post_type=product&#038;p=16649"},"modified":"2023-12-19T19:37:26","modified_gmt":"2023-12-19T18:37:26","slug":"smoothing-micellar-solution-400-ml-lirene","status":"publish","type":"product","link":"https:\/\/pharmadreams.shop\/index.php\/product\/smoothing-micellar-solution-400-ml-lirene\/","title":{"rendered":"Smoothing micellar solution &#8211; 400 ml- Lirene"},"content":{"rendered":"","protected":false},"excerpt":{"rendered":"<p>L&rsquo;eau micellaire Lirene \u00e0 l&rsquo;extrait de magnolia est un produit qui associe rituel et soin de la peau<br \/>\n\u00c9limine efficacement le maquillage et la salet\u00e9 autour du visage et des yeux. Contient de l&rsquo;extrait de magnolia et du panth\u00e9nol<br \/>\nIl est destin\u00e9 \u00e0 tous les types de peau, y compris les peaux matures.<\/p>\n","protected":false},"featured_media":16713,"comment_status":"open","ping_status":"closed","template":"","meta":[],"product_brand":[],"product_cat":[167,108],"product_tag":[168,169,170,171],"class_list":{"0":"post-16649","1":"product","2":"type-product","3":"status-publish","4":"has-post-thumbnail","6":"product_cat-cosmetique","7":"product_cat-eau-micellaire","8":"product_tag-cosmetique","9":"product_tag-eau-micellaire","10":"product_tag-lirene","11":"product_tag-smoothing-micellar-solution","13":"first","14":"instock","15":"shipping-taxable","16":"purchasable","17":"product-type-simple"},"yoast_head":"<!-- This site is optimized with the Yoast SEO plugin v23.0 - https:\/\/yoast.com\/wordpress\/plugins\/seo\/ -->\n<title>Smoothing micellar solution - 400 ml- Lirene - pharmadreams<\/title>\n<meta name=\"robots\" content=\"index, follow, max-snippet:-1, max-image-preview:large, max-video-preview:-1\" \/>\n<link rel=\"canonical\" href=\"https:\/\/pharmadreams.shop\/index.php\/product\/smoothing-micellar-solution-400-ml-lirene\/\" \/>\n<meta property=\"og:locale\" content=\"fr_FR\" \/>\n<meta property=\"og:type\" content=\"article\" \/>\n<meta property=\"og:title\" content=\"Smoothing micellar solution - 400 ml- Lirene - pharmadreams\" \/>\n<meta property=\"og:description\" content=\"L&#039;eau micellaire Lirene \u00e0 l&#039;extrait de magnolia est un produit qui associe rituel et soin de la peau \u00c9limine efficacement le maquillage et la salet\u00e9 autour du visage et des yeux. Contient de l&#039;extrait de magnolia et du panth\u00e9nol Il est destin\u00e9 \u00e0 tous les types de peau, y compris les peaux matures.\" \/>\n<meta property=\"og:url\" content=\"https:\/\/pharmadreams.shop\/index.php\/product\/smoothing-micellar-solution-400-ml-lirene\/\" \/>\n<meta property=\"og:site_name\" content=\"pharmadreams\" \/>\n<meta property=\"article:modified_time\" content=\"2023-12-19T18:37:26+00:00\" \/>\n<meta property=\"og:image\" content=\"https:\/\/pharmadreams.shop\/wp-content\/uploads\/2023\/12\/Smoothing-micellaire-solution-400ml-Lirene.png\" \/>\n\t<meta property=\"og:image:width\" content=\"789\" \/>\n\t<meta property=\"og:image:height\" content=\"726\" \/>\n\t<meta property=\"og:image:type\" content=\"image\/png\" \/>\n<meta name=\"twitter:card\" content=\"summary_large_image\" \/>\n<script type=\"application\/ld+json\" class=\"yoast-schema-graph\">{\"@context\":\"https:\/\/schema.org\",\"@graph\":[{\"@type\":\"WebPage\",\"@id\":\"https:\/\/pharmadreams.shop\/index.php\/product\/smoothing-micellar-solution-400-ml-lirene\/\",\"url\":\"https:\/\/pharmadreams.shop\/index.php\/product\/smoothing-micellar-solution-400-ml-lirene\/\",\"name\":\"Smoothing micellar solution - 400 ml- Lirene - pharmadreams\",\"isPartOf\":{\"@id\":\"https:\/\/pharmadreams.shop\/#website\"},\"primaryImageOfPage\":{\"@id\":\"https:\/\/pharmadreams.shop\/index.php\/product\/smoothing-micellar-solution-400-ml-lirene\/#primaryimage\"},\"image\":{\"@id\":\"https:\/\/pharmadreams.shop\/index.php\/product\/smoothing-micellar-solution-400-ml-lirene\/#primaryimage\"},\"thumbnailUrl\":\"https:\/\/pharmadreams.shop\/wp-content\/uploads\/2023\/12\/Smoothing-micellaire-solution-400ml-Lirene.png\",\"datePublished\":\"2023-12-19T18:36:49+00:00\",\"dateModified\":\"2023-12-19T18:37:26+00:00\",\"breadcrumb\":{\"@id\":\"https:\/\/pharmadreams.shop\/index.php\/product\/smoothing-micellar-solution-400-ml-lirene\/#breadcrumb\"},\"inLanguage\":\"fr-FR\",\"potentialAction\":[{\"@type\":\"ReadAction\",\"target\":[\"https:\/\/pharmadreams.shop\/index.php\/product\/smoothing-micellar-solution-400-ml-lirene\/\"]}]},{\"@type\":\"ImageObject\",\"inLanguage\":\"fr-FR\",\"@id\":\"https:\/\/pharmadreams.shop\/index.php\/product\/smoothing-micellar-solution-400-ml-lirene\/#primaryimage\",\"url\":\"https:\/\/pharmadreams.shop\/wp-content\/uploads\/2023\/12\/Smoothing-micellaire-solution-400ml-Lirene.png\",\"contentUrl\":\"https:\/\/pharmadreams.shop\/wp-content\/uploads\/2023\/12\/Smoothing-micellaire-solution-400ml-Lirene.png\",\"width\":789,\"height\":726},{\"@type\":\"BreadcrumbList\",\"@id\":\"https:\/\/pharmadreams.shop\/index.php\/product\/smoothing-micellar-solution-400-ml-lirene\/#breadcrumb\",\"itemListElement\":[{\"@type\":\"ListItem\",\"position\":1,\"name\":\"Accueil\",\"item\":\"https:\/\/pharmadreams.shop\/\"},{\"@type\":\"ListItem\",\"position\":2,\"name\":\"Shop\",\"item\":\"https:\/\/pharmadreams.shop\/index.php\/shop\/\"},{\"@type\":\"ListItem\",\"position\":3,\"name\":\"Smoothing micellar solution &#8211; 400 ml- Lirene\"}]},{\"@type\":\"WebSite\",\"@id\":\"https:\/\/pharmadreams.shop\/#website\",\"url\":\"https:\/\/pharmadreams.shop\/\",\"name\":\"pharmadreams\",\"description\":\"Parapharmacie en ligne\",\"potentialAction\":[{\"@type\":\"SearchAction\",\"target\":{\"@type\":\"EntryPoint\",\"urlTemplate\":\"https:\/\/pharmadreams.shop\/?s={search_term_string}\"},\"query-input\":\"required name=search_term_string\"}],\"inLanguage\":\"fr-FR\"}]}<\/script>\n<!-- \/ Yoast SEO plugin. -->","yoast_head_json":{"title":"Smoothing micellar solution - 400 ml- Lirene - pharmadreams","robots":{"index":"index","follow":"follow","max-snippet":"max-snippet:-1","max-image-preview":"max-image-preview:large","max-video-preview":"max-video-preview:-1"},"canonical":"https:\/\/pharmadreams.shop\/index.php\/product\/smoothing-micellar-solution-400-ml-lirene\/","og_locale":"fr_FR","og_type":"article","og_title":"Smoothing micellar solution - 400 ml- Lirene - pharmadreams","og_description":"L'eau micellaire Lirene \u00e0 l'extrait de magnolia est un produit qui associe rituel et soin de la peau \u00c9limine efficacement le maquillage et la salet\u00e9 autour du visage et des yeux. Contient de l'extrait de magnolia et du panth\u00e9nol Il est destin\u00e9 \u00e0 tous les types de peau, y compris les peaux matures.","og_url":"https:\/\/pharmadreams.shop\/index.php\/product\/smoothing-micellar-solution-400-ml-lirene\/","og_site_name":"pharmadreams","article_modified_time":"2023-12-19T18:37:26+00:00","og_image":[{"width":789,"height":726,"url":"https:\/\/pharmadreams.shop\/wp-content\/uploads\/2023\/12\/Smoothing-micellaire-solution-400ml-Lirene.png","type":"image\/png"}],"twitter_card":"summary_large_image","schema":{"@context":"https:\/\/schema.org","@graph":[{"@type":"WebPage","@id":"https:\/\/pharmadreams.shop\/index.php\/product\/smoothing-micellar-solution-400-ml-lirene\/","url":"https:\/\/pharmadreams.shop\/index.php\/product\/smoothing-micellar-solution-400-ml-lirene\/","name":"Smoothing micellar solution - 400 ml- Lirene - pharmadreams","isPartOf":{"@id":"https:\/\/pharmadreams.shop\/#website"},"primaryImageOfPage":{"@id":"https:\/\/pharmadreams.shop\/index.php\/product\/smoothing-micellar-solution-400-ml-lirene\/#primaryimage"},"image":{"@id":"https:\/\/pharmadreams.shop\/index.php\/product\/smoothing-micellar-solution-400-ml-lirene\/#primaryimage"},"thumbnailUrl":"https:\/\/pharmadreams.shop\/wp-content\/uploads\/2023\/12\/Smoothing-micellaire-solution-400ml-Lirene.png","datePublished":"2023-12-19T18:36:49+00:00","dateModified":"2023-12-19T18:37:26+00:00","breadcrumb":{"@id":"https:\/\/pharmadreams.shop\/index.php\/product\/smoothing-micellar-solution-400-ml-lirene\/#breadcrumb"},"inLanguage":"fr-FR","potentialAction":[{"@type":"ReadAction","target":["https:\/\/pharmadreams.shop\/index.php\/product\/smoothing-micellar-solution-400-ml-lirene\/"]}]},{"@type":"ImageObject","inLanguage":"fr-FR","@id":"https:\/\/pharmadreams.shop\/index.php\/product\/smoothing-micellar-solution-400-ml-lirene\/#primaryimage","url":"https:\/\/pharmadreams.shop\/wp-content\/uploads\/2023\/12\/Smoothing-micellaire-solution-400ml-Lirene.png","contentUrl":"https:\/\/pharmadreams.shop\/wp-content\/uploads\/2023\/12\/Smoothing-micellaire-solution-400ml-Lirene.png","width":789,"height":726},{"@type":"BreadcrumbList","@id":"https:\/\/pharmadreams.shop\/index.php\/product\/smoothing-micellar-solution-400-ml-lirene\/#breadcrumb","itemListElement":[{"@type":"ListItem","position":1,"name":"Accueil","item":"https:\/\/pharmadreams.shop\/"},{"@type":"ListItem","position":2,"name":"Shop","item":"https:\/\/pharmadreams.shop\/index.php\/shop\/"},{"@type":"ListItem","position":3,"name":"Smoothing micellar solution &#8211; 400 ml- Lirene"}]},{"@type":"WebSite","@id":"https:\/\/pharmadreams.shop\/#website","url":"https:\/\/pharmadreams.shop\/","name":"pharmadreams","description":"Parapharmacie en ligne","potentialAction":[{"@type":"SearchAction","target":{"@type":"EntryPoint","urlTemplate":"https:\/\/pharmadreams.shop\/?s={search_term_string}"},"query-input":"required name=search_term_string"}],"inLanguage":"fr-FR"}]}},"_links":{"self":[{"href":"https:\/\/pharmadreams.shop\/index.php\/wp-json\/wp\/v2\/product\/16649","targetHints":{"allow":["GET"]}}],"collection":[{"href":"https:\/\/pharmadreams.shop\/index.php\/wp-json\/wp\/v2\/product"}],"about":[{"href":"https:\/\/pharmadreams.shop\/index.php\/wp-json\/wp\/v2\/types\/product"}],"replies":[{"embeddable":true,"href":"https:\/\/pharmadreams.shop\/index.php\/wp-json\/wp\/v2\/comments?post=16649"}],"version-history":[{"count":0,"href":"https:\/\/pharmadreams.shop\/index.php\/wp-json\/wp\/v2\/product\/16649\/revisions"}],"wp:featuredmedia":[{"embeddable":true,"href":"https:\/\/pharmadreams.shop\/index.php\/wp-json\/wp\/v2\/media\/16713"}],"wp:attachment":[{"href":"https:\/\/pharmadreams.shop\/index.php\/wp-json\/wp\/v2\/media?parent=16649"}],"wp:term":[{"taxonomy":"product_brand","embeddable":true,"href":"https:\/\/pharmadreams.shop\/index.php\/wp-json\/wp\/v2\/product_brand?post=16649"},{"taxonomy":"product_cat","embeddable":true,"href":"https:\/\/pharmadreams.shop\/index.php\/wp-json\/wp\/v2\/product_cat?post=16649"},{"taxonomy":"product_tag","embeddable":true,"href":"https:\/\/pharmadreams.shop\/index.php\/wp-json\/wp\/v2\/product_tag?post=16649"}],"curies":[{"name":"wp","href":"https:\/\/api.w.org\/{rel}","templated":true}]}}