{"id":16650,"date":"2023-12-19T19:36:50","date_gmt":"2023-12-19T18:36:50","guid":{"rendered":"https:\/\/venuspara.com\/?post_type=product&#038;p=16650"},"modified":"2024-10-31T13:01:11","modified_gmt":"2024-10-31T12:01:11","slug":"gel-nettoyant-purifiant-200ml-fiderma","status":"publish","type":"product","link":"https:\/\/pharmadreams.shop\/index.php\/product\/gel-nettoyant-purifiant-200ml-fiderma\/","title":{"rendered":"Gel nettoyant purifiant &#8211; 200ml &#8211; Fiderma"},"content":{"rendered":"","protected":false},"excerpt":{"rendered":"<p>FIDERMA<strong> Gel nettoyant purifiant<\/strong> est un gel moussant doux qui a \u00e9t\u00e9 con\u00e7u pour nettoyer en douceur les peaux grasse \u00e0 imperfections.Sa formule purifie d\u00e9licatement, r\u00e9gule la s\u00e9cr\u00e9tion de s\u00e9bum et respect le ph de la peau. Purifi\u00e9e et propre, la peau est prete \u00e0 recevoir les traitements dermatologiques.<\/p>\n","protected":false},"featured_media":16715,"comment_status":"open","ping_status":"closed","template":"","meta":[],"product_brand":[],"product_cat":[96,95,80,172,20],"product_tag":[173,174,175,176,177,178,179],"class_list":{"0":"post-16650","1":"product","2":"type-product","3":"status-publish","4":"has-post-thumbnail","6":"product_cat-gel-nottoyant","7":"product_cat-skin-care","8":"product_cat-soins","9":"product_cat-soins-peau-grasse-et-anti-acneique","10":"product_cat-visage","11":"product_tag-fiderma","12":"product_tag-gel-nettoyant","13":"product_tag-gel-nettoyant-purifiant","14":"product_tag-skin-care","15":"product_tag-soins","16":"product_tag-soins-peau-grasse-et-anti-acneique","17":"product_tag-visage","19":"first","20":"instock","21":"shipping-taxable","22":"purchasable","23":"product-type-simple"},"yoast_head":"<!-- This site is optimized with the Yoast SEO plugin v23.0 - https:\/\/yoast.com\/wordpress\/plugins\/seo\/ -->\n<title>Gel nettoyant purifiant - 200ml - Fiderma - pharmadreams<\/title>\n<meta name=\"robots\" content=\"index, follow, max-snippet:-1, max-image-preview:large, max-video-preview:-1\" \/>\n<link rel=\"canonical\" href=\"https:\/\/pharmadreams.shop\/index.php\/product\/gel-nettoyant-purifiant-200ml-fiderma\/\" \/>\n<meta property=\"og:locale\" content=\"fr_FR\" \/>\n<meta property=\"og:type\" content=\"article\" \/>\n<meta property=\"og:title\" content=\"Gel nettoyant purifiant - 200ml - Fiderma - pharmadreams\" \/>\n<meta property=\"og:description\" content=\"FIDERMA Gel nettoyant purifiant est un gel moussant doux qui a \u00e9t\u00e9 con\u00e7u pour nettoyer en douceur les peaux grasse \u00e0 imperfections.Sa formule purifie d\u00e9licatement, r\u00e9gule la s\u00e9cr\u00e9tion de s\u00e9bum et respect le ph de la peau. Purifi\u00e9e et propre, la peau est prete \u00e0 recevoir les traitements dermatologiques.\" \/>\n<meta property=\"og:url\" content=\"https:\/\/pharmadreams.shop\/index.php\/product\/gel-nettoyant-purifiant-200ml-fiderma\/\" \/>\n<meta property=\"og:site_name\" content=\"pharmadreams\" \/>\n<meta property=\"article:modified_time\" content=\"2024-10-31T12:01:11+00:00\" \/>\n<meta property=\"og:image\" content=\"https:\/\/pharmadreams.shop\/wp-content\/uploads\/2023\/12\/Gel-nettoyant-200ml-fiderma-soin-visage.jpg\" \/>\n\t<meta property=\"og:image:width\" content=\"300\" \/>\n\t<meta property=\"og:image:height\" content=\"300\" \/>\n\t<meta property=\"og:image:type\" content=\"image\/jpeg\" \/>\n<meta name=\"twitter:card\" content=\"summary_large_image\" \/>\n<script type=\"application\/ld+json\" class=\"yoast-schema-graph\">{\"@context\":\"https:\/\/schema.org\",\"@graph\":[{\"@type\":\"WebPage\",\"@id\":\"https:\/\/pharmadreams.shop\/index.php\/product\/gel-nettoyant-purifiant-200ml-fiderma\/\",\"url\":\"https:\/\/pharmadreams.shop\/index.php\/product\/gel-nettoyant-purifiant-200ml-fiderma\/\",\"name\":\"Gel nettoyant purifiant - 200ml - Fiderma - pharmadreams\",\"isPartOf\":{\"@id\":\"https:\/\/pharmadreams.shop\/#website\"},\"primaryImageOfPage\":{\"@id\":\"https:\/\/pharmadreams.shop\/index.php\/product\/gel-nettoyant-purifiant-200ml-fiderma\/#primaryimage\"},\"image\":{\"@id\":\"https:\/\/pharmadreams.shop\/index.php\/product\/gel-nettoyant-purifiant-200ml-fiderma\/#primaryimage\"},\"thumbnailUrl\":\"https:\/\/pharmadreams.shop\/wp-content\/uploads\/2023\/12\/Gel-nettoyant-200ml-fiderma-soin-visage.jpg\",\"datePublished\":\"2023-12-19T18:36:50+00:00\",\"dateModified\":\"2024-10-31T12:01:11+00:00\",\"breadcrumb\":{\"@id\":\"https:\/\/pharmadreams.shop\/index.php\/product\/gel-nettoyant-purifiant-200ml-fiderma\/#breadcrumb\"},\"inLanguage\":\"fr-FR\",\"potentialAction\":[{\"@type\":\"ReadAction\",\"target\":[\"https:\/\/pharmadreams.shop\/index.php\/product\/gel-nettoyant-purifiant-200ml-fiderma\/\"]}]},{\"@type\":\"ImageObject\",\"inLanguage\":\"fr-FR\",\"@id\":\"https:\/\/pharmadreams.shop\/index.php\/product\/gel-nettoyant-purifiant-200ml-fiderma\/#primaryimage\",\"url\":\"https:\/\/pharmadreams.shop\/wp-content\/uploads\/2023\/12\/Gel-nettoyant-200ml-fiderma-soin-visage.jpg\",\"contentUrl\":\"https:\/\/pharmadreams.shop\/wp-content\/uploads\/2023\/12\/Gel-nettoyant-200ml-fiderma-soin-visage.jpg\",\"width\":300,\"height\":300},{\"@type\":\"BreadcrumbList\",\"@id\":\"https:\/\/pharmadreams.shop\/index.php\/product\/gel-nettoyant-purifiant-200ml-fiderma\/#breadcrumb\",\"itemListElement\":[{\"@type\":\"ListItem\",\"position\":1,\"name\":\"Accueil\",\"item\":\"https:\/\/pharmadreams.shop\/\"},{\"@type\":\"ListItem\",\"position\":2,\"name\":\"Shop\",\"item\":\"https:\/\/pharmadreams.shop\/index.php\/shop\/\"},{\"@type\":\"ListItem\",\"position\":3,\"name\":\"Gel nettoyant purifiant &#8211; 200ml &#8211; Fiderma\"}]},{\"@type\":\"WebSite\",\"@id\":\"https:\/\/pharmadreams.shop\/#website\",\"url\":\"https:\/\/pharmadreams.shop\/\",\"name\":\"pharmadreams\",\"description\":\"Parapharmacie en ligne\",\"potentialAction\":[{\"@type\":\"SearchAction\",\"target\":{\"@type\":\"EntryPoint\",\"urlTemplate\":\"https:\/\/pharmadreams.shop\/?s={search_term_string}\"},\"query-input\":\"required name=search_term_string\"}],\"inLanguage\":\"fr-FR\"}]}<\/script>\n<!-- \/ Yoast SEO plugin. -->","yoast_head_json":{"title":"Gel nettoyant purifiant - 200ml - Fiderma - pharmadreams","robots":{"index":"index","follow":"follow","max-snippet":"max-snippet:-1","max-image-preview":"max-image-preview:large","max-video-preview":"max-video-preview:-1"},"canonical":"https:\/\/pharmadreams.shop\/index.php\/product\/gel-nettoyant-purifiant-200ml-fiderma\/","og_locale":"fr_FR","og_type":"article","og_title":"Gel nettoyant purifiant - 200ml - Fiderma - pharmadreams","og_description":"FIDERMA Gel nettoyant purifiant est un gel moussant doux qui a \u00e9t\u00e9 con\u00e7u pour nettoyer en douceur les peaux grasse \u00e0 imperfections.Sa formule purifie d\u00e9licatement, r\u00e9gule la s\u00e9cr\u00e9tion de s\u00e9bum et respect le ph de la peau. Purifi\u00e9e et propre, la peau est prete \u00e0 recevoir les traitements dermatologiques.","og_url":"https:\/\/pharmadreams.shop\/index.php\/product\/gel-nettoyant-purifiant-200ml-fiderma\/","og_site_name":"pharmadreams","article_modified_time":"2024-10-31T12:01:11+00:00","og_image":[{"width":300,"height":300,"url":"https:\/\/pharmadreams.shop\/wp-content\/uploads\/2023\/12\/Gel-nettoyant-200ml-fiderma-soin-visage.jpg","type":"image\/jpeg"}],"twitter_card":"summary_large_image","schema":{"@context":"https:\/\/schema.org","@graph":[{"@type":"WebPage","@id":"https:\/\/pharmadreams.shop\/index.php\/product\/gel-nettoyant-purifiant-200ml-fiderma\/","url":"https:\/\/pharmadreams.shop\/index.php\/product\/gel-nettoyant-purifiant-200ml-fiderma\/","name":"Gel nettoyant purifiant - 200ml - Fiderma - pharmadreams","isPartOf":{"@id":"https:\/\/pharmadreams.shop\/#website"},"primaryImageOfPage":{"@id":"https:\/\/pharmadreams.shop\/index.php\/product\/gel-nettoyant-purifiant-200ml-fiderma\/#primaryimage"},"image":{"@id":"https:\/\/pharmadreams.shop\/index.php\/product\/gel-nettoyant-purifiant-200ml-fiderma\/#primaryimage"},"thumbnailUrl":"https:\/\/pharmadreams.shop\/wp-content\/uploads\/2023\/12\/Gel-nettoyant-200ml-fiderma-soin-visage.jpg","datePublished":"2023-12-19T18:36:50+00:00","dateModified":"2024-10-31T12:01:11+00:00","breadcrumb":{"@id":"https:\/\/pharmadreams.shop\/index.php\/product\/gel-nettoyant-purifiant-200ml-fiderma\/#breadcrumb"},"inLanguage":"fr-FR","potentialAction":[{"@type":"ReadAction","target":["https:\/\/pharmadreams.shop\/index.php\/product\/gel-nettoyant-purifiant-200ml-fiderma\/"]}]},{"@type":"ImageObject","inLanguage":"fr-FR","@id":"https:\/\/pharmadreams.shop\/index.php\/product\/gel-nettoyant-purifiant-200ml-fiderma\/#primaryimage","url":"https:\/\/pharmadreams.shop\/wp-content\/uploads\/2023\/12\/Gel-nettoyant-200ml-fiderma-soin-visage.jpg","contentUrl":"https:\/\/pharmadreams.shop\/wp-content\/uploads\/2023\/12\/Gel-nettoyant-200ml-fiderma-soin-visage.jpg","width":300,"height":300},{"@type":"BreadcrumbList","@id":"https:\/\/pharmadreams.shop\/index.php\/product\/gel-nettoyant-purifiant-200ml-fiderma\/#breadcrumb","itemListElement":[{"@type":"ListItem","position":1,"name":"Accueil","item":"https:\/\/pharmadreams.shop\/"},{"@type":"ListItem","position":2,"name":"Shop","item":"https:\/\/pharmadreams.shop\/index.php\/shop\/"},{"@type":"ListItem","position":3,"name":"Gel nettoyant purifiant &#8211; 200ml &#8211; Fiderma"}]},{"@type":"WebSite","@id":"https:\/\/pharmadreams.shop\/#website","url":"https:\/\/pharmadreams.shop\/","name":"pharmadreams","description":"Parapharmacie en ligne","potentialAction":[{"@type":"SearchAction","target":{"@type":"EntryPoint","urlTemplate":"https:\/\/pharmadreams.shop\/?s={search_term_string}"},"query-input":"required name=search_term_string"}],"inLanguage":"fr-FR"}]}},"_links":{"self":[{"href":"https:\/\/pharmadreams.shop\/index.php\/wp-json\/wp\/v2\/product\/16650","targetHints":{"allow":["GET"]}}],"collection":[{"href":"https:\/\/pharmadreams.shop\/index.php\/wp-json\/wp\/v2\/product"}],"about":[{"href":"https:\/\/pharmadreams.shop\/index.php\/wp-json\/wp\/v2\/types\/product"}],"replies":[{"embeddable":true,"href":"https:\/\/pharmadreams.shop\/index.php\/wp-json\/wp\/v2\/comments?post=16650"}],"version-history":[{"count":0,"href":"https:\/\/pharmadreams.shop\/index.php\/wp-json\/wp\/v2\/product\/16650\/revisions"}],"wp:featuredmedia":[{"embeddable":true,"href":"https:\/\/pharmadreams.shop\/index.php\/wp-json\/wp\/v2\/media\/16715"}],"wp:attachment":[{"href":"https:\/\/pharmadreams.shop\/index.php\/wp-json\/wp\/v2\/media?parent=16650"}],"wp:term":[{"taxonomy":"product_brand","embeddable":true,"href":"https:\/\/pharmadreams.shop\/index.php\/wp-json\/wp\/v2\/product_brand?post=16650"},{"taxonomy":"product_cat","embeddable":true,"href":"https:\/\/pharmadreams.shop\/index.php\/wp-json\/wp\/v2\/product_cat?post=16650"},{"taxonomy":"product_tag","embeddable":true,"href":"https:\/\/pharmadreams.shop\/index.php\/wp-json\/wp\/v2\/product_tag?post=16650"}],"curies":[{"name":"wp","href":"https:\/\/api.w.org\/{rel}","templated":true}]}}