{"id":16652,"date":"2023-12-19T19:36:50","date_gmt":"2023-12-19T18:36:50","guid":{"rendered":"https:\/\/venuspara.com\/?post_type=product&#038;p=16652"},"modified":"2023-12-19T19:37:29","modified_gmt":"2023-12-19T18:37:29","slug":"cleansing-clay-paste-150ml-lirene","status":"publish","type":"product","link":"https:\/\/pharmadreams.shop\/index.php\/product\/cleansing-clay-paste-150ml-lirene\/","title":{"rendered":"Cleansing clay paste &#8211; 150ml &#8211; Lirene"},"content":{"rendered":"","protected":false},"excerpt":{"rendered":"<p><strong>Cleansing caly paste<\/strong> de la parque Lirene est destin\u00e9 au soin quotidien de <strong>tous les types de peau<\/strong>. Il contient des ingr\u00e9dients actifs sp\u00e9cialement s\u00e9lectionn\u00e9s tels que l&rsquo;argile blanche, l&rsquo;extrait de mambo, la menthe et l&rsquo;orange. Le cosm\u00e9tique exfolie en douceur les peaux mortes, d\u00e9bloque et r\u00e9tr\u00e9cit les pores, et \u00e9limine l&rsquo;exc\u00e8s de s\u00e9bum et les impuret\u00e9s. De plus, il hydrate, lisse et raffermit la peau en profondeur. le produit apaise les irritations et illumine, rafra\u00eechit et dynamise le teint.<\/p>\n","protected":false},"featured_media":16719,"comment_status":"open","ping_status":"closed","template":"","meta":[],"product_brand":[],"product_cat":[167,95,80,20],"product_tag":[168,176,177,179],"class_list":{"0":"post-16652","1":"product","2":"type-product","3":"status-publish","4":"has-post-thumbnail","6":"product_cat-cosmetique","7":"product_cat-skin-care","8":"product_cat-soins","9":"product_cat-visage","10":"product_tag-cosmetique","11":"product_tag-skin-care","12":"product_tag-soins","13":"product_tag-visage","15":"first","16":"instock","17":"shipping-taxable","18":"purchasable","19":"product-type-simple"},"yoast_head":"<!-- This site is optimized with the Yoast SEO plugin v23.0 - https:\/\/yoast.com\/wordpress\/plugins\/seo\/ -->\n<title>Cleansing clay paste - 150ml - Lirene - pharmadreams<\/title>\n<meta name=\"robots\" content=\"index, follow, max-snippet:-1, max-image-preview:large, max-video-preview:-1\" \/>\n<link rel=\"canonical\" href=\"https:\/\/pharmadreams.shop\/index.php\/product\/cleansing-clay-paste-150ml-lirene\/\" \/>\n<meta property=\"og:locale\" content=\"fr_FR\" \/>\n<meta property=\"og:type\" content=\"article\" \/>\n<meta property=\"og:title\" content=\"Cleansing clay paste - 150ml - Lirene - pharmadreams\" \/>\n<meta property=\"og:description\" content=\"Cleansing caly paste de la parque Lirene est destin\u00e9 au soin quotidien de tous les types de peau. Il contient des ingr\u00e9dients actifs sp\u00e9cialement s\u00e9lectionn\u00e9s tels que l&#039;argile blanche, l&#039;extrait de mambo, la menthe et l&#039;orange. Le cosm\u00e9tique exfolie en douceur les peaux mortes, d\u00e9bloque et r\u00e9tr\u00e9cit les pores, et \u00e9limine l&#039;exc\u00e8s de s\u00e9bum et les impuret\u00e9s. De plus, il hydrate, lisse et raffermit la peau en profondeur. le produit apaise les irritations et illumine, rafra\u00eechit et dynamise le teint.\" \/>\n<meta property=\"og:url\" content=\"https:\/\/pharmadreams.shop\/index.php\/product\/cleansing-clay-paste-150ml-lirene\/\" \/>\n<meta property=\"og:site_name\" content=\"pharmadreams\" \/>\n<meta property=\"article:modified_time\" content=\"2023-12-19T18:37:29+00:00\" \/>\n<meta property=\"og:image\" content=\"https:\/\/pharmadreams.shop\/wp-content\/uploads\/2023\/12\/gel-nettoyant-visage-a-base-d-argile-blanche-lirene-150ml.jpg\" \/>\n\t<meta property=\"og:image:width\" content=\"800\" \/>\n\t<meta property=\"og:image:height\" content=\"800\" \/>\n\t<meta property=\"og:image:type\" content=\"image\/jpeg\" \/>\n<meta name=\"twitter:card\" content=\"summary_large_image\" \/>\n<script type=\"application\/ld+json\" class=\"yoast-schema-graph\">{\"@context\":\"https:\/\/schema.org\",\"@graph\":[{\"@type\":\"WebPage\",\"@id\":\"https:\/\/pharmadreams.shop\/index.php\/product\/cleansing-clay-paste-150ml-lirene\/\",\"url\":\"https:\/\/pharmadreams.shop\/index.php\/product\/cleansing-clay-paste-150ml-lirene\/\",\"name\":\"Cleansing clay paste - 150ml - Lirene - pharmadreams\",\"isPartOf\":{\"@id\":\"https:\/\/pharmadreams.shop\/#website\"},\"primaryImageOfPage\":{\"@id\":\"https:\/\/pharmadreams.shop\/index.php\/product\/cleansing-clay-paste-150ml-lirene\/#primaryimage\"},\"image\":{\"@id\":\"https:\/\/pharmadreams.shop\/index.php\/product\/cleansing-clay-paste-150ml-lirene\/#primaryimage\"},\"thumbnailUrl\":\"https:\/\/pharmadreams.shop\/wp-content\/uploads\/2023\/12\/gel-nettoyant-visage-a-base-d-argile-blanche-lirene-150ml.jpg\",\"datePublished\":\"2023-12-19T18:36:50+00:00\",\"dateModified\":\"2023-12-19T18:37:29+00:00\",\"breadcrumb\":{\"@id\":\"https:\/\/pharmadreams.shop\/index.php\/product\/cleansing-clay-paste-150ml-lirene\/#breadcrumb\"},\"inLanguage\":\"fr-FR\",\"potentialAction\":[{\"@type\":\"ReadAction\",\"target\":[\"https:\/\/pharmadreams.shop\/index.php\/product\/cleansing-clay-paste-150ml-lirene\/\"]}]},{\"@type\":\"ImageObject\",\"inLanguage\":\"fr-FR\",\"@id\":\"https:\/\/pharmadreams.shop\/index.php\/product\/cleansing-clay-paste-150ml-lirene\/#primaryimage\",\"url\":\"https:\/\/pharmadreams.shop\/wp-content\/uploads\/2023\/12\/gel-nettoyant-visage-a-base-d-argile-blanche-lirene-150ml.jpg\",\"contentUrl\":\"https:\/\/pharmadreams.shop\/wp-content\/uploads\/2023\/12\/gel-nettoyant-visage-a-base-d-argile-blanche-lirene-150ml.jpg\",\"width\":800,\"height\":800},{\"@type\":\"BreadcrumbList\",\"@id\":\"https:\/\/pharmadreams.shop\/index.php\/product\/cleansing-clay-paste-150ml-lirene\/#breadcrumb\",\"itemListElement\":[{\"@type\":\"ListItem\",\"position\":1,\"name\":\"Accueil\",\"item\":\"https:\/\/pharmadreams.shop\/\"},{\"@type\":\"ListItem\",\"position\":2,\"name\":\"Shop\",\"item\":\"https:\/\/pharmadreams.shop\/index.php\/shop\/\"},{\"@type\":\"ListItem\",\"position\":3,\"name\":\"Cleansing clay paste &#8211; 150ml &#8211; Lirene\"}]},{\"@type\":\"WebSite\",\"@id\":\"https:\/\/pharmadreams.shop\/#website\",\"url\":\"https:\/\/pharmadreams.shop\/\",\"name\":\"pharmadreams\",\"description\":\"Parapharmacie en ligne\",\"potentialAction\":[{\"@type\":\"SearchAction\",\"target\":{\"@type\":\"EntryPoint\",\"urlTemplate\":\"https:\/\/pharmadreams.shop\/?s={search_term_string}\"},\"query-input\":\"required name=search_term_string\"}],\"inLanguage\":\"fr-FR\"}]}<\/script>\n<!-- \/ Yoast SEO plugin. -->","yoast_head_json":{"title":"Cleansing clay paste - 150ml - Lirene - pharmadreams","robots":{"index":"index","follow":"follow","max-snippet":"max-snippet:-1","max-image-preview":"max-image-preview:large","max-video-preview":"max-video-preview:-1"},"canonical":"https:\/\/pharmadreams.shop\/index.php\/product\/cleansing-clay-paste-150ml-lirene\/","og_locale":"fr_FR","og_type":"article","og_title":"Cleansing clay paste - 150ml - Lirene - pharmadreams","og_description":"Cleansing caly paste de la parque Lirene est destin\u00e9 au soin quotidien de tous les types de peau. Il contient des ingr\u00e9dients actifs sp\u00e9cialement s\u00e9lectionn\u00e9s tels que l'argile blanche, l'extrait de mambo, la menthe et l'orange. Le cosm\u00e9tique exfolie en douceur les peaux mortes, d\u00e9bloque et r\u00e9tr\u00e9cit les pores, et \u00e9limine l'exc\u00e8s de s\u00e9bum et les impuret\u00e9s. De plus, il hydrate, lisse et raffermit la peau en profondeur. le produit apaise les irritations et illumine, rafra\u00eechit et dynamise le teint.","og_url":"https:\/\/pharmadreams.shop\/index.php\/product\/cleansing-clay-paste-150ml-lirene\/","og_site_name":"pharmadreams","article_modified_time":"2023-12-19T18:37:29+00:00","og_image":[{"width":800,"height":800,"url":"https:\/\/pharmadreams.shop\/wp-content\/uploads\/2023\/12\/gel-nettoyant-visage-a-base-d-argile-blanche-lirene-150ml.jpg","type":"image\/jpeg"}],"twitter_card":"summary_large_image","schema":{"@context":"https:\/\/schema.org","@graph":[{"@type":"WebPage","@id":"https:\/\/pharmadreams.shop\/index.php\/product\/cleansing-clay-paste-150ml-lirene\/","url":"https:\/\/pharmadreams.shop\/index.php\/product\/cleansing-clay-paste-150ml-lirene\/","name":"Cleansing clay paste - 150ml - Lirene - pharmadreams","isPartOf":{"@id":"https:\/\/pharmadreams.shop\/#website"},"primaryImageOfPage":{"@id":"https:\/\/pharmadreams.shop\/index.php\/product\/cleansing-clay-paste-150ml-lirene\/#primaryimage"},"image":{"@id":"https:\/\/pharmadreams.shop\/index.php\/product\/cleansing-clay-paste-150ml-lirene\/#primaryimage"},"thumbnailUrl":"https:\/\/pharmadreams.shop\/wp-content\/uploads\/2023\/12\/gel-nettoyant-visage-a-base-d-argile-blanche-lirene-150ml.jpg","datePublished":"2023-12-19T18:36:50+00:00","dateModified":"2023-12-19T18:37:29+00:00","breadcrumb":{"@id":"https:\/\/pharmadreams.shop\/index.php\/product\/cleansing-clay-paste-150ml-lirene\/#breadcrumb"},"inLanguage":"fr-FR","potentialAction":[{"@type":"ReadAction","target":["https:\/\/pharmadreams.shop\/index.php\/product\/cleansing-clay-paste-150ml-lirene\/"]}]},{"@type":"ImageObject","inLanguage":"fr-FR","@id":"https:\/\/pharmadreams.shop\/index.php\/product\/cleansing-clay-paste-150ml-lirene\/#primaryimage","url":"https:\/\/pharmadreams.shop\/wp-content\/uploads\/2023\/12\/gel-nettoyant-visage-a-base-d-argile-blanche-lirene-150ml.jpg","contentUrl":"https:\/\/pharmadreams.shop\/wp-content\/uploads\/2023\/12\/gel-nettoyant-visage-a-base-d-argile-blanche-lirene-150ml.jpg","width":800,"height":800},{"@type":"BreadcrumbList","@id":"https:\/\/pharmadreams.shop\/index.php\/product\/cleansing-clay-paste-150ml-lirene\/#breadcrumb","itemListElement":[{"@type":"ListItem","position":1,"name":"Accueil","item":"https:\/\/pharmadreams.shop\/"},{"@type":"ListItem","position":2,"name":"Shop","item":"https:\/\/pharmadreams.shop\/index.php\/shop\/"},{"@type":"ListItem","position":3,"name":"Cleansing clay paste &#8211; 150ml &#8211; Lirene"}]},{"@type":"WebSite","@id":"https:\/\/pharmadreams.shop\/#website","url":"https:\/\/pharmadreams.shop\/","name":"pharmadreams","description":"Parapharmacie en ligne","potentialAction":[{"@type":"SearchAction","target":{"@type":"EntryPoint","urlTemplate":"https:\/\/pharmadreams.shop\/?s={search_term_string}"},"query-input":"required name=search_term_string"}],"inLanguage":"fr-FR"}]}},"_links":{"self":[{"href":"https:\/\/pharmadreams.shop\/index.php\/wp-json\/wp\/v2\/product\/16652","targetHints":{"allow":["GET"]}}],"collection":[{"href":"https:\/\/pharmadreams.shop\/index.php\/wp-json\/wp\/v2\/product"}],"about":[{"href":"https:\/\/pharmadreams.shop\/index.php\/wp-json\/wp\/v2\/types\/product"}],"replies":[{"embeddable":true,"href":"https:\/\/pharmadreams.shop\/index.php\/wp-json\/wp\/v2\/comments?post=16652"}],"version-history":[{"count":0,"href":"https:\/\/pharmadreams.shop\/index.php\/wp-json\/wp\/v2\/product\/16652\/revisions"}],"wp:featuredmedia":[{"embeddable":true,"href":"https:\/\/pharmadreams.shop\/index.php\/wp-json\/wp\/v2\/media\/16719"}],"wp:attachment":[{"href":"https:\/\/pharmadreams.shop\/index.php\/wp-json\/wp\/v2\/media?parent=16652"}],"wp:term":[{"taxonomy":"product_brand","embeddable":true,"href":"https:\/\/pharmadreams.shop\/index.php\/wp-json\/wp\/v2\/product_brand?post=16652"},{"taxonomy":"product_cat","embeddable":true,"href":"https:\/\/pharmadreams.shop\/index.php\/wp-json\/wp\/v2\/product_cat?post=16652"},{"taxonomy":"product_tag","embeddable":true,"href":"https:\/\/pharmadreams.shop\/index.php\/wp-json\/wp\/v2\/product_tag?post=16652"}],"curies":[{"name":"wp","href":"https:\/\/api.w.org\/{rel}","templated":true}]}}