{"id":16653,"date":"2023-12-19T19:36:50","date_gmt":"2023-12-19T18:36:50","guid":{"rendered":"https:\/\/venuspara.com\/?post_type=product&#038;p=16653"},"modified":"2023-12-19T19:37:30","modified_gmt":"2023-12-19T18:37:30","slug":"moisturizing-wash-gel-150ml-lirene","status":"publish","type":"product","link":"https:\/\/pharmadreams.shop\/index.php\/product\/moisturizing-wash-gel-150ml-lirene\/","title":{"rendered":"Moisturizing wash gel &#8211; 150ml &#8211; Lirene"},"content":{"rendered":"","protected":false},"excerpt":{"rendered":"<p><strong>Moisturizing wash gel<\/strong> est un gel hydratant au cassis <strong>nettoie efficacement la peau du visage<\/strong> du maquillage et des impuret\u00e9s.<br \/>\nL&rsquo;huile de cassis hydrate parfaitement et intens\u00e9ment la peau, la laissant fra\u00eeche.<br \/>\nLes principes actifs naturels rendent le soin agr\u00e9able, et les effets d&rsquo;utilisation sont visibles d\u00e8s la premi\u00e8re utilisation.<br \/>\n<strong>Convient \u00e0 tous les types de peau.<\/strong><\/p>\n","protected":false},"featured_media":16721,"comment_status":"open","ping_status":"closed","template":"","meta":[],"product_brand":[],"product_cat":[167,96,98,95,80,81,20],"product_tag":[168,174,182,170,183,176,177,184,179],"class_list":{"0":"post-16653","1":"product","2":"type-product","3":"status-publish","4":"has-post-thumbnail","6":"product_cat-cosmetique","7":"product_cat-gel-nottoyant","8":"product_cat-hydratation","9":"product_cat-skin-care","10":"product_cat-soins","11":"product_cat-soins-hydratants","12":"product_cat-visage","13":"product_tag-cosmetique","14":"product_tag-gel-nettoyant","15":"product_tag-hydratation","16":"product_tag-lirene","17":"product_tag-moisturizing-wash-gel","18":"product_tag-skin-care","19":"product_tag-soins","20":"product_tag-soins-hydratant","21":"product_tag-visage","23":"first","24":"instock","25":"shipping-taxable","26":"purchasable","27":"product-type-simple"},"yoast_head":"<!-- This site is optimized with the Yoast SEO plugin v23.0 - https:\/\/yoast.com\/wordpress\/plugins\/seo\/ -->\n<title>Moisturizing wash gel - 150ml - Lirene - pharmadreams<\/title>\n<meta name=\"robots\" content=\"index, follow, max-snippet:-1, max-image-preview:large, max-video-preview:-1\" \/>\n<link rel=\"canonical\" href=\"https:\/\/pharmadreams.shop\/index.php\/product\/moisturizing-wash-gel-150ml-lirene\/\" \/>\n<meta property=\"og:locale\" content=\"fr_FR\" \/>\n<meta property=\"og:type\" content=\"article\" \/>\n<meta property=\"og:title\" content=\"Moisturizing wash gel - 150ml - Lirene - pharmadreams\" \/>\n<meta property=\"og:description\" content=\"Moisturizing wash gel est un gel hydratant au cassis nettoie efficacement la peau du visage du maquillage et des impuret\u00e9s. L&#039;huile de cassis hydrate parfaitement et intens\u00e9ment la peau, la laissant fra\u00eeche. Les principes actifs naturels rendent le soin agr\u00e9able, et les effets d&#039;utilisation sont visibles d\u00e8s la premi\u00e8re utilisation. Convient \u00e0 tous les types de peau.\" \/>\n<meta property=\"og:url\" content=\"https:\/\/pharmadreams.shop\/index.php\/product\/moisturizing-wash-gel-150ml-lirene\/\" \/>\n<meta property=\"og:site_name\" content=\"pharmadreams\" \/>\n<meta property=\"article:modified_time\" content=\"2023-12-19T18:37:30+00:00\" \/>\n<meta property=\"og:image\" content=\"https:\/\/pharmadreams.shop\/wp-content\/uploads\/2023\/12\/Moisturizing-wash-gel-150ml-lirene-nettoyant.jpg\" \/>\n\t<meta property=\"og:image:width\" content=\"480\" \/>\n\t<meta property=\"og:image:height\" content=\"480\" \/>\n\t<meta property=\"og:image:type\" content=\"image\/jpeg\" \/>\n<meta name=\"twitter:card\" content=\"summary_large_image\" \/>\n<script type=\"application\/ld+json\" class=\"yoast-schema-graph\">{\"@context\":\"https:\/\/schema.org\",\"@graph\":[{\"@type\":\"WebPage\",\"@id\":\"https:\/\/pharmadreams.shop\/index.php\/product\/moisturizing-wash-gel-150ml-lirene\/\",\"url\":\"https:\/\/pharmadreams.shop\/index.php\/product\/moisturizing-wash-gel-150ml-lirene\/\",\"name\":\"Moisturizing wash gel - 150ml - Lirene - pharmadreams\",\"isPartOf\":{\"@id\":\"https:\/\/pharmadreams.shop\/#website\"},\"primaryImageOfPage\":{\"@id\":\"https:\/\/pharmadreams.shop\/index.php\/product\/moisturizing-wash-gel-150ml-lirene\/#primaryimage\"},\"image\":{\"@id\":\"https:\/\/pharmadreams.shop\/index.php\/product\/moisturizing-wash-gel-150ml-lirene\/#primaryimage\"},\"thumbnailUrl\":\"https:\/\/pharmadreams.shop\/wp-content\/uploads\/2023\/12\/Moisturizing-wash-gel-150ml-lirene-nettoyant.jpg\",\"datePublished\":\"2023-12-19T18:36:50+00:00\",\"dateModified\":\"2023-12-19T18:37:30+00:00\",\"breadcrumb\":{\"@id\":\"https:\/\/pharmadreams.shop\/index.php\/product\/moisturizing-wash-gel-150ml-lirene\/#breadcrumb\"},\"inLanguage\":\"fr-FR\",\"potentialAction\":[{\"@type\":\"ReadAction\",\"target\":[\"https:\/\/pharmadreams.shop\/index.php\/product\/moisturizing-wash-gel-150ml-lirene\/\"]}]},{\"@type\":\"ImageObject\",\"inLanguage\":\"fr-FR\",\"@id\":\"https:\/\/pharmadreams.shop\/index.php\/product\/moisturizing-wash-gel-150ml-lirene\/#primaryimage\",\"url\":\"https:\/\/pharmadreams.shop\/wp-content\/uploads\/2023\/12\/Moisturizing-wash-gel-150ml-lirene-nettoyant.jpg\",\"contentUrl\":\"https:\/\/pharmadreams.shop\/wp-content\/uploads\/2023\/12\/Moisturizing-wash-gel-150ml-lirene-nettoyant.jpg\",\"width\":480,\"height\":480},{\"@type\":\"BreadcrumbList\",\"@id\":\"https:\/\/pharmadreams.shop\/index.php\/product\/moisturizing-wash-gel-150ml-lirene\/#breadcrumb\",\"itemListElement\":[{\"@type\":\"ListItem\",\"position\":1,\"name\":\"Accueil\",\"item\":\"https:\/\/pharmadreams.shop\/\"},{\"@type\":\"ListItem\",\"position\":2,\"name\":\"Shop\",\"item\":\"https:\/\/pharmadreams.shop\/index.php\/shop\/\"},{\"@type\":\"ListItem\",\"position\":3,\"name\":\"Moisturizing wash gel &#8211; 150ml &#8211; Lirene\"}]},{\"@type\":\"WebSite\",\"@id\":\"https:\/\/pharmadreams.shop\/#website\",\"url\":\"https:\/\/pharmadreams.shop\/\",\"name\":\"pharmadreams\",\"description\":\"Parapharmacie en ligne\",\"potentialAction\":[{\"@type\":\"SearchAction\",\"target\":{\"@type\":\"EntryPoint\",\"urlTemplate\":\"https:\/\/pharmadreams.shop\/?s={search_term_string}\"},\"query-input\":\"required name=search_term_string\"}],\"inLanguage\":\"fr-FR\"}]}<\/script>\n<!-- \/ Yoast SEO plugin. -->","yoast_head_json":{"title":"Moisturizing wash gel - 150ml - Lirene - pharmadreams","robots":{"index":"index","follow":"follow","max-snippet":"max-snippet:-1","max-image-preview":"max-image-preview:large","max-video-preview":"max-video-preview:-1"},"canonical":"https:\/\/pharmadreams.shop\/index.php\/product\/moisturizing-wash-gel-150ml-lirene\/","og_locale":"fr_FR","og_type":"article","og_title":"Moisturizing wash gel - 150ml - Lirene - pharmadreams","og_description":"Moisturizing wash gel est un gel hydratant au cassis nettoie efficacement la peau du visage du maquillage et des impuret\u00e9s. L'huile de cassis hydrate parfaitement et intens\u00e9ment la peau, la laissant fra\u00eeche. Les principes actifs naturels rendent le soin agr\u00e9able, et les effets d'utilisation sont visibles d\u00e8s la premi\u00e8re utilisation. Convient \u00e0 tous les types de peau.","og_url":"https:\/\/pharmadreams.shop\/index.php\/product\/moisturizing-wash-gel-150ml-lirene\/","og_site_name":"pharmadreams","article_modified_time":"2023-12-19T18:37:30+00:00","og_image":[{"width":480,"height":480,"url":"https:\/\/pharmadreams.shop\/wp-content\/uploads\/2023\/12\/Moisturizing-wash-gel-150ml-lirene-nettoyant.jpg","type":"image\/jpeg"}],"twitter_card":"summary_large_image","schema":{"@context":"https:\/\/schema.org","@graph":[{"@type":"WebPage","@id":"https:\/\/pharmadreams.shop\/index.php\/product\/moisturizing-wash-gel-150ml-lirene\/","url":"https:\/\/pharmadreams.shop\/index.php\/product\/moisturizing-wash-gel-150ml-lirene\/","name":"Moisturizing wash gel - 150ml - Lirene - pharmadreams","isPartOf":{"@id":"https:\/\/pharmadreams.shop\/#website"},"primaryImageOfPage":{"@id":"https:\/\/pharmadreams.shop\/index.php\/product\/moisturizing-wash-gel-150ml-lirene\/#primaryimage"},"image":{"@id":"https:\/\/pharmadreams.shop\/index.php\/product\/moisturizing-wash-gel-150ml-lirene\/#primaryimage"},"thumbnailUrl":"https:\/\/pharmadreams.shop\/wp-content\/uploads\/2023\/12\/Moisturizing-wash-gel-150ml-lirene-nettoyant.jpg","datePublished":"2023-12-19T18:36:50+00:00","dateModified":"2023-12-19T18:37:30+00:00","breadcrumb":{"@id":"https:\/\/pharmadreams.shop\/index.php\/product\/moisturizing-wash-gel-150ml-lirene\/#breadcrumb"},"inLanguage":"fr-FR","potentialAction":[{"@type":"ReadAction","target":["https:\/\/pharmadreams.shop\/index.php\/product\/moisturizing-wash-gel-150ml-lirene\/"]}]},{"@type":"ImageObject","inLanguage":"fr-FR","@id":"https:\/\/pharmadreams.shop\/index.php\/product\/moisturizing-wash-gel-150ml-lirene\/#primaryimage","url":"https:\/\/pharmadreams.shop\/wp-content\/uploads\/2023\/12\/Moisturizing-wash-gel-150ml-lirene-nettoyant.jpg","contentUrl":"https:\/\/pharmadreams.shop\/wp-content\/uploads\/2023\/12\/Moisturizing-wash-gel-150ml-lirene-nettoyant.jpg","width":480,"height":480},{"@type":"BreadcrumbList","@id":"https:\/\/pharmadreams.shop\/index.php\/product\/moisturizing-wash-gel-150ml-lirene\/#breadcrumb","itemListElement":[{"@type":"ListItem","position":1,"name":"Accueil","item":"https:\/\/pharmadreams.shop\/"},{"@type":"ListItem","position":2,"name":"Shop","item":"https:\/\/pharmadreams.shop\/index.php\/shop\/"},{"@type":"ListItem","position":3,"name":"Moisturizing wash gel &#8211; 150ml &#8211; Lirene"}]},{"@type":"WebSite","@id":"https:\/\/pharmadreams.shop\/#website","url":"https:\/\/pharmadreams.shop\/","name":"pharmadreams","description":"Parapharmacie en ligne","potentialAction":[{"@type":"SearchAction","target":{"@type":"EntryPoint","urlTemplate":"https:\/\/pharmadreams.shop\/?s={search_term_string}"},"query-input":"required name=search_term_string"}],"inLanguage":"fr-FR"}]}},"_links":{"self":[{"href":"https:\/\/pharmadreams.shop\/index.php\/wp-json\/wp\/v2\/product\/16653","targetHints":{"allow":["GET"]}}],"collection":[{"href":"https:\/\/pharmadreams.shop\/index.php\/wp-json\/wp\/v2\/product"}],"about":[{"href":"https:\/\/pharmadreams.shop\/index.php\/wp-json\/wp\/v2\/types\/product"}],"replies":[{"embeddable":true,"href":"https:\/\/pharmadreams.shop\/index.php\/wp-json\/wp\/v2\/comments?post=16653"}],"version-history":[{"count":0,"href":"https:\/\/pharmadreams.shop\/index.php\/wp-json\/wp\/v2\/product\/16653\/revisions"}],"wp:featuredmedia":[{"embeddable":true,"href":"https:\/\/pharmadreams.shop\/index.php\/wp-json\/wp\/v2\/media\/16721"}],"wp:attachment":[{"href":"https:\/\/pharmadreams.shop\/index.php\/wp-json\/wp\/v2\/media?parent=16653"}],"wp:term":[{"taxonomy":"product_brand","embeddable":true,"href":"https:\/\/pharmadreams.shop\/index.php\/wp-json\/wp\/v2\/product_brand?post=16653"},{"taxonomy":"product_cat","embeddable":true,"href":"https:\/\/pharmadreams.shop\/index.php\/wp-json\/wp\/v2\/product_cat?post=16653"},{"taxonomy":"product_tag","embeddable":true,"href":"https:\/\/pharmadreams.shop\/index.php\/wp-json\/wp\/v2\/product_tag?post=16653"}],"curies":[{"name":"wp","href":"https:\/\/api.w.org\/{rel}","templated":true}]}}