{"id":16654,"date":"2023-12-19T19:36:51","date_gmt":"2023-12-19T18:36:51","guid":{"rendered":"https:\/\/venuspara.com\/?post_type=product&#038;p=16654"},"modified":"2023-12-19T19:37:32","modified_gmt":"2023-12-19T18:37:32","slug":"lait-de-corps-parfume-500ml-iap-pharma","status":"publish","type":"product","link":"https:\/\/pharmadreams.shop\/index.php\/product\/lait-de-corps-parfume-500ml-iap-pharma\/","title":{"rendered":"Lait de corps parfum\u00e9 &#8211; 500ml &#8211; IAP Pharma"},"content":{"rendered":"","protected":false},"excerpt":{"rendered":"<p>Lait de corps parfum\u00e9 de la marque IAP Pharma, Lotion \u00e0 la texture l\u00e9g\u00e8re qui parfume d\u00e9licatement la peau et procure une sensation de fra\u00eecheur et d&rsquo;hydratation. Enrichi en huiles v\u00e9g\u00e9tales et vitamines qui nourrissent et hydratent la peau.<\/p>\n","protected":false},"featured_media":16723,"comment_status":"open","ping_status":"closed","template":"","meta":[],"product_brand":[],"product_cat":[28,167,98,159,80],"product_tag":[180,168,182,185,177],"class_list":{"0":"post-16654","1":"product","2":"type-product","3":"status-publish","4":"has-post-thumbnail","6":"product_cat-corps","7":"product_cat-cosmetique","8":"product_cat-hydratation","9":"product_cat-lait-corporel","10":"product_cat-soins","11":"product_tag-corps","12":"product_tag-cosmetique","13":"product_tag-hydratation","14":"product_tag-lait-corporel","15":"product_tag-soins","17":"first","18":"instock","19":"shipping-taxable","20":"purchasable","21":"product-type-simple"},"yoast_head":"<!-- This site is optimized with the Yoast SEO plugin v23.0 - https:\/\/yoast.com\/wordpress\/plugins\/seo\/ -->\n<title>Lait de corps parfum\u00e9 - 500ml - IAP Pharma - pharmadreams<\/title>\n<meta name=\"robots\" content=\"index, follow, max-snippet:-1, max-image-preview:large, max-video-preview:-1\" \/>\n<link rel=\"canonical\" href=\"https:\/\/pharmadreams.shop\/index.php\/product\/lait-de-corps-parfume-500ml-iap-pharma\/\" \/>\n<meta property=\"og:locale\" content=\"fr_FR\" \/>\n<meta property=\"og:type\" content=\"article\" \/>\n<meta property=\"og:title\" content=\"Lait de corps parfum\u00e9 - 500ml - IAP Pharma - pharmadreams\" \/>\n<meta property=\"og:description\" content=\"Lait de corps parfum\u00e9 de la marque IAP Pharma, Lotion \u00e0 la texture l\u00e9g\u00e8re qui parfume d\u00e9licatement la peau et procure une sensation de fra\u00eecheur et d&#039;hydratation. Enrichi en huiles v\u00e9g\u00e9tales et vitamines qui nourrissent et hydratent la peau.\" \/>\n<meta property=\"og:url\" content=\"https:\/\/pharmadreams.shop\/index.php\/product\/lait-de-corps-parfume-500ml-iap-pharma\/\" \/>\n<meta property=\"og:site_name\" content=\"pharmadreams\" \/>\n<meta property=\"article:modified_time\" content=\"2023-12-19T18:37:32+00:00\" \/>\n<meta property=\"og:image\" content=\"https:\/\/pharmadreams.shop\/wp-content\/uploads\/2023\/12\/Lait-de-corps-parfume-500ml-iap-pharma-hydratant.png\" \/>\n\t<meta property=\"og:image:width\" content=\"568\" \/>\n\t<meta property=\"og:image:height\" content=\"649\" \/>\n\t<meta property=\"og:image:type\" content=\"image\/png\" \/>\n<meta name=\"twitter:card\" content=\"summary_large_image\" \/>\n<script type=\"application\/ld+json\" class=\"yoast-schema-graph\">{\"@context\":\"https:\/\/schema.org\",\"@graph\":[{\"@type\":\"WebPage\",\"@id\":\"https:\/\/pharmadreams.shop\/index.php\/product\/lait-de-corps-parfume-500ml-iap-pharma\/\",\"url\":\"https:\/\/pharmadreams.shop\/index.php\/product\/lait-de-corps-parfume-500ml-iap-pharma\/\",\"name\":\"Lait de corps parfum\u00e9 - 500ml - IAP Pharma - pharmadreams\",\"isPartOf\":{\"@id\":\"https:\/\/pharmadreams.shop\/#website\"},\"primaryImageOfPage\":{\"@id\":\"https:\/\/pharmadreams.shop\/index.php\/product\/lait-de-corps-parfume-500ml-iap-pharma\/#primaryimage\"},\"image\":{\"@id\":\"https:\/\/pharmadreams.shop\/index.php\/product\/lait-de-corps-parfume-500ml-iap-pharma\/#primaryimage\"},\"thumbnailUrl\":\"https:\/\/pharmadreams.shop\/wp-content\/uploads\/2023\/12\/Lait-de-corps-parfume-500ml-iap-pharma-hydratant.png\",\"datePublished\":\"2023-12-19T18:36:51+00:00\",\"dateModified\":\"2023-12-19T18:37:32+00:00\",\"breadcrumb\":{\"@id\":\"https:\/\/pharmadreams.shop\/index.php\/product\/lait-de-corps-parfume-500ml-iap-pharma\/#breadcrumb\"},\"inLanguage\":\"fr-FR\",\"potentialAction\":[{\"@type\":\"ReadAction\",\"target\":[\"https:\/\/pharmadreams.shop\/index.php\/product\/lait-de-corps-parfume-500ml-iap-pharma\/\"]}]},{\"@type\":\"ImageObject\",\"inLanguage\":\"fr-FR\",\"@id\":\"https:\/\/pharmadreams.shop\/index.php\/product\/lait-de-corps-parfume-500ml-iap-pharma\/#primaryimage\",\"url\":\"https:\/\/pharmadreams.shop\/wp-content\/uploads\/2023\/12\/Lait-de-corps-parfume-500ml-iap-pharma-hydratant.png\",\"contentUrl\":\"https:\/\/pharmadreams.shop\/wp-content\/uploads\/2023\/12\/Lait-de-corps-parfume-500ml-iap-pharma-hydratant.png\",\"width\":568,\"height\":649},{\"@type\":\"BreadcrumbList\",\"@id\":\"https:\/\/pharmadreams.shop\/index.php\/product\/lait-de-corps-parfume-500ml-iap-pharma\/#breadcrumb\",\"itemListElement\":[{\"@type\":\"ListItem\",\"position\":1,\"name\":\"Accueil\",\"item\":\"https:\/\/pharmadreams.shop\/\"},{\"@type\":\"ListItem\",\"position\":2,\"name\":\"Shop\",\"item\":\"https:\/\/pharmadreams.shop\/index.php\/shop\/\"},{\"@type\":\"ListItem\",\"position\":3,\"name\":\"Lait de corps parfum\u00e9 &#8211; 500ml &#8211; IAP Pharma\"}]},{\"@type\":\"WebSite\",\"@id\":\"https:\/\/pharmadreams.shop\/#website\",\"url\":\"https:\/\/pharmadreams.shop\/\",\"name\":\"pharmadreams\",\"description\":\"Parapharmacie en ligne\",\"potentialAction\":[{\"@type\":\"SearchAction\",\"target\":{\"@type\":\"EntryPoint\",\"urlTemplate\":\"https:\/\/pharmadreams.shop\/?s={search_term_string}\"},\"query-input\":\"required name=search_term_string\"}],\"inLanguage\":\"fr-FR\"}]}<\/script>\n<!-- \/ Yoast SEO plugin. -->","yoast_head_json":{"title":"Lait de corps parfum\u00e9 - 500ml - IAP Pharma - pharmadreams","robots":{"index":"index","follow":"follow","max-snippet":"max-snippet:-1","max-image-preview":"max-image-preview:large","max-video-preview":"max-video-preview:-1"},"canonical":"https:\/\/pharmadreams.shop\/index.php\/product\/lait-de-corps-parfume-500ml-iap-pharma\/","og_locale":"fr_FR","og_type":"article","og_title":"Lait de corps parfum\u00e9 - 500ml - IAP Pharma - pharmadreams","og_description":"Lait de corps parfum\u00e9 de la marque IAP Pharma, Lotion \u00e0 la texture l\u00e9g\u00e8re qui parfume d\u00e9licatement la peau et procure une sensation de fra\u00eecheur et d'hydratation. Enrichi en huiles v\u00e9g\u00e9tales et vitamines qui nourrissent et hydratent la peau.","og_url":"https:\/\/pharmadreams.shop\/index.php\/product\/lait-de-corps-parfume-500ml-iap-pharma\/","og_site_name":"pharmadreams","article_modified_time":"2023-12-19T18:37:32+00:00","og_image":[{"width":568,"height":649,"url":"https:\/\/pharmadreams.shop\/wp-content\/uploads\/2023\/12\/Lait-de-corps-parfume-500ml-iap-pharma-hydratant.png","type":"image\/png"}],"twitter_card":"summary_large_image","schema":{"@context":"https:\/\/schema.org","@graph":[{"@type":"WebPage","@id":"https:\/\/pharmadreams.shop\/index.php\/product\/lait-de-corps-parfume-500ml-iap-pharma\/","url":"https:\/\/pharmadreams.shop\/index.php\/product\/lait-de-corps-parfume-500ml-iap-pharma\/","name":"Lait de corps parfum\u00e9 - 500ml - IAP Pharma - pharmadreams","isPartOf":{"@id":"https:\/\/pharmadreams.shop\/#website"},"primaryImageOfPage":{"@id":"https:\/\/pharmadreams.shop\/index.php\/product\/lait-de-corps-parfume-500ml-iap-pharma\/#primaryimage"},"image":{"@id":"https:\/\/pharmadreams.shop\/index.php\/product\/lait-de-corps-parfume-500ml-iap-pharma\/#primaryimage"},"thumbnailUrl":"https:\/\/pharmadreams.shop\/wp-content\/uploads\/2023\/12\/Lait-de-corps-parfume-500ml-iap-pharma-hydratant.png","datePublished":"2023-12-19T18:36:51+00:00","dateModified":"2023-12-19T18:37:32+00:00","breadcrumb":{"@id":"https:\/\/pharmadreams.shop\/index.php\/product\/lait-de-corps-parfume-500ml-iap-pharma\/#breadcrumb"},"inLanguage":"fr-FR","potentialAction":[{"@type":"ReadAction","target":["https:\/\/pharmadreams.shop\/index.php\/product\/lait-de-corps-parfume-500ml-iap-pharma\/"]}]},{"@type":"ImageObject","inLanguage":"fr-FR","@id":"https:\/\/pharmadreams.shop\/index.php\/product\/lait-de-corps-parfume-500ml-iap-pharma\/#primaryimage","url":"https:\/\/pharmadreams.shop\/wp-content\/uploads\/2023\/12\/Lait-de-corps-parfume-500ml-iap-pharma-hydratant.png","contentUrl":"https:\/\/pharmadreams.shop\/wp-content\/uploads\/2023\/12\/Lait-de-corps-parfume-500ml-iap-pharma-hydratant.png","width":568,"height":649},{"@type":"BreadcrumbList","@id":"https:\/\/pharmadreams.shop\/index.php\/product\/lait-de-corps-parfume-500ml-iap-pharma\/#breadcrumb","itemListElement":[{"@type":"ListItem","position":1,"name":"Accueil","item":"https:\/\/pharmadreams.shop\/"},{"@type":"ListItem","position":2,"name":"Shop","item":"https:\/\/pharmadreams.shop\/index.php\/shop\/"},{"@type":"ListItem","position":3,"name":"Lait de corps parfum\u00e9 &#8211; 500ml &#8211; IAP Pharma"}]},{"@type":"WebSite","@id":"https:\/\/pharmadreams.shop\/#website","url":"https:\/\/pharmadreams.shop\/","name":"pharmadreams","description":"Parapharmacie en ligne","potentialAction":[{"@type":"SearchAction","target":{"@type":"EntryPoint","urlTemplate":"https:\/\/pharmadreams.shop\/?s={search_term_string}"},"query-input":"required name=search_term_string"}],"inLanguage":"fr-FR"}]}},"_links":{"self":[{"href":"https:\/\/pharmadreams.shop\/index.php\/wp-json\/wp\/v2\/product\/16654","targetHints":{"allow":["GET"]}}],"collection":[{"href":"https:\/\/pharmadreams.shop\/index.php\/wp-json\/wp\/v2\/product"}],"about":[{"href":"https:\/\/pharmadreams.shop\/index.php\/wp-json\/wp\/v2\/types\/product"}],"replies":[{"embeddable":true,"href":"https:\/\/pharmadreams.shop\/index.php\/wp-json\/wp\/v2\/comments?post=16654"}],"version-history":[{"count":0,"href":"https:\/\/pharmadreams.shop\/index.php\/wp-json\/wp\/v2\/product\/16654\/revisions"}],"wp:featuredmedia":[{"embeddable":true,"href":"https:\/\/pharmadreams.shop\/index.php\/wp-json\/wp\/v2\/media\/16723"}],"wp:attachment":[{"href":"https:\/\/pharmadreams.shop\/index.php\/wp-json\/wp\/v2\/media?parent=16654"}],"wp:term":[{"taxonomy":"product_brand","embeddable":true,"href":"https:\/\/pharmadreams.shop\/index.php\/wp-json\/wp\/v2\/product_brand?post=16654"},{"taxonomy":"product_cat","embeddable":true,"href":"https:\/\/pharmadreams.shop\/index.php\/wp-json\/wp\/v2\/product_cat?post=16654"},{"taxonomy":"product_tag","embeddable":true,"href":"https:\/\/pharmadreams.shop\/index.php\/wp-json\/wp\/v2\/product_tag?post=16654"}],"curies":[{"name":"wp","href":"https:\/\/api.w.org\/{rel}","templated":true}]}}