{"id":16659,"date":"2023-12-19T19:36:51","date_gmt":"2023-12-19T18:36:51","guid":{"rendered":"https:\/\/venuspara.com\/?post_type=product&#038;p=16659"},"modified":"2023-12-19T19:37:38","modified_gmt":"2023-12-19T18:37:38","slug":"anti-transpirant-protection-48h-40ml-etiaxil","status":"publish","type":"product","link":"https:\/\/pharmadreams.shop\/index.php\/product\/anti-transpirant-protection-48h-40ml-etiaxil\/","title":{"rendered":"Anti-transpirant Protection 48h &#8211; 40ml &#8211; Etiaxil"},"content":{"rendered":"","protected":false},"excerpt":{"rendered":"<p>Le stick Etiaxil Anti-transpirant Protection 48h\u00a0Aisselles est con\u00e7u pour un usage quotidien contre la transpiration mod\u00e9r\u00e9e des aisselles.<br \/>\nSon efficacit\u00e9 prouv\u00e9e\u00a0cliniquement stoppe la transpiration jusqu\u2019\u00e0 48H et assure ainsi un contr\u00f4le total : anti-humidit\u00e9, anti-odeur. Test\u00e9 sous contr\u00f4le dermatologique, ce produit est formul\u00e9 sans alcool et enrichi en agent apaisant pour maximiser le confort tous les types de peaux, m\u00eame les plus sensibles, tout en apportant une sensation de fra\u00eecheur tout au long de la journ\u00e9e. Sa formule haute tol\u00e9rance est aussi anti-traces.<\/p>\n","protected":false},"featured_media":16733,"comment_status":"open","ping_status":"closed","template":"","meta":[],"product_brand":[],"product_cat":[129,127,188,103,194,104],"product_tag":[198,199,189,200,201,202],"class_list":{"0":"post-16659","1":"product","2":"type-product","3":"status-publish","4":"has-post-thumbnail","6":"product_cat-anti-odeurs","7":"product_cat-anti-transpirant","8":"product_cat-beaute-et-hygiene","9":"product_cat-deodorant","10":"product_cat-peaux-sensibles","11":"product_cat-protection","12":"product_tag-anti-odeur","13":"product_tag-anti-transpirant","14":"product_tag-beaute-et-hygiene","15":"product_tag-deodorant","16":"product_tag-peaux-sensibles","17":"product_tag-protection","19":"first","20":"instock","21":"shipping-taxable","22":"purchasable","23":"product-type-simple"},"yoast_head":"<!-- This site is optimized with the Yoast SEO plugin v23.0 - https:\/\/yoast.com\/wordpress\/plugins\/seo\/ -->\n<title>Anti-transpirant Protection 48h - 40ml - Etiaxil - pharmadreams<\/title>\n<meta name=\"robots\" content=\"index, follow, max-snippet:-1, max-image-preview:large, max-video-preview:-1\" \/>\n<link rel=\"canonical\" href=\"https:\/\/pharmadreams.shop\/index.php\/product\/anti-transpirant-protection-48h-40ml-etiaxil\/\" \/>\n<meta property=\"og:locale\" content=\"fr_FR\" \/>\n<meta property=\"og:type\" content=\"article\" \/>\n<meta property=\"og:title\" content=\"Anti-transpirant Protection 48h - 40ml - Etiaxil - pharmadreams\" \/>\n<meta property=\"og:description\" content=\"Le stick Etiaxil Anti-transpirant Protection 48h\u00a0Aisselles est con\u00e7u pour un usage quotidien contre la transpiration mod\u00e9r\u00e9e des aisselles. Son efficacit\u00e9 prouv\u00e9e\u00a0cliniquement stoppe la transpiration jusqu\u2019\u00e0 48H et assure ainsi un contr\u00f4le total : anti-humidit\u00e9, anti-odeur. Test\u00e9 sous contr\u00f4le dermatologique, ce produit est formul\u00e9 sans alcool et enrichi en agent apaisant pour maximiser le confort tous les types de peaux, m\u00eame les plus sensibles, tout en apportant une sensation de fra\u00eecheur tout au long de la journ\u00e9e. Sa formule haute tol\u00e9rance est aussi anti-traces.\" \/>\n<meta property=\"og:url\" content=\"https:\/\/pharmadreams.shop\/index.php\/product\/anti-transpirant-protection-48h-40ml-etiaxil\/\" \/>\n<meta property=\"og:site_name\" content=\"pharmadreams\" \/>\n<meta property=\"article:modified_time\" content=\"2023-12-19T18:37:38+00:00\" \/>\n<meta property=\"og:image\" content=\"https:\/\/pharmadreams.shop\/wp-content\/uploads\/2023\/12\/Anti-transpirant-48h-etiaxil-40ml-protection.jpg\" \/>\n\t<meta property=\"og:image:width\" content=\"800\" \/>\n\t<meta property=\"og:image:height\" content=\"800\" \/>\n\t<meta property=\"og:image:type\" content=\"image\/jpeg\" \/>\n<meta name=\"twitter:card\" content=\"summary_large_image\" \/>\n<script type=\"application\/ld+json\" class=\"yoast-schema-graph\">{\"@context\":\"https:\/\/schema.org\",\"@graph\":[{\"@type\":\"WebPage\",\"@id\":\"https:\/\/pharmadreams.shop\/index.php\/product\/anti-transpirant-protection-48h-40ml-etiaxil\/\",\"url\":\"https:\/\/pharmadreams.shop\/index.php\/product\/anti-transpirant-protection-48h-40ml-etiaxil\/\",\"name\":\"Anti-transpirant Protection 48h - 40ml - Etiaxil - pharmadreams\",\"isPartOf\":{\"@id\":\"https:\/\/pharmadreams.shop\/#website\"},\"primaryImageOfPage\":{\"@id\":\"https:\/\/pharmadreams.shop\/index.php\/product\/anti-transpirant-protection-48h-40ml-etiaxil\/#primaryimage\"},\"image\":{\"@id\":\"https:\/\/pharmadreams.shop\/index.php\/product\/anti-transpirant-protection-48h-40ml-etiaxil\/#primaryimage\"},\"thumbnailUrl\":\"https:\/\/pharmadreams.shop\/wp-content\/uploads\/2023\/12\/Anti-transpirant-48h-etiaxil-40ml-protection.jpg\",\"datePublished\":\"2023-12-19T18:36:51+00:00\",\"dateModified\":\"2023-12-19T18:37:38+00:00\",\"breadcrumb\":{\"@id\":\"https:\/\/pharmadreams.shop\/index.php\/product\/anti-transpirant-protection-48h-40ml-etiaxil\/#breadcrumb\"},\"inLanguage\":\"fr-FR\",\"potentialAction\":[{\"@type\":\"ReadAction\",\"target\":[\"https:\/\/pharmadreams.shop\/index.php\/product\/anti-transpirant-protection-48h-40ml-etiaxil\/\"]}]},{\"@type\":\"ImageObject\",\"inLanguage\":\"fr-FR\",\"@id\":\"https:\/\/pharmadreams.shop\/index.php\/product\/anti-transpirant-protection-48h-40ml-etiaxil\/#primaryimage\",\"url\":\"https:\/\/pharmadreams.shop\/wp-content\/uploads\/2023\/12\/Anti-transpirant-48h-etiaxil-40ml-protection.jpg\",\"contentUrl\":\"https:\/\/pharmadreams.shop\/wp-content\/uploads\/2023\/12\/Anti-transpirant-48h-etiaxil-40ml-protection.jpg\",\"width\":800,\"height\":800},{\"@type\":\"BreadcrumbList\",\"@id\":\"https:\/\/pharmadreams.shop\/index.php\/product\/anti-transpirant-protection-48h-40ml-etiaxil\/#breadcrumb\",\"itemListElement\":[{\"@type\":\"ListItem\",\"position\":1,\"name\":\"Accueil\",\"item\":\"https:\/\/pharmadreams.shop\/\"},{\"@type\":\"ListItem\",\"position\":2,\"name\":\"Shop\",\"item\":\"https:\/\/pharmadreams.shop\/index.php\/shop\/\"},{\"@type\":\"ListItem\",\"position\":3,\"name\":\"Anti-transpirant Protection 48h &#8211; 40ml &#8211; Etiaxil\"}]},{\"@type\":\"WebSite\",\"@id\":\"https:\/\/pharmadreams.shop\/#website\",\"url\":\"https:\/\/pharmadreams.shop\/\",\"name\":\"pharmadreams\",\"description\":\"Parapharmacie en ligne\",\"potentialAction\":[{\"@type\":\"SearchAction\",\"target\":{\"@type\":\"EntryPoint\",\"urlTemplate\":\"https:\/\/pharmadreams.shop\/?s={search_term_string}\"},\"query-input\":\"required name=search_term_string\"}],\"inLanguage\":\"fr-FR\"}]}<\/script>\n<!-- \/ Yoast SEO plugin. -->","yoast_head_json":{"title":"Anti-transpirant Protection 48h - 40ml - Etiaxil - pharmadreams","robots":{"index":"index","follow":"follow","max-snippet":"max-snippet:-1","max-image-preview":"max-image-preview:large","max-video-preview":"max-video-preview:-1"},"canonical":"https:\/\/pharmadreams.shop\/index.php\/product\/anti-transpirant-protection-48h-40ml-etiaxil\/","og_locale":"fr_FR","og_type":"article","og_title":"Anti-transpirant Protection 48h - 40ml - Etiaxil - pharmadreams","og_description":"Le stick Etiaxil Anti-transpirant Protection 48h\u00a0Aisselles est con\u00e7u pour un usage quotidien contre la transpiration mod\u00e9r\u00e9e des aisselles. Son efficacit\u00e9 prouv\u00e9e\u00a0cliniquement stoppe la transpiration jusqu\u2019\u00e0 48H et assure ainsi un contr\u00f4le total : anti-humidit\u00e9, anti-odeur. Test\u00e9 sous contr\u00f4le dermatologique, ce produit est formul\u00e9 sans alcool et enrichi en agent apaisant pour maximiser le confort tous les types de peaux, m\u00eame les plus sensibles, tout en apportant une sensation de fra\u00eecheur tout au long de la journ\u00e9e. Sa formule haute tol\u00e9rance est aussi anti-traces.","og_url":"https:\/\/pharmadreams.shop\/index.php\/product\/anti-transpirant-protection-48h-40ml-etiaxil\/","og_site_name":"pharmadreams","article_modified_time":"2023-12-19T18:37:38+00:00","og_image":[{"width":800,"height":800,"url":"https:\/\/pharmadreams.shop\/wp-content\/uploads\/2023\/12\/Anti-transpirant-48h-etiaxil-40ml-protection.jpg","type":"image\/jpeg"}],"twitter_card":"summary_large_image","schema":{"@context":"https:\/\/schema.org","@graph":[{"@type":"WebPage","@id":"https:\/\/pharmadreams.shop\/index.php\/product\/anti-transpirant-protection-48h-40ml-etiaxil\/","url":"https:\/\/pharmadreams.shop\/index.php\/product\/anti-transpirant-protection-48h-40ml-etiaxil\/","name":"Anti-transpirant Protection 48h - 40ml - Etiaxil - pharmadreams","isPartOf":{"@id":"https:\/\/pharmadreams.shop\/#website"},"primaryImageOfPage":{"@id":"https:\/\/pharmadreams.shop\/index.php\/product\/anti-transpirant-protection-48h-40ml-etiaxil\/#primaryimage"},"image":{"@id":"https:\/\/pharmadreams.shop\/index.php\/product\/anti-transpirant-protection-48h-40ml-etiaxil\/#primaryimage"},"thumbnailUrl":"https:\/\/pharmadreams.shop\/wp-content\/uploads\/2023\/12\/Anti-transpirant-48h-etiaxil-40ml-protection.jpg","datePublished":"2023-12-19T18:36:51+00:00","dateModified":"2023-12-19T18:37:38+00:00","breadcrumb":{"@id":"https:\/\/pharmadreams.shop\/index.php\/product\/anti-transpirant-protection-48h-40ml-etiaxil\/#breadcrumb"},"inLanguage":"fr-FR","potentialAction":[{"@type":"ReadAction","target":["https:\/\/pharmadreams.shop\/index.php\/product\/anti-transpirant-protection-48h-40ml-etiaxil\/"]}]},{"@type":"ImageObject","inLanguage":"fr-FR","@id":"https:\/\/pharmadreams.shop\/index.php\/product\/anti-transpirant-protection-48h-40ml-etiaxil\/#primaryimage","url":"https:\/\/pharmadreams.shop\/wp-content\/uploads\/2023\/12\/Anti-transpirant-48h-etiaxil-40ml-protection.jpg","contentUrl":"https:\/\/pharmadreams.shop\/wp-content\/uploads\/2023\/12\/Anti-transpirant-48h-etiaxil-40ml-protection.jpg","width":800,"height":800},{"@type":"BreadcrumbList","@id":"https:\/\/pharmadreams.shop\/index.php\/product\/anti-transpirant-protection-48h-40ml-etiaxil\/#breadcrumb","itemListElement":[{"@type":"ListItem","position":1,"name":"Accueil","item":"https:\/\/pharmadreams.shop\/"},{"@type":"ListItem","position":2,"name":"Shop","item":"https:\/\/pharmadreams.shop\/index.php\/shop\/"},{"@type":"ListItem","position":3,"name":"Anti-transpirant Protection 48h &#8211; 40ml &#8211; Etiaxil"}]},{"@type":"WebSite","@id":"https:\/\/pharmadreams.shop\/#website","url":"https:\/\/pharmadreams.shop\/","name":"pharmadreams","description":"Parapharmacie en ligne","potentialAction":[{"@type":"SearchAction","target":{"@type":"EntryPoint","urlTemplate":"https:\/\/pharmadreams.shop\/?s={search_term_string}"},"query-input":"required name=search_term_string"}],"inLanguage":"fr-FR"}]}},"_links":{"self":[{"href":"https:\/\/pharmadreams.shop\/index.php\/wp-json\/wp\/v2\/product\/16659","targetHints":{"allow":["GET"]}}],"collection":[{"href":"https:\/\/pharmadreams.shop\/index.php\/wp-json\/wp\/v2\/product"}],"about":[{"href":"https:\/\/pharmadreams.shop\/index.php\/wp-json\/wp\/v2\/types\/product"}],"replies":[{"embeddable":true,"href":"https:\/\/pharmadreams.shop\/index.php\/wp-json\/wp\/v2\/comments?post=16659"}],"version-history":[{"count":0,"href":"https:\/\/pharmadreams.shop\/index.php\/wp-json\/wp\/v2\/product\/16659\/revisions"}],"wp:featuredmedia":[{"embeddable":true,"href":"https:\/\/pharmadreams.shop\/index.php\/wp-json\/wp\/v2\/media\/16733"}],"wp:attachment":[{"href":"https:\/\/pharmadreams.shop\/index.php\/wp-json\/wp\/v2\/media?parent=16659"}],"wp:term":[{"taxonomy":"product_brand","embeddable":true,"href":"https:\/\/pharmadreams.shop\/index.php\/wp-json\/wp\/v2\/product_brand?post=16659"},{"taxonomy":"product_cat","embeddable":true,"href":"https:\/\/pharmadreams.shop\/index.php\/wp-json\/wp\/v2\/product_cat?post=16659"},{"taxonomy":"product_tag","embeddable":true,"href":"https:\/\/pharmadreams.shop\/index.php\/wp-json\/wp\/v2\/product_tag?post=16659"}],"curies":[{"name":"wp","href":"https:\/\/api.w.org\/{rel}","templated":true}]}}