{"id":16691,"date":"2023-12-19T19:37:15","date_gmt":"2023-12-19T18:37:15","guid":{"rendered":"https:\/\/venuspara.com\/?post_type=product&#038;p=16691"},"modified":"2023-12-19T19:37:46","modified_gmt":"2023-12-19T18:37:46","slug":"gel-vinea-jambes-legeres-150ml-emnature","status":"publish","type":"product","link":"https:\/\/pharmadreams.shop\/index.php\/product\/gel-vinea-jambes-legeres-150ml-emnature\/","title":{"rendered":"Gel Vin\u00e9a  jambes l\u00e9g\u00e8res &#8211; 150ml &#8211; Emnature"},"content":{"rendered":"","protected":false},"excerpt":{"rendered":"<p>Le\u00a0<strong>gel jambes l\u00e9g\u00e8res<\/strong>\u00a0est utilis\u00e9 pour\u00a0<strong>soulager rapidement les sensations de jambes lourdes<\/strong>. Sa\u00a0<strong>texture en gel<\/strong>, qui\u00a0<strong>ne colle pas<\/strong>, procure une agr\u00e9able\u00a0<strong>sensation de fra\u00eecheur et de l\u00e9g\u00e8ret\u00e9<\/strong>\u00a0et lui permet de pouvoir \u00eatre utilis\u00e9 avec des bas ou des collants de contention.<\/p>\n","protected":false},"featured_media":0,"comment_status":"open","ping_status":"closed","template":"","meta":[],"product_brand":[],"product_cat":[205,114,206,83],"product_tag":[207,208,209],"class_list":{"0":"post-16691","1":"product","2":"type-product","3":"status-publish","5":"product_cat-circulation","6":"product_cat-gel","7":"product_cat-sante","8":"product_cat-uncategorized","9":"product_tag-circulation","10":"product_tag-gel","11":"product_tag-sante","13":"first","14":"instock","15":"shipping-taxable","16":"purchasable","17":"product-type-simple"},"yoast_head":"<!-- This site is optimized with the Yoast SEO plugin v23.0 - https:\/\/yoast.com\/wordpress\/plugins\/seo\/ -->\n<title>Gel Vin\u00e9a jambes l\u00e9g\u00e8res - 150ml - Emnature - pharmadreams<\/title>\n<meta name=\"robots\" content=\"index, follow, max-snippet:-1, max-image-preview:large, max-video-preview:-1\" \/>\n<link rel=\"canonical\" href=\"https:\/\/pharmadreams.shop\/index.php\/product\/gel-vinea-jambes-legeres-150ml-emnature\/\" \/>\n<meta property=\"og:locale\" content=\"fr_FR\" \/>\n<meta property=\"og:type\" content=\"article\" \/>\n<meta property=\"og:title\" content=\"Gel Vin\u00e9a jambes l\u00e9g\u00e8res - 150ml - Emnature - pharmadreams\" \/>\n<meta property=\"og:description\" content=\"Le\u00a0gel jambes l\u00e9g\u00e8res\u00a0est utilis\u00e9 pour\u00a0soulager rapidement les sensations de jambes lourdes. Sa\u00a0texture en gel, qui\u00a0ne colle pas, procure une agr\u00e9able\u00a0sensation de fra\u00eecheur et de l\u00e9g\u00e8ret\u00e9\u00a0et lui permet de pouvoir \u00eatre utilis\u00e9 avec des bas ou des collants de contention.\" \/>\n<meta property=\"og:url\" content=\"https:\/\/pharmadreams.shop\/index.php\/product\/gel-vinea-jambes-legeres-150ml-emnature\/\" \/>\n<meta property=\"og:site_name\" content=\"pharmadreams\" \/>\n<meta property=\"article:modified_time\" content=\"2023-12-19T18:37:46+00:00\" \/>\n<meta name=\"twitter:card\" content=\"summary_large_image\" \/>\n<script type=\"application\/ld+json\" class=\"yoast-schema-graph\">{\"@context\":\"https:\/\/schema.org\",\"@graph\":[{\"@type\":\"WebPage\",\"@id\":\"https:\/\/pharmadreams.shop\/index.php\/product\/gel-vinea-jambes-legeres-150ml-emnature\/\",\"url\":\"https:\/\/pharmadreams.shop\/index.php\/product\/gel-vinea-jambes-legeres-150ml-emnature\/\",\"name\":\"Gel Vin\u00e9a jambes l\u00e9g\u00e8res - 150ml - Emnature - pharmadreams\",\"isPartOf\":{\"@id\":\"https:\/\/pharmadreams.shop\/#website\"},\"datePublished\":\"2023-12-19T18:37:15+00:00\",\"dateModified\":\"2023-12-19T18:37:46+00:00\",\"breadcrumb\":{\"@id\":\"https:\/\/pharmadreams.shop\/index.php\/product\/gel-vinea-jambes-legeres-150ml-emnature\/#breadcrumb\"},\"inLanguage\":\"fr-FR\",\"potentialAction\":[{\"@type\":\"ReadAction\",\"target\":[\"https:\/\/pharmadreams.shop\/index.php\/product\/gel-vinea-jambes-legeres-150ml-emnature\/\"]}]},{\"@type\":\"BreadcrumbList\",\"@id\":\"https:\/\/pharmadreams.shop\/index.php\/product\/gel-vinea-jambes-legeres-150ml-emnature\/#breadcrumb\",\"itemListElement\":[{\"@type\":\"ListItem\",\"position\":1,\"name\":\"Accueil\",\"item\":\"https:\/\/pharmadreams.shop\/\"},{\"@type\":\"ListItem\",\"position\":2,\"name\":\"Shop\",\"item\":\"https:\/\/pharmadreams.shop\/index.php\/shop\/\"},{\"@type\":\"ListItem\",\"position\":3,\"name\":\"Gel Vin\u00e9a jambes l\u00e9g\u00e8res &#8211; 150ml &#8211; Emnature\"}]},{\"@type\":\"WebSite\",\"@id\":\"https:\/\/pharmadreams.shop\/#website\",\"url\":\"https:\/\/pharmadreams.shop\/\",\"name\":\"pharmadreams\",\"description\":\"Parapharmacie en ligne\",\"potentialAction\":[{\"@type\":\"SearchAction\",\"target\":{\"@type\":\"EntryPoint\",\"urlTemplate\":\"https:\/\/pharmadreams.shop\/?s={search_term_string}\"},\"query-input\":\"required name=search_term_string\"}],\"inLanguage\":\"fr-FR\"}]}<\/script>\n<!-- \/ Yoast SEO plugin. -->","yoast_head_json":{"title":"Gel Vin\u00e9a jambes l\u00e9g\u00e8res - 150ml - Emnature - pharmadreams","robots":{"index":"index","follow":"follow","max-snippet":"max-snippet:-1","max-image-preview":"max-image-preview:large","max-video-preview":"max-video-preview:-1"},"canonical":"https:\/\/pharmadreams.shop\/index.php\/product\/gel-vinea-jambes-legeres-150ml-emnature\/","og_locale":"fr_FR","og_type":"article","og_title":"Gel Vin\u00e9a jambes l\u00e9g\u00e8res - 150ml - Emnature - pharmadreams","og_description":"Le\u00a0gel jambes l\u00e9g\u00e8res\u00a0est utilis\u00e9 pour\u00a0soulager rapidement les sensations de jambes lourdes. Sa\u00a0texture en gel, qui\u00a0ne colle pas, procure une agr\u00e9able\u00a0sensation de fra\u00eecheur et de l\u00e9g\u00e8ret\u00e9\u00a0et lui permet de pouvoir \u00eatre utilis\u00e9 avec des bas ou des collants de contention.","og_url":"https:\/\/pharmadreams.shop\/index.php\/product\/gel-vinea-jambes-legeres-150ml-emnature\/","og_site_name":"pharmadreams","article_modified_time":"2023-12-19T18:37:46+00:00","twitter_card":"summary_large_image","schema":{"@context":"https:\/\/schema.org","@graph":[{"@type":"WebPage","@id":"https:\/\/pharmadreams.shop\/index.php\/product\/gel-vinea-jambes-legeres-150ml-emnature\/","url":"https:\/\/pharmadreams.shop\/index.php\/product\/gel-vinea-jambes-legeres-150ml-emnature\/","name":"Gel Vin\u00e9a jambes l\u00e9g\u00e8res - 150ml - Emnature - pharmadreams","isPartOf":{"@id":"https:\/\/pharmadreams.shop\/#website"},"datePublished":"2023-12-19T18:37:15+00:00","dateModified":"2023-12-19T18:37:46+00:00","breadcrumb":{"@id":"https:\/\/pharmadreams.shop\/index.php\/product\/gel-vinea-jambes-legeres-150ml-emnature\/#breadcrumb"},"inLanguage":"fr-FR","potentialAction":[{"@type":"ReadAction","target":["https:\/\/pharmadreams.shop\/index.php\/product\/gel-vinea-jambes-legeres-150ml-emnature\/"]}]},{"@type":"BreadcrumbList","@id":"https:\/\/pharmadreams.shop\/index.php\/product\/gel-vinea-jambes-legeres-150ml-emnature\/#breadcrumb","itemListElement":[{"@type":"ListItem","position":1,"name":"Accueil","item":"https:\/\/pharmadreams.shop\/"},{"@type":"ListItem","position":2,"name":"Shop","item":"https:\/\/pharmadreams.shop\/index.php\/shop\/"},{"@type":"ListItem","position":3,"name":"Gel Vin\u00e9a jambes l\u00e9g\u00e8res &#8211; 150ml &#8211; Emnature"}]},{"@type":"WebSite","@id":"https:\/\/pharmadreams.shop\/#website","url":"https:\/\/pharmadreams.shop\/","name":"pharmadreams","description":"Parapharmacie en ligne","potentialAction":[{"@type":"SearchAction","target":{"@type":"EntryPoint","urlTemplate":"https:\/\/pharmadreams.shop\/?s={search_term_string}"},"query-input":"required name=search_term_string"}],"inLanguage":"fr-FR"}]}},"_links":{"self":[{"href":"https:\/\/pharmadreams.shop\/index.php\/wp-json\/wp\/v2\/product\/16691","targetHints":{"allow":["GET"]}}],"collection":[{"href":"https:\/\/pharmadreams.shop\/index.php\/wp-json\/wp\/v2\/product"}],"about":[{"href":"https:\/\/pharmadreams.shop\/index.php\/wp-json\/wp\/v2\/types\/product"}],"replies":[{"embeddable":true,"href":"https:\/\/pharmadreams.shop\/index.php\/wp-json\/wp\/v2\/comments?post=16691"}],"version-history":[{"count":0,"href":"https:\/\/pharmadreams.shop\/index.php\/wp-json\/wp\/v2\/product\/16691\/revisions"}],"wp:attachment":[{"href":"https:\/\/pharmadreams.shop\/index.php\/wp-json\/wp\/v2\/media?parent=16691"}],"wp:term":[{"taxonomy":"product_brand","embeddable":true,"href":"https:\/\/pharmadreams.shop\/index.php\/wp-json\/wp\/v2\/product_brand?post=16691"},{"taxonomy":"product_cat","embeddable":true,"href":"https:\/\/pharmadreams.shop\/index.php\/wp-json\/wp\/v2\/product_cat?post=16691"},{"taxonomy":"product_tag","embeddable":true,"href":"https:\/\/pharmadreams.shop\/index.php\/wp-json\/wp\/v2\/product_tag?post=16691"}],"curies":[{"name":"wp","href":"https:\/\/api.w.org\/{rel}","templated":true}]}}