{"id":16692,"date":"2023-12-19T19:37:15","date_gmt":"2023-12-19T18:37:15","guid":{"rendered":"https:\/\/venuspara.com\/?post_type=product&#038;p=16692"},"modified":"2023-12-19T19:37:48","modified_gmt":"2023-12-19T18:37:48","slug":"creme-vert-100ml-veet","status":"publish","type":"product","link":"https:\/\/pharmadreams.shop\/index.php\/product\/creme-vert-100ml-veet\/","title":{"rendered":"Cr\u00e8me vert &#8211; 100ml &#8211; Veet"},"content":{"rendered":"","protected":false},"excerpt":{"rendered":"<p>la cr\u00e8me d\u00e9pilatoire Veet Peaux S\u00e8ches, dot\u00e9e de la technologie Silk &amp; Fresh\u2122, apporte une peau douce, soyeuse et d\u00e9licieusement parfum\u00e9e. En plus d\u2019une \u00e9pilation efficace, la cr\u00e8me Veet hydrate votre peau jusqu\u2019\u00e0 24 heures* et vous offre une technologie de parfum sp\u00e9cialement con\u00e7ue pour qu\u2019il ne subsiste aucune mauvaise odeur de cr\u00e8me.<\/p>\n","protected":false},"featured_media":16753,"comment_status":"open","ping_status":"closed","template":"","meta":[],"product_brand":[],"product_cat":[188,28,210,78,99,79],"product_tag":[189,180,195,211,212,213],"class_list":{"0":"post-16692","1":"product","2":"type-product","3":"status-publish","4":"has-post-thumbnail","6":"product_cat-beaute-et-hygiene","7":"product_cat-corps","8":"product_cat-creme-depilatoire","9":"product_cat-cremes","10":"product_cat-mousse","11":"product_cat-peaux-seches","12":"product_tag-beaute-et-hygiene","13":"product_tag-corps","14":"product_tag-creme","15":"product_tag-creme-depilatoire","16":"product_tag-mousse","17":"product_tag-peaux-seches","19":"first","20":"instock","21":"shipping-taxable","22":"purchasable","23":"product-type-simple"},"yoast_head":"<!-- This site is optimized with the Yoast SEO plugin v23.0 - https:\/\/yoast.com\/wordpress\/plugins\/seo\/ -->\n<title>Cr\u00e8me vert - 100ml - Veet - pharmadreams<\/title>\n<meta name=\"robots\" content=\"index, follow, max-snippet:-1, max-image-preview:large, max-video-preview:-1\" \/>\n<link rel=\"canonical\" href=\"https:\/\/pharmadreams.shop\/index.php\/product\/creme-vert-100ml-veet\/\" \/>\n<meta property=\"og:locale\" content=\"fr_FR\" \/>\n<meta property=\"og:type\" content=\"article\" \/>\n<meta property=\"og:title\" content=\"Cr\u00e8me vert - 100ml - Veet - pharmadreams\" \/>\n<meta property=\"og:description\" content=\"la cr\u00e8me d\u00e9pilatoire Veet Peaux S\u00e8ches, dot\u00e9e de la technologie Silk &amp; Fresh\u2122, apporte une peau douce, soyeuse et d\u00e9licieusement parfum\u00e9e. En plus d\u2019une \u00e9pilation efficace, la cr\u00e8me Veet hydrate votre peau jusqu\u2019\u00e0 24 heures* et vous offre une technologie de parfum sp\u00e9cialement con\u00e7ue pour qu\u2019il ne subsiste aucune mauvaise odeur de cr\u00e8me.\" \/>\n<meta property=\"og:url\" content=\"https:\/\/pharmadreams.shop\/index.php\/product\/creme-vert-100ml-veet\/\" \/>\n<meta property=\"og:site_name\" content=\"pharmadreams\" \/>\n<meta property=\"article:modified_time\" content=\"2023-12-19T18:37:48+00:00\" \/>\n<meta property=\"og:image\" content=\"https:\/\/pharmadreams.shop\/wp-content\/uploads\/2023\/12\/Creme-vert-100ml-veet-peaux-seches.jpg\" \/>\n\t<meta property=\"og:image:width\" content=\"800\" \/>\n\t<meta property=\"og:image:height\" content=\"1000\" \/>\n\t<meta property=\"og:image:type\" content=\"image\/jpeg\" \/>\n<meta name=\"twitter:card\" content=\"summary_large_image\" \/>\n<script type=\"application\/ld+json\" class=\"yoast-schema-graph\">{\"@context\":\"https:\/\/schema.org\",\"@graph\":[{\"@type\":\"WebPage\",\"@id\":\"https:\/\/pharmadreams.shop\/index.php\/product\/creme-vert-100ml-veet\/\",\"url\":\"https:\/\/pharmadreams.shop\/index.php\/product\/creme-vert-100ml-veet\/\",\"name\":\"Cr\u00e8me vert - 100ml - Veet - pharmadreams\",\"isPartOf\":{\"@id\":\"https:\/\/pharmadreams.shop\/#website\"},\"primaryImageOfPage\":{\"@id\":\"https:\/\/pharmadreams.shop\/index.php\/product\/creme-vert-100ml-veet\/#primaryimage\"},\"image\":{\"@id\":\"https:\/\/pharmadreams.shop\/index.php\/product\/creme-vert-100ml-veet\/#primaryimage\"},\"thumbnailUrl\":\"https:\/\/pharmadreams.shop\/wp-content\/uploads\/2023\/12\/Creme-vert-100ml-veet-peaux-seches.jpg\",\"datePublished\":\"2023-12-19T18:37:15+00:00\",\"dateModified\":\"2023-12-19T18:37:48+00:00\",\"breadcrumb\":{\"@id\":\"https:\/\/pharmadreams.shop\/index.php\/product\/creme-vert-100ml-veet\/#breadcrumb\"},\"inLanguage\":\"fr-FR\",\"potentialAction\":[{\"@type\":\"ReadAction\",\"target\":[\"https:\/\/pharmadreams.shop\/index.php\/product\/creme-vert-100ml-veet\/\"]}]},{\"@type\":\"ImageObject\",\"inLanguage\":\"fr-FR\",\"@id\":\"https:\/\/pharmadreams.shop\/index.php\/product\/creme-vert-100ml-veet\/#primaryimage\",\"url\":\"https:\/\/pharmadreams.shop\/wp-content\/uploads\/2023\/12\/Creme-vert-100ml-veet-peaux-seches.jpg\",\"contentUrl\":\"https:\/\/pharmadreams.shop\/wp-content\/uploads\/2023\/12\/Creme-vert-100ml-veet-peaux-seches.jpg\",\"width\":800,\"height\":1000},{\"@type\":\"BreadcrumbList\",\"@id\":\"https:\/\/pharmadreams.shop\/index.php\/product\/creme-vert-100ml-veet\/#breadcrumb\",\"itemListElement\":[{\"@type\":\"ListItem\",\"position\":1,\"name\":\"Accueil\",\"item\":\"https:\/\/pharmadreams.shop\/\"},{\"@type\":\"ListItem\",\"position\":2,\"name\":\"Shop\",\"item\":\"https:\/\/pharmadreams.shop\/index.php\/shop\/\"},{\"@type\":\"ListItem\",\"position\":3,\"name\":\"Cr\u00e8me vert &#8211; 100ml &#8211; Veet\"}]},{\"@type\":\"WebSite\",\"@id\":\"https:\/\/pharmadreams.shop\/#website\",\"url\":\"https:\/\/pharmadreams.shop\/\",\"name\":\"pharmadreams\",\"description\":\"Parapharmacie en ligne\",\"potentialAction\":[{\"@type\":\"SearchAction\",\"target\":{\"@type\":\"EntryPoint\",\"urlTemplate\":\"https:\/\/pharmadreams.shop\/?s={search_term_string}\"},\"query-input\":\"required name=search_term_string\"}],\"inLanguage\":\"fr-FR\"}]}<\/script>\n<!-- \/ Yoast SEO plugin. -->","yoast_head_json":{"title":"Cr\u00e8me vert - 100ml - Veet - pharmadreams","robots":{"index":"index","follow":"follow","max-snippet":"max-snippet:-1","max-image-preview":"max-image-preview:large","max-video-preview":"max-video-preview:-1"},"canonical":"https:\/\/pharmadreams.shop\/index.php\/product\/creme-vert-100ml-veet\/","og_locale":"fr_FR","og_type":"article","og_title":"Cr\u00e8me vert - 100ml - Veet - pharmadreams","og_description":"la cr\u00e8me d\u00e9pilatoire Veet Peaux S\u00e8ches, dot\u00e9e de la technologie Silk &amp; Fresh\u2122, apporte une peau douce, soyeuse et d\u00e9licieusement parfum\u00e9e. En plus d\u2019une \u00e9pilation efficace, la cr\u00e8me Veet hydrate votre peau jusqu\u2019\u00e0 24 heures* et vous offre une technologie de parfum sp\u00e9cialement con\u00e7ue pour qu\u2019il ne subsiste aucune mauvaise odeur de cr\u00e8me.","og_url":"https:\/\/pharmadreams.shop\/index.php\/product\/creme-vert-100ml-veet\/","og_site_name":"pharmadreams","article_modified_time":"2023-12-19T18:37:48+00:00","og_image":[{"width":800,"height":1000,"url":"https:\/\/pharmadreams.shop\/wp-content\/uploads\/2023\/12\/Creme-vert-100ml-veet-peaux-seches.jpg","type":"image\/jpeg"}],"twitter_card":"summary_large_image","schema":{"@context":"https:\/\/schema.org","@graph":[{"@type":"WebPage","@id":"https:\/\/pharmadreams.shop\/index.php\/product\/creme-vert-100ml-veet\/","url":"https:\/\/pharmadreams.shop\/index.php\/product\/creme-vert-100ml-veet\/","name":"Cr\u00e8me vert - 100ml - Veet - pharmadreams","isPartOf":{"@id":"https:\/\/pharmadreams.shop\/#website"},"primaryImageOfPage":{"@id":"https:\/\/pharmadreams.shop\/index.php\/product\/creme-vert-100ml-veet\/#primaryimage"},"image":{"@id":"https:\/\/pharmadreams.shop\/index.php\/product\/creme-vert-100ml-veet\/#primaryimage"},"thumbnailUrl":"https:\/\/pharmadreams.shop\/wp-content\/uploads\/2023\/12\/Creme-vert-100ml-veet-peaux-seches.jpg","datePublished":"2023-12-19T18:37:15+00:00","dateModified":"2023-12-19T18:37:48+00:00","breadcrumb":{"@id":"https:\/\/pharmadreams.shop\/index.php\/product\/creme-vert-100ml-veet\/#breadcrumb"},"inLanguage":"fr-FR","potentialAction":[{"@type":"ReadAction","target":["https:\/\/pharmadreams.shop\/index.php\/product\/creme-vert-100ml-veet\/"]}]},{"@type":"ImageObject","inLanguage":"fr-FR","@id":"https:\/\/pharmadreams.shop\/index.php\/product\/creme-vert-100ml-veet\/#primaryimage","url":"https:\/\/pharmadreams.shop\/wp-content\/uploads\/2023\/12\/Creme-vert-100ml-veet-peaux-seches.jpg","contentUrl":"https:\/\/pharmadreams.shop\/wp-content\/uploads\/2023\/12\/Creme-vert-100ml-veet-peaux-seches.jpg","width":800,"height":1000},{"@type":"BreadcrumbList","@id":"https:\/\/pharmadreams.shop\/index.php\/product\/creme-vert-100ml-veet\/#breadcrumb","itemListElement":[{"@type":"ListItem","position":1,"name":"Accueil","item":"https:\/\/pharmadreams.shop\/"},{"@type":"ListItem","position":2,"name":"Shop","item":"https:\/\/pharmadreams.shop\/index.php\/shop\/"},{"@type":"ListItem","position":3,"name":"Cr\u00e8me vert &#8211; 100ml &#8211; Veet"}]},{"@type":"WebSite","@id":"https:\/\/pharmadreams.shop\/#website","url":"https:\/\/pharmadreams.shop\/","name":"pharmadreams","description":"Parapharmacie en ligne","potentialAction":[{"@type":"SearchAction","target":{"@type":"EntryPoint","urlTemplate":"https:\/\/pharmadreams.shop\/?s={search_term_string}"},"query-input":"required name=search_term_string"}],"inLanguage":"fr-FR"}]}},"_links":{"self":[{"href":"https:\/\/pharmadreams.shop\/index.php\/wp-json\/wp\/v2\/product\/16692","targetHints":{"allow":["GET"]}}],"collection":[{"href":"https:\/\/pharmadreams.shop\/index.php\/wp-json\/wp\/v2\/product"}],"about":[{"href":"https:\/\/pharmadreams.shop\/index.php\/wp-json\/wp\/v2\/types\/product"}],"replies":[{"embeddable":true,"href":"https:\/\/pharmadreams.shop\/index.php\/wp-json\/wp\/v2\/comments?post=16692"}],"version-history":[{"count":0,"href":"https:\/\/pharmadreams.shop\/index.php\/wp-json\/wp\/v2\/product\/16692\/revisions"}],"wp:featuredmedia":[{"embeddable":true,"href":"https:\/\/pharmadreams.shop\/index.php\/wp-json\/wp\/v2\/media\/16753"}],"wp:attachment":[{"href":"https:\/\/pharmadreams.shop\/index.php\/wp-json\/wp\/v2\/media?parent=16692"}],"wp:term":[{"taxonomy":"product_brand","embeddable":true,"href":"https:\/\/pharmadreams.shop\/index.php\/wp-json\/wp\/v2\/product_brand?post=16692"},{"taxonomy":"product_cat","embeddable":true,"href":"https:\/\/pharmadreams.shop\/index.php\/wp-json\/wp\/v2\/product_cat?post=16692"},{"taxonomy":"product_tag","embeddable":true,"href":"https:\/\/pharmadreams.shop\/index.php\/wp-json\/wp\/v2\/product_tag?post=16692"}],"curies":[{"name":"wp","href":"https:\/\/api.w.org\/{rel}","templated":true}]}}