{"id":16694,"date":"2023-12-19T19:37:15","date_gmt":"2023-12-19T18:37:15","guid":{"rendered":"https:\/\/venuspara.com\/?post_type=product&#038;p=16694"},"modified":"2023-12-19T19:37:50","modified_gmt":"2023-12-19T18:37:50","slug":"mousse-nettoyante-150ml-clarelis","status":"publish","type":"product","link":"https:\/\/pharmadreams.shop\/index.php\/product\/mousse-nettoyante-150ml-clarelis\/","title":{"rendered":"Mousse nettoyante &#8211; 150ml &#8211; Clarelis"},"content":{"rendered":"","protected":false},"excerpt":{"rendered":"<p>La mousse nettoyante Clarelis nettoie et exfolie en douceur tous les types de peaux, m\u00eame les plus sensibles. La peau est plus nette, plus douce, plus claire et elle est hydrat\u00e9e, apais\u00e9e avec un teint \u00e9clatant et illumine.<\/p>\n","protected":false},"featured_media":16757,"comment_status":"open","ping_status":"closed","template":"","meta":[],"product_brand":[],"product_cat":[98,214,80,20],"product_tag":[182,215,177,179],"class_list":{"0":"post-16694","1":"product","2":"type-product","3":"status-publish","4":"has-post-thumbnail","6":"product_cat-hydratation","7":"product_cat-mousse-nettoyante","8":"product_cat-soins","9":"product_cat-visage","10":"product_tag-hydratation","11":"product_tag-mousse-nettoyante","12":"product_tag-soins","13":"product_tag-visage","15":"first","16":"instock","17":"shipping-taxable","18":"purchasable","19":"product-type-simple"},"yoast_head":"<!-- This site is optimized with the Yoast SEO plugin v23.0 - https:\/\/yoast.com\/wordpress\/plugins\/seo\/ -->\n<title>Mousse nettoyante - 150ml - Clarelis - pharmadreams<\/title>\n<meta name=\"robots\" content=\"index, follow, max-snippet:-1, max-image-preview:large, max-video-preview:-1\" \/>\n<link rel=\"canonical\" href=\"https:\/\/pharmadreams.shop\/index.php\/product\/mousse-nettoyante-150ml-clarelis\/\" \/>\n<meta property=\"og:locale\" content=\"fr_FR\" \/>\n<meta property=\"og:type\" content=\"article\" \/>\n<meta property=\"og:title\" content=\"Mousse nettoyante - 150ml - Clarelis - pharmadreams\" \/>\n<meta property=\"og:description\" content=\"La mousse nettoyante Clarelis nettoie et exfolie en douceur tous les types de peaux, m\u00eame les plus sensibles. La peau est plus nette, plus douce, plus claire et elle est hydrat\u00e9e, apais\u00e9e avec un teint \u00e9clatant et illumine.\" \/>\n<meta property=\"og:url\" content=\"https:\/\/pharmadreams.shop\/index.php\/product\/mousse-nettoyante-150ml-clarelis\/\" \/>\n<meta property=\"og:site_name\" content=\"pharmadreams\" \/>\n<meta property=\"article:modified_time\" content=\"2023-12-19T18:37:50+00:00\" \/>\n<meta property=\"og:image\" content=\"https:\/\/pharmadreams.shop\/wp-content\/uploads\/2023\/12\/mousse-nettoyante-clarelis-150ml-hydratation.png\" \/>\n\t<meta property=\"og:image:width\" content=\"458\" \/>\n\t<meta property=\"og:image:height\" content=\"458\" \/>\n\t<meta property=\"og:image:type\" content=\"image\/png\" \/>\n<meta name=\"twitter:card\" content=\"summary_large_image\" \/>\n<script type=\"application\/ld+json\" class=\"yoast-schema-graph\">{\"@context\":\"https:\/\/schema.org\",\"@graph\":[{\"@type\":\"WebPage\",\"@id\":\"https:\/\/pharmadreams.shop\/index.php\/product\/mousse-nettoyante-150ml-clarelis\/\",\"url\":\"https:\/\/pharmadreams.shop\/index.php\/product\/mousse-nettoyante-150ml-clarelis\/\",\"name\":\"Mousse nettoyante - 150ml - Clarelis - pharmadreams\",\"isPartOf\":{\"@id\":\"https:\/\/pharmadreams.shop\/#website\"},\"primaryImageOfPage\":{\"@id\":\"https:\/\/pharmadreams.shop\/index.php\/product\/mousse-nettoyante-150ml-clarelis\/#primaryimage\"},\"image\":{\"@id\":\"https:\/\/pharmadreams.shop\/index.php\/product\/mousse-nettoyante-150ml-clarelis\/#primaryimage\"},\"thumbnailUrl\":\"https:\/\/pharmadreams.shop\/wp-content\/uploads\/2023\/12\/mousse-nettoyante-clarelis-150ml-hydratation.png\",\"datePublished\":\"2023-12-19T18:37:15+00:00\",\"dateModified\":\"2023-12-19T18:37:50+00:00\",\"breadcrumb\":{\"@id\":\"https:\/\/pharmadreams.shop\/index.php\/product\/mousse-nettoyante-150ml-clarelis\/#breadcrumb\"},\"inLanguage\":\"fr-FR\",\"potentialAction\":[{\"@type\":\"ReadAction\",\"target\":[\"https:\/\/pharmadreams.shop\/index.php\/product\/mousse-nettoyante-150ml-clarelis\/\"]}]},{\"@type\":\"ImageObject\",\"inLanguage\":\"fr-FR\",\"@id\":\"https:\/\/pharmadreams.shop\/index.php\/product\/mousse-nettoyante-150ml-clarelis\/#primaryimage\",\"url\":\"https:\/\/pharmadreams.shop\/wp-content\/uploads\/2023\/12\/mousse-nettoyante-clarelis-150ml-hydratation.png\",\"contentUrl\":\"https:\/\/pharmadreams.shop\/wp-content\/uploads\/2023\/12\/mousse-nettoyante-clarelis-150ml-hydratation.png\",\"width\":458,\"height\":458},{\"@type\":\"BreadcrumbList\",\"@id\":\"https:\/\/pharmadreams.shop\/index.php\/product\/mousse-nettoyante-150ml-clarelis\/#breadcrumb\",\"itemListElement\":[{\"@type\":\"ListItem\",\"position\":1,\"name\":\"Accueil\",\"item\":\"https:\/\/pharmadreams.shop\/\"},{\"@type\":\"ListItem\",\"position\":2,\"name\":\"Shop\",\"item\":\"https:\/\/pharmadreams.shop\/index.php\/shop\/\"},{\"@type\":\"ListItem\",\"position\":3,\"name\":\"Mousse nettoyante &#8211; 150ml &#8211; Clarelis\"}]},{\"@type\":\"WebSite\",\"@id\":\"https:\/\/pharmadreams.shop\/#website\",\"url\":\"https:\/\/pharmadreams.shop\/\",\"name\":\"pharmadreams\",\"description\":\"Parapharmacie en ligne\",\"potentialAction\":[{\"@type\":\"SearchAction\",\"target\":{\"@type\":\"EntryPoint\",\"urlTemplate\":\"https:\/\/pharmadreams.shop\/?s={search_term_string}\"},\"query-input\":\"required name=search_term_string\"}],\"inLanguage\":\"fr-FR\"}]}<\/script>\n<!-- \/ Yoast SEO plugin. -->","yoast_head_json":{"title":"Mousse nettoyante - 150ml - Clarelis - pharmadreams","robots":{"index":"index","follow":"follow","max-snippet":"max-snippet:-1","max-image-preview":"max-image-preview:large","max-video-preview":"max-video-preview:-1"},"canonical":"https:\/\/pharmadreams.shop\/index.php\/product\/mousse-nettoyante-150ml-clarelis\/","og_locale":"fr_FR","og_type":"article","og_title":"Mousse nettoyante - 150ml - Clarelis - pharmadreams","og_description":"La mousse nettoyante Clarelis nettoie et exfolie en douceur tous les types de peaux, m\u00eame les plus sensibles. La peau est plus nette, plus douce, plus claire et elle est hydrat\u00e9e, apais\u00e9e avec un teint \u00e9clatant et illumine.","og_url":"https:\/\/pharmadreams.shop\/index.php\/product\/mousse-nettoyante-150ml-clarelis\/","og_site_name":"pharmadreams","article_modified_time":"2023-12-19T18:37:50+00:00","og_image":[{"width":458,"height":458,"url":"https:\/\/pharmadreams.shop\/wp-content\/uploads\/2023\/12\/mousse-nettoyante-clarelis-150ml-hydratation.png","type":"image\/png"}],"twitter_card":"summary_large_image","schema":{"@context":"https:\/\/schema.org","@graph":[{"@type":"WebPage","@id":"https:\/\/pharmadreams.shop\/index.php\/product\/mousse-nettoyante-150ml-clarelis\/","url":"https:\/\/pharmadreams.shop\/index.php\/product\/mousse-nettoyante-150ml-clarelis\/","name":"Mousse nettoyante - 150ml - Clarelis - pharmadreams","isPartOf":{"@id":"https:\/\/pharmadreams.shop\/#website"},"primaryImageOfPage":{"@id":"https:\/\/pharmadreams.shop\/index.php\/product\/mousse-nettoyante-150ml-clarelis\/#primaryimage"},"image":{"@id":"https:\/\/pharmadreams.shop\/index.php\/product\/mousse-nettoyante-150ml-clarelis\/#primaryimage"},"thumbnailUrl":"https:\/\/pharmadreams.shop\/wp-content\/uploads\/2023\/12\/mousse-nettoyante-clarelis-150ml-hydratation.png","datePublished":"2023-12-19T18:37:15+00:00","dateModified":"2023-12-19T18:37:50+00:00","breadcrumb":{"@id":"https:\/\/pharmadreams.shop\/index.php\/product\/mousse-nettoyante-150ml-clarelis\/#breadcrumb"},"inLanguage":"fr-FR","potentialAction":[{"@type":"ReadAction","target":["https:\/\/pharmadreams.shop\/index.php\/product\/mousse-nettoyante-150ml-clarelis\/"]}]},{"@type":"ImageObject","inLanguage":"fr-FR","@id":"https:\/\/pharmadreams.shop\/index.php\/product\/mousse-nettoyante-150ml-clarelis\/#primaryimage","url":"https:\/\/pharmadreams.shop\/wp-content\/uploads\/2023\/12\/mousse-nettoyante-clarelis-150ml-hydratation.png","contentUrl":"https:\/\/pharmadreams.shop\/wp-content\/uploads\/2023\/12\/mousse-nettoyante-clarelis-150ml-hydratation.png","width":458,"height":458},{"@type":"BreadcrumbList","@id":"https:\/\/pharmadreams.shop\/index.php\/product\/mousse-nettoyante-150ml-clarelis\/#breadcrumb","itemListElement":[{"@type":"ListItem","position":1,"name":"Accueil","item":"https:\/\/pharmadreams.shop\/"},{"@type":"ListItem","position":2,"name":"Shop","item":"https:\/\/pharmadreams.shop\/index.php\/shop\/"},{"@type":"ListItem","position":3,"name":"Mousse nettoyante &#8211; 150ml &#8211; Clarelis"}]},{"@type":"WebSite","@id":"https:\/\/pharmadreams.shop\/#website","url":"https:\/\/pharmadreams.shop\/","name":"pharmadreams","description":"Parapharmacie en ligne","potentialAction":[{"@type":"SearchAction","target":{"@type":"EntryPoint","urlTemplate":"https:\/\/pharmadreams.shop\/?s={search_term_string}"},"query-input":"required name=search_term_string"}],"inLanguage":"fr-FR"}]}},"_links":{"self":[{"href":"https:\/\/pharmadreams.shop\/index.php\/wp-json\/wp\/v2\/product\/16694","targetHints":{"allow":["GET"]}}],"collection":[{"href":"https:\/\/pharmadreams.shop\/index.php\/wp-json\/wp\/v2\/product"}],"about":[{"href":"https:\/\/pharmadreams.shop\/index.php\/wp-json\/wp\/v2\/types\/product"}],"replies":[{"embeddable":true,"href":"https:\/\/pharmadreams.shop\/index.php\/wp-json\/wp\/v2\/comments?post=16694"}],"version-history":[{"count":0,"href":"https:\/\/pharmadreams.shop\/index.php\/wp-json\/wp\/v2\/product\/16694\/revisions"}],"wp:featuredmedia":[{"embeddable":true,"href":"https:\/\/pharmadreams.shop\/index.php\/wp-json\/wp\/v2\/media\/16757"}],"wp:attachment":[{"href":"https:\/\/pharmadreams.shop\/index.php\/wp-json\/wp\/v2\/media?parent=16694"}],"wp:term":[{"taxonomy":"product_brand","embeddable":true,"href":"https:\/\/pharmadreams.shop\/index.php\/wp-json\/wp\/v2\/product_brand?post=16694"},{"taxonomy":"product_cat","embeddable":true,"href":"https:\/\/pharmadreams.shop\/index.php\/wp-json\/wp\/v2\/product_cat?post=16694"},{"taxonomy":"product_tag","embeddable":true,"href":"https:\/\/pharmadreams.shop\/index.php\/wp-json\/wp\/v2\/product_tag?post=16694"}],"curies":[{"name":"wp","href":"https:\/\/api.w.org\/{rel}","templated":true}]}}