{"id":16696,"date":"2023-12-19T19:37:16","date_gmt":"2023-12-19T18:37:16","guid":{"rendered":"https:\/\/venuspara.com\/?post_type=product&#038;p=16696"},"modified":"2023-12-19T19:37:53","modified_gmt":"2023-12-19T18:37:53","slug":"serum-lissant-cheveux-cassants-100ml-phytolis","status":"publish","type":"product","link":"https:\/\/pharmadreams.shop\/index.php\/product\/serum-lissant-cheveux-cassants-100ml-phytolis\/","title":{"rendered":"S\u00e9rum lissant cheveux cassants &#8211; 100ml &#8211; Phytolis"},"content":{"rendered":"","protected":false},"excerpt":{"rendered":"<p>Le s\u00e9rum lissant PHTOLYS est le traitement id\u00e9al anti-humidit\u00e9 qui prot\u00e8ge et lisse la cuticule tout en apportant beaucoup de brillance. Il adoucit les cheveux et les rend plus r\u00e9sistants aux agressions externes.<br \/>\nIndications du S\u00e9rum Capillaire Lissant Phytolys : Concilie les atouts dun soin et dun coiffant et convient \u00e9galement aux cheveux raides pour un fini ultra-lisse. Prot\u00e8ge les cheveux longs des fourches.<\/p>\n","protected":false},"featured_media":16761,"comment_status":"open","ping_status":"closed","template":"","meta":[],"product_brand":[],"product_cat":[218,53,219,94,110],"product_tag":[220,186,221,222,223],"class_list":{"0":"post-16696","1":"product","2":"type-product","3":"status-publish","4":"has-post-thumbnail","6":"product_cat-capillaire","7":"product_cat-cheveux","8":"product_cat-huiles-et-serums","9":"product_cat-serum","10":"product_cat-soin-cheveux","11":"product_tag-capillaire","12":"product_tag-cheveux","13":"product_tag-huiles-et-serums","14":"product_tag-serum","15":"product_tag-soins-cheveux","17":"first","18":"instock","19":"shipping-taxable","20":"purchasable","21":"product-type-simple"},"yoast_head":"<!-- This site is optimized with the Yoast SEO plugin v23.0 - https:\/\/yoast.com\/wordpress\/plugins\/seo\/ -->\n<title>S\u00e9rum lissant cheveux cassants - 100ml - Phytolis - pharmadreams<\/title>\n<meta name=\"robots\" content=\"index, follow, max-snippet:-1, max-image-preview:large, max-video-preview:-1\" \/>\n<link rel=\"canonical\" href=\"https:\/\/pharmadreams.shop\/index.php\/product\/serum-lissant-cheveux-cassants-100ml-phytolis\/\" \/>\n<meta property=\"og:locale\" content=\"fr_FR\" \/>\n<meta property=\"og:type\" content=\"article\" \/>\n<meta property=\"og:title\" content=\"S\u00e9rum lissant cheveux cassants - 100ml - Phytolis - pharmadreams\" \/>\n<meta property=\"og:description\" content=\"Le s\u00e9rum lissant PHTOLYS est le traitement id\u00e9al anti-humidit\u00e9 qui prot\u00e8ge et lisse la cuticule tout en apportant beaucoup de brillance. Il adoucit les cheveux et les rend plus r\u00e9sistants aux agressions externes. Indications du S\u00e9rum Capillaire Lissant Phytolys : Concilie les atouts dun soin et dun coiffant et convient \u00e9galement aux cheveux raides pour un fini ultra-lisse. Prot\u00e8ge les cheveux longs des fourches.\" \/>\n<meta property=\"og:url\" content=\"https:\/\/pharmadreams.shop\/index.php\/product\/serum-lissant-cheveux-cassants-100ml-phytolis\/\" \/>\n<meta property=\"og:site_name\" content=\"pharmadreams\" \/>\n<meta property=\"article:modified_time\" content=\"2023-12-19T18:37:53+00:00\" \/>\n<meta property=\"og:image\" content=\"https:\/\/pharmadreams.shop\/wp-content\/uploads\/2023\/12\/Serum-lissant-cheveux-cassants-100ml-Phytolis-protection.jpg\" \/>\n\t<meta property=\"og:image:width\" content=\"225\" \/>\n\t<meta property=\"og:image:height\" content=\"225\" \/>\n\t<meta property=\"og:image:type\" content=\"image\/jpeg\" \/>\n<meta name=\"twitter:card\" content=\"summary_large_image\" \/>\n<script type=\"application\/ld+json\" class=\"yoast-schema-graph\">{\"@context\":\"https:\/\/schema.org\",\"@graph\":[{\"@type\":\"WebPage\",\"@id\":\"https:\/\/pharmadreams.shop\/index.php\/product\/serum-lissant-cheveux-cassants-100ml-phytolis\/\",\"url\":\"https:\/\/pharmadreams.shop\/index.php\/product\/serum-lissant-cheveux-cassants-100ml-phytolis\/\",\"name\":\"S\u00e9rum lissant cheveux cassants - 100ml - Phytolis - pharmadreams\",\"isPartOf\":{\"@id\":\"https:\/\/pharmadreams.shop\/#website\"},\"primaryImageOfPage\":{\"@id\":\"https:\/\/pharmadreams.shop\/index.php\/product\/serum-lissant-cheveux-cassants-100ml-phytolis\/#primaryimage\"},\"image\":{\"@id\":\"https:\/\/pharmadreams.shop\/index.php\/product\/serum-lissant-cheveux-cassants-100ml-phytolis\/#primaryimage\"},\"thumbnailUrl\":\"https:\/\/pharmadreams.shop\/wp-content\/uploads\/2023\/12\/Serum-lissant-cheveux-cassants-100ml-Phytolis-protection.jpg\",\"datePublished\":\"2023-12-19T18:37:16+00:00\",\"dateModified\":\"2023-12-19T18:37:53+00:00\",\"breadcrumb\":{\"@id\":\"https:\/\/pharmadreams.shop\/index.php\/product\/serum-lissant-cheveux-cassants-100ml-phytolis\/#breadcrumb\"},\"inLanguage\":\"fr-FR\",\"potentialAction\":[{\"@type\":\"ReadAction\",\"target\":[\"https:\/\/pharmadreams.shop\/index.php\/product\/serum-lissant-cheveux-cassants-100ml-phytolis\/\"]}]},{\"@type\":\"ImageObject\",\"inLanguage\":\"fr-FR\",\"@id\":\"https:\/\/pharmadreams.shop\/index.php\/product\/serum-lissant-cheveux-cassants-100ml-phytolis\/#primaryimage\",\"url\":\"https:\/\/pharmadreams.shop\/wp-content\/uploads\/2023\/12\/Serum-lissant-cheveux-cassants-100ml-Phytolis-protection.jpg\",\"contentUrl\":\"https:\/\/pharmadreams.shop\/wp-content\/uploads\/2023\/12\/Serum-lissant-cheveux-cassants-100ml-Phytolis-protection.jpg\",\"width\":225,\"height\":225},{\"@type\":\"BreadcrumbList\",\"@id\":\"https:\/\/pharmadreams.shop\/index.php\/product\/serum-lissant-cheveux-cassants-100ml-phytolis\/#breadcrumb\",\"itemListElement\":[{\"@type\":\"ListItem\",\"position\":1,\"name\":\"Accueil\",\"item\":\"https:\/\/pharmadreams.shop\/\"},{\"@type\":\"ListItem\",\"position\":2,\"name\":\"Shop\",\"item\":\"https:\/\/pharmadreams.shop\/index.php\/shop\/\"},{\"@type\":\"ListItem\",\"position\":3,\"name\":\"S\u00e9rum lissant cheveux cassants &#8211; 100ml &#8211; Phytolis\"}]},{\"@type\":\"WebSite\",\"@id\":\"https:\/\/pharmadreams.shop\/#website\",\"url\":\"https:\/\/pharmadreams.shop\/\",\"name\":\"pharmadreams\",\"description\":\"Parapharmacie en ligne\",\"potentialAction\":[{\"@type\":\"SearchAction\",\"target\":{\"@type\":\"EntryPoint\",\"urlTemplate\":\"https:\/\/pharmadreams.shop\/?s={search_term_string}\"},\"query-input\":\"required name=search_term_string\"}],\"inLanguage\":\"fr-FR\"}]}<\/script>\n<!-- \/ Yoast SEO plugin. -->","yoast_head_json":{"title":"S\u00e9rum lissant cheveux cassants - 100ml - Phytolis - pharmadreams","robots":{"index":"index","follow":"follow","max-snippet":"max-snippet:-1","max-image-preview":"max-image-preview:large","max-video-preview":"max-video-preview:-1"},"canonical":"https:\/\/pharmadreams.shop\/index.php\/product\/serum-lissant-cheveux-cassants-100ml-phytolis\/","og_locale":"fr_FR","og_type":"article","og_title":"S\u00e9rum lissant cheveux cassants - 100ml - Phytolis - pharmadreams","og_description":"Le s\u00e9rum lissant PHTOLYS est le traitement id\u00e9al anti-humidit\u00e9 qui prot\u00e8ge et lisse la cuticule tout en apportant beaucoup de brillance. Il adoucit les cheveux et les rend plus r\u00e9sistants aux agressions externes. Indications du S\u00e9rum Capillaire Lissant Phytolys : Concilie les atouts dun soin et dun coiffant et convient \u00e9galement aux cheveux raides pour un fini ultra-lisse. Prot\u00e8ge les cheveux longs des fourches.","og_url":"https:\/\/pharmadreams.shop\/index.php\/product\/serum-lissant-cheveux-cassants-100ml-phytolis\/","og_site_name":"pharmadreams","article_modified_time":"2023-12-19T18:37:53+00:00","og_image":[{"width":225,"height":225,"url":"https:\/\/pharmadreams.shop\/wp-content\/uploads\/2023\/12\/Serum-lissant-cheveux-cassants-100ml-Phytolis-protection.jpg","type":"image\/jpeg"}],"twitter_card":"summary_large_image","schema":{"@context":"https:\/\/schema.org","@graph":[{"@type":"WebPage","@id":"https:\/\/pharmadreams.shop\/index.php\/product\/serum-lissant-cheveux-cassants-100ml-phytolis\/","url":"https:\/\/pharmadreams.shop\/index.php\/product\/serum-lissant-cheveux-cassants-100ml-phytolis\/","name":"S\u00e9rum lissant cheveux cassants - 100ml - Phytolis - pharmadreams","isPartOf":{"@id":"https:\/\/pharmadreams.shop\/#website"},"primaryImageOfPage":{"@id":"https:\/\/pharmadreams.shop\/index.php\/product\/serum-lissant-cheveux-cassants-100ml-phytolis\/#primaryimage"},"image":{"@id":"https:\/\/pharmadreams.shop\/index.php\/product\/serum-lissant-cheveux-cassants-100ml-phytolis\/#primaryimage"},"thumbnailUrl":"https:\/\/pharmadreams.shop\/wp-content\/uploads\/2023\/12\/Serum-lissant-cheveux-cassants-100ml-Phytolis-protection.jpg","datePublished":"2023-12-19T18:37:16+00:00","dateModified":"2023-12-19T18:37:53+00:00","breadcrumb":{"@id":"https:\/\/pharmadreams.shop\/index.php\/product\/serum-lissant-cheveux-cassants-100ml-phytolis\/#breadcrumb"},"inLanguage":"fr-FR","potentialAction":[{"@type":"ReadAction","target":["https:\/\/pharmadreams.shop\/index.php\/product\/serum-lissant-cheveux-cassants-100ml-phytolis\/"]}]},{"@type":"ImageObject","inLanguage":"fr-FR","@id":"https:\/\/pharmadreams.shop\/index.php\/product\/serum-lissant-cheveux-cassants-100ml-phytolis\/#primaryimage","url":"https:\/\/pharmadreams.shop\/wp-content\/uploads\/2023\/12\/Serum-lissant-cheveux-cassants-100ml-Phytolis-protection.jpg","contentUrl":"https:\/\/pharmadreams.shop\/wp-content\/uploads\/2023\/12\/Serum-lissant-cheveux-cassants-100ml-Phytolis-protection.jpg","width":225,"height":225},{"@type":"BreadcrumbList","@id":"https:\/\/pharmadreams.shop\/index.php\/product\/serum-lissant-cheveux-cassants-100ml-phytolis\/#breadcrumb","itemListElement":[{"@type":"ListItem","position":1,"name":"Accueil","item":"https:\/\/pharmadreams.shop\/"},{"@type":"ListItem","position":2,"name":"Shop","item":"https:\/\/pharmadreams.shop\/index.php\/shop\/"},{"@type":"ListItem","position":3,"name":"S\u00e9rum lissant cheveux cassants &#8211; 100ml &#8211; Phytolis"}]},{"@type":"WebSite","@id":"https:\/\/pharmadreams.shop\/#website","url":"https:\/\/pharmadreams.shop\/","name":"pharmadreams","description":"Parapharmacie en ligne","potentialAction":[{"@type":"SearchAction","target":{"@type":"EntryPoint","urlTemplate":"https:\/\/pharmadreams.shop\/?s={search_term_string}"},"query-input":"required name=search_term_string"}],"inLanguage":"fr-FR"}]}},"_links":{"self":[{"href":"https:\/\/pharmadreams.shop\/index.php\/wp-json\/wp\/v2\/product\/16696","targetHints":{"allow":["GET"]}}],"collection":[{"href":"https:\/\/pharmadreams.shop\/index.php\/wp-json\/wp\/v2\/product"}],"about":[{"href":"https:\/\/pharmadreams.shop\/index.php\/wp-json\/wp\/v2\/types\/product"}],"replies":[{"embeddable":true,"href":"https:\/\/pharmadreams.shop\/index.php\/wp-json\/wp\/v2\/comments?post=16696"}],"version-history":[{"count":0,"href":"https:\/\/pharmadreams.shop\/index.php\/wp-json\/wp\/v2\/product\/16696\/revisions"}],"wp:featuredmedia":[{"embeddable":true,"href":"https:\/\/pharmadreams.shop\/index.php\/wp-json\/wp\/v2\/media\/16761"}],"wp:attachment":[{"href":"https:\/\/pharmadreams.shop\/index.php\/wp-json\/wp\/v2\/media?parent=16696"}],"wp:term":[{"taxonomy":"product_brand","embeddable":true,"href":"https:\/\/pharmadreams.shop\/index.php\/wp-json\/wp\/v2\/product_brand?post=16696"},{"taxonomy":"product_cat","embeddable":true,"href":"https:\/\/pharmadreams.shop\/index.php\/wp-json\/wp\/v2\/product_cat?post=16696"},{"taxonomy":"product_tag","embeddable":true,"href":"https:\/\/pharmadreams.shop\/index.php\/wp-json\/wp\/v2\/product_tag?post=16696"}],"curies":[{"name":"wp","href":"https:\/\/api.w.org\/{rel}","templated":true}]}}