{"id":16697,"date":"2023-12-19T19:37:16","date_gmt":"2023-12-19T18:37:16","guid":{"rendered":"https:\/\/venuspara.com\/?post_type=product&#038;p=16697"},"modified":"2023-12-19T19:37:53","modified_gmt":"2023-12-19T18:37:53","slug":"mousse-cclaire-nettoyante-eclaircissante-150ml-chloris","status":"publish","type":"product","link":"https:\/\/pharmadreams.shop\/index.php\/product\/mousse-cclaire-nettoyante-eclaircissante-150ml-chloris\/","title":{"rendered":"mousse c&rsquo;claire nettoyante eclaircissante -150ml &#8211; Chloris"},"content":{"rendered":"","protected":false},"excerpt":{"rendered":"<p>Chloris c&rsquo;claire mousse est un gel moussant nettoyant quotidien avec rin\u00e7age qui d\u00e9maquille, nettoie, hydrate et illumine la peau du visage et le contour des yeux, adapt\u00e9 \u00e0 tous les types de peaux.<\/p>\n","protected":false},"featured_media":0,"comment_status":"open","ping_status":"closed","template":"","meta":[],"product_brand":[],"product_cat":[99,191,20],"product_tag":[212,192,179],"class_list":{"0":"post-16697","1":"product","2":"type-product","3":"status-publish","5":"product_cat-mousse","6":"product_cat-nettoyant-et-demaquillant","7":"product_cat-visage","8":"product_tag-mousse","9":"product_tag-nettoyant-et-demaquillant","10":"product_tag-visage","12":"first","13":"instock","14":"shipping-taxable","15":"purchasable","16":"product-type-simple"},"yoast_head":"<!-- This site is optimized with the Yoast SEO plugin v23.0 - https:\/\/yoast.com\/wordpress\/plugins\/seo\/ -->\n<title>mousse c&#039;claire nettoyante eclaircissante -150ml - Chloris - pharmadreams<\/title>\n<meta name=\"robots\" content=\"index, follow, max-snippet:-1, max-image-preview:large, max-video-preview:-1\" \/>\n<link rel=\"canonical\" href=\"https:\/\/pharmadreams.shop\/index.php\/product\/mousse-cclaire-nettoyante-eclaircissante-150ml-chloris\/\" \/>\n<meta property=\"og:locale\" content=\"fr_FR\" \/>\n<meta property=\"og:type\" content=\"article\" \/>\n<meta property=\"og:title\" content=\"mousse c&#039;claire nettoyante eclaircissante -150ml - Chloris - pharmadreams\" \/>\n<meta property=\"og:description\" content=\"Chloris c&#039;claire mousse est un gel moussant nettoyant quotidien avec rin\u00e7age qui d\u00e9maquille, nettoie, hydrate et illumine la peau du visage et le contour des yeux, adapt\u00e9 \u00e0 tous les types de peaux.\" \/>\n<meta property=\"og:url\" content=\"https:\/\/pharmadreams.shop\/index.php\/product\/mousse-cclaire-nettoyante-eclaircissante-150ml-chloris\/\" \/>\n<meta property=\"og:site_name\" content=\"pharmadreams\" \/>\n<meta property=\"article:modified_time\" content=\"2023-12-19T18:37:53+00:00\" \/>\n<meta name=\"twitter:card\" content=\"summary_large_image\" \/>\n<script type=\"application\/ld+json\" class=\"yoast-schema-graph\">{\"@context\":\"https:\/\/schema.org\",\"@graph\":[{\"@type\":\"WebPage\",\"@id\":\"https:\/\/pharmadreams.shop\/index.php\/product\/mousse-cclaire-nettoyante-eclaircissante-150ml-chloris\/\",\"url\":\"https:\/\/pharmadreams.shop\/index.php\/product\/mousse-cclaire-nettoyante-eclaircissante-150ml-chloris\/\",\"name\":\"mousse c'claire nettoyante eclaircissante -150ml - Chloris - pharmadreams\",\"isPartOf\":{\"@id\":\"https:\/\/pharmadreams.shop\/#website\"},\"datePublished\":\"2023-12-19T18:37:16+00:00\",\"dateModified\":\"2023-12-19T18:37:53+00:00\",\"breadcrumb\":{\"@id\":\"https:\/\/pharmadreams.shop\/index.php\/product\/mousse-cclaire-nettoyante-eclaircissante-150ml-chloris\/#breadcrumb\"},\"inLanguage\":\"fr-FR\",\"potentialAction\":[{\"@type\":\"ReadAction\",\"target\":[\"https:\/\/pharmadreams.shop\/index.php\/product\/mousse-cclaire-nettoyante-eclaircissante-150ml-chloris\/\"]}]},{\"@type\":\"BreadcrumbList\",\"@id\":\"https:\/\/pharmadreams.shop\/index.php\/product\/mousse-cclaire-nettoyante-eclaircissante-150ml-chloris\/#breadcrumb\",\"itemListElement\":[{\"@type\":\"ListItem\",\"position\":1,\"name\":\"Accueil\",\"item\":\"https:\/\/pharmadreams.shop\/\"},{\"@type\":\"ListItem\",\"position\":2,\"name\":\"Shop\",\"item\":\"https:\/\/pharmadreams.shop\/index.php\/shop\/\"},{\"@type\":\"ListItem\",\"position\":3,\"name\":\"mousse c&#8217;claire nettoyante eclaircissante -150ml &#8211; Chloris\"}]},{\"@type\":\"WebSite\",\"@id\":\"https:\/\/pharmadreams.shop\/#website\",\"url\":\"https:\/\/pharmadreams.shop\/\",\"name\":\"pharmadreams\",\"description\":\"Parapharmacie en ligne\",\"potentialAction\":[{\"@type\":\"SearchAction\",\"target\":{\"@type\":\"EntryPoint\",\"urlTemplate\":\"https:\/\/pharmadreams.shop\/?s={search_term_string}\"},\"query-input\":\"required name=search_term_string\"}],\"inLanguage\":\"fr-FR\"}]}<\/script>\n<!-- \/ Yoast SEO plugin. -->","yoast_head_json":{"title":"mousse c'claire nettoyante eclaircissante -150ml - Chloris - pharmadreams","robots":{"index":"index","follow":"follow","max-snippet":"max-snippet:-1","max-image-preview":"max-image-preview:large","max-video-preview":"max-video-preview:-1"},"canonical":"https:\/\/pharmadreams.shop\/index.php\/product\/mousse-cclaire-nettoyante-eclaircissante-150ml-chloris\/","og_locale":"fr_FR","og_type":"article","og_title":"mousse c'claire nettoyante eclaircissante -150ml - Chloris - pharmadreams","og_description":"Chloris c'claire mousse est un gel moussant nettoyant quotidien avec rin\u00e7age qui d\u00e9maquille, nettoie, hydrate et illumine la peau du visage et le contour des yeux, adapt\u00e9 \u00e0 tous les types de peaux.","og_url":"https:\/\/pharmadreams.shop\/index.php\/product\/mousse-cclaire-nettoyante-eclaircissante-150ml-chloris\/","og_site_name":"pharmadreams","article_modified_time":"2023-12-19T18:37:53+00:00","twitter_card":"summary_large_image","schema":{"@context":"https:\/\/schema.org","@graph":[{"@type":"WebPage","@id":"https:\/\/pharmadreams.shop\/index.php\/product\/mousse-cclaire-nettoyante-eclaircissante-150ml-chloris\/","url":"https:\/\/pharmadreams.shop\/index.php\/product\/mousse-cclaire-nettoyante-eclaircissante-150ml-chloris\/","name":"mousse c'claire nettoyante eclaircissante -150ml - Chloris - pharmadreams","isPartOf":{"@id":"https:\/\/pharmadreams.shop\/#website"},"datePublished":"2023-12-19T18:37:16+00:00","dateModified":"2023-12-19T18:37:53+00:00","breadcrumb":{"@id":"https:\/\/pharmadreams.shop\/index.php\/product\/mousse-cclaire-nettoyante-eclaircissante-150ml-chloris\/#breadcrumb"},"inLanguage":"fr-FR","potentialAction":[{"@type":"ReadAction","target":["https:\/\/pharmadreams.shop\/index.php\/product\/mousse-cclaire-nettoyante-eclaircissante-150ml-chloris\/"]}]},{"@type":"BreadcrumbList","@id":"https:\/\/pharmadreams.shop\/index.php\/product\/mousse-cclaire-nettoyante-eclaircissante-150ml-chloris\/#breadcrumb","itemListElement":[{"@type":"ListItem","position":1,"name":"Accueil","item":"https:\/\/pharmadreams.shop\/"},{"@type":"ListItem","position":2,"name":"Shop","item":"https:\/\/pharmadreams.shop\/index.php\/shop\/"},{"@type":"ListItem","position":3,"name":"mousse c&#8217;claire nettoyante eclaircissante -150ml &#8211; Chloris"}]},{"@type":"WebSite","@id":"https:\/\/pharmadreams.shop\/#website","url":"https:\/\/pharmadreams.shop\/","name":"pharmadreams","description":"Parapharmacie en ligne","potentialAction":[{"@type":"SearchAction","target":{"@type":"EntryPoint","urlTemplate":"https:\/\/pharmadreams.shop\/?s={search_term_string}"},"query-input":"required name=search_term_string"}],"inLanguage":"fr-FR"}]}},"_links":{"self":[{"href":"https:\/\/pharmadreams.shop\/index.php\/wp-json\/wp\/v2\/product\/16697","targetHints":{"allow":["GET"]}}],"collection":[{"href":"https:\/\/pharmadreams.shop\/index.php\/wp-json\/wp\/v2\/product"}],"about":[{"href":"https:\/\/pharmadreams.shop\/index.php\/wp-json\/wp\/v2\/types\/product"}],"replies":[{"embeddable":true,"href":"https:\/\/pharmadreams.shop\/index.php\/wp-json\/wp\/v2\/comments?post=16697"}],"version-history":[{"count":0,"href":"https:\/\/pharmadreams.shop\/index.php\/wp-json\/wp\/v2\/product\/16697\/revisions"}],"wp:attachment":[{"href":"https:\/\/pharmadreams.shop\/index.php\/wp-json\/wp\/v2\/media?parent=16697"}],"wp:term":[{"taxonomy":"product_brand","embeddable":true,"href":"https:\/\/pharmadreams.shop\/index.php\/wp-json\/wp\/v2\/product_brand?post=16697"},{"taxonomy":"product_cat","embeddable":true,"href":"https:\/\/pharmadreams.shop\/index.php\/wp-json\/wp\/v2\/product_cat?post=16697"},{"taxonomy":"product_tag","embeddable":true,"href":"https:\/\/pharmadreams.shop\/index.php\/wp-json\/wp\/v2\/product_tag?post=16697"}],"curies":[{"name":"wp","href":"https:\/\/api.w.org\/{rel}","templated":true}]}}