{"id":16698,"date":"2023-12-19T19:37:16","date_gmt":"2023-12-19T18:37:16","guid":{"rendered":"https:\/\/venuspara.com\/?post_type=product&#038;p=16698"},"modified":"2023-12-19T19:37:55","modified_gmt":"2023-12-19T18:37:55","slug":"very-rose-lait-demaquillant-200ml-nuxe","status":"publish","type":"product","link":"https:\/\/pharmadreams.shop\/index.php\/product\/very-rose-lait-demaquillant-200ml-nuxe\/","title":{"rendered":"Very rose lait d\u00e9maquillant &#8211; 200ml &#8211; Nuxe"},"content":{"rendered":"","protected":false},"excerpt":{"rendered":"<p>Nuxe very rose lait d\u00e9maquillant est un lait onctueux au doux parfum de rose d\u00e9maquille parfaitement, hydrate et r\u00e9conforte la peau du visage et des yeux, tout en respectant son \u00e9quilibre.<br \/>\nSa texture ultra-sensorielle \u00ab\u00a0lait en huile\u00a0\u00bb d\u00e9maquille tout en douceur et apporte du confort sans laisser de fini gras. Imm\u00e9diatement, les impuret\u00e9s et le maquillage sont \u00e9limin\u00e9s, la peau est hydrat\u00e9e, douce et confortable. Test\u00e9e sous contr\u00f4le dermatologique et ophtalmologique. 95% d\u2019ingr\u00e9dients d\u2019origine naturelle.<\/p>\n","protected":false},"featured_media":16764,"comment_status":"open","ping_status":"closed","template":"","meta":[],"product_brand":[],"product_cat":[224,225,162,226],"product_tag":[227,228,229,230],"class_list":{"0":"post-16698","1":"product","2":"type-product","3":"status-publish","4":"has-post-thumbnail","6":"product_cat-lait-demaquillant","7":"product_cat-peaux-grasses","8":"product_cat-peaux-mixtes","9":"product_cat-peaux-normales","10":"product_tag-lait-demaquillant","11":"product_tag-peaux-grasses","12":"product_tag-peaux-mixtes","13":"product_tag-peaux-normales","15":"first","16":"instock","17":"shipping-taxable","18":"purchasable","19":"product-type-simple"},"yoast_head":"<!-- This site is optimized with the Yoast SEO plugin v23.0 - https:\/\/yoast.com\/wordpress\/plugins\/seo\/ -->\n<title>Very rose lait d\u00e9maquillant - 200ml - Nuxe - pharmadreams<\/title>\n<meta name=\"robots\" content=\"index, follow, max-snippet:-1, max-image-preview:large, max-video-preview:-1\" \/>\n<link rel=\"canonical\" href=\"https:\/\/pharmadreams.shop\/index.php\/product\/very-rose-lait-demaquillant-200ml-nuxe\/\" \/>\n<meta property=\"og:locale\" content=\"fr_FR\" \/>\n<meta property=\"og:type\" content=\"article\" \/>\n<meta property=\"og:title\" content=\"Very rose lait d\u00e9maquillant - 200ml - Nuxe - pharmadreams\" \/>\n<meta property=\"og:description\" content=\"Nuxe very rose lait d\u00e9maquillant est un lait onctueux au doux parfum de rose d\u00e9maquille parfaitement, hydrate et r\u00e9conforte la peau du visage et des yeux, tout en respectant son \u00e9quilibre. Sa texture ultra-sensorielle \u00ab\u00a0lait en huile\u00a0\u00bb d\u00e9maquille tout en douceur et apporte du confort sans laisser de fini gras. Imm\u00e9diatement, les impuret\u00e9s et le maquillage sont \u00e9limin\u00e9s, la peau est hydrat\u00e9e, douce et confortable. Test\u00e9e sous contr\u00f4le dermatologique et ophtalmologique. 95% d\u2019ingr\u00e9dients d\u2019origine naturelle.\" \/>\n<meta property=\"og:url\" content=\"https:\/\/pharmadreams.shop\/index.php\/product\/very-rose-lait-demaquillant-200ml-nuxe\/\" \/>\n<meta property=\"og:site_name\" content=\"pharmadreams\" \/>\n<meta property=\"article:modified_time\" content=\"2023-12-19T18:37:55+00:00\" \/>\n<meta property=\"og:image\" content=\"https:\/\/pharmadreams.shop\/wp-content\/uploads\/2023\/12\/Very-rose-lait-demaquillant-nuxe-200ml-renforce-la-peau.jpg\" \/>\n\t<meta property=\"og:image:width\" content=\"197\" \/>\n\t<meta property=\"og:image:height\" content=\"255\" \/>\n\t<meta property=\"og:image:type\" content=\"image\/jpeg\" \/>\n<meta name=\"twitter:card\" content=\"summary_large_image\" \/>\n<script type=\"application\/ld+json\" class=\"yoast-schema-graph\">{\"@context\":\"https:\/\/schema.org\",\"@graph\":[{\"@type\":\"WebPage\",\"@id\":\"https:\/\/pharmadreams.shop\/index.php\/product\/very-rose-lait-demaquillant-200ml-nuxe\/\",\"url\":\"https:\/\/pharmadreams.shop\/index.php\/product\/very-rose-lait-demaquillant-200ml-nuxe\/\",\"name\":\"Very rose lait d\u00e9maquillant - 200ml - Nuxe - pharmadreams\",\"isPartOf\":{\"@id\":\"https:\/\/pharmadreams.shop\/#website\"},\"primaryImageOfPage\":{\"@id\":\"https:\/\/pharmadreams.shop\/index.php\/product\/very-rose-lait-demaquillant-200ml-nuxe\/#primaryimage\"},\"image\":{\"@id\":\"https:\/\/pharmadreams.shop\/index.php\/product\/very-rose-lait-demaquillant-200ml-nuxe\/#primaryimage\"},\"thumbnailUrl\":\"https:\/\/pharmadreams.shop\/wp-content\/uploads\/2023\/12\/Very-rose-lait-demaquillant-nuxe-200ml-renforce-la-peau.jpg\",\"datePublished\":\"2023-12-19T18:37:16+00:00\",\"dateModified\":\"2023-12-19T18:37:55+00:00\",\"breadcrumb\":{\"@id\":\"https:\/\/pharmadreams.shop\/index.php\/product\/very-rose-lait-demaquillant-200ml-nuxe\/#breadcrumb\"},\"inLanguage\":\"fr-FR\",\"potentialAction\":[{\"@type\":\"ReadAction\",\"target\":[\"https:\/\/pharmadreams.shop\/index.php\/product\/very-rose-lait-demaquillant-200ml-nuxe\/\"]}]},{\"@type\":\"ImageObject\",\"inLanguage\":\"fr-FR\",\"@id\":\"https:\/\/pharmadreams.shop\/index.php\/product\/very-rose-lait-demaquillant-200ml-nuxe\/#primaryimage\",\"url\":\"https:\/\/pharmadreams.shop\/wp-content\/uploads\/2023\/12\/Very-rose-lait-demaquillant-nuxe-200ml-renforce-la-peau.jpg\",\"contentUrl\":\"https:\/\/pharmadreams.shop\/wp-content\/uploads\/2023\/12\/Very-rose-lait-demaquillant-nuxe-200ml-renforce-la-peau.jpg\",\"width\":197,\"height\":255},{\"@type\":\"BreadcrumbList\",\"@id\":\"https:\/\/pharmadreams.shop\/index.php\/product\/very-rose-lait-demaquillant-200ml-nuxe\/#breadcrumb\",\"itemListElement\":[{\"@type\":\"ListItem\",\"position\":1,\"name\":\"Accueil\",\"item\":\"https:\/\/pharmadreams.shop\/\"},{\"@type\":\"ListItem\",\"position\":2,\"name\":\"Shop\",\"item\":\"https:\/\/pharmadreams.shop\/index.php\/shop\/\"},{\"@type\":\"ListItem\",\"position\":3,\"name\":\"Very rose lait d\u00e9maquillant &#8211; 200ml &#8211; Nuxe\"}]},{\"@type\":\"WebSite\",\"@id\":\"https:\/\/pharmadreams.shop\/#website\",\"url\":\"https:\/\/pharmadreams.shop\/\",\"name\":\"pharmadreams\",\"description\":\"Parapharmacie en ligne\",\"potentialAction\":[{\"@type\":\"SearchAction\",\"target\":{\"@type\":\"EntryPoint\",\"urlTemplate\":\"https:\/\/pharmadreams.shop\/?s={search_term_string}\"},\"query-input\":\"required name=search_term_string\"}],\"inLanguage\":\"fr-FR\"}]}<\/script>\n<!-- \/ Yoast SEO plugin. -->","yoast_head_json":{"title":"Very rose lait d\u00e9maquillant - 200ml - Nuxe - pharmadreams","robots":{"index":"index","follow":"follow","max-snippet":"max-snippet:-1","max-image-preview":"max-image-preview:large","max-video-preview":"max-video-preview:-1"},"canonical":"https:\/\/pharmadreams.shop\/index.php\/product\/very-rose-lait-demaquillant-200ml-nuxe\/","og_locale":"fr_FR","og_type":"article","og_title":"Very rose lait d\u00e9maquillant - 200ml - Nuxe - pharmadreams","og_description":"Nuxe very rose lait d\u00e9maquillant est un lait onctueux au doux parfum de rose d\u00e9maquille parfaitement, hydrate et r\u00e9conforte la peau du visage et des yeux, tout en respectant son \u00e9quilibre. Sa texture ultra-sensorielle \u00ab\u00a0lait en huile\u00a0\u00bb d\u00e9maquille tout en douceur et apporte du confort sans laisser de fini gras. Imm\u00e9diatement, les impuret\u00e9s et le maquillage sont \u00e9limin\u00e9s, la peau est hydrat\u00e9e, douce et confortable. Test\u00e9e sous contr\u00f4le dermatologique et ophtalmologique. 95% d\u2019ingr\u00e9dients d\u2019origine naturelle.","og_url":"https:\/\/pharmadreams.shop\/index.php\/product\/very-rose-lait-demaquillant-200ml-nuxe\/","og_site_name":"pharmadreams","article_modified_time":"2023-12-19T18:37:55+00:00","og_image":[{"width":197,"height":255,"url":"https:\/\/pharmadreams.shop\/wp-content\/uploads\/2023\/12\/Very-rose-lait-demaquillant-nuxe-200ml-renforce-la-peau.jpg","type":"image\/jpeg"}],"twitter_card":"summary_large_image","schema":{"@context":"https:\/\/schema.org","@graph":[{"@type":"WebPage","@id":"https:\/\/pharmadreams.shop\/index.php\/product\/very-rose-lait-demaquillant-200ml-nuxe\/","url":"https:\/\/pharmadreams.shop\/index.php\/product\/very-rose-lait-demaquillant-200ml-nuxe\/","name":"Very rose lait d\u00e9maquillant - 200ml - Nuxe - pharmadreams","isPartOf":{"@id":"https:\/\/pharmadreams.shop\/#website"},"primaryImageOfPage":{"@id":"https:\/\/pharmadreams.shop\/index.php\/product\/very-rose-lait-demaquillant-200ml-nuxe\/#primaryimage"},"image":{"@id":"https:\/\/pharmadreams.shop\/index.php\/product\/very-rose-lait-demaquillant-200ml-nuxe\/#primaryimage"},"thumbnailUrl":"https:\/\/pharmadreams.shop\/wp-content\/uploads\/2023\/12\/Very-rose-lait-demaquillant-nuxe-200ml-renforce-la-peau.jpg","datePublished":"2023-12-19T18:37:16+00:00","dateModified":"2023-12-19T18:37:55+00:00","breadcrumb":{"@id":"https:\/\/pharmadreams.shop\/index.php\/product\/very-rose-lait-demaquillant-200ml-nuxe\/#breadcrumb"},"inLanguage":"fr-FR","potentialAction":[{"@type":"ReadAction","target":["https:\/\/pharmadreams.shop\/index.php\/product\/very-rose-lait-demaquillant-200ml-nuxe\/"]}]},{"@type":"ImageObject","inLanguage":"fr-FR","@id":"https:\/\/pharmadreams.shop\/index.php\/product\/very-rose-lait-demaquillant-200ml-nuxe\/#primaryimage","url":"https:\/\/pharmadreams.shop\/wp-content\/uploads\/2023\/12\/Very-rose-lait-demaquillant-nuxe-200ml-renforce-la-peau.jpg","contentUrl":"https:\/\/pharmadreams.shop\/wp-content\/uploads\/2023\/12\/Very-rose-lait-demaquillant-nuxe-200ml-renforce-la-peau.jpg","width":197,"height":255},{"@type":"BreadcrumbList","@id":"https:\/\/pharmadreams.shop\/index.php\/product\/very-rose-lait-demaquillant-200ml-nuxe\/#breadcrumb","itemListElement":[{"@type":"ListItem","position":1,"name":"Accueil","item":"https:\/\/pharmadreams.shop\/"},{"@type":"ListItem","position":2,"name":"Shop","item":"https:\/\/pharmadreams.shop\/index.php\/shop\/"},{"@type":"ListItem","position":3,"name":"Very rose lait d\u00e9maquillant &#8211; 200ml &#8211; Nuxe"}]},{"@type":"WebSite","@id":"https:\/\/pharmadreams.shop\/#website","url":"https:\/\/pharmadreams.shop\/","name":"pharmadreams","description":"Parapharmacie en ligne","potentialAction":[{"@type":"SearchAction","target":{"@type":"EntryPoint","urlTemplate":"https:\/\/pharmadreams.shop\/?s={search_term_string}"},"query-input":"required name=search_term_string"}],"inLanguage":"fr-FR"}]}},"_links":{"self":[{"href":"https:\/\/pharmadreams.shop\/index.php\/wp-json\/wp\/v2\/product\/16698","targetHints":{"allow":["GET"]}}],"collection":[{"href":"https:\/\/pharmadreams.shop\/index.php\/wp-json\/wp\/v2\/product"}],"about":[{"href":"https:\/\/pharmadreams.shop\/index.php\/wp-json\/wp\/v2\/types\/product"}],"replies":[{"embeddable":true,"href":"https:\/\/pharmadreams.shop\/index.php\/wp-json\/wp\/v2\/comments?post=16698"}],"version-history":[{"count":0,"href":"https:\/\/pharmadreams.shop\/index.php\/wp-json\/wp\/v2\/product\/16698\/revisions"}],"wp:featuredmedia":[{"embeddable":true,"href":"https:\/\/pharmadreams.shop\/index.php\/wp-json\/wp\/v2\/media\/16764"}],"wp:attachment":[{"href":"https:\/\/pharmadreams.shop\/index.php\/wp-json\/wp\/v2\/media?parent=16698"}],"wp:term":[{"taxonomy":"product_brand","embeddable":true,"href":"https:\/\/pharmadreams.shop\/index.php\/wp-json\/wp\/v2\/product_brand?post=16698"},{"taxonomy":"product_cat","embeddable":true,"href":"https:\/\/pharmadreams.shop\/index.php\/wp-json\/wp\/v2\/product_cat?post=16698"},{"taxonomy":"product_tag","embeddable":true,"href":"https:\/\/pharmadreams.shop\/index.php\/wp-json\/wp\/v2\/product_tag?post=16698"}],"curies":[{"name":"wp","href":"https:\/\/api.w.org\/{rel}","templated":true}]}}