{"id":16699,"date":"2023-12-19T19:37:16","date_gmt":"2023-12-19T18:37:16","guid":{"rendered":"https:\/\/venuspara.com\/?post_type=product&#038;p=16699"},"modified":"2023-12-19T19:37:56","modified_gmt":"2023-12-19T18:37:56","slug":"very-rose-mousse-nettoyant-150ml-nuxe","status":"publish","type":"product","link":"https:\/\/pharmadreams.shop\/index.php\/product\/very-rose-mousse-nettoyant-150ml-nuxe\/","title":{"rendered":"Very rose mousse nettoyant &#8211; 150ml &#8211; Nuxe"},"content":{"rendered":"","protected":false},"excerpt":{"rendered":"<p style=\"font-weight: 400;\">Nuxe Very rose Mousse A\u00e9rienne Nettoyante 150 ml est une mousse non dess\u00e9chante \u00e0 l&rsquo;eau florale de rose et au complexe skin-respect qui nettoie en douceur et apaise le visage. Cette mousse fondante au doux parfum de rose et formul\u00e9e \u00e0 base :<\/p>\n<ul style=\"font-weight: 400;\">\n<li>d&rsquo;eau florale de rose reconnue pour ses vertus apaisantes et adoucissantes sur toutes les peaux, m\u00eame sensibles,<\/li>\n<li>du complexe Skin-Respect 100% d&rsquo;origine v\u00e9g\u00e9tale compos\u00e9 de sucres hydratants pour hydrater et renforcer la barri\u00e8re protectrice de la peau,<\/li>\n<li>d&rsquo;agents nettoyants d&rsquo;origine naturelle, issus du coco et du bl\u00e9, pour \u00e9liminer efficacement les impuret\u00e9s, les traces de maquillage et l&rsquo;exc\u00e8s de s\u00e9bum tout en assurant une bonne tol\u00e9rance \u00e0 la peau.<\/li>\n<\/ul>\n","protected":false},"featured_media":16766,"comment_status":"open","ping_status":"closed","template":"","meta":[],"product_brand":[],"product_cat":[188,214,20],"product_tag":[189,215,179],"class_list":{"0":"post-16699","1":"product","2":"type-product","3":"status-publish","4":"has-post-thumbnail","6":"product_cat-beaute-et-hygiene","7":"product_cat-mousse-nettoyante","8":"product_cat-visage","9":"product_tag-beaute-et-hygiene","10":"product_tag-mousse-nettoyante","11":"product_tag-visage","13":"first","14":"instock","15":"shipping-taxable","16":"purchasable","17":"product-type-simple"},"yoast_head":"<!-- This site is optimized with the Yoast SEO plugin v23.0 - https:\/\/yoast.com\/wordpress\/plugins\/seo\/ -->\n<title>Very rose mousse nettoyant - 150ml - Nuxe - pharmadreams<\/title>\n<meta name=\"robots\" content=\"index, follow, max-snippet:-1, max-image-preview:large, max-video-preview:-1\" \/>\n<link rel=\"canonical\" href=\"https:\/\/pharmadreams.shop\/index.php\/product\/very-rose-mousse-nettoyant-150ml-nuxe\/\" \/>\n<meta property=\"og:locale\" content=\"fr_FR\" \/>\n<meta property=\"og:type\" content=\"article\" \/>\n<meta property=\"og:title\" content=\"Very rose mousse nettoyant - 150ml - Nuxe - pharmadreams\" \/>\n<meta property=\"og:description\" content=\"Nuxe Very rose Mousse A\u00e9rienne Nettoyante 150 ml est une mousse non dess\u00e9chante \u00e0 l&#039;eau florale de rose et au complexe skin-respect qui nettoie en douceur et apaise le visage. Cette mousse fondante au doux parfum de rose et formul\u00e9e \u00e0 base :    d&#039;eau florale de rose reconnue pour ses vertus apaisantes et adoucissantes sur toutes les peaux, m\u00eame sensibles,  du complexe Skin-Respect 100% d&#039;origine v\u00e9g\u00e9tale compos\u00e9 de sucres hydratants pour hydrater et renforcer la barri\u00e8re protectrice de la peau,  d&#039;agents nettoyants d&#039;origine naturelle, issus du coco et du bl\u00e9, pour \u00e9liminer efficacement les impuret\u00e9s, les traces de maquillage et l&#039;exc\u00e8s de s\u00e9bum tout en assurant une bonne tol\u00e9rance \u00e0 la peau.\" \/>\n<meta property=\"og:url\" content=\"https:\/\/pharmadreams.shop\/index.php\/product\/very-rose-mousse-nettoyant-150ml-nuxe\/\" \/>\n<meta property=\"og:site_name\" content=\"pharmadreams\" \/>\n<meta property=\"article:modified_time\" content=\"2023-12-19T18:37:56+00:00\" \/>\n<meta property=\"og:image\" content=\"https:\/\/pharmadreams.shop\/wp-content\/uploads\/2023\/12\/Very-rose-mousse-aerienne-nettoyante-nuxe-150-ml-apaise-la-peau.jpg\" \/>\n\t<meta property=\"og:image:width\" content=\"1100\" \/>\n\t<meta property=\"og:image:height\" content=\"1422\" \/>\n\t<meta property=\"og:image:type\" content=\"image\/jpeg\" \/>\n<meta name=\"twitter:card\" content=\"summary_large_image\" \/>\n<script type=\"application\/ld+json\" class=\"yoast-schema-graph\">{\"@context\":\"https:\/\/schema.org\",\"@graph\":[{\"@type\":\"WebPage\",\"@id\":\"https:\/\/pharmadreams.shop\/index.php\/product\/very-rose-mousse-nettoyant-150ml-nuxe\/\",\"url\":\"https:\/\/pharmadreams.shop\/index.php\/product\/very-rose-mousse-nettoyant-150ml-nuxe\/\",\"name\":\"Very rose mousse nettoyant - 150ml - Nuxe - pharmadreams\",\"isPartOf\":{\"@id\":\"https:\/\/pharmadreams.shop\/#website\"},\"primaryImageOfPage\":{\"@id\":\"https:\/\/pharmadreams.shop\/index.php\/product\/very-rose-mousse-nettoyant-150ml-nuxe\/#primaryimage\"},\"image\":{\"@id\":\"https:\/\/pharmadreams.shop\/index.php\/product\/very-rose-mousse-nettoyant-150ml-nuxe\/#primaryimage\"},\"thumbnailUrl\":\"https:\/\/pharmadreams.shop\/wp-content\/uploads\/2023\/12\/Very-rose-mousse-aerienne-nettoyante-nuxe-150-ml-apaise-la-peau.jpg\",\"datePublished\":\"2023-12-19T18:37:16+00:00\",\"dateModified\":\"2023-12-19T18:37:56+00:00\",\"breadcrumb\":{\"@id\":\"https:\/\/pharmadreams.shop\/index.php\/product\/very-rose-mousse-nettoyant-150ml-nuxe\/#breadcrumb\"},\"inLanguage\":\"fr-FR\",\"potentialAction\":[{\"@type\":\"ReadAction\",\"target\":[\"https:\/\/pharmadreams.shop\/index.php\/product\/very-rose-mousse-nettoyant-150ml-nuxe\/\"]}]},{\"@type\":\"ImageObject\",\"inLanguage\":\"fr-FR\",\"@id\":\"https:\/\/pharmadreams.shop\/index.php\/product\/very-rose-mousse-nettoyant-150ml-nuxe\/#primaryimage\",\"url\":\"https:\/\/pharmadreams.shop\/wp-content\/uploads\/2023\/12\/Very-rose-mousse-aerienne-nettoyante-nuxe-150-ml-apaise-la-peau.jpg\",\"contentUrl\":\"https:\/\/pharmadreams.shop\/wp-content\/uploads\/2023\/12\/Very-rose-mousse-aerienne-nettoyante-nuxe-150-ml-apaise-la-peau.jpg\",\"width\":1100,\"height\":1422},{\"@type\":\"BreadcrumbList\",\"@id\":\"https:\/\/pharmadreams.shop\/index.php\/product\/very-rose-mousse-nettoyant-150ml-nuxe\/#breadcrumb\",\"itemListElement\":[{\"@type\":\"ListItem\",\"position\":1,\"name\":\"Accueil\",\"item\":\"https:\/\/pharmadreams.shop\/\"},{\"@type\":\"ListItem\",\"position\":2,\"name\":\"Shop\",\"item\":\"https:\/\/pharmadreams.shop\/index.php\/shop\/\"},{\"@type\":\"ListItem\",\"position\":3,\"name\":\"Very rose mousse nettoyant &#8211; 150ml &#8211; Nuxe\"}]},{\"@type\":\"WebSite\",\"@id\":\"https:\/\/pharmadreams.shop\/#website\",\"url\":\"https:\/\/pharmadreams.shop\/\",\"name\":\"pharmadreams\",\"description\":\"Parapharmacie en ligne\",\"potentialAction\":[{\"@type\":\"SearchAction\",\"target\":{\"@type\":\"EntryPoint\",\"urlTemplate\":\"https:\/\/pharmadreams.shop\/?s={search_term_string}\"},\"query-input\":\"required name=search_term_string\"}],\"inLanguage\":\"fr-FR\"}]}<\/script>\n<!-- \/ Yoast SEO plugin. -->","yoast_head_json":{"title":"Very rose mousse nettoyant - 150ml - Nuxe - pharmadreams","robots":{"index":"index","follow":"follow","max-snippet":"max-snippet:-1","max-image-preview":"max-image-preview:large","max-video-preview":"max-video-preview:-1"},"canonical":"https:\/\/pharmadreams.shop\/index.php\/product\/very-rose-mousse-nettoyant-150ml-nuxe\/","og_locale":"fr_FR","og_type":"article","og_title":"Very rose mousse nettoyant - 150ml - Nuxe - pharmadreams","og_description":"Nuxe Very rose Mousse A\u00e9rienne Nettoyante 150 ml est une mousse non dess\u00e9chante \u00e0 l'eau florale de rose et au complexe skin-respect qui nettoie en douceur et apaise le visage. Cette mousse fondante au doux parfum de rose et formul\u00e9e \u00e0 base :    d'eau florale de rose reconnue pour ses vertus apaisantes et adoucissantes sur toutes les peaux, m\u00eame sensibles,  du complexe Skin-Respect 100% d'origine v\u00e9g\u00e9tale compos\u00e9 de sucres hydratants pour hydrater et renforcer la barri\u00e8re protectrice de la peau,  d'agents nettoyants d'origine naturelle, issus du coco et du bl\u00e9, pour \u00e9liminer efficacement les impuret\u00e9s, les traces de maquillage et l'exc\u00e8s de s\u00e9bum tout en assurant une bonne tol\u00e9rance \u00e0 la peau.","og_url":"https:\/\/pharmadreams.shop\/index.php\/product\/very-rose-mousse-nettoyant-150ml-nuxe\/","og_site_name":"pharmadreams","article_modified_time":"2023-12-19T18:37:56+00:00","og_image":[{"width":1100,"height":1422,"url":"https:\/\/pharmadreams.shop\/wp-content\/uploads\/2023\/12\/Very-rose-mousse-aerienne-nettoyante-nuxe-150-ml-apaise-la-peau.jpg","type":"image\/jpeg"}],"twitter_card":"summary_large_image","schema":{"@context":"https:\/\/schema.org","@graph":[{"@type":"WebPage","@id":"https:\/\/pharmadreams.shop\/index.php\/product\/very-rose-mousse-nettoyant-150ml-nuxe\/","url":"https:\/\/pharmadreams.shop\/index.php\/product\/very-rose-mousse-nettoyant-150ml-nuxe\/","name":"Very rose mousse nettoyant - 150ml - Nuxe - pharmadreams","isPartOf":{"@id":"https:\/\/pharmadreams.shop\/#website"},"primaryImageOfPage":{"@id":"https:\/\/pharmadreams.shop\/index.php\/product\/very-rose-mousse-nettoyant-150ml-nuxe\/#primaryimage"},"image":{"@id":"https:\/\/pharmadreams.shop\/index.php\/product\/very-rose-mousse-nettoyant-150ml-nuxe\/#primaryimage"},"thumbnailUrl":"https:\/\/pharmadreams.shop\/wp-content\/uploads\/2023\/12\/Very-rose-mousse-aerienne-nettoyante-nuxe-150-ml-apaise-la-peau.jpg","datePublished":"2023-12-19T18:37:16+00:00","dateModified":"2023-12-19T18:37:56+00:00","breadcrumb":{"@id":"https:\/\/pharmadreams.shop\/index.php\/product\/very-rose-mousse-nettoyant-150ml-nuxe\/#breadcrumb"},"inLanguage":"fr-FR","potentialAction":[{"@type":"ReadAction","target":["https:\/\/pharmadreams.shop\/index.php\/product\/very-rose-mousse-nettoyant-150ml-nuxe\/"]}]},{"@type":"ImageObject","inLanguage":"fr-FR","@id":"https:\/\/pharmadreams.shop\/index.php\/product\/very-rose-mousse-nettoyant-150ml-nuxe\/#primaryimage","url":"https:\/\/pharmadreams.shop\/wp-content\/uploads\/2023\/12\/Very-rose-mousse-aerienne-nettoyante-nuxe-150-ml-apaise-la-peau.jpg","contentUrl":"https:\/\/pharmadreams.shop\/wp-content\/uploads\/2023\/12\/Very-rose-mousse-aerienne-nettoyante-nuxe-150-ml-apaise-la-peau.jpg","width":1100,"height":1422},{"@type":"BreadcrumbList","@id":"https:\/\/pharmadreams.shop\/index.php\/product\/very-rose-mousse-nettoyant-150ml-nuxe\/#breadcrumb","itemListElement":[{"@type":"ListItem","position":1,"name":"Accueil","item":"https:\/\/pharmadreams.shop\/"},{"@type":"ListItem","position":2,"name":"Shop","item":"https:\/\/pharmadreams.shop\/index.php\/shop\/"},{"@type":"ListItem","position":3,"name":"Very rose mousse nettoyant &#8211; 150ml &#8211; Nuxe"}]},{"@type":"WebSite","@id":"https:\/\/pharmadreams.shop\/#website","url":"https:\/\/pharmadreams.shop\/","name":"pharmadreams","description":"Parapharmacie en ligne","potentialAction":[{"@type":"SearchAction","target":{"@type":"EntryPoint","urlTemplate":"https:\/\/pharmadreams.shop\/?s={search_term_string}"},"query-input":"required name=search_term_string"}],"inLanguage":"fr-FR"}]}},"_links":{"self":[{"href":"https:\/\/pharmadreams.shop\/index.php\/wp-json\/wp\/v2\/product\/16699","targetHints":{"allow":["GET"]}}],"collection":[{"href":"https:\/\/pharmadreams.shop\/index.php\/wp-json\/wp\/v2\/product"}],"about":[{"href":"https:\/\/pharmadreams.shop\/index.php\/wp-json\/wp\/v2\/types\/product"}],"replies":[{"embeddable":true,"href":"https:\/\/pharmadreams.shop\/index.php\/wp-json\/wp\/v2\/comments?post=16699"}],"version-history":[{"count":0,"href":"https:\/\/pharmadreams.shop\/index.php\/wp-json\/wp\/v2\/product\/16699\/revisions"}],"wp:featuredmedia":[{"embeddable":true,"href":"https:\/\/pharmadreams.shop\/index.php\/wp-json\/wp\/v2\/media\/16766"}],"wp:attachment":[{"href":"https:\/\/pharmadreams.shop\/index.php\/wp-json\/wp\/v2\/media?parent=16699"}],"wp:term":[{"taxonomy":"product_brand","embeddable":true,"href":"https:\/\/pharmadreams.shop\/index.php\/wp-json\/wp\/v2\/product_brand?post=16699"},{"taxonomy":"product_cat","embeddable":true,"href":"https:\/\/pharmadreams.shop\/index.php\/wp-json\/wp\/v2\/product_cat?post=16699"},{"taxonomy":"product_tag","embeddable":true,"href":"https:\/\/pharmadreams.shop\/index.php\/wp-json\/wp\/v2\/product_tag?post=16699"}],"curies":[{"name":"wp","href":"https:\/\/api.w.org\/{rel}","templated":true}]}}