{"id":16701,"date":"2023-12-19T19:37:17","date_gmt":"2023-12-19T18:37:17","guid":{"rendered":"https:\/\/venuspara.com\/?post_type=product&#038;p=16701"},"modified":"2023-12-19T19:37:59","modified_gmt":"2023-12-19T18:37:59","slug":"photosun-eau-solaire-spf-50-200ml-dermacare","status":"publish","type":"product","link":"https:\/\/pharmadreams.shop\/index.php\/product\/photosun-eau-solaire-spf-50-200ml-dermacare\/","title":{"rendered":"Photosun eau solaire SPF 50+ &#8211; 200ml &#8211; Dermacare"},"content":{"rendered":"","protected":false},"excerpt":{"rendered":"<p>Dermacare photosun eau solaire tr\u00e8s haut protection pour tout type de peaux m\u00eame les plus sensibles l\u00e9g\u00e8re et rafra\u00eechissante, r\u00e9siste \u00e0 l&rsquo;eau visage et corps. Sp\u00e9cialement formul\u00e9e pour ceux qui cherchent une protection solaire invisible, l\u00e9g\u00e8re et aqueuse. La formule est enrichie en B\u00e9ta Carot\u00e8ne, booster de Bronzage.<\/p>\n","protected":false},"featured_media":16770,"comment_status":"open","ping_status":"closed","template":"","meta":[],"product_brand":[],"product_cat":[188,28,233,234],"product_tag":[189,180,235],"class_list":{"0":"post-16701","1":"product","2":"type-product","3":"status-publish","4":"has-post-thumbnail","6":"product_cat-beaute-et-hygiene","7":"product_cat-corps","8":"product_cat-protection-solaire","9":"product_cat-tous-types-de-peaux","10":"product_tag-beaute-et-hygiene","11":"product_tag-corps","12":"product_tag-protection-solaire","14":"first","15":"instock","16":"shipping-taxable","17":"purchasable","18":"product-type-simple"},"yoast_head":"<!-- This site is optimized with the Yoast SEO plugin v23.0 - https:\/\/yoast.com\/wordpress\/plugins\/seo\/ -->\n<title>Photosun eau solaire SPF 50+ - 200ml - Dermacare - pharmadreams<\/title>\n<meta name=\"robots\" content=\"index, follow, max-snippet:-1, max-image-preview:large, max-video-preview:-1\" \/>\n<link rel=\"canonical\" href=\"https:\/\/pharmadreams.shop\/index.php\/product\/photosun-eau-solaire-spf-50-200ml-dermacare\/\" \/>\n<meta property=\"og:locale\" content=\"fr_FR\" \/>\n<meta property=\"og:type\" content=\"article\" \/>\n<meta property=\"og:title\" content=\"Photosun eau solaire SPF 50+ - 200ml - Dermacare - pharmadreams\" \/>\n<meta property=\"og:description\" content=\"Dermacare photosun eau solaire tr\u00e8s haut protection pour tout type de peaux m\u00eame les plus sensibles l\u00e9g\u00e8re et rafra\u00eechissante, r\u00e9siste \u00e0 l&#039;eau visage et corps. Sp\u00e9cialement formul\u00e9e pour ceux qui cherchent une protection solaire invisible, l\u00e9g\u00e8re et aqueuse. La formule est enrichie en B\u00e9ta Carot\u00e8ne, booster de Bronzage.\" \/>\n<meta property=\"og:url\" content=\"https:\/\/pharmadreams.shop\/index.php\/product\/photosun-eau-solaire-spf-50-200ml-dermacare\/\" \/>\n<meta property=\"og:site_name\" content=\"pharmadreams\" \/>\n<meta property=\"article:modified_time\" content=\"2023-12-19T18:37:59+00:00\" \/>\n<meta property=\"og:image\" content=\"https:\/\/pharmadreams.shop\/wp-content\/uploads\/2023\/12\/Photosun-eau-solaire-SPF-50-200ml-Dermacare-protection.jpg\" \/>\n\t<meta property=\"og:image:width\" content=\"800\" \/>\n\t<meta property=\"og:image:height\" content=\"800\" \/>\n\t<meta property=\"og:image:type\" content=\"image\/jpeg\" \/>\n<meta name=\"twitter:card\" content=\"summary_large_image\" \/>\n<script type=\"application\/ld+json\" class=\"yoast-schema-graph\">{\"@context\":\"https:\/\/schema.org\",\"@graph\":[{\"@type\":\"WebPage\",\"@id\":\"https:\/\/pharmadreams.shop\/index.php\/product\/photosun-eau-solaire-spf-50-200ml-dermacare\/\",\"url\":\"https:\/\/pharmadreams.shop\/index.php\/product\/photosun-eau-solaire-spf-50-200ml-dermacare\/\",\"name\":\"Photosun eau solaire SPF 50+ - 200ml - Dermacare - pharmadreams\",\"isPartOf\":{\"@id\":\"https:\/\/pharmadreams.shop\/#website\"},\"primaryImageOfPage\":{\"@id\":\"https:\/\/pharmadreams.shop\/index.php\/product\/photosun-eau-solaire-spf-50-200ml-dermacare\/#primaryimage\"},\"image\":{\"@id\":\"https:\/\/pharmadreams.shop\/index.php\/product\/photosun-eau-solaire-spf-50-200ml-dermacare\/#primaryimage\"},\"thumbnailUrl\":\"https:\/\/pharmadreams.shop\/wp-content\/uploads\/2023\/12\/Photosun-eau-solaire-SPF-50-200ml-Dermacare-protection.jpg\",\"datePublished\":\"2023-12-19T18:37:17+00:00\",\"dateModified\":\"2023-12-19T18:37:59+00:00\",\"breadcrumb\":{\"@id\":\"https:\/\/pharmadreams.shop\/index.php\/product\/photosun-eau-solaire-spf-50-200ml-dermacare\/#breadcrumb\"},\"inLanguage\":\"fr-FR\",\"potentialAction\":[{\"@type\":\"ReadAction\",\"target\":[\"https:\/\/pharmadreams.shop\/index.php\/product\/photosun-eau-solaire-spf-50-200ml-dermacare\/\"]}]},{\"@type\":\"ImageObject\",\"inLanguage\":\"fr-FR\",\"@id\":\"https:\/\/pharmadreams.shop\/index.php\/product\/photosun-eau-solaire-spf-50-200ml-dermacare\/#primaryimage\",\"url\":\"https:\/\/pharmadreams.shop\/wp-content\/uploads\/2023\/12\/Photosun-eau-solaire-SPF-50-200ml-Dermacare-protection.jpg\",\"contentUrl\":\"https:\/\/pharmadreams.shop\/wp-content\/uploads\/2023\/12\/Photosun-eau-solaire-SPF-50-200ml-Dermacare-protection.jpg\",\"width\":800,\"height\":800},{\"@type\":\"BreadcrumbList\",\"@id\":\"https:\/\/pharmadreams.shop\/index.php\/product\/photosun-eau-solaire-spf-50-200ml-dermacare\/#breadcrumb\",\"itemListElement\":[{\"@type\":\"ListItem\",\"position\":1,\"name\":\"Accueil\",\"item\":\"https:\/\/pharmadreams.shop\/\"},{\"@type\":\"ListItem\",\"position\":2,\"name\":\"Shop\",\"item\":\"https:\/\/pharmadreams.shop\/index.php\/shop\/\"},{\"@type\":\"ListItem\",\"position\":3,\"name\":\"Photosun eau solaire SPF 50+ &#8211; 200ml &#8211; Dermacare\"}]},{\"@type\":\"WebSite\",\"@id\":\"https:\/\/pharmadreams.shop\/#website\",\"url\":\"https:\/\/pharmadreams.shop\/\",\"name\":\"pharmadreams\",\"description\":\"Parapharmacie en ligne\",\"potentialAction\":[{\"@type\":\"SearchAction\",\"target\":{\"@type\":\"EntryPoint\",\"urlTemplate\":\"https:\/\/pharmadreams.shop\/?s={search_term_string}\"},\"query-input\":\"required name=search_term_string\"}],\"inLanguage\":\"fr-FR\"}]}<\/script>\n<!-- \/ Yoast SEO plugin. -->","yoast_head_json":{"title":"Photosun eau solaire SPF 50+ - 200ml - Dermacare - pharmadreams","robots":{"index":"index","follow":"follow","max-snippet":"max-snippet:-1","max-image-preview":"max-image-preview:large","max-video-preview":"max-video-preview:-1"},"canonical":"https:\/\/pharmadreams.shop\/index.php\/product\/photosun-eau-solaire-spf-50-200ml-dermacare\/","og_locale":"fr_FR","og_type":"article","og_title":"Photosun eau solaire SPF 50+ - 200ml - Dermacare - pharmadreams","og_description":"Dermacare photosun eau solaire tr\u00e8s haut protection pour tout type de peaux m\u00eame les plus sensibles l\u00e9g\u00e8re et rafra\u00eechissante, r\u00e9siste \u00e0 l'eau visage et corps. Sp\u00e9cialement formul\u00e9e pour ceux qui cherchent une protection solaire invisible, l\u00e9g\u00e8re et aqueuse. La formule est enrichie en B\u00e9ta Carot\u00e8ne, booster de Bronzage.","og_url":"https:\/\/pharmadreams.shop\/index.php\/product\/photosun-eau-solaire-spf-50-200ml-dermacare\/","og_site_name":"pharmadreams","article_modified_time":"2023-12-19T18:37:59+00:00","og_image":[{"width":800,"height":800,"url":"https:\/\/pharmadreams.shop\/wp-content\/uploads\/2023\/12\/Photosun-eau-solaire-SPF-50-200ml-Dermacare-protection.jpg","type":"image\/jpeg"}],"twitter_card":"summary_large_image","schema":{"@context":"https:\/\/schema.org","@graph":[{"@type":"WebPage","@id":"https:\/\/pharmadreams.shop\/index.php\/product\/photosun-eau-solaire-spf-50-200ml-dermacare\/","url":"https:\/\/pharmadreams.shop\/index.php\/product\/photosun-eau-solaire-spf-50-200ml-dermacare\/","name":"Photosun eau solaire SPF 50+ - 200ml - Dermacare - pharmadreams","isPartOf":{"@id":"https:\/\/pharmadreams.shop\/#website"},"primaryImageOfPage":{"@id":"https:\/\/pharmadreams.shop\/index.php\/product\/photosun-eau-solaire-spf-50-200ml-dermacare\/#primaryimage"},"image":{"@id":"https:\/\/pharmadreams.shop\/index.php\/product\/photosun-eau-solaire-spf-50-200ml-dermacare\/#primaryimage"},"thumbnailUrl":"https:\/\/pharmadreams.shop\/wp-content\/uploads\/2023\/12\/Photosun-eau-solaire-SPF-50-200ml-Dermacare-protection.jpg","datePublished":"2023-12-19T18:37:17+00:00","dateModified":"2023-12-19T18:37:59+00:00","breadcrumb":{"@id":"https:\/\/pharmadreams.shop\/index.php\/product\/photosun-eau-solaire-spf-50-200ml-dermacare\/#breadcrumb"},"inLanguage":"fr-FR","potentialAction":[{"@type":"ReadAction","target":["https:\/\/pharmadreams.shop\/index.php\/product\/photosun-eau-solaire-spf-50-200ml-dermacare\/"]}]},{"@type":"ImageObject","inLanguage":"fr-FR","@id":"https:\/\/pharmadreams.shop\/index.php\/product\/photosun-eau-solaire-spf-50-200ml-dermacare\/#primaryimage","url":"https:\/\/pharmadreams.shop\/wp-content\/uploads\/2023\/12\/Photosun-eau-solaire-SPF-50-200ml-Dermacare-protection.jpg","contentUrl":"https:\/\/pharmadreams.shop\/wp-content\/uploads\/2023\/12\/Photosun-eau-solaire-SPF-50-200ml-Dermacare-protection.jpg","width":800,"height":800},{"@type":"BreadcrumbList","@id":"https:\/\/pharmadreams.shop\/index.php\/product\/photosun-eau-solaire-spf-50-200ml-dermacare\/#breadcrumb","itemListElement":[{"@type":"ListItem","position":1,"name":"Accueil","item":"https:\/\/pharmadreams.shop\/"},{"@type":"ListItem","position":2,"name":"Shop","item":"https:\/\/pharmadreams.shop\/index.php\/shop\/"},{"@type":"ListItem","position":3,"name":"Photosun eau solaire SPF 50+ &#8211; 200ml &#8211; Dermacare"}]},{"@type":"WebSite","@id":"https:\/\/pharmadreams.shop\/#website","url":"https:\/\/pharmadreams.shop\/","name":"pharmadreams","description":"Parapharmacie en ligne","potentialAction":[{"@type":"SearchAction","target":{"@type":"EntryPoint","urlTemplate":"https:\/\/pharmadreams.shop\/?s={search_term_string}"},"query-input":"required name=search_term_string"}],"inLanguage":"fr-FR"}]}},"_links":{"self":[{"href":"https:\/\/pharmadreams.shop\/index.php\/wp-json\/wp\/v2\/product\/16701","targetHints":{"allow":["GET"]}}],"collection":[{"href":"https:\/\/pharmadreams.shop\/index.php\/wp-json\/wp\/v2\/product"}],"about":[{"href":"https:\/\/pharmadreams.shop\/index.php\/wp-json\/wp\/v2\/types\/product"}],"replies":[{"embeddable":true,"href":"https:\/\/pharmadreams.shop\/index.php\/wp-json\/wp\/v2\/comments?post=16701"}],"version-history":[{"count":0,"href":"https:\/\/pharmadreams.shop\/index.php\/wp-json\/wp\/v2\/product\/16701\/revisions"}],"wp:featuredmedia":[{"embeddable":true,"href":"https:\/\/pharmadreams.shop\/index.php\/wp-json\/wp\/v2\/media\/16770"}],"wp:attachment":[{"href":"https:\/\/pharmadreams.shop\/index.php\/wp-json\/wp\/v2\/media?parent=16701"}],"wp:term":[{"taxonomy":"product_brand","embeddable":true,"href":"https:\/\/pharmadreams.shop\/index.php\/wp-json\/wp\/v2\/product_brand?post=16701"},{"taxonomy":"product_cat","embeddable":true,"href":"https:\/\/pharmadreams.shop\/index.php\/wp-json\/wp\/v2\/product_cat?post=16701"},{"taxonomy":"product_tag","embeddable":true,"href":"https:\/\/pharmadreams.shop\/index.php\/wp-json\/wp\/v2\/product_tag?post=16701"}],"curies":[{"name":"wp","href":"https:\/\/api.w.org\/{rel}","templated":true}]}}