{"id":16702,"date":"2023-12-19T19:37:17","date_gmt":"2023-12-19T18:37:17","guid":{"rendered":"https:\/\/venuspara.com\/?post_type=product&#038;p=16702"},"modified":"2023-12-19T19:38:00","modified_gmt":"2023-12-19T18:38:00","slug":"soins-nutritif-intense-huile-dolive-400ml-laino","status":"publish","type":"product","link":"https:\/\/pharmadreams.shop\/index.php\/product\/soins-nutritif-intense-huile-dolive-400ml-laino\/","title":{"rendered":"Soins nutritif intense huile d&rsquo;olive &#8211; 400ml &#8211; Laino"},"content":{"rendered":"","protected":false},"excerpt":{"rendered":"<p>Laino a s\u00e9lectionn\u00e9 le meilleur du bassin m\u00e9diterran\u00e9en pour formuler le\u00a0Soin Nutritif Intense\u00a0\u00e0 destination des\u00a0peaux extra s\u00e8ches \u00e0 tendance atopique.<br \/>\nGr\u00e2ce \u00e0 l\u2019extrait d\u2019olive vierge et \u00e0 l\u2019association glyc\u00e9rine, vitamine E et enoxolone issu de la racine de r\u00e9glisse, ce soin hypoallerg\u00e9nique et sans parfum assure une hydratation continue pendant 24H. Relipid\u00e9e et apais\u00e9e, votre peau est prot\u00e9g\u00e9e.<\/p>\n","protected":false},"featured_media":16772,"comment_status":"open","ping_status":"closed","template":"","meta":[],"product_brand":[],"product_cat":[85,79,236],"product_tag":[237,213,238],"class_list":{"0":"post-16702","1":"product","2":"type-product","3":"status-publish","4":"has-post-thumbnail","6":"product_cat-hydratation-et-nutrition","7":"product_cat-peaux-seches","8":"product_cat-soins-bio","9":"product_tag-hydratation-et-nutrition","10":"product_tag-peaux-seches","11":"product_tag-soins-bio","13":"first","14":"instock","15":"shipping-taxable","16":"purchasable","17":"product-type-simple"},"yoast_head":"<!-- This site is optimized with the Yoast SEO plugin v23.0 - https:\/\/yoast.com\/wordpress\/plugins\/seo\/ -->\n<title>Soins nutritif intense huile d&#039;olive - 400ml - Laino - pharmadreams<\/title>\n<meta name=\"robots\" content=\"index, follow, max-snippet:-1, max-image-preview:large, max-video-preview:-1\" \/>\n<link rel=\"canonical\" href=\"https:\/\/pharmadreams.shop\/index.php\/product\/soins-nutritif-intense-huile-dolive-400ml-laino\/\" \/>\n<meta property=\"og:locale\" content=\"fr_FR\" \/>\n<meta property=\"og:type\" content=\"article\" \/>\n<meta property=\"og:title\" content=\"Soins nutritif intense huile d&#039;olive - 400ml - Laino - pharmadreams\" \/>\n<meta property=\"og:description\" content=\"Laino a s\u00e9lectionn\u00e9 le meilleur du bassin m\u00e9diterran\u00e9en pour formuler le\u00a0Soin Nutritif Intense\u00a0\u00e0 destination des\u00a0peaux extra s\u00e8ches \u00e0 tendance atopique. Gr\u00e2ce \u00e0 l\u2019extrait d\u2019olive vierge et \u00e0 l\u2019association glyc\u00e9rine, vitamine E et enoxolone issu de la racine de r\u00e9glisse, ce soin hypoallerg\u00e9nique et sans parfum assure une hydratation continue pendant 24H. Relipid\u00e9e et apais\u00e9e, votre peau est prot\u00e9g\u00e9e.\" \/>\n<meta property=\"og:url\" content=\"https:\/\/pharmadreams.shop\/index.php\/product\/soins-nutritif-intense-huile-dolive-400ml-laino\/\" \/>\n<meta property=\"og:site_name\" content=\"pharmadreams\" \/>\n<meta property=\"article:modified_time\" content=\"2023-12-19T18:38:00+00:00\" \/>\n<meta property=\"og:image\" content=\"https:\/\/pharmadreams.shop\/wp-content\/uploads\/2023\/12\/Soins-nutritif-intense-huile-d-olive-laino-400ml-hydratation.jpg\" \/>\n\t<meta property=\"og:image:width\" content=\"494\" \/>\n\t<meta property=\"og:image:height\" content=\"494\" \/>\n\t<meta property=\"og:image:type\" content=\"image\/jpeg\" \/>\n<meta name=\"twitter:card\" content=\"summary_large_image\" \/>\n<script type=\"application\/ld+json\" class=\"yoast-schema-graph\">{\"@context\":\"https:\/\/schema.org\",\"@graph\":[{\"@type\":\"WebPage\",\"@id\":\"https:\/\/pharmadreams.shop\/index.php\/product\/soins-nutritif-intense-huile-dolive-400ml-laino\/\",\"url\":\"https:\/\/pharmadreams.shop\/index.php\/product\/soins-nutritif-intense-huile-dolive-400ml-laino\/\",\"name\":\"Soins nutritif intense huile d'olive - 400ml - Laino - pharmadreams\",\"isPartOf\":{\"@id\":\"https:\/\/pharmadreams.shop\/#website\"},\"primaryImageOfPage\":{\"@id\":\"https:\/\/pharmadreams.shop\/index.php\/product\/soins-nutritif-intense-huile-dolive-400ml-laino\/#primaryimage\"},\"image\":{\"@id\":\"https:\/\/pharmadreams.shop\/index.php\/product\/soins-nutritif-intense-huile-dolive-400ml-laino\/#primaryimage\"},\"thumbnailUrl\":\"https:\/\/pharmadreams.shop\/wp-content\/uploads\/2023\/12\/Soins-nutritif-intense-huile-d-olive-laino-400ml-hydratation.jpg\",\"datePublished\":\"2023-12-19T18:37:17+00:00\",\"dateModified\":\"2023-12-19T18:38:00+00:00\",\"breadcrumb\":{\"@id\":\"https:\/\/pharmadreams.shop\/index.php\/product\/soins-nutritif-intense-huile-dolive-400ml-laino\/#breadcrumb\"},\"inLanguage\":\"fr-FR\",\"potentialAction\":[{\"@type\":\"ReadAction\",\"target\":[\"https:\/\/pharmadreams.shop\/index.php\/product\/soins-nutritif-intense-huile-dolive-400ml-laino\/\"]}]},{\"@type\":\"ImageObject\",\"inLanguage\":\"fr-FR\",\"@id\":\"https:\/\/pharmadreams.shop\/index.php\/product\/soins-nutritif-intense-huile-dolive-400ml-laino\/#primaryimage\",\"url\":\"https:\/\/pharmadreams.shop\/wp-content\/uploads\/2023\/12\/Soins-nutritif-intense-huile-d-olive-laino-400ml-hydratation.jpg\",\"contentUrl\":\"https:\/\/pharmadreams.shop\/wp-content\/uploads\/2023\/12\/Soins-nutritif-intense-huile-d-olive-laino-400ml-hydratation.jpg\",\"width\":494,\"height\":494},{\"@type\":\"BreadcrumbList\",\"@id\":\"https:\/\/pharmadreams.shop\/index.php\/product\/soins-nutritif-intense-huile-dolive-400ml-laino\/#breadcrumb\",\"itemListElement\":[{\"@type\":\"ListItem\",\"position\":1,\"name\":\"Accueil\",\"item\":\"https:\/\/pharmadreams.shop\/\"},{\"@type\":\"ListItem\",\"position\":2,\"name\":\"Shop\",\"item\":\"https:\/\/pharmadreams.shop\/index.php\/shop\/\"},{\"@type\":\"ListItem\",\"position\":3,\"name\":\"Soins nutritif intense huile d&#8217;olive &#8211; 400ml &#8211; Laino\"}]},{\"@type\":\"WebSite\",\"@id\":\"https:\/\/pharmadreams.shop\/#website\",\"url\":\"https:\/\/pharmadreams.shop\/\",\"name\":\"pharmadreams\",\"description\":\"Parapharmacie en ligne\",\"potentialAction\":[{\"@type\":\"SearchAction\",\"target\":{\"@type\":\"EntryPoint\",\"urlTemplate\":\"https:\/\/pharmadreams.shop\/?s={search_term_string}\"},\"query-input\":\"required name=search_term_string\"}],\"inLanguage\":\"fr-FR\"}]}<\/script>\n<!-- \/ Yoast SEO plugin. -->","yoast_head_json":{"title":"Soins nutritif intense huile d'olive - 400ml - Laino - pharmadreams","robots":{"index":"index","follow":"follow","max-snippet":"max-snippet:-1","max-image-preview":"max-image-preview:large","max-video-preview":"max-video-preview:-1"},"canonical":"https:\/\/pharmadreams.shop\/index.php\/product\/soins-nutritif-intense-huile-dolive-400ml-laino\/","og_locale":"fr_FR","og_type":"article","og_title":"Soins nutritif intense huile d'olive - 400ml - Laino - pharmadreams","og_description":"Laino a s\u00e9lectionn\u00e9 le meilleur du bassin m\u00e9diterran\u00e9en pour formuler le\u00a0Soin Nutritif Intense\u00a0\u00e0 destination des\u00a0peaux extra s\u00e8ches \u00e0 tendance atopique. Gr\u00e2ce \u00e0 l\u2019extrait d\u2019olive vierge et \u00e0 l\u2019association glyc\u00e9rine, vitamine E et enoxolone issu de la racine de r\u00e9glisse, ce soin hypoallerg\u00e9nique et sans parfum assure une hydratation continue pendant 24H. Relipid\u00e9e et apais\u00e9e, votre peau est prot\u00e9g\u00e9e.","og_url":"https:\/\/pharmadreams.shop\/index.php\/product\/soins-nutritif-intense-huile-dolive-400ml-laino\/","og_site_name":"pharmadreams","article_modified_time":"2023-12-19T18:38:00+00:00","og_image":[{"width":494,"height":494,"url":"https:\/\/pharmadreams.shop\/wp-content\/uploads\/2023\/12\/Soins-nutritif-intense-huile-d-olive-laino-400ml-hydratation.jpg","type":"image\/jpeg"}],"twitter_card":"summary_large_image","schema":{"@context":"https:\/\/schema.org","@graph":[{"@type":"WebPage","@id":"https:\/\/pharmadreams.shop\/index.php\/product\/soins-nutritif-intense-huile-dolive-400ml-laino\/","url":"https:\/\/pharmadreams.shop\/index.php\/product\/soins-nutritif-intense-huile-dolive-400ml-laino\/","name":"Soins nutritif intense huile d'olive - 400ml - Laino - pharmadreams","isPartOf":{"@id":"https:\/\/pharmadreams.shop\/#website"},"primaryImageOfPage":{"@id":"https:\/\/pharmadreams.shop\/index.php\/product\/soins-nutritif-intense-huile-dolive-400ml-laino\/#primaryimage"},"image":{"@id":"https:\/\/pharmadreams.shop\/index.php\/product\/soins-nutritif-intense-huile-dolive-400ml-laino\/#primaryimage"},"thumbnailUrl":"https:\/\/pharmadreams.shop\/wp-content\/uploads\/2023\/12\/Soins-nutritif-intense-huile-d-olive-laino-400ml-hydratation.jpg","datePublished":"2023-12-19T18:37:17+00:00","dateModified":"2023-12-19T18:38:00+00:00","breadcrumb":{"@id":"https:\/\/pharmadreams.shop\/index.php\/product\/soins-nutritif-intense-huile-dolive-400ml-laino\/#breadcrumb"},"inLanguage":"fr-FR","potentialAction":[{"@type":"ReadAction","target":["https:\/\/pharmadreams.shop\/index.php\/product\/soins-nutritif-intense-huile-dolive-400ml-laino\/"]}]},{"@type":"ImageObject","inLanguage":"fr-FR","@id":"https:\/\/pharmadreams.shop\/index.php\/product\/soins-nutritif-intense-huile-dolive-400ml-laino\/#primaryimage","url":"https:\/\/pharmadreams.shop\/wp-content\/uploads\/2023\/12\/Soins-nutritif-intense-huile-d-olive-laino-400ml-hydratation.jpg","contentUrl":"https:\/\/pharmadreams.shop\/wp-content\/uploads\/2023\/12\/Soins-nutritif-intense-huile-d-olive-laino-400ml-hydratation.jpg","width":494,"height":494},{"@type":"BreadcrumbList","@id":"https:\/\/pharmadreams.shop\/index.php\/product\/soins-nutritif-intense-huile-dolive-400ml-laino\/#breadcrumb","itemListElement":[{"@type":"ListItem","position":1,"name":"Accueil","item":"https:\/\/pharmadreams.shop\/"},{"@type":"ListItem","position":2,"name":"Shop","item":"https:\/\/pharmadreams.shop\/index.php\/shop\/"},{"@type":"ListItem","position":3,"name":"Soins nutritif intense huile d&#8217;olive &#8211; 400ml &#8211; Laino"}]},{"@type":"WebSite","@id":"https:\/\/pharmadreams.shop\/#website","url":"https:\/\/pharmadreams.shop\/","name":"pharmadreams","description":"Parapharmacie en ligne","potentialAction":[{"@type":"SearchAction","target":{"@type":"EntryPoint","urlTemplate":"https:\/\/pharmadreams.shop\/?s={search_term_string}"},"query-input":"required name=search_term_string"}],"inLanguage":"fr-FR"}]}},"_links":{"self":[{"href":"https:\/\/pharmadreams.shop\/index.php\/wp-json\/wp\/v2\/product\/16702","targetHints":{"allow":["GET"]}}],"collection":[{"href":"https:\/\/pharmadreams.shop\/index.php\/wp-json\/wp\/v2\/product"}],"about":[{"href":"https:\/\/pharmadreams.shop\/index.php\/wp-json\/wp\/v2\/types\/product"}],"replies":[{"embeddable":true,"href":"https:\/\/pharmadreams.shop\/index.php\/wp-json\/wp\/v2\/comments?post=16702"}],"version-history":[{"count":0,"href":"https:\/\/pharmadreams.shop\/index.php\/wp-json\/wp\/v2\/product\/16702\/revisions"}],"wp:featuredmedia":[{"embeddable":true,"href":"https:\/\/pharmadreams.shop\/index.php\/wp-json\/wp\/v2\/media\/16772"}],"wp:attachment":[{"href":"https:\/\/pharmadreams.shop\/index.php\/wp-json\/wp\/v2\/media?parent=16702"}],"wp:term":[{"taxonomy":"product_brand","embeddable":true,"href":"https:\/\/pharmadreams.shop\/index.php\/wp-json\/wp\/v2\/product_brand?post=16702"},{"taxonomy":"product_cat","embeddable":true,"href":"https:\/\/pharmadreams.shop\/index.php\/wp-json\/wp\/v2\/product_cat?post=16702"},{"taxonomy":"product_tag","embeddable":true,"href":"https:\/\/pharmadreams.shop\/index.php\/wp-json\/wp\/v2\/product_tag?post=16702"}],"curies":[{"name":"wp","href":"https:\/\/api.w.org\/{rel}","templated":true}]}}