{"id":16703,"date":"2023-12-19T19:37:17","date_gmt":"2023-12-19T18:37:17","guid":{"rendered":"https:\/\/venuspara.com\/?post_type=product&#038;p=16703"},"modified":"2023-12-19T19:38:03","modified_gmt":"2023-12-19T18:38:03","slug":"lait-nutritif-douceur-miel-400ml-laino","status":"publish","type":"product","link":"https:\/\/pharmadreams.shop\/index.php\/product\/lait-nutritif-douceur-miel-400ml-laino\/","title":{"rendered":"Lait nutritif douceur miel &#8211; 400ml &#8211; Laino"},"content":{"rendered":"","protected":false},"excerpt":{"rendered":"<p>Laino a s\u00e9lectionn\u00e9 le meilleur des actifs du bassin m\u00e9diterran\u00e9en pour formuler le\u00a0<strong>Lait Nutritif Douceur<\/strong>\u00a0\u00e0 destination des\u00a0<strong>peaux sensibles<\/strong>.<br \/>\nGr\u00e2ce au\u00a0<strong>miel de garrigue BIO<\/strong>\u00a0et \u00e0 l\u2019association glyc\u00e9rine, cire d\u2019abeille et\u00a0<strong>huile de tournesol BIO<\/strong>, ce soin hypoallerg\u00e9nique assouplit les peaux sensibles et assure une hydratation continue pendant 24H.<\/p>\n","protected":false},"featured_media":16774,"comment_status":"open","ping_status":"closed","template":"","meta":[],"product_brand":[],"product_cat":[188,160,194],"product_tag":[189,239,201,240],"class_list":{"0":"post-16703","1":"product","2":"type-product","3":"status-publish","4":"has-post-thumbnail","6":"product_cat-beaute-et-hygiene","7":"product_cat-lait","8":"product_cat-peaux-sensibles","9":"product_tag-beaute-et-hygiene","10":"product_tag-lait","11":"product_tag-peaux-sensibles","12":"product_tag-soins-corps-et-douche","14":"first","15":"instock","16":"shipping-taxable","17":"purchasable","18":"product-type-simple"},"yoast_head":"<!-- This site is optimized with the Yoast SEO plugin v23.0 - https:\/\/yoast.com\/wordpress\/plugins\/seo\/ -->\n<title>Lait nutritif douceur miel - 400ml - Laino - pharmadreams<\/title>\n<meta name=\"robots\" content=\"index, follow, max-snippet:-1, max-image-preview:large, max-video-preview:-1\" \/>\n<link rel=\"canonical\" href=\"https:\/\/pharmadreams.shop\/index.php\/product\/lait-nutritif-douceur-miel-400ml-laino\/\" \/>\n<meta property=\"og:locale\" content=\"fr_FR\" \/>\n<meta property=\"og:type\" content=\"article\" \/>\n<meta property=\"og:title\" content=\"Lait nutritif douceur miel - 400ml - Laino - pharmadreams\" \/>\n<meta property=\"og:description\" content=\"Laino a s\u00e9lectionn\u00e9 le meilleur des actifs du bassin m\u00e9diterran\u00e9en pour formuler le\u00a0Lait Nutritif Douceur\u00a0\u00e0 destination des\u00a0peaux sensibles. Gr\u00e2ce au\u00a0miel de garrigue BIO\u00a0et \u00e0 l\u2019association glyc\u00e9rine, cire d\u2019abeille et\u00a0huile de tournesol BIO, ce soin hypoallerg\u00e9nique assouplit les peaux sensibles et assure une hydratation continue pendant 24H.\" \/>\n<meta property=\"og:url\" content=\"https:\/\/pharmadreams.shop\/index.php\/product\/lait-nutritif-douceur-miel-400ml-laino\/\" \/>\n<meta property=\"og:site_name\" content=\"pharmadreams\" \/>\n<meta property=\"article:modified_time\" content=\"2023-12-19T18:38:03+00:00\" \/>\n<meta property=\"og:image\" content=\"https:\/\/pharmadreams.shop\/wp-content\/uploads\/2023\/12\/Lait-nurtritif-douceur-miel-laino-400ml-hydratation.jpg\" \/>\n\t<meta property=\"og:image:width\" content=\"1920\" \/>\n\t<meta property=\"og:image:height\" content=\"1920\" \/>\n\t<meta property=\"og:image:type\" content=\"image\/jpeg\" \/>\n<meta name=\"twitter:card\" content=\"summary_large_image\" \/>\n<script type=\"application\/ld+json\" class=\"yoast-schema-graph\">{\"@context\":\"https:\/\/schema.org\",\"@graph\":[{\"@type\":\"WebPage\",\"@id\":\"https:\/\/pharmadreams.shop\/index.php\/product\/lait-nutritif-douceur-miel-400ml-laino\/\",\"url\":\"https:\/\/pharmadreams.shop\/index.php\/product\/lait-nutritif-douceur-miel-400ml-laino\/\",\"name\":\"Lait nutritif douceur miel - 400ml - Laino - pharmadreams\",\"isPartOf\":{\"@id\":\"https:\/\/pharmadreams.shop\/#website\"},\"primaryImageOfPage\":{\"@id\":\"https:\/\/pharmadreams.shop\/index.php\/product\/lait-nutritif-douceur-miel-400ml-laino\/#primaryimage\"},\"image\":{\"@id\":\"https:\/\/pharmadreams.shop\/index.php\/product\/lait-nutritif-douceur-miel-400ml-laino\/#primaryimage\"},\"thumbnailUrl\":\"https:\/\/pharmadreams.shop\/wp-content\/uploads\/2023\/12\/Lait-nurtritif-douceur-miel-laino-400ml-hydratation.jpg\",\"datePublished\":\"2023-12-19T18:37:17+00:00\",\"dateModified\":\"2023-12-19T18:38:03+00:00\",\"breadcrumb\":{\"@id\":\"https:\/\/pharmadreams.shop\/index.php\/product\/lait-nutritif-douceur-miel-400ml-laino\/#breadcrumb\"},\"inLanguage\":\"fr-FR\",\"potentialAction\":[{\"@type\":\"ReadAction\",\"target\":[\"https:\/\/pharmadreams.shop\/index.php\/product\/lait-nutritif-douceur-miel-400ml-laino\/\"]}]},{\"@type\":\"ImageObject\",\"inLanguage\":\"fr-FR\",\"@id\":\"https:\/\/pharmadreams.shop\/index.php\/product\/lait-nutritif-douceur-miel-400ml-laino\/#primaryimage\",\"url\":\"https:\/\/pharmadreams.shop\/wp-content\/uploads\/2023\/12\/Lait-nurtritif-douceur-miel-laino-400ml-hydratation.jpg\",\"contentUrl\":\"https:\/\/pharmadreams.shop\/wp-content\/uploads\/2023\/12\/Lait-nurtritif-douceur-miel-laino-400ml-hydratation.jpg\",\"width\":1920,\"height\":1920},{\"@type\":\"BreadcrumbList\",\"@id\":\"https:\/\/pharmadreams.shop\/index.php\/product\/lait-nutritif-douceur-miel-400ml-laino\/#breadcrumb\",\"itemListElement\":[{\"@type\":\"ListItem\",\"position\":1,\"name\":\"Accueil\",\"item\":\"https:\/\/pharmadreams.shop\/\"},{\"@type\":\"ListItem\",\"position\":2,\"name\":\"Shop\",\"item\":\"https:\/\/pharmadreams.shop\/index.php\/shop\/\"},{\"@type\":\"ListItem\",\"position\":3,\"name\":\"Lait nutritif douceur miel &#8211; 400ml &#8211; Laino\"}]},{\"@type\":\"WebSite\",\"@id\":\"https:\/\/pharmadreams.shop\/#website\",\"url\":\"https:\/\/pharmadreams.shop\/\",\"name\":\"pharmadreams\",\"description\":\"Parapharmacie en ligne\",\"potentialAction\":[{\"@type\":\"SearchAction\",\"target\":{\"@type\":\"EntryPoint\",\"urlTemplate\":\"https:\/\/pharmadreams.shop\/?s={search_term_string}\"},\"query-input\":\"required name=search_term_string\"}],\"inLanguage\":\"fr-FR\"}]}<\/script>\n<!-- \/ Yoast SEO plugin. -->","yoast_head_json":{"title":"Lait nutritif douceur miel - 400ml - Laino - pharmadreams","robots":{"index":"index","follow":"follow","max-snippet":"max-snippet:-1","max-image-preview":"max-image-preview:large","max-video-preview":"max-video-preview:-1"},"canonical":"https:\/\/pharmadreams.shop\/index.php\/product\/lait-nutritif-douceur-miel-400ml-laino\/","og_locale":"fr_FR","og_type":"article","og_title":"Lait nutritif douceur miel - 400ml - Laino - pharmadreams","og_description":"Laino a s\u00e9lectionn\u00e9 le meilleur des actifs du bassin m\u00e9diterran\u00e9en pour formuler le\u00a0Lait Nutritif Douceur\u00a0\u00e0 destination des\u00a0peaux sensibles. Gr\u00e2ce au\u00a0miel de garrigue BIO\u00a0et \u00e0 l\u2019association glyc\u00e9rine, cire d\u2019abeille et\u00a0huile de tournesol BIO, ce soin hypoallerg\u00e9nique assouplit les peaux sensibles et assure une hydratation continue pendant 24H.","og_url":"https:\/\/pharmadreams.shop\/index.php\/product\/lait-nutritif-douceur-miel-400ml-laino\/","og_site_name":"pharmadreams","article_modified_time":"2023-12-19T18:38:03+00:00","og_image":[{"width":1920,"height":1920,"url":"https:\/\/pharmadreams.shop\/wp-content\/uploads\/2023\/12\/Lait-nurtritif-douceur-miel-laino-400ml-hydratation.jpg","type":"image\/jpeg"}],"twitter_card":"summary_large_image","schema":{"@context":"https:\/\/schema.org","@graph":[{"@type":"WebPage","@id":"https:\/\/pharmadreams.shop\/index.php\/product\/lait-nutritif-douceur-miel-400ml-laino\/","url":"https:\/\/pharmadreams.shop\/index.php\/product\/lait-nutritif-douceur-miel-400ml-laino\/","name":"Lait nutritif douceur miel - 400ml - Laino - pharmadreams","isPartOf":{"@id":"https:\/\/pharmadreams.shop\/#website"},"primaryImageOfPage":{"@id":"https:\/\/pharmadreams.shop\/index.php\/product\/lait-nutritif-douceur-miel-400ml-laino\/#primaryimage"},"image":{"@id":"https:\/\/pharmadreams.shop\/index.php\/product\/lait-nutritif-douceur-miel-400ml-laino\/#primaryimage"},"thumbnailUrl":"https:\/\/pharmadreams.shop\/wp-content\/uploads\/2023\/12\/Lait-nurtritif-douceur-miel-laino-400ml-hydratation.jpg","datePublished":"2023-12-19T18:37:17+00:00","dateModified":"2023-12-19T18:38:03+00:00","breadcrumb":{"@id":"https:\/\/pharmadreams.shop\/index.php\/product\/lait-nutritif-douceur-miel-400ml-laino\/#breadcrumb"},"inLanguage":"fr-FR","potentialAction":[{"@type":"ReadAction","target":["https:\/\/pharmadreams.shop\/index.php\/product\/lait-nutritif-douceur-miel-400ml-laino\/"]}]},{"@type":"ImageObject","inLanguage":"fr-FR","@id":"https:\/\/pharmadreams.shop\/index.php\/product\/lait-nutritif-douceur-miel-400ml-laino\/#primaryimage","url":"https:\/\/pharmadreams.shop\/wp-content\/uploads\/2023\/12\/Lait-nurtritif-douceur-miel-laino-400ml-hydratation.jpg","contentUrl":"https:\/\/pharmadreams.shop\/wp-content\/uploads\/2023\/12\/Lait-nurtritif-douceur-miel-laino-400ml-hydratation.jpg","width":1920,"height":1920},{"@type":"BreadcrumbList","@id":"https:\/\/pharmadreams.shop\/index.php\/product\/lait-nutritif-douceur-miel-400ml-laino\/#breadcrumb","itemListElement":[{"@type":"ListItem","position":1,"name":"Accueil","item":"https:\/\/pharmadreams.shop\/"},{"@type":"ListItem","position":2,"name":"Shop","item":"https:\/\/pharmadreams.shop\/index.php\/shop\/"},{"@type":"ListItem","position":3,"name":"Lait nutritif douceur miel &#8211; 400ml &#8211; Laino"}]},{"@type":"WebSite","@id":"https:\/\/pharmadreams.shop\/#website","url":"https:\/\/pharmadreams.shop\/","name":"pharmadreams","description":"Parapharmacie en ligne","potentialAction":[{"@type":"SearchAction","target":{"@type":"EntryPoint","urlTemplate":"https:\/\/pharmadreams.shop\/?s={search_term_string}"},"query-input":"required name=search_term_string"}],"inLanguage":"fr-FR"}]}},"_links":{"self":[{"href":"https:\/\/pharmadreams.shop\/index.php\/wp-json\/wp\/v2\/product\/16703","targetHints":{"allow":["GET"]}}],"collection":[{"href":"https:\/\/pharmadreams.shop\/index.php\/wp-json\/wp\/v2\/product"}],"about":[{"href":"https:\/\/pharmadreams.shop\/index.php\/wp-json\/wp\/v2\/types\/product"}],"replies":[{"embeddable":true,"href":"https:\/\/pharmadreams.shop\/index.php\/wp-json\/wp\/v2\/comments?post=16703"}],"version-history":[{"count":0,"href":"https:\/\/pharmadreams.shop\/index.php\/wp-json\/wp\/v2\/product\/16703\/revisions"}],"wp:featuredmedia":[{"embeddable":true,"href":"https:\/\/pharmadreams.shop\/index.php\/wp-json\/wp\/v2\/media\/16774"}],"wp:attachment":[{"href":"https:\/\/pharmadreams.shop\/index.php\/wp-json\/wp\/v2\/media?parent=16703"}],"wp:term":[{"taxonomy":"product_brand","embeddable":true,"href":"https:\/\/pharmadreams.shop\/index.php\/wp-json\/wp\/v2\/product_brand?post=16703"},{"taxonomy":"product_cat","embeddable":true,"href":"https:\/\/pharmadreams.shop\/index.php\/wp-json\/wp\/v2\/product_cat?post=16703"},{"taxonomy":"product_tag","embeddable":true,"href":"https:\/\/pharmadreams.shop\/index.php\/wp-json\/wp\/v2\/product_tag?post=16703"}],"curies":[{"name":"wp","href":"https:\/\/api.w.org\/{rel}","templated":true}]}}