{"id":16735,"date":"2023-12-19T19:37:43","date_gmt":"2023-12-19T18:37:43","guid":{"rendered":"https:\/\/venuspara.com\/?post_type=product&#038;p=16735"},"modified":"2024-03-14T00:49:05","modified_gmt":"2024-03-13T23:49:05","slug":"sebionex-gel-nettoyant-200ml-acm","status":"publish","type":"product","link":"https:\/\/pharmadreams.shop\/index.php\/product\/sebionex-gel-nettoyant-200ml-acm\/","title":{"rendered":"S\u00e9bionex gel nettoyant &#8211; 200ml &#8211; ACM"},"content":{"rendered":"","protected":false},"excerpt":{"rendered":"<p>Ce gel nettoie en profondeur le visage sans dess\u00e9cher tout en \u00e9liminant l\u2019exc\u00e8s de s\u00e9bum. Il respecte le film hydrolipidique de la peau gr\u00e2ce \u00e0 une association de bases lavantes douces sans savon et exfolie en douceur.<\/p>\n","protected":false},"featured_media":16793,"comment_status":"open","ping_status":"closed","template":"","meta":[],"product_brand":[],"product_cat":[188,28,96,242,225,162,20],"product_tag":[189,180,174,243,228,229,179],"class_list":{"0":"post-16735","1":"product","2":"type-product","3":"status-publish","4":"has-post-thumbnail","6":"product_cat-beaute-et-hygiene","7":"product_cat-corps","8":"product_cat-gel-nottoyant","9":"product_cat-peaux-acneiques","10":"product_cat-peaux-grasses","11":"product_cat-peaux-mixtes","12":"product_cat-visage","13":"product_tag-beaute-et-hygiene","14":"product_tag-corps","15":"product_tag-gel-nettoyant","16":"product_tag-peaux-acneiques","17":"product_tag-peaux-grasses","18":"product_tag-peaux-mixtes","19":"product_tag-visage","21":"first","22":"instock","23":"shipping-taxable","24":"purchasable","25":"product-type-simple"},"yoast_head":"<!-- This site is optimized with the Yoast SEO plugin v23.0 - https:\/\/yoast.com\/wordpress\/plugins\/seo\/ -->\n<title>S\u00e9bionex gel nettoyant - 200ml - ACM - pharmadreams<\/title>\n<meta name=\"robots\" content=\"index, follow, max-snippet:-1, max-image-preview:large, max-video-preview:-1\" \/>\n<link rel=\"canonical\" href=\"https:\/\/pharmadreams.shop\/index.php\/product\/sebionex-gel-nettoyant-200ml-acm\/\" \/>\n<meta property=\"og:locale\" content=\"fr_FR\" \/>\n<meta property=\"og:type\" content=\"article\" \/>\n<meta property=\"og:title\" content=\"S\u00e9bionex gel nettoyant - 200ml - ACM - pharmadreams\" \/>\n<meta property=\"og:description\" content=\"Ce gel nettoie en profondeur le visage sans dess\u00e9cher tout en \u00e9liminant l\u2019exc\u00e8s de s\u00e9bum. Il respecte le film hydrolipidique de la peau gr\u00e2ce \u00e0 une association de bases lavantes douces sans savon et exfolie en douceur.\" \/>\n<meta property=\"og:url\" content=\"https:\/\/pharmadreams.shop\/index.php\/product\/sebionex-gel-nettoyant-200ml-acm\/\" \/>\n<meta property=\"og:site_name\" content=\"pharmadreams\" \/>\n<meta property=\"article:modified_time\" content=\"2024-03-13T23:49:05+00:00\" \/>\n<meta property=\"og:image\" content=\"https:\/\/pharmadreams.shop\/wp-content\/uploads\/2023\/12\/Sebionex-gel-mousssant-200-ml-acm-nettoyant.jpg\" \/>\n\t<meta property=\"og:image:width\" content=\"800\" \/>\n\t<meta property=\"og:image:height\" content=\"800\" \/>\n\t<meta property=\"og:image:type\" content=\"image\/jpeg\" \/>\n<meta name=\"twitter:card\" content=\"summary_large_image\" \/>\n<meta name=\"twitter:label1\" content=\"Dur\u00e9e de lecture estim\u00e9e\" \/>\n\t<meta name=\"twitter:data1\" content=\"1 minute\" \/>\n<script type=\"application\/ld+json\" class=\"yoast-schema-graph\">{\"@context\":\"https:\/\/schema.org\",\"@graph\":[{\"@type\":\"WebPage\",\"@id\":\"https:\/\/pharmadreams.shop\/index.php\/product\/sebionex-gel-nettoyant-200ml-acm\/\",\"url\":\"https:\/\/pharmadreams.shop\/index.php\/product\/sebionex-gel-nettoyant-200ml-acm\/\",\"name\":\"S\u00e9bionex gel nettoyant - 200ml - ACM - pharmadreams\",\"isPartOf\":{\"@id\":\"https:\/\/pharmadreams.shop\/#website\"},\"primaryImageOfPage\":{\"@id\":\"https:\/\/pharmadreams.shop\/index.php\/product\/sebionex-gel-nettoyant-200ml-acm\/#primaryimage\"},\"image\":{\"@id\":\"https:\/\/pharmadreams.shop\/index.php\/product\/sebionex-gel-nettoyant-200ml-acm\/#primaryimage\"},\"thumbnailUrl\":\"https:\/\/pharmadreams.shop\/wp-content\/uploads\/2023\/12\/Sebionex-gel-mousssant-200-ml-acm-nettoyant.jpg\",\"datePublished\":\"2023-12-19T18:37:43+00:00\",\"dateModified\":\"2024-03-13T23:49:05+00:00\",\"breadcrumb\":{\"@id\":\"https:\/\/pharmadreams.shop\/index.php\/product\/sebionex-gel-nettoyant-200ml-acm\/#breadcrumb\"},\"inLanguage\":\"fr-FR\",\"potentialAction\":[{\"@type\":\"ReadAction\",\"target\":[\"https:\/\/pharmadreams.shop\/index.php\/product\/sebionex-gel-nettoyant-200ml-acm\/\"]}]},{\"@type\":\"ImageObject\",\"inLanguage\":\"fr-FR\",\"@id\":\"https:\/\/pharmadreams.shop\/index.php\/product\/sebionex-gel-nettoyant-200ml-acm\/#primaryimage\",\"url\":\"https:\/\/pharmadreams.shop\/wp-content\/uploads\/2023\/12\/Sebionex-gel-mousssant-200-ml-acm-nettoyant.jpg\",\"contentUrl\":\"https:\/\/pharmadreams.shop\/wp-content\/uploads\/2023\/12\/Sebionex-gel-mousssant-200-ml-acm-nettoyant.jpg\",\"width\":800,\"height\":800},{\"@type\":\"BreadcrumbList\",\"@id\":\"https:\/\/pharmadreams.shop\/index.php\/product\/sebionex-gel-nettoyant-200ml-acm\/#breadcrumb\",\"itemListElement\":[{\"@type\":\"ListItem\",\"position\":1,\"name\":\"Accueil\",\"item\":\"https:\/\/pharmadreams.shop\/\"},{\"@type\":\"ListItem\",\"position\":2,\"name\":\"Shop\",\"item\":\"https:\/\/pharmadreams.shop\/index.php\/shop\/\"},{\"@type\":\"ListItem\",\"position\":3,\"name\":\"S\u00e9bionex gel nettoyant &#8211; 200ml &#8211; ACM\"}]},{\"@type\":\"WebSite\",\"@id\":\"https:\/\/pharmadreams.shop\/#website\",\"url\":\"https:\/\/pharmadreams.shop\/\",\"name\":\"pharmadreams\",\"description\":\"Parapharmacie en ligne\",\"potentialAction\":[{\"@type\":\"SearchAction\",\"target\":{\"@type\":\"EntryPoint\",\"urlTemplate\":\"https:\/\/pharmadreams.shop\/?s={search_term_string}\"},\"query-input\":\"required name=search_term_string\"}],\"inLanguage\":\"fr-FR\"}]}<\/script>\n<!-- \/ Yoast SEO plugin. -->","yoast_head_json":{"title":"S\u00e9bionex gel nettoyant - 200ml - ACM - pharmadreams","robots":{"index":"index","follow":"follow","max-snippet":"max-snippet:-1","max-image-preview":"max-image-preview:large","max-video-preview":"max-video-preview:-1"},"canonical":"https:\/\/pharmadreams.shop\/index.php\/product\/sebionex-gel-nettoyant-200ml-acm\/","og_locale":"fr_FR","og_type":"article","og_title":"S\u00e9bionex gel nettoyant - 200ml - ACM - pharmadreams","og_description":"Ce gel nettoie en profondeur le visage sans dess\u00e9cher tout en \u00e9liminant l\u2019exc\u00e8s de s\u00e9bum. Il respecte le film hydrolipidique de la peau gr\u00e2ce \u00e0 une association de bases lavantes douces sans savon et exfolie en douceur.","og_url":"https:\/\/pharmadreams.shop\/index.php\/product\/sebionex-gel-nettoyant-200ml-acm\/","og_site_name":"pharmadreams","article_modified_time":"2024-03-13T23:49:05+00:00","og_image":[{"width":800,"height":800,"url":"https:\/\/pharmadreams.shop\/wp-content\/uploads\/2023\/12\/Sebionex-gel-mousssant-200-ml-acm-nettoyant.jpg","type":"image\/jpeg"}],"twitter_card":"summary_large_image","twitter_misc":{"Dur\u00e9e de lecture estim\u00e9e":"1 minute"},"schema":{"@context":"https:\/\/schema.org","@graph":[{"@type":"WebPage","@id":"https:\/\/pharmadreams.shop\/index.php\/product\/sebionex-gel-nettoyant-200ml-acm\/","url":"https:\/\/pharmadreams.shop\/index.php\/product\/sebionex-gel-nettoyant-200ml-acm\/","name":"S\u00e9bionex gel nettoyant - 200ml - ACM - pharmadreams","isPartOf":{"@id":"https:\/\/pharmadreams.shop\/#website"},"primaryImageOfPage":{"@id":"https:\/\/pharmadreams.shop\/index.php\/product\/sebionex-gel-nettoyant-200ml-acm\/#primaryimage"},"image":{"@id":"https:\/\/pharmadreams.shop\/index.php\/product\/sebionex-gel-nettoyant-200ml-acm\/#primaryimage"},"thumbnailUrl":"https:\/\/pharmadreams.shop\/wp-content\/uploads\/2023\/12\/Sebionex-gel-mousssant-200-ml-acm-nettoyant.jpg","datePublished":"2023-12-19T18:37:43+00:00","dateModified":"2024-03-13T23:49:05+00:00","breadcrumb":{"@id":"https:\/\/pharmadreams.shop\/index.php\/product\/sebionex-gel-nettoyant-200ml-acm\/#breadcrumb"},"inLanguage":"fr-FR","potentialAction":[{"@type":"ReadAction","target":["https:\/\/pharmadreams.shop\/index.php\/product\/sebionex-gel-nettoyant-200ml-acm\/"]}]},{"@type":"ImageObject","inLanguage":"fr-FR","@id":"https:\/\/pharmadreams.shop\/index.php\/product\/sebionex-gel-nettoyant-200ml-acm\/#primaryimage","url":"https:\/\/pharmadreams.shop\/wp-content\/uploads\/2023\/12\/Sebionex-gel-mousssant-200-ml-acm-nettoyant.jpg","contentUrl":"https:\/\/pharmadreams.shop\/wp-content\/uploads\/2023\/12\/Sebionex-gel-mousssant-200-ml-acm-nettoyant.jpg","width":800,"height":800},{"@type":"BreadcrumbList","@id":"https:\/\/pharmadreams.shop\/index.php\/product\/sebionex-gel-nettoyant-200ml-acm\/#breadcrumb","itemListElement":[{"@type":"ListItem","position":1,"name":"Accueil","item":"https:\/\/pharmadreams.shop\/"},{"@type":"ListItem","position":2,"name":"Shop","item":"https:\/\/pharmadreams.shop\/index.php\/shop\/"},{"@type":"ListItem","position":3,"name":"S\u00e9bionex gel nettoyant &#8211; 200ml &#8211; ACM"}]},{"@type":"WebSite","@id":"https:\/\/pharmadreams.shop\/#website","url":"https:\/\/pharmadreams.shop\/","name":"pharmadreams","description":"Parapharmacie en ligne","potentialAction":[{"@type":"SearchAction","target":{"@type":"EntryPoint","urlTemplate":"https:\/\/pharmadreams.shop\/?s={search_term_string}"},"query-input":"required name=search_term_string"}],"inLanguage":"fr-FR"}]}},"_links":{"self":[{"href":"https:\/\/pharmadreams.shop\/index.php\/wp-json\/wp\/v2\/product\/16735","targetHints":{"allow":["GET"]}}],"collection":[{"href":"https:\/\/pharmadreams.shop\/index.php\/wp-json\/wp\/v2\/product"}],"about":[{"href":"https:\/\/pharmadreams.shop\/index.php\/wp-json\/wp\/v2\/types\/product"}],"replies":[{"embeddable":true,"href":"https:\/\/pharmadreams.shop\/index.php\/wp-json\/wp\/v2\/comments?post=16735"}],"version-history":[{"count":0,"href":"https:\/\/pharmadreams.shop\/index.php\/wp-json\/wp\/v2\/product\/16735\/revisions"}],"wp:featuredmedia":[{"embeddable":true,"href":"https:\/\/pharmadreams.shop\/index.php\/wp-json\/wp\/v2\/media\/16793"}],"wp:attachment":[{"href":"https:\/\/pharmadreams.shop\/index.php\/wp-json\/wp\/v2\/media?parent=16735"}],"wp:term":[{"taxonomy":"product_brand","embeddable":true,"href":"https:\/\/pharmadreams.shop\/index.php\/wp-json\/wp\/v2\/product_brand?post=16735"},{"taxonomy":"product_cat","embeddable":true,"href":"https:\/\/pharmadreams.shop\/index.php\/wp-json\/wp\/v2\/product_cat?post=16735"},{"taxonomy":"product_tag","embeddable":true,"href":"https:\/\/pharmadreams.shop\/index.php\/wp-json\/wp\/v2\/product_tag?post=16735"}],"curies":[{"name":"wp","href":"https:\/\/api.w.org\/{rel}","templated":true}]}}