{"id":16740,"date":"2023-12-19T19:37:44","date_gmt":"2023-12-19T18:37:44","guid":{"rendered":"https:\/\/venuspara.com\/?post_type=product&#038;p=16740"},"modified":"2023-12-19T19:38:18","modified_gmt":"2023-12-19T18:38:18","slug":"peeling-bamboo-scurbe-75ml-lirene","status":"publish","type":"product","link":"https:\/\/pharmadreams.shop\/index.php\/product\/peeling-bamboo-scurbe-75ml-lirene\/","title":{"rendered":"Peeling bamboo scurbe &#8211; 75ml &#8211; Lirene"},"content":{"rendered":"","protected":false},"excerpt":{"rendered":"<p>Le peeling rugueux \u00e9limine efficacement les cellules mortes de la peau et assure un lissage intensif.<br \/>\n\u00c9limine la salet\u00e9 et l&rsquo;exc\u00e8s de graisse et r\u00e9duit la visibilit\u00e9 des pores et des points noirs.<br \/>\nIl laisse la peau nettoy\u00e9e intens\u00e9ment et en profondeur, tout en procurant une agr\u00e9able sensation de fra\u00eecheur.<br \/>\nIl convient \u00e0 tous les types de peaux, en particulier aux peaux mixtes et grasses \u00e0 d\u00e9fauts visibles.<\/p>\n","protected":false},"featured_media":16803,"comment_status":"open","ping_status":"closed","template":"","meta":[],"product_brand":[],"product_cat":[28,254,157],"product_tag":[180,255,256,170,257],"class_list":{"0":"post-16740","1":"product","2":"type-product","3":"status-publish","4":"has-post-thumbnail","6":"product_cat-corps","7":"product_cat-exfoliant-corps","8":"product_cat-gommage","9":"product_tag-corps","10":"product_tag-exfoliant-corps","11":"product_tag-gommage","12":"product_tag-lirene","13":"product_tag-peeling-bamboo-scurbe","15":"first","16":"instock","17":"shipping-taxable","18":"purchasable","19":"product-type-simple"},"yoast_head":"<!-- This site is optimized with the Yoast SEO plugin v23.0 - https:\/\/yoast.com\/wordpress\/plugins\/seo\/ -->\n<title>Peeling bamboo scurbe - 75ml - Lirene - pharmadreams<\/title>\n<meta name=\"robots\" content=\"index, follow, max-snippet:-1, max-image-preview:large, max-video-preview:-1\" \/>\n<link rel=\"canonical\" href=\"https:\/\/pharmadreams.shop\/index.php\/product\/peeling-bamboo-scurbe-75ml-lirene\/\" \/>\n<meta property=\"og:locale\" content=\"fr_FR\" \/>\n<meta property=\"og:type\" content=\"article\" \/>\n<meta property=\"og:title\" content=\"Peeling bamboo scurbe - 75ml - Lirene - pharmadreams\" \/>\n<meta property=\"og:description\" content=\"Le peeling rugueux \u00e9limine efficacement les cellules mortes de la peau et assure un lissage intensif. \u00c9limine la salet\u00e9 et l&#039;exc\u00e8s de graisse et r\u00e9duit la visibilit\u00e9 des pores et des points noirs. Il laisse la peau nettoy\u00e9e intens\u00e9ment et en profondeur, tout en procurant une agr\u00e9able sensation de fra\u00eecheur. Il convient \u00e0 tous les types de peaux, en particulier aux peaux mixtes et grasses \u00e0 d\u00e9fauts visibles.\" \/>\n<meta property=\"og:url\" content=\"https:\/\/pharmadreams.shop\/index.php\/product\/peeling-bamboo-scurbe-75ml-lirene\/\" \/>\n<meta property=\"og:site_name\" content=\"pharmadreams\" \/>\n<meta property=\"article:modified_time\" content=\"2023-12-19T18:38:18+00:00\" \/>\n<meta property=\"og:image\" content=\"https:\/\/pharmadreams.shop\/wp-content\/uploads\/2023\/12\/peeling-bamboo-menthe-lirene-75ml-lissage-intensif.jpeg\" \/>\n\t<meta property=\"og:image:width\" content=\"240\" \/>\n\t<meta property=\"og:image:height\" content=\"240\" \/>\n\t<meta property=\"og:image:type\" content=\"image\/jpeg\" \/>\n<meta name=\"twitter:card\" content=\"summary_large_image\" \/>\n<script type=\"application\/ld+json\" class=\"yoast-schema-graph\">{\"@context\":\"https:\/\/schema.org\",\"@graph\":[{\"@type\":\"WebPage\",\"@id\":\"https:\/\/pharmadreams.shop\/index.php\/product\/peeling-bamboo-scurbe-75ml-lirene\/\",\"url\":\"https:\/\/pharmadreams.shop\/index.php\/product\/peeling-bamboo-scurbe-75ml-lirene\/\",\"name\":\"Peeling bamboo scurbe - 75ml - Lirene - pharmadreams\",\"isPartOf\":{\"@id\":\"https:\/\/pharmadreams.shop\/#website\"},\"primaryImageOfPage\":{\"@id\":\"https:\/\/pharmadreams.shop\/index.php\/product\/peeling-bamboo-scurbe-75ml-lirene\/#primaryimage\"},\"image\":{\"@id\":\"https:\/\/pharmadreams.shop\/index.php\/product\/peeling-bamboo-scurbe-75ml-lirene\/#primaryimage\"},\"thumbnailUrl\":\"https:\/\/pharmadreams.shop\/wp-content\/uploads\/2023\/12\/peeling-bamboo-menthe-lirene-75ml-lissage-intensif.jpeg\",\"datePublished\":\"2023-12-19T18:37:44+00:00\",\"dateModified\":\"2023-12-19T18:38:18+00:00\",\"breadcrumb\":{\"@id\":\"https:\/\/pharmadreams.shop\/index.php\/product\/peeling-bamboo-scurbe-75ml-lirene\/#breadcrumb\"},\"inLanguage\":\"fr-FR\",\"potentialAction\":[{\"@type\":\"ReadAction\",\"target\":[\"https:\/\/pharmadreams.shop\/index.php\/product\/peeling-bamboo-scurbe-75ml-lirene\/\"]}]},{\"@type\":\"ImageObject\",\"inLanguage\":\"fr-FR\",\"@id\":\"https:\/\/pharmadreams.shop\/index.php\/product\/peeling-bamboo-scurbe-75ml-lirene\/#primaryimage\",\"url\":\"https:\/\/pharmadreams.shop\/wp-content\/uploads\/2023\/12\/peeling-bamboo-menthe-lirene-75ml-lissage-intensif.jpeg\",\"contentUrl\":\"https:\/\/pharmadreams.shop\/wp-content\/uploads\/2023\/12\/peeling-bamboo-menthe-lirene-75ml-lissage-intensif.jpeg\",\"width\":240,\"height\":240},{\"@type\":\"BreadcrumbList\",\"@id\":\"https:\/\/pharmadreams.shop\/index.php\/product\/peeling-bamboo-scurbe-75ml-lirene\/#breadcrumb\",\"itemListElement\":[{\"@type\":\"ListItem\",\"position\":1,\"name\":\"Accueil\",\"item\":\"https:\/\/pharmadreams.shop\/\"},{\"@type\":\"ListItem\",\"position\":2,\"name\":\"Shop\",\"item\":\"https:\/\/pharmadreams.shop\/index.php\/shop\/\"},{\"@type\":\"ListItem\",\"position\":3,\"name\":\"Peeling bamboo scurbe &#8211; 75ml &#8211; Lirene\"}]},{\"@type\":\"WebSite\",\"@id\":\"https:\/\/pharmadreams.shop\/#website\",\"url\":\"https:\/\/pharmadreams.shop\/\",\"name\":\"pharmadreams\",\"description\":\"Parapharmacie en ligne\",\"potentialAction\":[{\"@type\":\"SearchAction\",\"target\":{\"@type\":\"EntryPoint\",\"urlTemplate\":\"https:\/\/pharmadreams.shop\/?s={search_term_string}\"},\"query-input\":\"required name=search_term_string\"}],\"inLanguage\":\"fr-FR\"}]}<\/script>\n<!-- \/ Yoast SEO plugin. -->","yoast_head_json":{"title":"Peeling bamboo scurbe - 75ml - Lirene - pharmadreams","robots":{"index":"index","follow":"follow","max-snippet":"max-snippet:-1","max-image-preview":"max-image-preview:large","max-video-preview":"max-video-preview:-1"},"canonical":"https:\/\/pharmadreams.shop\/index.php\/product\/peeling-bamboo-scurbe-75ml-lirene\/","og_locale":"fr_FR","og_type":"article","og_title":"Peeling bamboo scurbe - 75ml - Lirene - pharmadreams","og_description":"Le peeling rugueux \u00e9limine efficacement les cellules mortes de la peau et assure un lissage intensif. \u00c9limine la salet\u00e9 et l'exc\u00e8s de graisse et r\u00e9duit la visibilit\u00e9 des pores et des points noirs. Il laisse la peau nettoy\u00e9e intens\u00e9ment et en profondeur, tout en procurant une agr\u00e9able sensation de fra\u00eecheur. Il convient \u00e0 tous les types de peaux, en particulier aux peaux mixtes et grasses \u00e0 d\u00e9fauts visibles.","og_url":"https:\/\/pharmadreams.shop\/index.php\/product\/peeling-bamboo-scurbe-75ml-lirene\/","og_site_name":"pharmadreams","article_modified_time":"2023-12-19T18:38:18+00:00","og_image":[{"width":240,"height":240,"url":"https:\/\/pharmadreams.shop\/wp-content\/uploads\/2023\/12\/peeling-bamboo-menthe-lirene-75ml-lissage-intensif.jpeg","type":"image\/jpeg"}],"twitter_card":"summary_large_image","schema":{"@context":"https:\/\/schema.org","@graph":[{"@type":"WebPage","@id":"https:\/\/pharmadreams.shop\/index.php\/product\/peeling-bamboo-scurbe-75ml-lirene\/","url":"https:\/\/pharmadreams.shop\/index.php\/product\/peeling-bamboo-scurbe-75ml-lirene\/","name":"Peeling bamboo scurbe - 75ml - Lirene - pharmadreams","isPartOf":{"@id":"https:\/\/pharmadreams.shop\/#website"},"primaryImageOfPage":{"@id":"https:\/\/pharmadreams.shop\/index.php\/product\/peeling-bamboo-scurbe-75ml-lirene\/#primaryimage"},"image":{"@id":"https:\/\/pharmadreams.shop\/index.php\/product\/peeling-bamboo-scurbe-75ml-lirene\/#primaryimage"},"thumbnailUrl":"https:\/\/pharmadreams.shop\/wp-content\/uploads\/2023\/12\/peeling-bamboo-menthe-lirene-75ml-lissage-intensif.jpeg","datePublished":"2023-12-19T18:37:44+00:00","dateModified":"2023-12-19T18:38:18+00:00","breadcrumb":{"@id":"https:\/\/pharmadreams.shop\/index.php\/product\/peeling-bamboo-scurbe-75ml-lirene\/#breadcrumb"},"inLanguage":"fr-FR","potentialAction":[{"@type":"ReadAction","target":["https:\/\/pharmadreams.shop\/index.php\/product\/peeling-bamboo-scurbe-75ml-lirene\/"]}]},{"@type":"ImageObject","inLanguage":"fr-FR","@id":"https:\/\/pharmadreams.shop\/index.php\/product\/peeling-bamboo-scurbe-75ml-lirene\/#primaryimage","url":"https:\/\/pharmadreams.shop\/wp-content\/uploads\/2023\/12\/peeling-bamboo-menthe-lirene-75ml-lissage-intensif.jpeg","contentUrl":"https:\/\/pharmadreams.shop\/wp-content\/uploads\/2023\/12\/peeling-bamboo-menthe-lirene-75ml-lissage-intensif.jpeg","width":240,"height":240},{"@type":"BreadcrumbList","@id":"https:\/\/pharmadreams.shop\/index.php\/product\/peeling-bamboo-scurbe-75ml-lirene\/#breadcrumb","itemListElement":[{"@type":"ListItem","position":1,"name":"Accueil","item":"https:\/\/pharmadreams.shop\/"},{"@type":"ListItem","position":2,"name":"Shop","item":"https:\/\/pharmadreams.shop\/index.php\/shop\/"},{"@type":"ListItem","position":3,"name":"Peeling bamboo scurbe &#8211; 75ml &#8211; Lirene"}]},{"@type":"WebSite","@id":"https:\/\/pharmadreams.shop\/#website","url":"https:\/\/pharmadreams.shop\/","name":"pharmadreams","description":"Parapharmacie en ligne","potentialAction":[{"@type":"SearchAction","target":{"@type":"EntryPoint","urlTemplate":"https:\/\/pharmadreams.shop\/?s={search_term_string}"},"query-input":"required name=search_term_string"}],"inLanguage":"fr-FR"}]}},"_links":{"self":[{"href":"https:\/\/pharmadreams.shop\/index.php\/wp-json\/wp\/v2\/product\/16740","targetHints":{"allow":["GET"]}}],"collection":[{"href":"https:\/\/pharmadreams.shop\/index.php\/wp-json\/wp\/v2\/product"}],"about":[{"href":"https:\/\/pharmadreams.shop\/index.php\/wp-json\/wp\/v2\/types\/product"}],"replies":[{"embeddable":true,"href":"https:\/\/pharmadreams.shop\/index.php\/wp-json\/wp\/v2\/comments?post=16740"}],"version-history":[{"count":0,"href":"https:\/\/pharmadreams.shop\/index.php\/wp-json\/wp\/v2\/product\/16740\/revisions"}],"wp:featuredmedia":[{"embeddable":true,"href":"https:\/\/pharmadreams.shop\/index.php\/wp-json\/wp\/v2\/media\/16803"}],"wp:attachment":[{"href":"https:\/\/pharmadreams.shop\/index.php\/wp-json\/wp\/v2\/media?parent=16740"}],"wp:term":[{"taxonomy":"product_brand","embeddable":true,"href":"https:\/\/pharmadreams.shop\/index.php\/wp-json\/wp\/v2\/product_brand?post=16740"},{"taxonomy":"product_cat","embeddable":true,"href":"https:\/\/pharmadreams.shop\/index.php\/wp-json\/wp\/v2\/product_cat?post=16740"},{"taxonomy":"product_tag","embeddable":true,"href":"https:\/\/pharmadreams.shop\/index.php\/wp-json\/wp\/v2\/product_tag?post=16740"}],"curies":[{"name":"wp","href":"https:\/\/api.w.org\/{rel}","templated":true}]}}