{"id":16744,"date":"2023-12-19T19:37:44","date_gmt":"2023-12-19T18:37:44","guid":{"rendered":"https:\/\/venuspara.com\/?post_type=product&#038;p=16744"},"modified":"2023-12-19T19:38:24","modified_gmt":"2023-12-19T18:38:24","slug":"kilactis-killpain-lait-anti-douleur-100ml","status":"publish","type":"product","link":"https:\/\/pharmadreams.shop\/index.php\/product\/kilactis-killpain-lait-anti-douleur-100ml\/","title":{"rendered":"Kilactis killpain lait anti-douleur 100ml"},"content":{"rendered":"","protected":false},"excerpt":{"rendered":"<p><strong>Kilactis KILLPAIN Lait Anti-douleur<\/strong>\u00a0est une lotion apaisante con\u00e7ue pour soulager rapidement les douleurs musculaires et articulaires.\u00a0Gr\u00e2ce \u00e0 l\u2019association d\u2019huiles essentielles (lavande, eucalyptus), de menthol et de salicylate de m\u00e9thyle, KILLPAIN procure un massage relaxant avec une sensation de fra\u00eecheur et de bien-\u00eatre sans laisser la peau grasse ou collante.<\/p>\n","protected":false},"featured_media":16811,"comment_status":"open","ping_status":"closed","template":"","meta":[],"product_brand":[],"product_cat":[258,160],"product_tag":[],"class_list":{"0":"post-16744","1":"product","2":"type-product","3":"status-publish","4":"has-post-thumbnail","6":"product_cat-anti-douleur","7":"product_cat-lait","9":"first","10":"instock","11":"shipping-taxable","12":"purchasable","13":"product-type-simple"},"yoast_head":"<!-- This site is optimized with the Yoast SEO plugin v23.0 - https:\/\/yoast.com\/wordpress\/plugins\/seo\/ -->\n<title>Kilactis killpain lait anti-douleur 100ml - pharmadreams<\/title>\n<meta name=\"robots\" content=\"index, follow, max-snippet:-1, max-image-preview:large, max-video-preview:-1\" \/>\n<link rel=\"canonical\" href=\"https:\/\/pharmadreams.shop\/index.php\/product\/kilactis-killpain-lait-anti-douleur-100ml\/\" \/>\n<meta property=\"og:locale\" content=\"fr_FR\" \/>\n<meta property=\"og:type\" content=\"article\" \/>\n<meta property=\"og:title\" content=\"Kilactis killpain lait anti-douleur 100ml - pharmadreams\" \/>\n<meta property=\"og:description\" content=\"Kilactis KILLPAIN Lait Anti-douleur\u00a0est une lotion apaisante con\u00e7ue pour soulager rapidement les douleurs musculaires et articulaires.\u00a0Gr\u00e2ce \u00e0 l\u2019association d\u2019huiles essentielles (lavande, eucalyptus), de menthol et de salicylate de m\u00e9thyle, KILLPAIN procure un massage relaxant avec une sensation de fra\u00eecheur et de bien-\u00eatre sans laisser la peau grasse ou collante.\" \/>\n<meta property=\"og:url\" content=\"https:\/\/pharmadreams.shop\/index.php\/product\/kilactis-killpain-lait-anti-douleur-100ml\/\" \/>\n<meta property=\"og:site_name\" content=\"pharmadreams\" \/>\n<meta property=\"article:modified_time\" content=\"2023-12-19T18:38:24+00:00\" \/>\n<meta property=\"og:image\" content=\"https:\/\/pharmadreams.shop\/wp-content\/uploads\/2023\/12\/Sans-titre-4.png\" \/>\n\t<meta property=\"og:image:width\" content=\"819\" \/>\n\t<meta property=\"og:image:height\" content=\"801\" \/>\n\t<meta property=\"og:image:type\" content=\"image\/png\" \/>\n<meta name=\"twitter:card\" content=\"summary_large_image\" \/>\n<script type=\"application\/ld+json\" class=\"yoast-schema-graph\">{\"@context\":\"https:\/\/schema.org\",\"@graph\":[{\"@type\":\"WebPage\",\"@id\":\"https:\/\/pharmadreams.shop\/index.php\/product\/kilactis-killpain-lait-anti-douleur-100ml\/\",\"url\":\"https:\/\/pharmadreams.shop\/index.php\/product\/kilactis-killpain-lait-anti-douleur-100ml\/\",\"name\":\"Kilactis killpain lait anti-douleur 100ml - pharmadreams\",\"isPartOf\":{\"@id\":\"https:\/\/pharmadreams.shop\/#website\"},\"primaryImageOfPage\":{\"@id\":\"https:\/\/pharmadreams.shop\/index.php\/product\/kilactis-killpain-lait-anti-douleur-100ml\/#primaryimage\"},\"image\":{\"@id\":\"https:\/\/pharmadreams.shop\/index.php\/product\/kilactis-killpain-lait-anti-douleur-100ml\/#primaryimage\"},\"thumbnailUrl\":\"https:\/\/pharmadreams.shop\/wp-content\/uploads\/2023\/12\/Sans-titre-4.png\",\"datePublished\":\"2023-12-19T18:37:44+00:00\",\"dateModified\":\"2023-12-19T18:38:24+00:00\",\"breadcrumb\":{\"@id\":\"https:\/\/pharmadreams.shop\/index.php\/product\/kilactis-killpain-lait-anti-douleur-100ml\/#breadcrumb\"},\"inLanguage\":\"fr-FR\",\"potentialAction\":[{\"@type\":\"ReadAction\",\"target\":[\"https:\/\/pharmadreams.shop\/index.php\/product\/kilactis-killpain-lait-anti-douleur-100ml\/\"]}]},{\"@type\":\"ImageObject\",\"inLanguage\":\"fr-FR\",\"@id\":\"https:\/\/pharmadreams.shop\/index.php\/product\/kilactis-killpain-lait-anti-douleur-100ml\/#primaryimage\",\"url\":\"https:\/\/pharmadreams.shop\/wp-content\/uploads\/2023\/12\/Sans-titre-4.png\",\"contentUrl\":\"https:\/\/pharmadreams.shop\/wp-content\/uploads\/2023\/12\/Sans-titre-4.png\",\"width\":819,\"height\":801},{\"@type\":\"BreadcrumbList\",\"@id\":\"https:\/\/pharmadreams.shop\/index.php\/product\/kilactis-killpain-lait-anti-douleur-100ml\/#breadcrumb\",\"itemListElement\":[{\"@type\":\"ListItem\",\"position\":1,\"name\":\"Accueil\",\"item\":\"https:\/\/pharmadreams.shop\/\"},{\"@type\":\"ListItem\",\"position\":2,\"name\":\"Shop\",\"item\":\"https:\/\/pharmadreams.shop\/index.php\/shop\/\"},{\"@type\":\"ListItem\",\"position\":3,\"name\":\"Kilactis killpain lait anti-douleur 100ml\"}]},{\"@type\":\"WebSite\",\"@id\":\"https:\/\/pharmadreams.shop\/#website\",\"url\":\"https:\/\/pharmadreams.shop\/\",\"name\":\"pharmadreams\",\"description\":\"Parapharmacie en ligne\",\"potentialAction\":[{\"@type\":\"SearchAction\",\"target\":{\"@type\":\"EntryPoint\",\"urlTemplate\":\"https:\/\/pharmadreams.shop\/?s={search_term_string}\"},\"query-input\":\"required name=search_term_string\"}],\"inLanguage\":\"fr-FR\"}]}<\/script>\n<!-- \/ Yoast SEO plugin. -->","yoast_head_json":{"title":"Kilactis killpain lait anti-douleur 100ml - pharmadreams","robots":{"index":"index","follow":"follow","max-snippet":"max-snippet:-1","max-image-preview":"max-image-preview:large","max-video-preview":"max-video-preview:-1"},"canonical":"https:\/\/pharmadreams.shop\/index.php\/product\/kilactis-killpain-lait-anti-douleur-100ml\/","og_locale":"fr_FR","og_type":"article","og_title":"Kilactis killpain lait anti-douleur 100ml - pharmadreams","og_description":"Kilactis KILLPAIN Lait Anti-douleur\u00a0est une lotion apaisante con\u00e7ue pour soulager rapidement les douleurs musculaires et articulaires.\u00a0Gr\u00e2ce \u00e0 l\u2019association d\u2019huiles essentielles (lavande, eucalyptus), de menthol et de salicylate de m\u00e9thyle, KILLPAIN procure un massage relaxant avec une sensation de fra\u00eecheur et de bien-\u00eatre sans laisser la peau grasse ou collante.","og_url":"https:\/\/pharmadreams.shop\/index.php\/product\/kilactis-killpain-lait-anti-douleur-100ml\/","og_site_name":"pharmadreams","article_modified_time":"2023-12-19T18:38:24+00:00","og_image":[{"width":819,"height":801,"url":"https:\/\/pharmadreams.shop\/wp-content\/uploads\/2023\/12\/Sans-titre-4.png","type":"image\/png"}],"twitter_card":"summary_large_image","schema":{"@context":"https:\/\/schema.org","@graph":[{"@type":"WebPage","@id":"https:\/\/pharmadreams.shop\/index.php\/product\/kilactis-killpain-lait-anti-douleur-100ml\/","url":"https:\/\/pharmadreams.shop\/index.php\/product\/kilactis-killpain-lait-anti-douleur-100ml\/","name":"Kilactis killpain lait anti-douleur 100ml - pharmadreams","isPartOf":{"@id":"https:\/\/pharmadreams.shop\/#website"},"primaryImageOfPage":{"@id":"https:\/\/pharmadreams.shop\/index.php\/product\/kilactis-killpain-lait-anti-douleur-100ml\/#primaryimage"},"image":{"@id":"https:\/\/pharmadreams.shop\/index.php\/product\/kilactis-killpain-lait-anti-douleur-100ml\/#primaryimage"},"thumbnailUrl":"https:\/\/pharmadreams.shop\/wp-content\/uploads\/2023\/12\/Sans-titre-4.png","datePublished":"2023-12-19T18:37:44+00:00","dateModified":"2023-12-19T18:38:24+00:00","breadcrumb":{"@id":"https:\/\/pharmadreams.shop\/index.php\/product\/kilactis-killpain-lait-anti-douleur-100ml\/#breadcrumb"},"inLanguage":"fr-FR","potentialAction":[{"@type":"ReadAction","target":["https:\/\/pharmadreams.shop\/index.php\/product\/kilactis-killpain-lait-anti-douleur-100ml\/"]}]},{"@type":"ImageObject","inLanguage":"fr-FR","@id":"https:\/\/pharmadreams.shop\/index.php\/product\/kilactis-killpain-lait-anti-douleur-100ml\/#primaryimage","url":"https:\/\/pharmadreams.shop\/wp-content\/uploads\/2023\/12\/Sans-titre-4.png","contentUrl":"https:\/\/pharmadreams.shop\/wp-content\/uploads\/2023\/12\/Sans-titre-4.png","width":819,"height":801},{"@type":"BreadcrumbList","@id":"https:\/\/pharmadreams.shop\/index.php\/product\/kilactis-killpain-lait-anti-douleur-100ml\/#breadcrumb","itemListElement":[{"@type":"ListItem","position":1,"name":"Accueil","item":"https:\/\/pharmadreams.shop\/"},{"@type":"ListItem","position":2,"name":"Shop","item":"https:\/\/pharmadreams.shop\/index.php\/shop\/"},{"@type":"ListItem","position":3,"name":"Kilactis killpain lait anti-douleur 100ml"}]},{"@type":"WebSite","@id":"https:\/\/pharmadreams.shop\/#website","url":"https:\/\/pharmadreams.shop\/","name":"pharmadreams","description":"Parapharmacie en ligne","potentialAction":[{"@type":"SearchAction","target":{"@type":"EntryPoint","urlTemplate":"https:\/\/pharmadreams.shop\/?s={search_term_string}"},"query-input":"required name=search_term_string"}],"inLanguage":"fr-FR"}]}},"_links":{"self":[{"href":"https:\/\/pharmadreams.shop\/index.php\/wp-json\/wp\/v2\/product\/16744","targetHints":{"allow":["GET"]}}],"collection":[{"href":"https:\/\/pharmadreams.shop\/index.php\/wp-json\/wp\/v2\/product"}],"about":[{"href":"https:\/\/pharmadreams.shop\/index.php\/wp-json\/wp\/v2\/types\/product"}],"replies":[{"embeddable":true,"href":"https:\/\/pharmadreams.shop\/index.php\/wp-json\/wp\/v2\/comments?post=16744"}],"version-history":[{"count":0,"href":"https:\/\/pharmadreams.shop\/index.php\/wp-json\/wp\/v2\/product\/16744\/revisions"}],"wp:featuredmedia":[{"embeddable":true,"href":"https:\/\/pharmadreams.shop\/index.php\/wp-json\/wp\/v2\/media\/16811"}],"wp:attachment":[{"href":"https:\/\/pharmadreams.shop\/index.php\/wp-json\/wp\/v2\/media?parent=16744"}],"wp:term":[{"taxonomy":"product_brand","embeddable":true,"href":"https:\/\/pharmadreams.shop\/index.php\/wp-json\/wp\/v2\/product_brand?post=16744"},{"taxonomy":"product_cat","embeddable":true,"href":"https:\/\/pharmadreams.shop\/index.php\/wp-json\/wp\/v2\/product_cat?post=16744"},{"taxonomy":"product_tag","embeddable":true,"href":"https:\/\/pharmadreams.shop\/index.php\/wp-json\/wp\/v2\/product_tag?post=16744"}],"curies":[{"name":"wp","href":"https:\/\/api.w.org\/{rel}","templated":true}]}}