{"id":16745,"date":"2023-12-19T19:37:44","date_gmt":"2023-12-19T18:37:44","guid":{"rendered":"https:\/\/venuspara.com\/?post_type=product&#038;p=16745"},"modified":"2024-03-16T00:32:29","modified_gmt":"2024-03-15T23:32:29","slug":"doppel-herz-aktiv-hyaluron-30-gelules","status":"publish","type":"product","link":"https:\/\/pharmadreams.shop\/index.php\/product\/doppel-herz-aktiv-hyaluron-30-gelules\/","title":{"rendered":"Doppel herz aktiv hyaluron 30 gelules"},"content":{"rendered":"","protected":false},"excerpt":{"rendered":"<p>Pour une peau plus ferme et plus lisse<\/p>\n<p>Avec l\u2019\u00e2ge, la peau perd de son \u00e9lasticit\u00e9 et de sa r\u00e9sistance car la synth\u00e8se du collag\u00e8ne et de l\u2019acide hyaluronique, deux constituants-cl\u00e9 du derme, diminue. L\u2019acide hyaluronique est particuli\u00e8rement important pour la structure du derme : en formant de long polym\u00e8res qui fixent une grande quantit\u00e9 d\u2019eau, il contribue \u00e0 une bonne hydratation du tissu. Ceci a une cons\u00e9quence sur l\u2019aspect de la peau : plus le derme est hydrat\u00e9, moins les rides sont profondes.<\/p>\n<p>La peau apparait ainsi plus lisse \u00e0 la vue et au toucher. C\u2019est pour cette raison qu\u2019on dit que l\u2019acide hyaluronique aide \u00e0 combler les rides.<\/p>\n","protected":false},"featured_media":16813,"comment_status":"open","ping_status":"closed","template":"","meta":[],"product_brand":[],"product_cat":[32],"product_tag":[],"class_list":{"0":"post-16745","1":"product","2":"type-product","3":"status-publish","4":"has-post-thumbnail","6":"product_cat-complements-alimentaires","8":"first","9":"instock","10":"shipping-taxable","11":"purchasable","12":"product-type-simple"},"yoast_head":"<!-- This site is optimized with the Yoast SEO plugin v23.0 - https:\/\/yoast.com\/wordpress\/plugins\/seo\/ -->\n<title>Doppel herz aktiv hyaluron 30 gelules - pharmadreams<\/title>\n<meta name=\"robots\" content=\"index, follow, max-snippet:-1, max-image-preview:large, max-video-preview:-1\" \/>\n<link rel=\"canonical\" href=\"https:\/\/pharmadreams.shop\/index.php\/product\/doppel-herz-aktiv-hyaluron-30-gelules\/\" \/>\n<meta property=\"og:locale\" content=\"fr_FR\" \/>\n<meta property=\"og:type\" content=\"article\" \/>\n<meta property=\"og:title\" content=\"Doppel herz aktiv hyaluron 30 gelules - pharmadreams\" \/>\n<meta property=\"og:description\" content=\"Pour une peau plus ferme et plus lisse  Avec l\u2019\u00e2ge, la peau perd de son \u00e9lasticit\u00e9 et de sa r\u00e9sistance car la synth\u00e8se du collag\u00e8ne et de l\u2019acide hyaluronique, deux constituants-cl\u00e9 du derme, diminue. L\u2019acide hyaluronique est particuli\u00e8rement important pour la structure du derme : en formant de long polym\u00e8res qui fixent une grande quantit\u00e9 d\u2019eau, il contribue \u00e0 une bonne hydratation du tissu. Ceci a une cons\u00e9quence sur l\u2019aspect de la peau : plus le derme est hydrat\u00e9, moins les rides sont profondes.  La peau apparait ainsi plus lisse \u00e0 la vue et au toucher. C\u2019est pour cette raison qu\u2019on dit que l\u2019acide hyaluronique aide \u00e0 combler les rides.\" \/>\n<meta property=\"og:url\" content=\"https:\/\/pharmadreams.shop\/index.php\/product\/doppel-herz-aktiv-hyaluron-30-gelules\/\" \/>\n<meta property=\"og:site_name\" content=\"pharmadreams\" \/>\n<meta property=\"article:modified_time\" content=\"2024-03-15T23:32:29+00:00\" \/>\n<meta property=\"og:image\" content=\"https:\/\/pharmadreams.shop\/wp-content\/uploads\/2023\/12\/Sans-titre-5.png\" \/>\n\t<meta property=\"og:image:width\" content=\"937\" \/>\n\t<meta property=\"og:image:height\" content=\"872\" \/>\n\t<meta property=\"og:image:type\" content=\"image\/png\" \/>\n<meta name=\"twitter:card\" content=\"summary_large_image\" \/>\n<meta name=\"twitter:label1\" content=\"Dur\u00e9e de lecture estim\u00e9e\" \/>\n\t<meta name=\"twitter:data1\" content=\"1 minute\" \/>\n<script type=\"application\/ld+json\" class=\"yoast-schema-graph\">{\"@context\":\"https:\/\/schema.org\",\"@graph\":[{\"@type\":\"WebPage\",\"@id\":\"https:\/\/pharmadreams.shop\/index.php\/product\/doppel-herz-aktiv-hyaluron-30-gelules\/\",\"url\":\"https:\/\/pharmadreams.shop\/index.php\/product\/doppel-herz-aktiv-hyaluron-30-gelules\/\",\"name\":\"Doppel herz aktiv hyaluron 30 gelules - pharmadreams\",\"isPartOf\":{\"@id\":\"https:\/\/pharmadreams.shop\/#website\"},\"primaryImageOfPage\":{\"@id\":\"https:\/\/pharmadreams.shop\/index.php\/product\/doppel-herz-aktiv-hyaluron-30-gelules\/#primaryimage\"},\"image\":{\"@id\":\"https:\/\/pharmadreams.shop\/index.php\/product\/doppel-herz-aktiv-hyaluron-30-gelules\/#primaryimage\"},\"thumbnailUrl\":\"https:\/\/pharmadreams.shop\/wp-content\/uploads\/2023\/12\/Sans-titre-5.png\",\"datePublished\":\"2023-12-19T18:37:44+00:00\",\"dateModified\":\"2024-03-15T23:32:29+00:00\",\"breadcrumb\":{\"@id\":\"https:\/\/pharmadreams.shop\/index.php\/product\/doppel-herz-aktiv-hyaluron-30-gelules\/#breadcrumb\"},\"inLanguage\":\"fr-FR\",\"potentialAction\":[{\"@type\":\"ReadAction\",\"target\":[\"https:\/\/pharmadreams.shop\/index.php\/product\/doppel-herz-aktiv-hyaluron-30-gelules\/\"]}]},{\"@type\":\"ImageObject\",\"inLanguage\":\"fr-FR\",\"@id\":\"https:\/\/pharmadreams.shop\/index.php\/product\/doppel-herz-aktiv-hyaluron-30-gelules\/#primaryimage\",\"url\":\"https:\/\/pharmadreams.shop\/wp-content\/uploads\/2023\/12\/Sans-titre-5.png\",\"contentUrl\":\"https:\/\/pharmadreams.shop\/wp-content\/uploads\/2023\/12\/Sans-titre-5.png\",\"width\":937,\"height\":872},{\"@type\":\"BreadcrumbList\",\"@id\":\"https:\/\/pharmadreams.shop\/index.php\/product\/doppel-herz-aktiv-hyaluron-30-gelules\/#breadcrumb\",\"itemListElement\":[{\"@type\":\"ListItem\",\"position\":1,\"name\":\"Accueil\",\"item\":\"https:\/\/pharmadreams.shop\/\"},{\"@type\":\"ListItem\",\"position\":2,\"name\":\"Shop\",\"item\":\"https:\/\/pharmadreams.shop\/index.php\/shop\/\"},{\"@type\":\"ListItem\",\"position\":3,\"name\":\"Doppel herz aktiv hyaluron 30 gelules\"}]},{\"@type\":\"WebSite\",\"@id\":\"https:\/\/pharmadreams.shop\/#website\",\"url\":\"https:\/\/pharmadreams.shop\/\",\"name\":\"pharmadreams\",\"description\":\"Parapharmacie en ligne\",\"potentialAction\":[{\"@type\":\"SearchAction\",\"target\":{\"@type\":\"EntryPoint\",\"urlTemplate\":\"https:\/\/pharmadreams.shop\/?s={search_term_string}\"},\"query-input\":\"required name=search_term_string\"}],\"inLanguage\":\"fr-FR\"}]}<\/script>\n<!-- \/ Yoast SEO plugin. -->","yoast_head_json":{"title":"Doppel herz aktiv hyaluron 30 gelules - pharmadreams","robots":{"index":"index","follow":"follow","max-snippet":"max-snippet:-1","max-image-preview":"max-image-preview:large","max-video-preview":"max-video-preview:-1"},"canonical":"https:\/\/pharmadreams.shop\/index.php\/product\/doppel-herz-aktiv-hyaluron-30-gelules\/","og_locale":"fr_FR","og_type":"article","og_title":"Doppel herz aktiv hyaluron 30 gelules - pharmadreams","og_description":"Pour une peau plus ferme et plus lisse  Avec l\u2019\u00e2ge, la peau perd de son \u00e9lasticit\u00e9 et de sa r\u00e9sistance car la synth\u00e8se du collag\u00e8ne et de l\u2019acide hyaluronique, deux constituants-cl\u00e9 du derme, diminue. L\u2019acide hyaluronique est particuli\u00e8rement important pour la structure du derme : en formant de long polym\u00e8res qui fixent une grande quantit\u00e9 d\u2019eau, il contribue \u00e0 une bonne hydratation du tissu. Ceci a une cons\u00e9quence sur l\u2019aspect de la peau : plus le derme est hydrat\u00e9, moins les rides sont profondes.  La peau apparait ainsi plus lisse \u00e0 la vue et au toucher. C\u2019est pour cette raison qu\u2019on dit que l\u2019acide hyaluronique aide \u00e0 combler les rides.","og_url":"https:\/\/pharmadreams.shop\/index.php\/product\/doppel-herz-aktiv-hyaluron-30-gelules\/","og_site_name":"pharmadreams","article_modified_time":"2024-03-15T23:32:29+00:00","og_image":[{"width":937,"height":872,"url":"https:\/\/pharmadreams.shop\/wp-content\/uploads\/2023\/12\/Sans-titre-5.png","type":"image\/png"}],"twitter_card":"summary_large_image","twitter_misc":{"Dur\u00e9e de lecture estim\u00e9e":"1 minute"},"schema":{"@context":"https:\/\/schema.org","@graph":[{"@type":"WebPage","@id":"https:\/\/pharmadreams.shop\/index.php\/product\/doppel-herz-aktiv-hyaluron-30-gelules\/","url":"https:\/\/pharmadreams.shop\/index.php\/product\/doppel-herz-aktiv-hyaluron-30-gelules\/","name":"Doppel herz aktiv hyaluron 30 gelules - pharmadreams","isPartOf":{"@id":"https:\/\/pharmadreams.shop\/#website"},"primaryImageOfPage":{"@id":"https:\/\/pharmadreams.shop\/index.php\/product\/doppel-herz-aktiv-hyaluron-30-gelules\/#primaryimage"},"image":{"@id":"https:\/\/pharmadreams.shop\/index.php\/product\/doppel-herz-aktiv-hyaluron-30-gelules\/#primaryimage"},"thumbnailUrl":"https:\/\/pharmadreams.shop\/wp-content\/uploads\/2023\/12\/Sans-titre-5.png","datePublished":"2023-12-19T18:37:44+00:00","dateModified":"2024-03-15T23:32:29+00:00","breadcrumb":{"@id":"https:\/\/pharmadreams.shop\/index.php\/product\/doppel-herz-aktiv-hyaluron-30-gelules\/#breadcrumb"},"inLanguage":"fr-FR","potentialAction":[{"@type":"ReadAction","target":["https:\/\/pharmadreams.shop\/index.php\/product\/doppel-herz-aktiv-hyaluron-30-gelules\/"]}]},{"@type":"ImageObject","inLanguage":"fr-FR","@id":"https:\/\/pharmadreams.shop\/index.php\/product\/doppel-herz-aktiv-hyaluron-30-gelules\/#primaryimage","url":"https:\/\/pharmadreams.shop\/wp-content\/uploads\/2023\/12\/Sans-titre-5.png","contentUrl":"https:\/\/pharmadreams.shop\/wp-content\/uploads\/2023\/12\/Sans-titre-5.png","width":937,"height":872},{"@type":"BreadcrumbList","@id":"https:\/\/pharmadreams.shop\/index.php\/product\/doppel-herz-aktiv-hyaluron-30-gelules\/#breadcrumb","itemListElement":[{"@type":"ListItem","position":1,"name":"Accueil","item":"https:\/\/pharmadreams.shop\/"},{"@type":"ListItem","position":2,"name":"Shop","item":"https:\/\/pharmadreams.shop\/index.php\/shop\/"},{"@type":"ListItem","position":3,"name":"Doppel herz aktiv hyaluron 30 gelules"}]},{"@type":"WebSite","@id":"https:\/\/pharmadreams.shop\/#website","url":"https:\/\/pharmadreams.shop\/","name":"pharmadreams","description":"Parapharmacie en ligne","potentialAction":[{"@type":"SearchAction","target":{"@type":"EntryPoint","urlTemplate":"https:\/\/pharmadreams.shop\/?s={search_term_string}"},"query-input":"required name=search_term_string"}],"inLanguage":"fr-FR"}]}},"_links":{"self":[{"href":"https:\/\/pharmadreams.shop\/index.php\/wp-json\/wp\/v2\/product\/16745","targetHints":{"allow":["GET"]}}],"collection":[{"href":"https:\/\/pharmadreams.shop\/index.php\/wp-json\/wp\/v2\/product"}],"about":[{"href":"https:\/\/pharmadreams.shop\/index.php\/wp-json\/wp\/v2\/types\/product"}],"replies":[{"embeddable":true,"href":"https:\/\/pharmadreams.shop\/index.php\/wp-json\/wp\/v2\/comments?post=16745"}],"version-history":[{"count":0,"href":"https:\/\/pharmadreams.shop\/index.php\/wp-json\/wp\/v2\/product\/16745\/revisions"}],"wp:featuredmedia":[{"embeddable":true,"href":"https:\/\/pharmadreams.shop\/index.php\/wp-json\/wp\/v2\/media\/16813"}],"wp:attachment":[{"href":"https:\/\/pharmadreams.shop\/index.php\/wp-json\/wp\/v2\/media?parent=16745"}],"wp:term":[{"taxonomy":"product_brand","embeddable":true,"href":"https:\/\/pharmadreams.shop\/index.php\/wp-json\/wp\/v2\/product_brand?post=16745"},{"taxonomy":"product_cat","embeddable":true,"href":"https:\/\/pharmadreams.shop\/index.php\/wp-json\/wp\/v2\/product_cat?post=16745"},{"taxonomy":"product_tag","embeddable":true,"href":"https:\/\/pharmadreams.shop\/index.php\/wp-json\/wp\/v2\/product_tag?post=16745"}],"curies":[{"name":"wp","href":"https:\/\/api.w.org\/{rel}","templated":true}]}}