{"id":16746,"date":"2023-12-19T19:37:44","date_gmt":"2023-12-19T18:37:44","guid":{"rendered":"https:\/\/venuspara.com\/?post_type=product&#038;p=16746"},"modified":"2024-03-16T00:32:00","modified_gmt":"2024-03-15T23:32:00","slug":"doppel-herz-aktiv-vital-arteres","status":"publish","type":"product","link":"https:\/\/pharmadreams.shop\/index.php\/product\/doppel-herz-aktiv-vital-arteres\/","title":{"rendered":"Doppel herz aktiv vital art\u00e8res"},"content":{"rendered":"","protected":false},"excerpt":{"rendered":"<ul>\n<li>Combinaison d\u2018extraits v\u00e9g\u00e9taux qui agissent de mani\u00e8re compl\u00e9mentaire pour tonifier la circulation sanguine tout en pr\u00e9servant la jeunesse des art\u00e8res.<\/li>\n<li>Pr\u00e9venir l\u2019ath\u00e9roscl\u00e9rose Maintenir la tonicit\u00e9 circulatoire et l\u2018\u00e9tat de sant\u00e9 des art\u00e8res chez les personnes \u00e2g\u00e9es .<\/li>\n<li>Enrobage ent\u00e9rique pour \u00e9viter les irritations gastriques et les mauvaises odeurs Sans gluten A base d\u2019extraits d\u2019ail<\/li>\n<\/ul>\n","protected":false},"featured_media":16815,"comment_status":"open","ping_status":"closed","template":"","meta":[],"product_brand":[],"product_cat":[32],"product_tag":[],"class_list":{"0":"post-16746","1":"product","2":"type-product","3":"status-publish","4":"has-post-thumbnail","6":"product_cat-complements-alimentaires","8":"first","9":"instock","10":"shipping-taxable","11":"purchasable","12":"product-type-simple"},"yoast_head":"<!-- This site is optimized with the Yoast SEO plugin v23.0 - https:\/\/yoast.com\/wordpress\/plugins\/seo\/ -->\n<title>Doppel herz aktiv vital art\u00e8res - pharmadreams<\/title>\n<meta name=\"robots\" content=\"index, follow, max-snippet:-1, max-image-preview:large, max-video-preview:-1\" \/>\n<link rel=\"canonical\" href=\"https:\/\/pharmadreams.shop\/index.php\/product\/doppel-herz-aktiv-vital-arteres\/\" \/>\n<meta property=\"og:locale\" content=\"fr_FR\" \/>\n<meta property=\"og:type\" content=\"article\" \/>\n<meta property=\"og:title\" content=\"Doppel herz aktiv vital art\u00e8res - pharmadreams\" \/>\n<meta property=\"og:description\" content=\"Combinaison d\u2018extraits v\u00e9g\u00e9taux qui agissent de mani\u00e8re compl\u00e9mentaire pour tonifier la circulation sanguine tout en pr\u00e9servant la jeunesse des art\u00e8res.  Pr\u00e9venir l\u2019ath\u00e9roscl\u00e9rose Maintenir la tonicit\u00e9 circulatoire et l\u2018\u00e9tat de sant\u00e9 des art\u00e8res chez les personnes \u00e2g\u00e9es .  Enrobage ent\u00e9rique pour \u00e9viter les irritations gastriques et les mauvaises odeurs Sans gluten A base d\u2019extraits d\u2019ail\" \/>\n<meta property=\"og:url\" content=\"https:\/\/pharmadreams.shop\/index.php\/product\/doppel-herz-aktiv-vital-arteres\/\" \/>\n<meta property=\"og:site_name\" content=\"pharmadreams\" \/>\n<meta property=\"article:modified_time\" content=\"2024-03-15T23:32:00+00:00\" \/>\n<meta property=\"og:image\" content=\"https:\/\/pharmadreams.shop\/wp-content\/uploads\/2023\/12\/Sans-titre-6.png\" \/>\n\t<meta property=\"og:image:width\" content=\"975\" \/>\n\t<meta property=\"og:image:height\" content=\"971\" \/>\n\t<meta property=\"og:image:type\" content=\"image\/png\" \/>\n<meta name=\"twitter:card\" content=\"summary_large_image\" \/>\n<meta name=\"twitter:label1\" content=\"Dur\u00e9e de lecture estim\u00e9e\" \/>\n\t<meta name=\"twitter:data1\" content=\"1 minute\" \/>\n<script type=\"application\/ld+json\" class=\"yoast-schema-graph\">{\"@context\":\"https:\/\/schema.org\",\"@graph\":[{\"@type\":\"WebPage\",\"@id\":\"https:\/\/pharmadreams.shop\/index.php\/product\/doppel-herz-aktiv-vital-arteres\/\",\"url\":\"https:\/\/pharmadreams.shop\/index.php\/product\/doppel-herz-aktiv-vital-arteres\/\",\"name\":\"Doppel herz aktiv vital art\u00e8res - pharmadreams\",\"isPartOf\":{\"@id\":\"https:\/\/pharmadreams.shop\/#website\"},\"primaryImageOfPage\":{\"@id\":\"https:\/\/pharmadreams.shop\/index.php\/product\/doppel-herz-aktiv-vital-arteres\/#primaryimage\"},\"image\":{\"@id\":\"https:\/\/pharmadreams.shop\/index.php\/product\/doppel-herz-aktiv-vital-arteres\/#primaryimage\"},\"thumbnailUrl\":\"https:\/\/pharmadreams.shop\/wp-content\/uploads\/2023\/12\/Sans-titre-6.png\",\"datePublished\":\"2023-12-19T18:37:44+00:00\",\"dateModified\":\"2024-03-15T23:32:00+00:00\",\"breadcrumb\":{\"@id\":\"https:\/\/pharmadreams.shop\/index.php\/product\/doppel-herz-aktiv-vital-arteres\/#breadcrumb\"},\"inLanguage\":\"fr-FR\",\"potentialAction\":[{\"@type\":\"ReadAction\",\"target\":[\"https:\/\/pharmadreams.shop\/index.php\/product\/doppel-herz-aktiv-vital-arteres\/\"]}]},{\"@type\":\"ImageObject\",\"inLanguage\":\"fr-FR\",\"@id\":\"https:\/\/pharmadreams.shop\/index.php\/product\/doppel-herz-aktiv-vital-arteres\/#primaryimage\",\"url\":\"https:\/\/pharmadreams.shop\/wp-content\/uploads\/2023\/12\/Sans-titre-6.png\",\"contentUrl\":\"https:\/\/pharmadreams.shop\/wp-content\/uploads\/2023\/12\/Sans-titre-6.png\",\"width\":975,\"height\":971},{\"@type\":\"BreadcrumbList\",\"@id\":\"https:\/\/pharmadreams.shop\/index.php\/product\/doppel-herz-aktiv-vital-arteres\/#breadcrumb\",\"itemListElement\":[{\"@type\":\"ListItem\",\"position\":1,\"name\":\"Accueil\",\"item\":\"https:\/\/pharmadreams.shop\/\"},{\"@type\":\"ListItem\",\"position\":2,\"name\":\"Shop\",\"item\":\"https:\/\/pharmadreams.shop\/index.php\/shop\/\"},{\"@type\":\"ListItem\",\"position\":3,\"name\":\"Doppel herz aktiv vital art\u00e8res\"}]},{\"@type\":\"WebSite\",\"@id\":\"https:\/\/pharmadreams.shop\/#website\",\"url\":\"https:\/\/pharmadreams.shop\/\",\"name\":\"pharmadreams\",\"description\":\"Parapharmacie en ligne\",\"potentialAction\":[{\"@type\":\"SearchAction\",\"target\":{\"@type\":\"EntryPoint\",\"urlTemplate\":\"https:\/\/pharmadreams.shop\/?s={search_term_string}\"},\"query-input\":\"required name=search_term_string\"}],\"inLanguage\":\"fr-FR\"}]}<\/script>\n<!-- \/ Yoast SEO plugin. -->","yoast_head_json":{"title":"Doppel herz aktiv vital art\u00e8res - pharmadreams","robots":{"index":"index","follow":"follow","max-snippet":"max-snippet:-1","max-image-preview":"max-image-preview:large","max-video-preview":"max-video-preview:-1"},"canonical":"https:\/\/pharmadreams.shop\/index.php\/product\/doppel-herz-aktiv-vital-arteres\/","og_locale":"fr_FR","og_type":"article","og_title":"Doppel herz aktiv vital art\u00e8res - pharmadreams","og_description":"Combinaison d\u2018extraits v\u00e9g\u00e9taux qui agissent de mani\u00e8re compl\u00e9mentaire pour tonifier la circulation sanguine tout en pr\u00e9servant la jeunesse des art\u00e8res.  Pr\u00e9venir l\u2019ath\u00e9roscl\u00e9rose Maintenir la tonicit\u00e9 circulatoire et l\u2018\u00e9tat de sant\u00e9 des art\u00e8res chez les personnes \u00e2g\u00e9es .  Enrobage ent\u00e9rique pour \u00e9viter les irritations gastriques et les mauvaises odeurs Sans gluten A base d\u2019extraits d\u2019ail","og_url":"https:\/\/pharmadreams.shop\/index.php\/product\/doppel-herz-aktiv-vital-arteres\/","og_site_name":"pharmadreams","article_modified_time":"2024-03-15T23:32:00+00:00","og_image":[{"width":975,"height":971,"url":"https:\/\/pharmadreams.shop\/wp-content\/uploads\/2023\/12\/Sans-titre-6.png","type":"image\/png"}],"twitter_card":"summary_large_image","twitter_misc":{"Dur\u00e9e de lecture estim\u00e9e":"1 minute"},"schema":{"@context":"https:\/\/schema.org","@graph":[{"@type":"WebPage","@id":"https:\/\/pharmadreams.shop\/index.php\/product\/doppel-herz-aktiv-vital-arteres\/","url":"https:\/\/pharmadreams.shop\/index.php\/product\/doppel-herz-aktiv-vital-arteres\/","name":"Doppel herz aktiv vital art\u00e8res - pharmadreams","isPartOf":{"@id":"https:\/\/pharmadreams.shop\/#website"},"primaryImageOfPage":{"@id":"https:\/\/pharmadreams.shop\/index.php\/product\/doppel-herz-aktiv-vital-arteres\/#primaryimage"},"image":{"@id":"https:\/\/pharmadreams.shop\/index.php\/product\/doppel-herz-aktiv-vital-arteres\/#primaryimage"},"thumbnailUrl":"https:\/\/pharmadreams.shop\/wp-content\/uploads\/2023\/12\/Sans-titre-6.png","datePublished":"2023-12-19T18:37:44+00:00","dateModified":"2024-03-15T23:32:00+00:00","breadcrumb":{"@id":"https:\/\/pharmadreams.shop\/index.php\/product\/doppel-herz-aktiv-vital-arteres\/#breadcrumb"},"inLanguage":"fr-FR","potentialAction":[{"@type":"ReadAction","target":["https:\/\/pharmadreams.shop\/index.php\/product\/doppel-herz-aktiv-vital-arteres\/"]}]},{"@type":"ImageObject","inLanguage":"fr-FR","@id":"https:\/\/pharmadreams.shop\/index.php\/product\/doppel-herz-aktiv-vital-arteres\/#primaryimage","url":"https:\/\/pharmadreams.shop\/wp-content\/uploads\/2023\/12\/Sans-titre-6.png","contentUrl":"https:\/\/pharmadreams.shop\/wp-content\/uploads\/2023\/12\/Sans-titre-6.png","width":975,"height":971},{"@type":"BreadcrumbList","@id":"https:\/\/pharmadreams.shop\/index.php\/product\/doppel-herz-aktiv-vital-arteres\/#breadcrumb","itemListElement":[{"@type":"ListItem","position":1,"name":"Accueil","item":"https:\/\/pharmadreams.shop\/"},{"@type":"ListItem","position":2,"name":"Shop","item":"https:\/\/pharmadreams.shop\/index.php\/shop\/"},{"@type":"ListItem","position":3,"name":"Doppel herz aktiv vital art\u00e8res"}]},{"@type":"WebSite","@id":"https:\/\/pharmadreams.shop\/#website","url":"https:\/\/pharmadreams.shop\/","name":"pharmadreams","description":"Parapharmacie en ligne","potentialAction":[{"@type":"SearchAction","target":{"@type":"EntryPoint","urlTemplate":"https:\/\/pharmadreams.shop\/?s={search_term_string}"},"query-input":"required name=search_term_string"}],"inLanguage":"fr-FR"}]}},"_links":{"self":[{"href":"https:\/\/pharmadreams.shop\/index.php\/wp-json\/wp\/v2\/product\/16746","targetHints":{"allow":["GET"]}}],"collection":[{"href":"https:\/\/pharmadreams.shop\/index.php\/wp-json\/wp\/v2\/product"}],"about":[{"href":"https:\/\/pharmadreams.shop\/index.php\/wp-json\/wp\/v2\/types\/product"}],"replies":[{"embeddable":true,"href":"https:\/\/pharmadreams.shop\/index.php\/wp-json\/wp\/v2\/comments?post=16746"}],"version-history":[{"count":0,"href":"https:\/\/pharmadreams.shop\/index.php\/wp-json\/wp\/v2\/product\/16746\/revisions"}],"wp:featuredmedia":[{"embeddable":true,"href":"https:\/\/pharmadreams.shop\/index.php\/wp-json\/wp\/v2\/media\/16815"}],"wp:attachment":[{"href":"https:\/\/pharmadreams.shop\/index.php\/wp-json\/wp\/v2\/media?parent=16746"}],"wp:term":[{"taxonomy":"product_brand","embeddable":true,"href":"https:\/\/pharmadreams.shop\/index.php\/wp-json\/wp\/v2\/product_brand?post=16746"},{"taxonomy":"product_cat","embeddable":true,"href":"https:\/\/pharmadreams.shop\/index.php\/wp-json\/wp\/v2\/product_cat?post=16746"},{"taxonomy":"product_tag","embeddable":true,"href":"https:\/\/pharmadreams.shop\/index.php\/wp-json\/wp\/v2\/product_tag?post=16746"}],"curies":[{"name":"wp","href":"https:\/\/api.w.org\/{rel}","templated":true}]}}