{"id":16749,"date":"2023-12-19T19:37:45","date_gmt":"2023-12-19T18:37:45","guid":{"rendered":"https:\/\/venuspara.com\/?post_type=product&#038;p=16749"},"modified":"2023-12-19T19:38:39","modified_gmt":"2023-12-19T18:38:39","slug":"kenko-lanoline-creme-reparatrice-allaitement","status":"publish","type":"product","link":"https:\/\/pharmadreams.shop\/index.php\/product\/kenko-lanoline-creme-reparatrice-allaitement\/","title":{"rendered":"Kenko-lanoline cr\u00e8me r\u00e9paratrice allaitement"},"content":{"rendered":"","protected":false},"excerpt":{"rendered":"<p>C\u2019est un soin naturel de qualit\u00e9 pharmaceutique, cr\u00e9\u00e9 sp\u00e9cialement pour les mamans qui allaitent. Cette pommade hydrate, r\u00e9pare et prot\u00e8ge les mamelons sensibles, irrit\u00e9s et crevass\u00e9s.<\/p>\n<p>Ne contient ni parfum, ni additifs, ni agents conservateurs.<\/p>\n<p>Pas besoin de l\u2019enlever avant d\u2019allaiter.<\/p>\n","protected":false},"featured_media":16835,"comment_status":"open","ping_status":"closed","template":"","meta":[],"product_brand":[],"product_cat":[86,80,81],"product_tag":[],"class_list":{"0":"post-16749","1":"product","2":"type-product","3":"status-publish","4":"has-post-thumbnail","6":"product_cat-peaux-sensibles-et-rougeurs","7":"product_cat-soins","8":"product_cat-soins-hydratants","10":"first","11":"instock","12":"shipping-taxable","13":"purchasable","14":"product-type-simple"},"yoast_head":"<!-- This site is optimized with the Yoast SEO plugin v23.0 - https:\/\/yoast.com\/wordpress\/plugins\/seo\/ -->\n<title>Kenko-lanoline cr\u00e8me r\u00e9paratrice allaitement - pharmadreams<\/title>\n<meta name=\"robots\" content=\"index, follow, max-snippet:-1, max-image-preview:large, max-video-preview:-1\" \/>\n<link rel=\"canonical\" href=\"https:\/\/pharmadreams.shop\/index.php\/product\/kenko-lanoline-creme-reparatrice-allaitement\/\" \/>\n<meta property=\"og:locale\" content=\"fr_FR\" \/>\n<meta property=\"og:type\" content=\"article\" \/>\n<meta property=\"og:title\" content=\"Kenko-lanoline cr\u00e8me r\u00e9paratrice allaitement - pharmadreams\" \/>\n<meta property=\"og:description\" content=\"C\u2019est un soin naturel de qualit\u00e9 pharmaceutique, cr\u00e9\u00e9 sp\u00e9cialement pour les mamans qui allaitent. Cette pommade hydrate, r\u00e9pare et prot\u00e8ge les mamelons sensibles, irrit\u00e9s et crevass\u00e9s.  Ne contient ni parfum, ni additifs, ni agents conservateurs.  Pas besoin de l\u2019enlever avant d\u2019allaiter.\" \/>\n<meta property=\"og:url\" content=\"https:\/\/pharmadreams.shop\/index.php\/product\/kenko-lanoline-creme-reparatrice-allaitement\/\" \/>\n<meta property=\"og:site_name\" content=\"pharmadreams\" \/>\n<meta property=\"article:modified_time\" content=\"2023-12-19T18:38:39+00:00\" \/>\n<meta property=\"og:image\" content=\"https:\/\/pharmadreams.shop\/wp-content\/uploads\/2023\/12\/Sans-titre-9.png\" \/>\n\t<meta property=\"og:image:width\" content=\"1089\" \/>\n\t<meta property=\"og:image:height\" content=\"1222\" \/>\n\t<meta property=\"og:image:type\" content=\"image\/png\" \/>\n<meta name=\"twitter:card\" content=\"summary_large_image\" \/>\n<script type=\"application\/ld+json\" class=\"yoast-schema-graph\">{\"@context\":\"https:\/\/schema.org\",\"@graph\":[{\"@type\":\"WebPage\",\"@id\":\"https:\/\/pharmadreams.shop\/index.php\/product\/kenko-lanoline-creme-reparatrice-allaitement\/\",\"url\":\"https:\/\/pharmadreams.shop\/index.php\/product\/kenko-lanoline-creme-reparatrice-allaitement\/\",\"name\":\"Kenko-lanoline cr\u00e8me r\u00e9paratrice allaitement - pharmadreams\",\"isPartOf\":{\"@id\":\"https:\/\/pharmadreams.shop\/#website\"},\"primaryImageOfPage\":{\"@id\":\"https:\/\/pharmadreams.shop\/index.php\/product\/kenko-lanoline-creme-reparatrice-allaitement\/#primaryimage\"},\"image\":{\"@id\":\"https:\/\/pharmadreams.shop\/index.php\/product\/kenko-lanoline-creme-reparatrice-allaitement\/#primaryimage\"},\"thumbnailUrl\":\"https:\/\/pharmadreams.shop\/wp-content\/uploads\/2023\/12\/Sans-titre-9.png\",\"datePublished\":\"2023-12-19T18:37:45+00:00\",\"dateModified\":\"2023-12-19T18:38:39+00:00\",\"breadcrumb\":{\"@id\":\"https:\/\/pharmadreams.shop\/index.php\/product\/kenko-lanoline-creme-reparatrice-allaitement\/#breadcrumb\"},\"inLanguage\":\"fr-FR\",\"potentialAction\":[{\"@type\":\"ReadAction\",\"target\":[\"https:\/\/pharmadreams.shop\/index.php\/product\/kenko-lanoline-creme-reparatrice-allaitement\/\"]}]},{\"@type\":\"ImageObject\",\"inLanguage\":\"fr-FR\",\"@id\":\"https:\/\/pharmadreams.shop\/index.php\/product\/kenko-lanoline-creme-reparatrice-allaitement\/#primaryimage\",\"url\":\"https:\/\/pharmadreams.shop\/wp-content\/uploads\/2023\/12\/Sans-titre-9.png\",\"contentUrl\":\"https:\/\/pharmadreams.shop\/wp-content\/uploads\/2023\/12\/Sans-titre-9.png\",\"width\":1089,\"height\":1222},{\"@type\":\"BreadcrumbList\",\"@id\":\"https:\/\/pharmadreams.shop\/index.php\/product\/kenko-lanoline-creme-reparatrice-allaitement\/#breadcrumb\",\"itemListElement\":[{\"@type\":\"ListItem\",\"position\":1,\"name\":\"Accueil\",\"item\":\"https:\/\/pharmadreams.shop\/\"},{\"@type\":\"ListItem\",\"position\":2,\"name\":\"Shop\",\"item\":\"https:\/\/pharmadreams.shop\/index.php\/shop\/\"},{\"@type\":\"ListItem\",\"position\":3,\"name\":\"Kenko-lanoline cr\u00e8me r\u00e9paratrice allaitement\"}]},{\"@type\":\"WebSite\",\"@id\":\"https:\/\/pharmadreams.shop\/#website\",\"url\":\"https:\/\/pharmadreams.shop\/\",\"name\":\"pharmadreams\",\"description\":\"Parapharmacie en ligne\",\"potentialAction\":[{\"@type\":\"SearchAction\",\"target\":{\"@type\":\"EntryPoint\",\"urlTemplate\":\"https:\/\/pharmadreams.shop\/?s={search_term_string}\"},\"query-input\":\"required name=search_term_string\"}],\"inLanguage\":\"fr-FR\"}]}<\/script>\n<!-- \/ Yoast SEO plugin. -->","yoast_head_json":{"title":"Kenko-lanoline cr\u00e8me r\u00e9paratrice allaitement - pharmadreams","robots":{"index":"index","follow":"follow","max-snippet":"max-snippet:-1","max-image-preview":"max-image-preview:large","max-video-preview":"max-video-preview:-1"},"canonical":"https:\/\/pharmadreams.shop\/index.php\/product\/kenko-lanoline-creme-reparatrice-allaitement\/","og_locale":"fr_FR","og_type":"article","og_title":"Kenko-lanoline cr\u00e8me r\u00e9paratrice allaitement - pharmadreams","og_description":"C\u2019est un soin naturel de qualit\u00e9 pharmaceutique, cr\u00e9\u00e9 sp\u00e9cialement pour les mamans qui allaitent. Cette pommade hydrate, r\u00e9pare et prot\u00e8ge les mamelons sensibles, irrit\u00e9s et crevass\u00e9s.  Ne contient ni parfum, ni additifs, ni agents conservateurs.  Pas besoin de l\u2019enlever avant d\u2019allaiter.","og_url":"https:\/\/pharmadreams.shop\/index.php\/product\/kenko-lanoline-creme-reparatrice-allaitement\/","og_site_name":"pharmadreams","article_modified_time":"2023-12-19T18:38:39+00:00","og_image":[{"width":1089,"height":1222,"url":"https:\/\/pharmadreams.shop\/wp-content\/uploads\/2023\/12\/Sans-titre-9.png","type":"image\/png"}],"twitter_card":"summary_large_image","schema":{"@context":"https:\/\/schema.org","@graph":[{"@type":"WebPage","@id":"https:\/\/pharmadreams.shop\/index.php\/product\/kenko-lanoline-creme-reparatrice-allaitement\/","url":"https:\/\/pharmadreams.shop\/index.php\/product\/kenko-lanoline-creme-reparatrice-allaitement\/","name":"Kenko-lanoline cr\u00e8me r\u00e9paratrice allaitement - pharmadreams","isPartOf":{"@id":"https:\/\/pharmadreams.shop\/#website"},"primaryImageOfPage":{"@id":"https:\/\/pharmadreams.shop\/index.php\/product\/kenko-lanoline-creme-reparatrice-allaitement\/#primaryimage"},"image":{"@id":"https:\/\/pharmadreams.shop\/index.php\/product\/kenko-lanoline-creme-reparatrice-allaitement\/#primaryimage"},"thumbnailUrl":"https:\/\/pharmadreams.shop\/wp-content\/uploads\/2023\/12\/Sans-titre-9.png","datePublished":"2023-12-19T18:37:45+00:00","dateModified":"2023-12-19T18:38:39+00:00","breadcrumb":{"@id":"https:\/\/pharmadreams.shop\/index.php\/product\/kenko-lanoline-creme-reparatrice-allaitement\/#breadcrumb"},"inLanguage":"fr-FR","potentialAction":[{"@type":"ReadAction","target":["https:\/\/pharmadreams.shop\/index.php\/product\/kenko-lanoline-creme-reparatrice-allaitement\/"]}]},{"@type":"ImageObject","inLanguage":"fr-FR","@id":"https:\/\/pharmadreams.shop\/index.php\/product\/kenko-lanoline-creme-reparatrice-allaitement\/#primaryimage","url":"https:\/\/pharmadreams.shop\/wp-content\/uploads\/2023\/12\/Sans-titre-9.png","contentUrl":"https:\/\/pharmadreams.shop\/wp-content\/uploads\/2023\/12\/Sans-titre-9.png","width":1089,"height":1222},{"@type":"BreadcrumbList","@id":"https:\/\/pharmadreams.shop\/index.php\/product\/kenko-lanoline-creme-reparatrice-allaitement\/#breadcrumb","itemListElement":[{"@type":"ListItem","position":1,"name":"Accueil","item":"https:\/\/pharmadreams.shop\/"},{"@type":"ListItem","position":2,"name":"Shop","item":"https:\/\/pharmadreams.shop\/index.php\/shop\/"},{"@type":"ListItem","position":3,"name":"Kenko-lanoline cr\u00e8me r\u00e9paratrice allaitement"}]},{"@type":"WebSite","@id":"https:\/\/pharmadreams.shop\/#website","url":"https:\/\/pharmadreams.shop\/","name":"pharmadreams","description":"Parapharmacie en ligne","potentialAction":[{"@type":"SearchAction","target":{"@type":"EntryPoint","urlTemplate":"https:\/\/pharmadreams.shop\/?s={search_term_string}"},"query-input":"required name=search_term_string"}],"inLanguage":"fr-FR"}]}},"_links":{"self":[{"href":"https:\/\/pharmadreams.shop\/index.php\/wp-json\/wp\/v2\/product\/16749","targetHints":{"allow":["GET"]}}],"collection":[{"href":"https:\/\/pharmadreams.shop\/index.php\/wp-json\/wp\/v2\/product"}],"about":[{"href":"https:\/\/pharmadreams.shop\/index.php\/wp-json\/wp\/v2\/types\/product"}],"replies":[{"embeddable":true,"href":"https:\/\/pharmadreams.shop\/index.php\/wp-json\/wp\/v2\/comments?post=16749"}],"version-history":[{"count":0,"href":"https:\/\/pharmadreams.shop\/index.php\/wp-json\/wp\/v2\/product\/16749\/revisions"}],"wp:featuredmedia":[{"embeddable":true,"href":"https:\/\/pharmadreams.shop\/index.php\/wp-json\/wp\/v2\/media\/16835"}],"wp:attachment":[{"href":"https:\/\/pharmadreams.shop\/index.php\/wp-json\/wp\/v2\/media?parent=16749"}],"wp:term":[{"taxonomy":"product_brand","embeddable":true,"href":"https:\/\/pharmadreams.shop\/index.php\/wp-json\/wp\/v2\/product_brand?post=16749"},{"taxonomy":"product_cat","embeddable":true,"href":"https:\/\/pharmadreams.shop\/index.php\/wp-json\/wp\/v2\/product_cat?post=16749"},{"taxonomy":"product_tag","embeddable":true,"href":"https:\/\/pharmadreams.shop\/index.php\/wp-json\/wp\/v2\/product_tag?post=16749"}],"curies":[{"name":"wp","href":"https:\/\/api.w.org\/{rel}","templated":true}]}}