{"id":16778,"date":"2023-12-19T19:38:09","date_gmt":"2023-12-19T18:38:09","guid":{"rendered":"https:\/\/venuspara.com\/?post_type=product&#038;p=16778"},"modified":"2024-06-10T11:44:30","modified_gmt":"2024-06-10T10:44:30","slug":"calino-eau-de-toilette-parfumee-50ml","status":"publish","type":"product","link":"https:\/\/pharmadreams.shop\/index.php\/product\/calino-eau-de-toilette-parfumee-50ml\/","title":{"rendered":"Calino eau de toilette parfum\u00e9e 50ml"},"content":{"rendered":"","protected":false},"excerpt":{"rendered":"<p>CALINO EAU DE TOILETTE PARFUMEE est un eau de Parfum b\u00e9b\u00e9 sans alcool qui\u00a0\u00a0s&rsquo;harmonise parfaitement avec la peau sensible et d\u00e9licate des b\u00e9b\u00e9s et des jeunes enfants.<\/p>\n<p>Calino Eau de Toilette ne renferme que des ingr\u00e9dients essentiels, test\u00e9s sous contr\u00f4le dermatologique. Elle est hypoallergenique ne contient pas d&rsquo;alcool,<\/p>\n","protected":false},"featured_media":16837,"comment_status":"open","ping_status":"closed","template":"","meta":[],"product_brand":[],"product_cat":[259,365],"product_tag":[],"class_list":{"0":"post-16778","1":"product","2":"type-product","3":"status-publish","4":"has-post-thumbnail","6":"product_cat-eau-de-toilette","7":"product_cat-maman-et-bebe","9":"first","10":"instock","11":"shipping-taxable","12":"purchasable","13":"product-type-simple"},"yoast_head":"<!-- This site is optimized with the Yoast SEO plugin v23.0 - https:\/\/yoast.com\/wordpress\/plugins\/seo\/ -->\n<title>Calino eau de toilette parfum\u00e9e 50ml - pharmadreams<\/title>\n<meta name=\"robots\" content=\"index, follow, max-snippet:-1, max-image-preview:large, max-video-preview:-1\" \/>\n<link rel=\"canonical\" href=\"https:\/\/pharmadreams.shop\/index.php\/product\/calino-eau-de-toilette-parfumee-50ml\/\" \/>\n<meta property=\"og:locale\" content=\"fr_FR\" \/>\n<meta property=\"og:type\" content=\"article\" \/>\n<meta property=\"og:title\" content=\"Calino eau de toilette parfum\u00e9e 50ml - pharmadreams\" \/>\n<meta property=\"og:description\" content=\"CALINO EAU DE TOILETTE PARFUMEE est un eau de Parfum b\u00e9b\u00e9 sans alcool qui\u00a0\u00a0s&#039;harmonise parfaitement avec la peau sensible et d\u00e9licate des b\u00e9b\u00e9s et des jeunes enfants.  Calino Eau de Toilette ne renferme que des ingr\u00e9dients essentiels, test\u00e9s sous contr\u00f4le dermatologique. Elle est hypoallergenique ne contient pas d&#039;alcool,\" \/>\n<meta property=\"og:url\" content=\"https:\/\/pharmadreams.shop\/index.php\/product\/calino-eau-de-toilette-parfumee-50ml\/\" \/>\n<meta property=\"og:site_name\" content=\"pharmadreams\" \/>\n<meta property=\"article:modified_time\" content=\"2024-06-10T10:44:30+00:00\" \/>\n<meta property=\"og:image\" content=\"https:\/\/pharmadreams.shop\/wp-content\/uploads\/2023\/12\/Sans-titre-10.png\" \/>\n\t<meta property=\"og:image:width\" content=\"834\" \/>\n\t<meta property=\"og:image:height\" content=\"721\" \/>\n\t<meta property=\"og:image:type\" content=\"image\/png\" \/>\n<meta name=\"twitter:card\" content=\"summary_large_image\" \/>\n<script type=\"application\/ld+json\" class=\"yoast-schema-graph\">{\"@context\":\"https:\/\/schema.org\",\"@graph\":[{\"@type\":\"WebPage\",\"@id\":\"https:\/\/pharmadreams.shop\/index.php\/product\/calino-eau-de-toilette-parfumee-50ml\/\",\"url\":\"https:\/\/pharmadreams.shop\/index.php\/product\/calino-eau-de-toilette-parfumee-50ml\/\",\"name\":\"Calino eau de toilette parfum\u00e9e 50ml - pharmadreams\",\"isPartOf\":{\"@id\":\"https:\/\/pharmadreams.shop\/#website\"},\"primaryImageOfPage\":{\"@id\":\"https:\/\/pharmadreams.shop\/index.php\/product\/calino-eau-de-toilette-parfumee-50ml\/#primaryimage\"},\"image\":{\"@id\":\"https:\/\/pharmadreams.shop\/index.php\/product\/calino-eau-de-toilette-parfumee-50ml\/#primaryimage\"},\"thumbnailUrl\":\"https:\/\/pharmadreams.shop\/wp-content\/uploads\/2023\/12\/Sans-titre-10.png\",\"datePublished\":\"2023-12-19T18:38:09+00:00\",\"dateModified\":\"2024-06-10T10:44:30+00:00\",\"breadcrumb\":{\"@id\":\"https:\/\/pharmadreams.shop\/index.php\/product\/calino-eau-de-toilette-parfumee-50ml\/#breadcrumb\"},\"inLanguage\":\"fr-FR\",\"potentialAction\":[{\"@type\":\"ReadAction\",\"target\":[\"https:\/\/pharmadreams.shop\/index.php\/product\/calino-eau-de-toilette-parfumee-50ml\/\"]}]},{\"@type\":\"ImageObject\",\"inLanguage\":\"fr-FR\",\"@id\":\"https:\/\/pharmadreams.shop\/index.php\/product\/calino-eau-de-toilette-parfumee-50ml\/#primaryimage\",\"url\":\"https:\/\/pharmadreams.shop\/wp-content\/uploads\/2023\/12\/Sans-titre-10.png\",\"contentUrl\":\"https:\/\/pharmadreams.shop\/wp-content\/uploads\/2023\/12\/Sans-titre-10.png\",\"width\":834,\"height\":721},{\"@type\":\"BreadcrumbList\",\"@id\":\"https:\/\/pharmadreams.shop\/index.php\/product\/calino-eau-de-toilette-parfumee-50ml\/#breadcrumb\",\"itemListElement\":[{\"@type\":\"ListItem\",\"position\":1,\"name\":\"Accueil\",\"item\":\"https:\/\/pharmadreams.shop\/\"},{\"@type\":\"ListItem\",\"position\":2,\"name\":\"Shop\",\"item\":\"https:\/\/pharmadreams.shop\/index.php\/shop\/\"},{\"@type\":\"ListItem\",\"position\":3,\"name\":\"Calino eau de toilette parfum\u00e9e 50ml\"}]},{\"@type\":\"WebSite\",\"@id\":\"https:\/\/pharmadreams.shop\/#website\",\"url\":\"https:\/\/pharmadreams.shop\/\",\"name\":\"pharmadreams\",\"description\":\"Parapharmacie en ligne\",\"potentialAction\":[{\"@type\":\"SearchAction\",\"target\":{\"@type\":\"EntryPoint\",\"urlTemplate\":\"https:\/\/pharmadreams.shop\/?s={search_term_string}\"},\"query-input\":\"required name=search_term_string\"}],\"inLanguage\":\"fr-FR\"}]}<\/script>\n<!-- \/ Yoast SEO plugin. -->","yoast_head_json":{"title":"Calino eau de toilette parfum\u00e9e 50ml - pharmadreams","robots":{"index":"index","follow":"follow","max-snippet":"max-snippet:-1","max-image-preview":"max-image-preview:large","max-video-preview":"max-video-preview:-1"},"canonical":"https:\/\/pharmadreams.shop\/index.php\/product\/calino-eau-de-toilette-parfumee-50ml\/","og_locale":"fr_FR","og_type":"article","og_title":"Calino eau de toilette parfum\u00e9e 50ml - pharmadreams","og_description":"CALINO EAU DE TOILETTE PARFUMEE est un eau de Parfum b\u00e9b\u00e9 sans alcool qui\u00a0\u00a0s'harmonise parfaitement avec la peau sensible et d\u00e9licate des b\u00e9b\u00e9s et des jeunes enfants.  Calino Eau de Toilette ne renferme que des ingr\u00e9dients essentiels, test\u00e9s sous contr\u00f4le dermatologique. Elle est hypoallergenique ne contient pas d'alcool,","og_url":"https:\/\/pharmadreams.shop\/index.php\/product\/calino-eau-de-toilette-parfumee-50ml\/","og_site_name":"pharmadreams","article_modified_time":"2024-06-10T10:44:30+00:00","og_image":[{"width":834,"height":721,"url":"https:\/\/pharmadreams.shop\/wp-content\/uploads\/2023\/12\/Sans-titre-10.png","type":"image\/png"}],"twitter_card":"summary_large_image","schema":{"@context":"https:\/\/schema.org","@graph":[{"@type":"WebPage","@id":"https:\/\/pharmadreams.shop\/index.php\/product\/calino-eau-de-toilette-parfumee-50ml\/","url":"https:\/\/pharmadreams.shop\/index.php\/product\/calino-eau-de-toilette-parfumee-50ml\/","name":"Calino eau de toilette parfum\u00e9e 50ml - pharmadreams","isPartOf":{"@id":"https:\/\/pharmadreams.shop\/#website"},"primaryImageOfPage":{"@id":"https:\/\/pharmadreams.shop\/index.php\/product\/calino-eau-de-toilette-parfumee-50ml\/#primaryimage"},"image":{"@id":"https:\/\/pharmadreams.shop\/index.php\/product\/calino-eau-de-toilette-parfumee-50ml\/#primaryimage"},"thumbnailUrl":"https:\/\/pharmadreams.shop\/wp-content\/uploads\/2023\/12\/Sans-titre-10.png","datePublished":"2023-12-19T18:38:09+00:00","dateModified":"2024-06-10T10:44:30+00:00","breadcrumb":{"@id":"https:\/\/pharmadreams.shop\/index.php\/product\/calino-eau-de-toilette-parfumee-50ml\/#breadcrumb"},"inLanguage":"fr-FR","potentialAction":[{"@type":"ReadAction","target":["https:\/\/pharmadreams.shop\/index.php\/product\/calino-eau-de-toilette-parfumee-50ml\/"]}]},{"@type":"ImageObject","inLanguage":"fr-FR","@id":"https:\/\/pharmadreams.shop\/index.php\/product\/calino-eau-de-toilette-parfumee-50ml\/#primaryimage","url":"https:\/\/pharmadreams.shop\/wp-content\/uploads\/2023\/12\/Sans-titre-10.png","contentUrl":"https:\/\/pharmadreams.shop\/wp-content\/uploads\/2023\/12\/Sans-titre-10.png","width":834,"height":721},{"@type":"BreadcrumbList","@id":"https:\/\/pharmadreams.shop\/index.php\/product\/calino-eau-de-toilette-parfumee-50ml\/#breadcrumb","itemListElement":[{"@type":"ListItem","position":1,"name":"Accueil","item":"https:\/\/pharmadreams.shop\/"},{"@type":"ListItem","position":2,"name":"Shop","item":"https:\/\/pharmadreams.shop\/index.php\/shop\/"},{"@type":"ListItem","position":3,"name":"Calino eau de toilette parfum\u00e9e 50ml"}]},{"@type":"WebSite","@id":"https:\/\/pharmadreams.shop\/#website","url":"https:\/\/pharmadreams.shop\/","name":"pharmadreams","description":"Parapharmacie en ligne","potentialAction":[{"@type":"SearchAction","target":{"@type":"EntryPoint","urlTemplate":"https:\/\/pharmadreams.shop\/?s={search_term_string}"},"query-input":"required name=search_term_string"}],"inLanguage":"fr-FR"}]}},"_links":{"self":[{"href":"https:\/\/pharmadreams.shop\/index.php\/wp-json\/wp\/v2\/product\/16778","targetHints":{"allow":["GET"]}}],"collection":[{"href":"https:\/\/pharmadreams.shop\/index.php\/wp-json\/wp\/v2\/product"}],"about":[{"href":"https:\/\/pharmadreams.shop\/index.php\/wp-json\/wp\/v2\/types\/product"}],"replies":[{"embeddable":true,"href":"https:\/\/pharmadreams.shop\/index.php\/wp-json\/wp\/v2\/comments?post=16778"}],"version-history":[{"count":0,"href":"https:\/\/pharmadreams.shop\/index.php\/wp-json\/wp\/v2\/product\/16778\/revisions"}],"wp:featuredmedia":[{"embeddable":true,"href":"https:\/\/pharmadreams.shop\/index.php\/wp-json\/wp\/v2\/media\/16837"}],"wp:attachment":[{"href":"https:\/\/pharmadreams.shop\/index.php\/wp-json\/wp\/v2\/media?parent=16778"}],"wp:term":[{"taxonomy":"product_brand","embeddable":true,"href":"https:\/\/pharmadreams.shop\/index.php\/wp-json\/wp\/v2\/product_brand?post=16778"},{"taxonomy":"product_cat","embeddable":true,"href":"https:\/\/pharmadreams.shop\/index.php\/wp-json\/wp\/v2\/product_cat?post=16778"},{"taxonomy":"product_tag","embeddable":true,"href":"https:\/\/pharmadreams.shop\/index.php\/wp-json\/wp\/v2\/product_tag?post=16778"}],"curies":[{"name":"wp","href":"https:\/\/api.w.org\/{rel}","templated":true}]}}