{"id":16780,"date":"2023-12-19T19:38:09","date_gmt":"2023-12-19T18:38:09","guid":{"rendered":"https:\/\/venuspara.com\/?post_type=product&#038;p=16780"},"modified":"2024-06-10T11:45:31","modified_gmt":"2024-06-10T10:45:31","slug":"calino-premieres-dents-gel-gingival","status":"publish","type":"product","link":"https:\/\/pharmadreams.shop\/index.php\/product\/calino-premieres-dents-gel-gingival\/","title":{"rendered":"Calino premi\u00e8res dents gel gingival"},"content":{"rendered":"","protected":false},"excerpt":{"rendered":"<p style=\"font-weight: 400;\">Un sommeil profond pendant la p\u00e9riode de pouss\u00e9e dentaire n&rsquo;est pas un r\u00eave. Avec Gel Gingival votre b\u00e9b\u00e9 se d\u00e9barrassera de ses plaintes pendant la p\u00e9riode .<\/p>\n<p style=\"font-weight: 400;\">pouss\u00e9e dentaire et dormira profond\u00e9ment.<\/p>\n<p style=\"font-weight: 400;\">Avec Gel Gingival votre b\u00e9b\u00e9 est toujours en bonne humeur.<\/p>\n","protected":false},"featured_media":16841,"comment_status":"open","ping_status":"closed","template":"","meta":[],"product_brand":[],"product_cat":[114,365],"product_tag":[],"class_list":{"0":"post-16780","1":"product","2":"type-product","3":"status-publish","4":"has-post-thumbnail","6":"product_cat-gel","7":"product_cat-maman-et-bebe","9":"first","10":"instock","11":"shipping-taxable","12":"purchasable","13":"product-type-simple"},"yoast_head":"<!-- This site is optimized with the Yoast SEO plugin v23.0 - https:\/\/yoast.com\/wordpress\/plugins\/seo\/ -->\n<title>Calino premi\u00e8res dents gel gingival - pharmadreams<\/title>\n<meta name=\"robots\" content=\"index, follow, max-snippet:-1, max-image-preview:large, max-video-preview:-1\" \/>\n<link rel=\"canonical\" href=\"https:\/\/pharmadreams.shop\/index.php\/product\/calino-premieres-dents-gel-gingival\/\" \/>\n<meta property=\"og:locale\" content=\"fr_FR\" \/>\n<meta property=\"og:type\" content=\"article\" \/>\n<meta property=\"og:title\" content=\"Calino premi\u00e8res dents gel gingival - pharmadreams\" \/>\n<meta property=\"og:description\" content=\"Un sommeil profond pendant la p\u00e9riode de pouss\u00e9e dentaire n&#039;est pas un r\u00eave. Avec Gel Gingival votre b\u00e9b\u00e9 se d\u00e9barrassera de ses plaintes pendant la p\u00e9riode . pouss\u00e9e dentaire et dormira profond\u00e9ment. Avec Gel Gingival votre b\u00e9b\u00e9 est toujours en bonne humeur.\" \/>\n<meta property=\"og:url\" content=\"https:\/\/pharmadreams.shop\/index.php\/product\/calino-premieres-dents-gel-gingival\/\" \/>\n<meta property=\"og:site_name\" content=\"pharmadreams\" \/>\n<meta property=\"article:modified_time\" content=\"2024-06-10T10:45:31+00:00\" \/>\n<meta property=\"og:image\" content=\"https:\/\/pharmadreams.shop\/wp-content\/uploads\/2023\/12\/Sans-titre-12.png\" \/>\n\t<meta property=\"og:image:width\" content=\"894\" \/>\n\t<meta property=\"og:image:height\" content=\"818\" \/>\n\t<meta property=\"og:image:type\" content=\"image\/png\" \/>\n<meta name=\"twitter:card\" content=\"summary_large_image\" \/>\n<script type=\"application\/ld+json\" class=\"yoast-schema-graph\">{\"@context\":\"https:\/\/schema.org\",\"@graph\":[{\"@type\":\"WebPage\",\"@id\":\"https:\/\/pharmadreams.shop\/index.php\/product\/calino-premieres-dents-gel-gingival\/\",\"url\":\"https:\/\/pharmadreams.shop\/index.php\/product\/calino-premieres-dents-gel-gingival\/\",\"name\":\"Calino premi\u00e8res dents gel gingival - pharmadreams\",\"isPartOf\":{\"@id\":\"https:\/\/pharmadreams.shop\/#website\"},\"primaryImageOfPage\":{\"@id\":\"https:\/\/pharmadreams.shop\/index.php\/product\/calino-premieres-dents-gel-gingival\/#primaryimage\"},\"image\":{\"@id\":\"https:\/\/pharmadreams.shop\/index.php\/product\/calino-premieres-dents-gel-gingival\/#primaryimage\"},\"thumbnailUrl\":\"https:\/\/pharmadreams.shop\/wp-content\/uploads\/2023\/12\/Sans-titre-12.png\",\"datePublished\":\"2023-12-19T18:38:09+00:00\",\"dateModified\":\"2024-06-10T10:45:31+00:00\",\"breadcrumb\":{\"@id\":\"https:\/\/pharmadreams.shop\/index.php\/product\/calino-premieres-dents-gel-gingival\/#breadcrumb\"},\"inLanguage\":\"fr-FR\",\"potentialAction\":[{\"@type\":\"ReadAction\",\"target\":[\"https:\/\/pharmadreams.shop\/index.php\/product\/calino-premieres-dents-gel-gingival\/\"]}]},{\"@type\":\"ImageObject\",\"inLanguage\":\"fr-FR\",\"@id\":\"https:\/\/pharmadreams.shop\/index.php\/product\/calino-premieres-dents-gel-gingival\/#primaryimage\",\"url\":\"https:\/\/pharmadreams.shop\/wp-content\/uploads\/2023\/12\/Sans-titre-12.png\",\"contentUrl\":\"https:\/\/pharmadreams.shop\/wp-content\/uploads\/2023\/12\/Sans-titre-12.png\",\"width\":894,\"height\":818},{\"@type\":\"BreadcrumbList\",\"@id\":\"https:\/\/pharmadreams.shop\/index.php\/product\/calino-premieres-dents-gel-gingival\/#breadcrumb\",\"itemListElement\":[{\"@type\":\"ListItem\",\"position\":1,\"name\":\"Accueil\",\"item\":\"https:\/\/pharmadreams.shop\/\"},{\"@type\":\"ListItem\",\"position\":2,\"name\":\"Shop\",\"item\":\"https:\/\/pharmadreams.shop\/index.php\/shop\/\"},{\"@type\":\"ListItem\",\"position\":3,\"name\":\"Calino premi\u00e8res dents gel gingival\"}]},{\"@type\":\"WebSite\",\"@id\":\"https:\/\/pharmadreams.shop\/#website\",\"url\":\"https:\/\/pharmadreams.shop\/\",\"name\":\"pharmadreams\",\"description\":\"Parapharmacie en ligne\",\"potentialAction\":[{\"@type\":\"SearchAction\",\"target\":{\"@type\":\"EntryPoint\",\"urlTemplate\":\"https:\/\/pharmadreams.shop\/?s={search_term_string}\"},\"query-input\":\"required name=search_term_string\"}],\"inLanguage\":\"fr-FR\"}]}<\/script>\n<!-- \/ Yoast SEO plugin. -->","yoast_head_json":{"title":"Calino premi\u00e8res dents gel gingival - pharmadreams","robots":{"index":"index","follow":"follow","max-snippet":"max-snippet:-1","max-image-preview":"max-image-preview:large","max-video-preview":"max-video-preview:-1"},"canonical":"https:\/\/pharmadreams.shop\/index.php\/product\/calino-premieres-dents-gel-gingival\/","og_locale":"fr_FR","og_type":"article","og_title":"Calino premi\u00e8res dents gel gingival - pharmadreams","og_description":"Un sommeil profond pendant la p\u00e9riode de pouss\u00e9e dentaire n'est pas un r\u00eave. Avec Gel Gingival votre b\u00e9b\u00e9 se d\u00e9barrassera de ses plaintes pendant la p\u00e9riode . pouss\u00e9e dentaire et dormira profond\u00e9ment. Avec Gel Gingival votre b\u00e9b\u00e9 est toujours en bonne humeur.","og_url":"https:\/\/pharmadreams.shop\/index.php\/product\/calino-premieres-dents-gel-gingival\/","og_site_name":"pharmadreams","article_modified_time":"2024-06-10T10:45:31+00:00","og_image":[{"width":894,"height":818,"url":"https:\/\/pharmadreams.shop\/wp-content\/uploads\/2023\/12\/Sans-titre-12.png","type":"image\/png"}],"twitter_card":"summary_large_image","schema":{"@context":"https:\/\/schema.org","@graph":[{"@type":"WebPage","@id":"https:\/\/pharmadreams.shop\/index.php\/product\/calino-premieres-dents-gel-gingival\/","url":"https:\/\/pharmadreams.shop\/index.php\/product\/calino-premieres-dents-gel-gingival\/","name":"Calino premi\u00e8res dents gel gingival - pharmadreams","isPartOf":{"@id":"https:\/\/pharmadreams.shop\/#website"},"primaryImageOfPage":{"@id":"https:\/\/pharmadreams.shop\/index.php\/product\/calino-premieres-dents-gel-gingival\/#primaryimage"},"image":{"@id":"https:\/\/pharmadreams.shop\/index.php\/product\/calino-premieres-dents-gel-gingival\/#primaryimage"},"thumbnailUrl":"https:\/\/pharmadreams.shop\/wp-content\/uploads\/2023\/12\/Sans-titre-12.png","datePublished":"2023-12-19T18:38:09+00:00","dateModified":"2024-06-10T10:45:31+00:00","breadcrumb":{"@id":"https:\/\/pharmadreams.shop\/index.php\/product\/calino-premieres-dents-gel-gingival\/#breadcrumb"},"inLanguage":"fr-FR","potentialAction":[{"@type":"ReadAction","target":["https:\/\/pharmadreams.shop\/index.php\/product\/calino-premieres-dents-gel-gingival\/"]}]},{"@type":"ImageObject","inLanguage":"fr-FR","@id":"https:\/\/pharmadreams.shop\/index.php\/product\/calino-premieres-dents-gel-gingival\/#primaryimage","url":"https:\/\/pharmadreams.shop\/wp-content\/uploads\/2023\/12\/Sans-titre-12.png","contentUrl":"https:\/\/pharmadreams.shop\/wp-content\/uploads\/2023\/12\/Sans-titre-12.png","width":894,"height":818},{"@type":"BreadcrumbList","@id":"https:\/\/pharmadreams.shop\/index.php\/product\/calino-premieres-dents-gel-gingival\/#breadcrumb","itemListElement":[{"@type":"ListItem","position":1,"name":"Accueil","item":"https:\/\/pharmadreams.shop\/"},{"@type":"ListItem","position":2,"name":"Shop","item":"https:\/\/pharmadreams.shop\/index.php\/shop\/"},{"@type":"ListItem","position":3,"name":"Calino premi\u00e8res dents gel gingival"}]},{"@type":"WebSite","@id":"https:\/\/pharmadreams.shop\/#website","url":"https:\/\/pharmadreams.shop\/","name":"pharmadreams","description":"Parapharmacie en ligne","potentialAction":[{"@type":"SearchAction","target":{"@type":"EntryPoint","urlTemplate":"https:\/\/pharmadreams.shop\/?s={search_term_string}"},"query-input":"required name=search_term_string"}],"inLanguage":"fr-FR"}]}},"_links":{"self":[{"href":"https:\/\/pharmadreams.shop\/index.php\/wp-json\/wp\/v2\/product\/16780","targetHints":{"allow":["GET"]}}],"collection":[{"href":"https:\/\/pharmadreams.shop\/index.php\/wp-json\/wp\/v2\/product"}],"about":[{"href":"https:\/\/pharmadreams.shop\/index.php\/wp-json\/wp\/v2\/types\/product"}],"replies":[{"embeddable":true,"href":"https:\/\/pharmadreams.shop\/index.php\/wp-json\/wp\/v2\/comments?post=16780"}],"version-history":[{"count":0,"href":"https:\/\/pharmadreams.shop\/index.php\/wp-json\/wp\/v2\/product\/16780\/revisions"}],"wp:featuredmedia":[{"embeddable":true,"href":"https:\/\/pharmadreams.shop\/index.php\/wp-json\/wp\/v2\/media\/16841"}],"wp:attachment":[{"href":"https:\/\/pharmadreams.shop\/index.php\/wp-json\/wp\/v2\/media?parent=16780"}],"wp:term":[{"taxonomy":"product_brand","embeddable":true,"href":"https:\/\/pharmadreams.shop\/index.php\/wp-json\/wp\/v2\/product_brand?post=16780"},{"taxonomy":"product_cat","embeddable":true,"href":"https:\/\/pharmadreams.shop\/index.php\/wp-json\/wp\/v2\/product_cat?post=16780"},{"taxonomy":"product_tag","embeddable":true,"href":"https:\/\/pharmadreams.shop\/index.php\/wp-json\/wp\/v2\/product_tag?post=16780"}],"curies":[{"name":"wp","href":"https:\/\/api.w.org\/{rel}","templated":true}]}}