{"id":16782,"date":"2023-12-19T19:38:10","date_gmt":"2023-12-19T18:38:10","guid":{"rendered":"https:\/\/venuspara.com\/?post_type=product&#038;p=16782"},"modified":"2024-06-10T11:42:53","modified_gmt":"2024-06-10T10:42:53","slug":"calino-shampooing-et-bain-corps-et-cheveux","status":"publish","type":"product","link":"https:\/\/pharmadreams.shop\/index.php\/product\/calino-shampooing-et-bain-corps-et-cheveux\/","title":{"rendered":"Calino shampooing et bain, corps et cheveux"},"content":{"rendered":"","protected":false},"excerpt":{"rendered":"<p>Calino Shampoing &amp; Bain: riche en extrait de calendula, protecteur et apaisant, et en miel, hydratant et r\u00e9parateur, respecte le peau sensible et les cheveux d\u00e9licat du b\u00e9b\u00e9. Il nettoie en douceur et prot\u00e8ge contre les irritations gr\u00e2ce aux tensio-actifs innovants pour une tr\u00e8s haute tol\u00e9rance.<\/p>\n","protected":false},"featured_media":16845,"comment_status":"open","ping_status":"closed","template":"","meta":[],"product_brand":[],"product_cat":[53,365,86,104,82],"product_tag":[],"class_list":{"0":"post-16782","1":"product","2":"type-product","3":"status-publish","4":"has-post-thumbnail","6":"product_cat-cheveux","7":"product_cat-maman-et-bebe","8":"product_cat-peaux-sensibles-et-rougeurs","9":"product_cat-protection","10":"product_cat-shampooing","12":"first","13":"instock","14":"shipping-taxable","15":"purchasable","16":"product-type-simple"},"yoast_head":"<!-- This site is optimized with the Yoast SEO plugin v23.0 - https:\/\/yoast.com\/wordpress\/plugins\/seo\/ -->\n<title>Calino shampooing et bain, corps et cheveux - pharmadreams<\/title>\n<meta name=\"robots\" content=\"index, follow, max-snippet:-1, max-image-preview:large, max-video-preview:-1\" \/>\n<link rel=\"canonical\" href=\"https:\/\/pharmadreams.shop\/index.php\/product\/calino-shampooing-et-bain-corps-et-cheveux\/\" \/>\n<meta property=\"og:locale\" content=\"fr_FR\" \/>\n<meta property=\"og:type\" content=\"article\" \/>\n<meta property=\"og:title\" content=\"Calino shampooing et bain, corps et cheveux - pharmadreams\" \/>\n<meta property=\"og:description\" content=\"Calino Shampoing &amp; Bain: riche en extrait de calendula, protecteur et apaisant, et en miel, hydratant et r\u00e9parateur, respecte le peau sensible et les cheveux d\u00e9licat du b\u00e9b\u00e9. Il nettoie en douceur et prot\u00e8ge contre les irritations gr\u00e2ce aux tensio-actifs innovants pour une tr\u00e8s haute tol\u00e9rance.\" \/>\n<meta property=\"og:url\" content=\"https:\/\/pharmadreams.shop\/index.php\/product\/calino-shampooing-et-bain-corps-et-cheveux\/\" \/>\n<meta property=\"og:site_name\" content=\"pharmadreams\" \/>\n<meta property=\"article:modified_time\" content=\"2024-06-10T10:42:53+00:00\" \/>\n<meta property=\"og:image\" content=\"https:\/\/pharmadreams.shop\/wp-content\/uploads\/2023\/12\/Sans-titre-14.png\" \/>\n\t<meta property=\"og:image:width\" content=\"648\" \/>\n\t<meta property=\"og:image:height\" content=\"756\" \/>\n\t<meta property=\"og:image:type\" content=\"image\/png\" \/>\n<meta name=\"twitter:card\" content=\"summary_large_image\" \/>\n<script type=\"application\/ld+json\" class=\"yoast-schema-graph\">{\"@context\":\"https:\/\/schema.org\",\"@graph\":[{\"@type\":\"WebPage\",\"@id\":\"https:\/\/pharmadreams.shop\/index.php\/product\/calino-shampooing-et-bain-corps-et-cheveux\/\",\"url\":\"https:\/\/pharmadreams.shop\/index.php\/product\/calino-shampooing-et-bain-corps-et-cheveux\/\",\"name\":\"Calino shampooing et bain, corps et cheveux - pharmadreams\",\"isPartOf\":{\"@id\":\"https:\/\/pharmadreams.shop\/#website\"},\"primaryImageOfPage\":{\"@id\":\"https:\/\/pharmadreams.shop\/index.php\/product\/calino-shampooing-et-bain-corps-et-cheveux\/#primaryimage\"},\"image\":{\"@id\":\"https:\/\/pharmadreams.shop\/index.php\/product\/calino-shampooing-et-bain-corps-et-cheveux\/#primaryimage\"},\"thumbnailUrl\":\"https:\/\/pharmadreams.shop\/wp-content\/uploads\/2023\/12\/Sans-titre-14.png\",\"datePublished\":\"2023-12-19T18:38:10+00:00\",\"dateModified\":\"2024-06-10T10:42:53+00:00\",\"breadcrumb\":{\"@id\":\"https:\/\/pharmadreams.shop\/index.php\/product\/calino-shampooing-et-bain-corps-et-cheveux\/#breadcrumb\"},\"inLanguage\":\"fr-FR\",\"potentialAction\":[{\"@type\":\"ReadAction\",\"target\":[\"https:\/\/pharmadreams.shop\/index.php\/product\/calino-shampooing-et-bain-corps-et-cheveux\/\"]}]},{\"@type\":\"ImageObject\",\"inLanguage\":\"fr-FR\",\"@id\":\"https:\/\/pharmadreams.shop\/index.php\/product\/calino-shampooing-et-bain-corps-et-cheveux\/#primaryimage\",\"url\":\"https:\/\/pharmadreams.shop\/wp-content\/uploads\/2023\/12\/Sans-titre-14.png\",\"contentUrl\":\"https:\/\/pharmadreams.shop\/wp-content\/uploads\/2023\/12\/Sans-titre-14.png\",\"width\":648,\"height\":756},{\"@type\":\"BreadcrumbList\",\"@id\":\"https:\/\/pharmadreams.shop\/index.php\/product\/calino-shampooing-et-bain-corps-et-cheveux\/#breadcrumb\",\"itemListElement\":[{\"@type\":\"ListItem\",\"position\":1,\"name\":\"Accueil\",\"item\":\"https:\/\/pharmadreams.shop\/\"},{\"@type\":\"ListItem\",\"position\":2,\"name\":\"Shop\",\"item\":\"https:\/\/pharmadreams.shop\/index.php\/shop\/\"},{\"@type\":\"ListItem\",\"position\":3,\"name\":\"Calino shampooing et bain, corps et cheveux\"}]},{\"@type\":\"WebSite\",\"@id\":\"https:\/\/pharmadreams.shop\/#website\",\"url\":\"https:\/\/pharmadreams.shop\/\",\"name\":\"pharmadreams\",\"description\":\"Parapharmacie en ligne\",\"potentialAction\":[{\"@type\":\"SearchAction\",\"target\":{\"@type\":\"EntryPoint\",\"urlTemplate\":\"https:\/\/pharmadreams.shop\/?s={search_term_string}\"},\"query-input\":\"required name=search_term_string\"}],\"inLanguage\":\"fr-FR\"}]}<\/script>\n<!-- \/ Yoast SEO plugin. -->","yoast_head_json":{"title":"Calino shampooing et bain, corps et cheveux - pharmadreams","robots":{"index":"index","follow":"follow","max-snippet":"max-snippet:-1","max-image-preview":"max-image-preview:large","max-video-preview":"max-video-preview:-1"},"canonical":"https:\/\/pharmadreams.shop\/index.php\/product\/calino-shampooing-et-bain-corps-et-cheveux\/","og_locale":"fr_FR","og_type":"article","og_title":"Calino shampooing et bain, corps et cheveux - pharmadreams","og_description":"Calino Shampoing &amp; Bain: riche en extrait de calendula, protecteur et apaisant, et en miel, hydratant et r\u00e9parateur, respecte le peau sensible et les cheveux d\u00e9licat du b\u00e9b\u00e9. Il nettoie en douceur et prot\u00e8ge contre les irritations gr\u00e2ce aux tensio-actifs innovants pour une tr\u00e8s haute tol\u00e9rance.","og_url":"https:\/\/pharmadreams.shop\/index.php\/product\/calino-shampooing-et-bain-corps-et-cheveux\/","og_site_name":"pharmadreams","article_modified_time":"2024-06-10T10:42:53+00:00","og_image":[{"width":648,"height":756,"url":"https:\/\/pharmadreams.shop\/wp-content\/uploads\/2023\/12\/Sans-titre-14.png","type":"image\/png"}],"twitter_card":"summary_large_image","schema":{"@context":"https:\/\/schema.org","@graph":[{"@type":"WebPage","@id":"https:\/\/pharmadreams.shop\/index.php\/product\/calino-shampooing-et-bain-corps-et-cheveux\/","url":"https:\/\/pharmadreams.shop\/index.php\/product\/calino-shampooing-et-bain-corps-et-cheveux\/","name":"Calino shampooing et bain, corps et cheveux - pharmadreams","isPartOf":{"@id":"https:\/\/pharmadreams.shop\/#website"},"primaryImageOfPage":{"@id":"https:\/\/pharmadreams.shop\/index.php\/product\/calino-shampooing-et-bain-corps-et-cheveux\/#primaryimage"},"image":{"@id":"https:\/\/pharmadreams.shop\/index.php\/product\/calino-shampooing-et-bain-corps-et-cheveux\/#primaryimage"},"thumbnailUrl":"https:\/\/pharmadreams.shop\/wp-content\/uploads\/2023\/12\/Sans-titre-14.png","datePublished":"2023-12-19T18:38:10+00:00","dateModified":"2024-06-10T10:42:53+00:00","breadcrumb":{"@id":"https:\/\/pharmadreams.shop\/index.php\/product\/calino-shampooing-et-bain-corps-et-cheveux\/#breadcrumb"},"inLanguage":"fr-FR","potentialAction":[{"@type":"ReadAction","target":["https:\/\/pharmadreams.shop\/index.php\/product\/calino-shampooing-et-bain-corps-et-cheveux\/"]}]},{"@type":"ImageObject","inLanguage":"fr-FR","@id":"https:\/\/pharmadreams.shop\/index.php\/product\/calino-shampooing-et-bain-corps-et-cheveux\/#primaryimage","url":"https:\/\/pharmadreams.shop\/wp-content\/uploads\/2023\/12\/Sans-titre-14.png","contentUrl":"https:\/\/pharmadreams.shop\/wp-content\/uploads\/2023\/12\/Sans-titre-14.png","width":648,"height":756},{"@type":"BreadcrumbList","@id":"https:\/\/pharmadreams.shop\/index.php\/product\/calino-shampooing-et-bain-corps-et-cheveux\/#breadcrumb","itemListElement":[{"@type":"ListItem","position":1,"name":"Accueil","item":"https:\/\/pharmadreams.shop\/"},{"@type":"ListItem","position":2,"name":"Shop","item":"https:\/\/pharmadreams.shop\/index.php\/shop\/"},{"@type":"ListItem","position":3,"name":"Calino shampooing et bain, corps et cheveux"}]},{"@type":"WebSite","@id":"https:\/\/pharmadreams.shop\/#website","url":"https:\/\/pharmadreams.shop\/","name":"pharmadreams","description":"Parapharmacie en ligne","potentialAction":[{"@type":"SearchAction","target":{"@type":"EntryPoint","urlTemplate":"https:\/\/pharmadreams.shop\/?s={search_term_string}"},"query-input":"required name=search_term_string"}],"inLanguage":"fr-FR"}]}},"_links":{"self":[{"href":"https:\/\/pharmadreams.shop\/index.php\/wp-json\/wp\/v2\/product\/16782","targetHints":{"allow":["GET"]}}],"collection":[{"href":"https:\/\/pharmadreams.shop\/index.php\/wp-json\/wp\/v2\/product"}],"about":[{"href":"https:\/\/pharmadreams.shop\/index.php\/wp-json\/wp\/v2\/types\/product"}],"replies":[{"embeddable":true,"href":"https:\/\/pharmadreams.shop\/index.php\/wp-json\/wp\/v2\/comments?post=16782"}],"version-history":[{"count":0,"href":"https:\/\/pharmadreams.shop\/index.php\/wp-json\/wp\/v2\/product\/16782\/revisions"}],"wp:featuredmedia":[{"embeddable":true,"href":"https:\/\/pharmadreams.shop\/index.php\/wp-json\/wp\/v2\/media\/16845"}],"wp:attachment":[{"href":"https:\/\/pharmadreams.shop\/index.php\/wp-json\/wp\/v2\/media?parent=16782"}],"wp:term":[{"taxonomy":"product_brand","embeddable":true,"href":"https:\/\/pharmadreams.shop\/index.php\/wp-json\/wp\/v2\/product_brand?post=16782"},{"taxonomy":"product_cat","embeddable":true,"href":"https:\/\/pharmadreams.shop\/index.php\/wp-json\/wp\/v2\/product_cat?post=16782"},{"taxonomy":"product_tag","embeddable":true,"href":"https:\/\/pharmadreams.shop\/index.php\/wp-json\/wp\/v2\/product_tag?post=16782"}],"curies":[{"name":"wp","href":"https:\/\/api.w.org\/{rel}","templated":true}]}}