{"id":16784,"date":"2023-12-19T19:38:10","date_gmt":"2023-12-19T18:38:10","guid":{"rendered":"https:\/\/venuspara.com\/?post_type=product&#038;p=16784"},"modified":"2024-06-10T11:43:58","modified_gmt":"2024-06-10T10:43:58","slug":"calino-eau-de-senteur-bebe-250ml","status":"publish","type":"product","link":"https:\/\/pharmadreams.shop\/index.php\/product\/calino-eau-de-senteur-bebe-250ml\/","title":{"rendered":"Calino eau de senteur b\u00e9b\u00e9, 250ml"},"content":{"rendered":"","protected":false},"excerpt":{"rendered":"<div id=\"product-description-short-4865\" class=\"product-description\">\n<p><strong>Eau de senteur B\u00e9b\u00e9 de CALINO:\u00a0<\/strong>sans alcool et hypoallerg\u00e9nique a \u00e9t\u00e9 con\u00e7ue pour respecter la peau de votre b\u00e9b\u00e9. ses notes fra\u00eeches et naturelles apportent plaisir et bien \u00eatre pour votre b\u00e9b\u00e9.<\/p>\n<\/div>\n<div class=\"product-actions\">\n<form id=\"add-to-cart-or-refresh\" action=\"https:\/\/pharma-shop.tn\/panier\" method=\"post\">\n<div class=\"product-variants\"><\/div>\n<section class=\"product-discounts\"><\/section>\n<div class=\"product-add-to-cart\"><\/div>\n<\/form>\n<\/div>\n","protected":false},"featured_media":16849,"comment_status":"open","ping_status":"closed","template":"","meta":[],"product_brand":[],"product_cat":[262,365],"product_tag":[],"class_list":{"0":"post-16784","1":"product","2":"type-product","3":"status-publish","4":"has-post-thumbnail","6":"product_cat-eau-de-senteur","7":"product_cat-maman-et-bebe","9":"first","10":"instock","11":"sale","12":"shipping-taxable","13":"purchasable","14":"product-type-simple"},"yoast_head":"<!-- This site is optimized with the Yoast SEO plugin v23.0 - https:\/\/yoast.com\/wordpress\/plugins\/seo\/ -->\n<title>Calino eau de senteur b\u00e9b\u00e9, 250ml - pharmadreams<\/title>\n<meta name=\"robots\" content=\"index, follow, max-snippet:-1, max-image-preview:large, max-video-preview:-1\" \/>\n<link rel=\"canonical\" href=\"https:\/\/pharmadreams.shop\/index.php\/product\/calino-eau-de-senteur-bebe-250ml\/\" \/>\n<meta property=\"og:locale\" content=\"fr_FR\" \/>\n<meta property=\"og:type\" content=\"article\" \/>\n<meta property=\"og:title\" content=\"Calino eau de senteur b\u00e9b\u00e9, 250ml - pharmadreams\" \/>\n<meta property=\"og:description\" content=\"Eau de senteur B\u00e9b\u00e9 de CALINO:\u00a0sans alcool et hypoallerg\u00e9nique a \u00e9t\u00e9 con\u00e7ue pour respecter la peau de votre b\u00e9b\u00e9. ses notes fra\u00eeches et naturelles apportent plaisir et bien \u00eatre pour votre b\u00e9b\u00e9.\" \/>\n<meta property=\"og:url\" content=\"https:\/\/pharmadreams.shop\/index.php\/product\/calino-eau-de-senteur-bebe-250ml\/\" \/>\n<meta property=\"og:site_name\" content=\"pharmadreams\" \/>\n<meta property=\"article:modified_time\" content=\"2024-06-10T10:43:58+00:00\" \/>\n<meta property=\"og:image\" content=\"https:\/\/pharmadreams.shop\/wp-content\/uploads\/2023\/12\/Sans-titre-18.png\" \/>\n\t<meta property=\"og:image:width\" content=\"1600\" \/>\n\t<meta property=\"og:image:height\" content=\"1600\" \/>\n\t<meta property=\"og:image:type\" content=\"image\/png\" \/>\n<meta name=\"twitter:card\" content=\"summary_large_image\" \/>\n<script type=\"application\/ld+json\" class=\"yoast-schema-graph\">{\"@context\":\"https:\/\/schema.org\",\"@graph\":[{\"@type\":\"WebPage\",\"@id\":\"https:\/\/pharmadreams.shop\/index.php\/product\/calino-eau-de-senteur-bebe-250ml\/\",\"url\":\"https:\/\/pharmadreams.shop\/index.php\/product\/calino-eau-de-senteur-bebe-250ml\/\",\"name\":\"Calino eau de senteur b\u00e9b\u00e9, 250ml - pharmadreams\",\"isPartOf\":{\"@id\":\"https:\/\/pharmadreams.shop\/#website\"},\"primaryImageOfPage\":{\"@id\":\"https:\/\/pharmadreams.shop\/index.php\/product\/calino-eau-de-senteur-bebe-250ml\/#primaryimage\"},\"image\":{\"@id\":\"https:\/\/pharmadreams.shop\/index.php\/product\/calino-eau-de-senteur-bebe-250ml\/#primaryimage\"},\"thumbnailUrl\":\"https:\/\/pharmadreams.shop\/wp-content\/uploads\/2023\/12\/Sans-titre-18.png\",\"datePublished\":\"2023-12-19T18:38:10+00:00\",\"dateModified\":\"2024-06-10T10:43:58+00:00\",\"breadcrumb\":{\"@id\":\"https:\/\/pharmadreams.shop\/index.php\/product\/calino-eau-de-senteur-bebe-250ml\/#breadcrumb\"},\"inLanguage\":\"fr-FR\",\"potentialAction\":[{\"@type\":\"ReadAction\",\"target\":[\"https:\/\/pharmadreams.shop\/index.php\/product\/calino-eau-de-senteur-bebe-250ml\/\"]}]},{\"@type\":\"ImageObject\",\"inLanguage\":\"fr-FR\",\"@id\":\"https:\/\/pharmadreams.shop\/index.php\/product\/calino-eau-de-senteur-bebe-250ml\/#primaryimage\",\"url\":\"https:\/\/pharmadreams.shop\/wp-content\/uploads\/2023\/12\/Sans-titre-18.png\",\"contentUrl\":\"https:\/\/pharmadreams.shop\/wp-content\/uploads\/2023\/12\/Sans-titre-18.png\",\"width\":1600,\"height\":1600},{\"@type\":\"BreadcrumbList\",\"@id\":\"https:\/\/pharmadreams.shop\/index.php\/product\/calino-eau-de-senteur-bebe-250ml\/#breadcrumb\",\"itemListElement\":[{\"@type\":\"ListItem\",\"position\":1,\"name\":\"Accueil\",\"item\":\"https:\/\/pharmadreams.shop\/\"},{\"@type\":\"ListItem\",\"position\":2,\"name\":\"Shop\",\"item\":\"https:\/\/pharmadreams.shop\/index.php\/shop\/\"},{\"@type\":\"ListItem\",\"position\":3,\"name\":\"Calino eau de senteur b\u00e9b\u00e9, 250ml\"}]},{\"@type\":\"WebSite\",\"@id\":\"https:\/\/pharmadreams.shop\/#website\",\"url\":\"https:\/\/pharmadreams.shop\/\",\"name\":\"pharmadreams\",\"description\":\"Parapharmacie en ligne\",\"potentialAction\":[{\"@type\":\"SearchAction\",\"target\":{\"@type\":\"EntryPoint\",\"urlTemplate\":\"https:\/\/pharmadreams.shop\/?s={search_term_string}\"},\"query-input\":\"required name=search_term_string\"}],\"inLanguage\":\"fr-FR\"}]}<\/script>\n<!-- \/ Yoast SEO plugin. -->","yoast_head_json":{"title":"Calino eau de senteur b\u00e9b\u00e9, 250ml - pharmadreams","robots":{"index":"index","follow":"follow","max-snippet":"max-snippet:-1","max-image-preview":"max-image-preview:large","max-video-preview":"max-video-preview:-1"},"canonical":"https:\/\/pharmadreams.shop\/index.php\/product\/calino-eau-de-senteur-bebe-250ml\/","og_locale":"fr_FR","og_type":"article","og_title":"Calino eau de senteur b\u00e9b\u00e9, 250ml - pharmadreams","og_description":"Eau de senteur B\u00e9b\u00e9 de CALINO:\u00a0sans alcool et hypoallerg\u00e9nique a \u00e9t\u00e9 con\u00e7ue pour respecter la peau de votre b\u00e9b\u00e9. ses notes fra\u00eeches et naturelles apportent plaisir et bien \u00eatre pour votre b\u00e9b\u00e9.","og_url":"https:\/\/pharmadreams.shop\/index.php\/product\/calino-eau-de-senteur-bebe-250ml\/","og_site_name":"pharmadreams","article_modified_time":"2024-06-10T10:43:58+00:00","og_image":[{"width":1600,"height":1600,"url":"https:\/\/pharmadreams.shop\/wp-content\/uploads\/2023\/12\/Sans-titre-18.png","type":"image\/png"}],"twitter_card":"summary_large_image","schema":{"@context":"https:\/\/schema.org","@graph":[{"@type":"WebPage","@id":"https:\/\/pharmadreams.shop\/index.php\/product\/calino-eau-de-senteur-bebe-250ml\/","url":"https:\/\/pharmadreams.shop\/index.php\/product\/calino-eau-de-senteur-bebe-250ml\/","name":"Calino eau de senteur b\u00e9b\u00e9, 250ml - pharmadreams","isPartOf":{"@id":"https:\/\/pharmadreams.shop\/#website"},"primaryImageOfPage":{"@id":"https:\/\/pharmadreams.shop\/index.php\/product\/calino-eau-de-senteur-bebe-250ml\/#primaryimage"},"image":{"@id":"https:\/\/pharmadreams.shop\/index.php\/product\/calino-eau-de-senteur-bebe-250ml\/#primaryimage"},"thumbnailUrl":"https:\/\/pharmadreams.shop\/wp-content\/uploads\/2023\/12\/Sans-titre-18.png","datePublished":"2023-12-19T18:38:10+00:00","dateModified":"2024-06-10T10:43:58+00:00","breadcrumb":{"@id":"https:\/\/pharmadreams.shop\/index.php\/product\/calino-eau-de-senteur-bebe-250ml\/#breadcrumb"},"inLanguage":"fr-FR","potentialAction":[{"@type":"ReadAction","target":["https:\/\/pharmadreams.shop\/index.php\/product\/calino-eau-de-senteur-bebe-250ml\/"]}]},{"@type":"ImageObject","inLanguage":"fr-FR","@id":"https:\/\/pharmadreams.shop\/index.php\/product\/calino-eau-de-senteur-bebe-250ml\/#primaryimage","url":"https:\/\/pharmadreams.shop\/wp-content\/uploads\/2023\/12\/Sans-titre-18.png","contentUrl":"https:\/\/pharmadreams.shop\/wp-content\/uploads\/2023\/12\/Sans-titre-18.png","width":1600,"height":1600},{"@type":"BreadcrumbList","@id":"https:\/\/pharmadreams.shop\/index.php\/product\/calino-eau-de-senteur-bebe-250ml\/#breadcrumb","itemListElement":[{"@type":"ListItem","position":1,"name":"Accueil","item":"https:\/\/pharmadreams.shop\/"},{"@type":"ListItem","position":2,"name":"Shop","item":"https:\/\/pharmadreams.shop\/index.php\/shop\/"},{"@type":"ListItem","position":3,"name":"Calino eau de senteur b\u00e9b\u00e9, 250ml"}]},{"@type":"WebSite","@id":"https:\/\/pharmadreams.shop\/#website","url":"https:\/\/pharmadreams.shop\/","name":"pharmadreams","description":"Parapharmacie en ligne","potentialAction":[{"@type":"SearchAction","target":{"@type":"EntryPoint","urlTemplate":"https:\/\/pharmadreams.shop\/?s={search_term_string}"},"query-input":"required name=search_term_string"}],"inLanguage":"fr-FR"}]}},"_links":{"self":[{"href":"https:\/\/pharmadreams.shop\/index.php\/wp-json\/wp\/v2\/product\/16784","targetHints":{"allow":["GET"]}}],"collection":[{"href":"https:\/\/pharmadreams.shop\/index.php\/wp-json\/wp\/v2\/product"}],"about":[{"href":"https:\/\/pharmadreams.shop\/index.php\/wp-json\/wp\/v2\/types\/product"}],"replies":[{"embeddable":true,"href":"https:\/\/pharmadreams.shop\/index.php\/wp-json\/wp\/v2\/comments?post=16784"}],"version-history":[{"count":0,"href":"https:\/\/pharmadreams.shop\/index.php\/wp-json\/wp\/v2\/product\/16784\/revisions"}],"wp:featuredmedia":[{"embeddable":true,"href":"https:\/\/pharmadreams.shop\/index.php\/wp-json\/wp\/v2\/media\/16849"}],"wp:attachment":[{"href":"https:\/\/pharmadreams.shop\/index.php\/wp-json\/wp\/v2\/media?parent=16784"}],"wp:term":[{"taxonomy":"product_brand","embeddable":true,"href":"https:\/\/pharmadreams.shop\/index.php\/wp-json\/wp\/v2\/product_brand?post=16784"},{"taxonomy":"product_cat","embeddable":true,"href":"https:\/\/pharmadreams.shop\/index.php\/wp-json\/wp\/v2\/product_cat?post=16784"},{"taxonomy":"product_tag","embeddable":true,"href":"https:\/\/pharmadreams.shop\/index.php\/wp-json\/wp\/v2\/product_tag?post=16784"}],"curies":[{"name":"wp","href":"https:\/\/api.w.org\/{rel}","templated":true}]}}