{"id":16785,"date":"2023-12-19T19:38:10","date_gmt":"2023-12-19T18:38:10","guid":{"rendered":"https:\/\/venuspara.com\/?post_type=product&#038;p=16785"},"modified":"2023-12-19T19:38:52","modified_gmt":"2023-12-19T18:38:52","slug":"babylins-shampooing-mousse-douceux","status":"publish","type":"product","link":"https:\/\/pharmadreams.shop\/index.php\/product\/babylins-shampooing-mousse-douceux\/","title":{"rendered":"BabyLin&rsquo;s shampooing mousse douceux"},"content":{"rendered":"","protected":false},"excerpt":{"rendered":"<p>BabyLinS shampooing mousse douceur, nettoie d\u00e9licatement le cuir chevelu du nourrisson et du b\u00e9b\u00e9. Gr\u00e2ce \u00e0 sa formule riche en extrait de fleur de Calendula r\u00e9put\u00e9 pour son action adoucissante.<\/p>\n<p>BabyLinS shampooing mousse douceur hydrate, assouplit et respecte l\u2019\u00e9quilibre du cuir chevelu. Ne pique pas les yeux.<\/p>\n","protected":false},"featured_media":16851,"comment_status":"open","ping_status":"closed","template":"","meta":[],"product_brand":[],"product_cat":[99,82],"product_tag":[],"class_list":{"0":"post-16785","1":"product","2":"type-product","3":"status-publish","4":"has-post-thumbnail","6":"product_cat-mousse","7":"product_cat-shampooing","9":"first","10":"instock","11":"shipping-taxable","12":"purchasable","13":"product-type-simple"},"yoast_head":"<!-- This site is optimized with the Yoast SEO plugin v23.0 - https:\/\/yoast.com\/wordpress\/plugins\/seo\/ -->\n<title>BabyLin&#039;s shampooing mousse douceux - pharmadreams<\/title>\n<meta name=\"robots\" content=\"index, follow, max-snippet:-1, max-image-preview:large, max-video-preview:-1\" \/>\n<link rel=\"canonical\" href=\"https:\/\/pharmadreams.shop\/index.php\/product\/babylins-shampooing-mousse-douceux\/\" \/>\n<meta property=\"og:locale\" content=\"fr_FR\" \/>\n<meta property=\"og:type\" content=\"article\" \/>\n<meta property=\"og:title\" content=\"BabyLin&#039;s shampooing mousse douceux - pharmadreams\" \/>\n<meta property=\"og:description\" content=\"BabyLinS shampooing mousse douceur, nettoie d\u00e9licatement le cuir chevelu du nourrisson et du b\u00e9b\u00e9. Gr\u00e2ce \u00e0 sa formule riche en extrait de fleur de Calendula r\u00e9put\u00e9 pour son action adoucissante.  BabyLinS shampooing mousse douceur hydrate, assouplit et respecte l\u2019\u00e9quilibre du cuir chevelu. Ne pique pas les yeux.\" \/>\n<meta property=\"og:url\" content=\"https:\/\/pharmadreams.shop\/index.php\/product\/babylins-shampooing-mousse-douceux\/\" \/>\n<meta property=\"og:site_name\" content=\"pharmadreams\" \/>\n<meta property=\"article:modified_time\" content=\"2023-12-19T18:38:52+00:00\" \/>\n<meta property=\"og:image\" content=\"https:\/\/pharmadreams.shop\/wp-content\/uploads\/2023\/12\/Sans-titre-19.png\" \/>\n\t<meta property=\"og:image:width\" content=\"888\" \/>\n\t<meta property=\"og:image:height\" content=\"988\" \/>\n\t<meta property=\"og:image:type\" content=\"image\/png\" \/>\n<meta name=\"twitter:card\" content=\"summary_large_image\" \/>\n<script type=\"application\/ld+json\" class=\"yoast-schema-graph\">{\"@context\":\"https:\/\/schema.org\",\"@graph\":[{\"@type\":\"WebPage\",\"@id\":\"https:\/\/pharmadreams.shop\/index.php\/product\/babylins-shampooing-mousse-douceux\/\",\"url\":\"https:\/\/pharmadreams.shop\/index.php\/product\/babylins-shampooing-mousse-douceux\/\",\"name\":\"BabyLin's shampooing mousse douceux - pharmadreams\",\"isPartOf\":{\"@id\":\"https:\/\/pharmadreams.shop\/#website\"},\"primaryImageOfPage\":{\"@id\":\"https:\/\/pharmadreams.shop\/index.php\/product\/babylins-shampooing-mousse-douceux\/#primaryimage\"},\"image\":{\"@id\":\"https:\/\/pharmadreams.shop\/index.php\/product\/babylins-shampooing-mousse-douceux\/#primaryimage\"},\"thumbnailUrl\":\"https:\/\/pharmadreams.shop\/wp-content\/uploads\/2023\/12\/Sans-titre-19.png\",\"datePublished\":\"2023-12-19T18:38:10+00:00\",\"dateModified\":\"2023-12-19T18:38:52+00:00\",\"breadcrumb\":{\"@id\":\"https:\/\/pharmadreams.shop\/index.php\/product\/babylins-shampooing-mousse-douceux\/#breadcrumb\"},\"inLanguage\":\"fr-FR\",\"potentialAction\":[{\"@type\":\"ReadAction\",\"target\":[\"https:\/\/pharmadreams.shop\/index.php\/product\/babylins-shampooing-mousse-douceux\/\"]}]},{\"@type\":\"ImageObject\",\"inLanguage\":\"fr-FR\",\"@id\":\"https:\/\/pharmadreams.shop\/index.php\/product\/babylins-shampooing-mousse-douceux\/#primaryimage\",\"url\":\"https:\/\/pharmadreams.shop\/wp-content\/uploads\/2023\/12\/Sans-titre-19.png\",\"contentUrl\":\"https:\/\/pharmadreams.shop\/wp-content\/uploads\/2023\/12\/Sans-titre-19.png\",\"width\":888,\"height\":988},{\"@type\":\"BreadcrumbList\",\"@id\":\"https:\/\/pharmadreams.shop\/index.php\/product\/babylins-shampooing-mousse-douceux\/#breadcrumb\",\"itemListElement\":[{\"@type\":\"ListItem\",\"position\":1,\"name\":\"Accueil\",\"item\":\"https:\/\/pharmadreams.shop\/\"},{\"@type\":\"ListItem\",\"position\":2,\"name\":\"Shop\",\"item\":\"https:\/\/pharmadreams.shop\/index.php\/shop\/\"},{\"@type\":\"ListItem\",\"position\":3,\"name\":\"BabyLin&#8217;s shampooing mousse douceux\"}]},{\"@type\":\"WebSite\",\"@id\":\"https:\/\/pharmadreams.shop\/#website\",\"url\":\"https:\/\/pharmadreams.shop\/\",\"name\":\"pharmadreams\",\"description\":\"Parapharmacie en ligne\",\"potentialAction\":[{\"@type\":\"SearchAction\",\"target\":{\"@type\":\"EntryPoint\",\"urlTemplate\":\"https:\/\/pharmadreams.shop\/?s={search_term_string}\"},\"query-input\":\"required name=search_term_string\"}],\"inLanguage\":\"fr-FR\"}]}<\/script>\n<!-- \/ Yoast SEO plugin. -->","yoast_head_json":{"title":"BabyLin's shampooing mousse douceux - pharmadreams","robots":{"index":"index","follow":"follow","max-snippet":"max-snippet:-1","max-image-preview":"max-image-preview:large","max-video-preview":"max-video-preview:-1"},"canonical":"https:\/\/pharmadreams.shop\/index.php\/product\/babylins-shampooing-mousse-douceux\/","og_locale":"fr_FR","og_type":"article","og_title":"BabyLin's shampooing mousse douceux - pharmadreams","og_description":"BabyLinS shampooing mousse douceur, nettoie d\u00e9licatement le cuir chevelu du nourrisson et du b\u00e9b\u00e9. Gr\u00e2ce \u00e0 sa formule riche en extrait de fleur de Calendula r\u00e9put\u00e9 pour son action adoucissante.  BabyLinS shampooing mousse douceur hydrate, assouplit et respecte l\u2019\u00e9quilibre du cuir chevelu. Ne pique pas les yeux.","og_url":"https:\/\/pharmadreams.shop\/index.php\/product\/babylins-shampooing-mousse-douceux\/","og_site_name":"pharmadreams","article_modified_time":"2023-12-19T18:38:52+00:00","og_image":[{"width":888,"height":988,"url":"https:\/\/pharmadreams.shop\/wp-content\/uploads\/2023\/12\/Sans-titre-19.png","type":"image\/png"}],"twitter_card":"summary_large_image","schema":{"@context":"https:\/\/schema.org","@graph":[{"@type":"WebPage","@id":"https:\/\/pharmadreams.shop\/index.php\/product\/babylins-shampooing-mousse-douceux\/","url":"https:\/\/pharmadreams.shop\/index.php\/product\/babylins-shampooing-mousse-douceux\/","name":"BabyLin's shampooing mousse douceux - pharmadreams","isPartOf":{"@id":"https:\/\/pharmadreams.shop\/#website"},"primaryImageOfPage":{"@id":"https:\/\/pharmadreams.shop\/index.php\/product\/babylins-shampooing-mousse-douceux\/#primaryimage"},"image":{"@id":"https:\/\/pharmadreams.shop\/index.php\/product\/babylins-shampooing-mousse-douceux\/#primaryimage"},"thumbnailUrl":"https:\/\/pharmadreams.shop\/wp-content\/uploads\/2023\/12\/Sans-titre-19.png","datePublished":"2023-12-19T18:38:10+00:00","dateModified":"2023-12-19T18:38:52+00:00","breadcrumb":{"@id":"https:\/\/pharmadreams.shop\/index.php\/product\/babylins-shampooing-mousse-douceux\/#breadcrumb"},"inLanguage":"fr-FR","potentialAction":[{"@type":"ReadAction","target":["https:\/\/pharmadreams.shop\/index.php\/product\/babylins-shampooing-mousse-douceux\/"]}]},{"@type":"ImageObject","inLanguage":"fr-FR","@id":"https:\/\/pharmadreams.shop\/index.php\/product\/babylins-shampooing-mousse-douceux\/#primaryimage","url":"https:\/\/pharmadreams.shop\/wp-content\/uploads\/2023\/12\/Sans-titre-19.png","contentUrl":"https:\/\/pharmadreams.shop\/wp-content\/uploads\/2023\/12\/Sans-titre-19.png","width":888,"height":988},{"@type":"BreadcrumbList","@id":"https:\/\/pharmadreams.shop\/index.php\/product\/babylins-shampooing-mousse-douceux\/#breadcrumb","itemListElement":[{"@type":"ListItem","position":1,"name":"Accueil","item":"https:\/\/pharmadreams.shop\/"},{"@type":"ListItem","position":2,"name":"Shop","item":"https:\/\/pharmadreams.shop\/index.php\/shop\/"},{"@type":"ListItem","position":3,"name":"BabyLin&#8217;s shampooing mousse douceux"}]},{"@type":"WebSite","@id":"https:\/\/pharmadreams.shop\/#website","url":"https:\/\/pharmadreams.shop\/","name":"pharmadreams","description":"Parapharmacie en ligne","potentialAction":[{"@type":"SearchAction","target":{"@type":"EntryPoint","urlTemplate":"https:\/\/pharmadreams.shop\/?s={search_term_string}"},"query-input":"required name=search_term_string"}],"inLanguage":"fr-FR"}]}},"_links":{"self":[{"href":"https:\/\/pharmadreams.shop\/index.php\/wp-json\/wp\/v2\/product\/16785","targetHints":{"allow":["GET"]}}],"collection":[{"href":"https:\/\/pharmadreams.shop\/index.php\/wp-json\/wp\/v2\/product"}],"about":[{"href":"https:\/\/pharmadreams.shop\/index.php\/wp-json\/wp\/v2\/types\/product"}],"replies":[{"embeddable":true,"href":"https:\/\/pharmadreams.shop\/index.php\/wp-json\/wp\/v2\/comments?post=16785"}],"version-history":[{"count":0,"href":"https:\/\/pharmadreams.shop\/index.php\/wp-json\/wp\/v2\/product\/16785\/revisions"}],"wp:featuredmedia":[{"embeddable":true,"href":"https:\/\/pharmadreams.shop\/index.php\/wp-json\/wp\/v2\/media\/16851"}],"wp:attachment":[{"href":"https:\/\/pharmadreams.shop\/index.php\/wp-json\/wp\/v2\/media?parent=16785"}],"wp:term":[{"taxonomy":"product_brand","embeddable":true,"href":"https:\/\/pharmadreams.shop\/index.php\/wp-json\/wp\/v2\/product_brand?post=16785"},{"taxonomy":"product_cat","embeddable":true,"href":"https:\/\/pharmadreams.shop\/index.php\/wp-json\/wp\/v2\/product_cat?post=16785"},{"taxonomy":"product_tag","embeddable":true,"href":"https:\/\/pharmadreams.shop\/index.php\/wp-json\/wp\/v2\/product_tag?post=16785"}],"curies":[{"name":"wp","href":"https:\/\/api.w.org\/{rel}","templated":true}]}}