{"id":16786,"date":"2023-12-19T19:38:10","date_gmt":"2023-12-19T18:38:10","guid":{"rendered":"https:\/\/venuspara.com\/?post_type=product&#038;p=16786"},"modified":"2023-12-19T19:38:54","modified_gmt":"2023-12-19T18:38:54","slug":"babylins-eau-de-senteur-rafraichissante","status":"publish","type":"product","link":"https:\/\/pharmadreams.shop\/index.php\/product\/babylins-eau-de-senteur-rafraichissante\/","title":{"rendered":"Babylin&rsquo;s eau de senteur rafraichissante"},"content":{"rendered":"","protected":false},"excerpt":{"rendered":"<p>BabyLinS Eau de Senteur parfume et rafra\u00eechit d\u00e9licatement la peau du nourrisson et du b\u00e9b\u00e9. Elle facilite le brossage des cheveux.<\/p>\n<p>BabyLinS Eau de Senteur enrichie en extrait de fleur de Calendula\u00a0adoucit et hydrate la peau du nourrisson et du b\u00e9b\u00e9.<\/p>\n<p>Hypoallerg\u00e9nique-sans Alcool- sans paraben- sans colorant<\/p>\n","protected":false},"featured_media":16853,"comment_status":"open","ping_status":"closed","template":"","meta":[],"product_brand":[],"product_cat":[53,262,81],"product_tag":[],"class_list":{"0":"post-16786","1":"product","2":"type-product","3":"status-publish","4":"has-post-thumbnail","6":"product_cat-cheveux","7":"product_cat-eau-de-senteur","8":"product_cat-soins-hydratants","10":"first","11":"instock","12":"shipping-taxable","13":"purchasable","14":"product-type-simple"},"yoast_head":"<!-- This site is optimized with the Yoast SEO plugin v23.0 - https:\/\/yoast.com\/wordpress\/plugins\/seo\/ -->\n<title>Babylin&#039;s eau de senteur rafraichissante - pharmadreams<\/title>\n<meta name=\"robots\" content=\"index, follow, max-snippet:-1, max-image-preview:large, max-video-preview:-1\" \/>\n<link rel=\"canonical\" href=\"https:\/\/pharmadreams.shop\/index.php\/product\/babylins-eau-de-senteur-rafraichissante\/\" \/>\n<meta property=\"og:locale\" content=\"fr_FR\" \/>\n<meta property=\"og:type\" content=\"article\" \/>\n<meta property=\"og:title\" content=\"Babylin&#039;s eau de senteur rafraichissante - pharmadreams\" \/>\n<meta property=\"og:description\" content=\"BabyLinS Eau de Senteur parfume et rafra\u00eechit d\u00e9licatement la peau du nourrisson et du b\u00e9b\u00e9. Elle facilite le brossage des cheveux.  BabyLinS Eau de Senteur enrichie en extrait de fleur de Calendula\u00a0adoucit et hydrate la peau du nourrisson et du b\u00e9b\u00e9.  Hypoallerg\u00e9nique-sans Alcool- sans paraben- sans colorant\" \/>\n<meta property=\"og:url\" content=\"https:\/\/pharmadreams.shop\/index.php\/product\/babylins-eau-de-senteur-rafraichissante\/\" \/>\n<meta property=\"og:site_name\" content=\"pharmadreams\" \/>\n<meta property=\"article:modified_time\" content=\"2023-12-19T18:38:54+00:00\" \/>\n<meta property=\"og:image\" content=\"https:\/\/pharmadreams.shop\/wp-content\/uploads\/2023\/12\/Sans-titre-20.png\" \/>\n\t<meta property=\"og:image:width\" content=\"732\" \/>\n\t<meta property=\"og:image:height\" content=\"772\" \/>\n\t<meta property=\"og:image:type\" content=\"image\/png\" \/>\n<meta name=\"twitter:card\" content=\"summary_large_image\" \/>\n<script type=\"application\/ld+json\" class=\"yoast-schema-graph\">{\"@context\":\"https:\/\/schema.org\",\"@graph\":[{\"@type\":\"WebPage\",\"@id\":\"https:\/\/pharmadreams.shop\/index.php\/product\/babylins-eau-de-senteur-rafraichissante\/\",\"url\":\"https:\/\/pharmadreams.shop\/index.php\/product\/babylins-eau-de-senteur-rafraichissante\/\",\"name\":\"Babylin's eau de senteur rafraichissante - pharmadreams\",\"isPartOf\":{\"@id\":\"https:\/\/pharmadreams.shop\/#website\"},\"primaryImageOfPage\":{\"@id\":\"https:\/\/pharmadreams.shop\/index.php\/product\/babylins-eau-de-senteur-rafraichissante\/#primaryimage\"},\"image\":{\"@id\":\"https:\/\/pharmadreams.shop\/index.php\/product\/babylins-eau-de-senteur-rafraichissante\/#primaryimage\"},\"thumbnailUrl\":\"https:\/\/pharmadreams.shop\/wp-content\/uploads\/2023\/12\/Sans-titre-20.png\",\"datePublished\":\"2023-12-19T18:38:10+00:00\",\"dateModified\":\"2023-12-19T18:38:54+00:00\",\"breadcrumb\":{\"@id\":\"https:\/\/pharmadreams.shop\/index.php\/product\/babylins-eau-de-senteur-rafraichissante\/#breadcrumb\"},\"inLanguage\":\"fr-FR\",\"potentialAction\":[{\"@type\":\"ReadAction\",\"target\":[\"https:\/\/pharmadreams.shop\/index.php\/product\/babylins-eau-de-senteur-rafraichissante\/\"]}]},{\"@type\":\"ImageObject\",\"inLanguage\":\"fr-FR\",\"@id\":\"https:\/\/pharmadreams.shop\/index.php\/product\/babylins-eau-de-senteur-rafraichissante\/#primaryimage\",\"url\":\"https:\/\/pharmadreams.shop\/wp-content\/uploads\/2023\/12\/Sans-titre-20.png\",\"contentUrl\":\"https:\/\/pharmadreams.shop\/wp-content\/uploads\/2023\/12\/Sans-titre-20.png\",\"width\":732,\"height\":772},{\"@type\":\"BreadcrumbList\",\"@id\":\"https:\/\/pharmadreams.shop\/index.php\/product\/babylins-eau-de-senteur-rafraichissante\/#breadcrumb\",\"itemListElement\":[{\"@type\":\"ListItem\",\"position\":1,\"name\":\"Accueil\",\"item\":\"https:\/\/pharmadreams.shop\/\"},{\"@type\":\"ListItem\",\"position\":2,\"name\":\"Shop\",\"item\":\"https:\/\/pharmadreams.shop\/index.php\/shop\/\"},{\"@type\":\"ListItem\",\"position\":3,\"name\":\"Babylin&#8217;s eau de senteur rafraichissante\"}]},{\"@type\":\"WebSite\",\"@id\":\"https:\/\/pharmadreams.shop\/#website\",\"url\":\"https:\/\/pharmadreams.shop\/\",\"name\":\"pharmadreams\",\"description\":\"Parapharmacie en ligne\",\"potentialAction\":[{\"@type\":\"SearchAction\",\"target\":{\"@type\":\"EntryPoint\",\"urlTemplate\":\"https:\/\/pharmadreams.shop\/?s={search_term_string}\"},\"query-input\":\"required name=search_term_string\"}],\"inLanguage\":\"fr-FR\"}]}<\/script>\n<!-- \/ Yoast SEO plugin. -->","yoast_head_json":{"title":"Babylin's eau de senteur rafraichissante - pharmadreams","robots":{"index":"index","follow":"follow","max-snippet":"max-snippet:-1","max-image-preview":"max-image-preview:large","max-video-preview":"max-video-preview:-1"},"canonical":"https:\/\/pharmadreams.shop\/index.php\/product\/babylins-eau-de-senteur-rafraichissante\/","og_locale":"fr_FR","og_type":"article","og_title":"Babylin's eau de senteur rafraichissante - pharmadreams","og_description":"BabyLinS Eau de Senteur parfume et rafra\u00eechit d\u00e9licatement la peau du nourrisson et du b\u00e9b\u00e9. Elle facilite le brossage des cheveux.  BabyLinS Eau de Senteur enrichie en extrait de fleur de Calendula\u00a0adoucit et hydrate la peau du nourrisson et du b\u00e9b\u00e9.  Hypoallerg\u00e9nique-sans Alcool- sans paraben- sans colorant","og_url":"https:\/\/pharmadreams.shop\/index.php\/product\/babylins-eau-de-senteur-rafraichissante\/","og_site_name":"pharmadreams","article_modified_time":"2023-12-19T18:38:54+00:00","og_image":[{"width":732,"height":772,"url":"https:\/\/pharmadreams.shop\/wp-content\/uploads\/2023\/12\/Sans-titre-20.png","type":"image\/png"}],"twitter_card":"summary_large_image","schema":{"@context":"https:\/\/schema.org","@graph":[{"@type":"WebPage","@id":"https:\/\/pharmadreams.shop\/index.php\/product\/babylins-eau-de-senteur-rafraichissante\/","url":"https:\/\/pharmadreams.shop\/index.php\/product\/babylins-eau-de-senteur-rafraichissante\/","name":"Babylin's eau de senteur rafraichissante - pharmadreams","isPartOf":{"@id":"https:\/\/pharmadreams.shop\/#website"},"primaryImageOfPage":{"@id":"https:\/\/pharmadreams.shop\/index.php\/product\/babylins-eau-de-senteur-rafraichissante\/#primaryimage"},"image":{"@id":"https:\/\/pharmadreams.shop\/index.php\/product\/babylins-eau-de-senteur-rafraichissante\/#primaryimage"},"thumbnailUrl":"https:\/\/pharmadreams.shop\/wp-content\/uploads\/2023\/12\/Sans-titre-20.png","datePublished":"2023-12-19T18:38:10+00:00","dateModified":"2023-12-19T18:38:54+00:00","breadcrumb":{"@id":"https:\/\/pharmadreams.shop\/index.php\/product\/babylins-eau-de-senteur-rafraichissante\/#breadcrumb"},"inLanguage":"fr-FR","potentialAction":[{"@type":"ReadAction","target":["https:\/\/pharmadreams.shop\/index.php\/product\/babylins-eau-de-senteur-rafraichissante\/"]}]},{"@type":"ImageObject","inLanguage":"fr-FR","@id":"https:\/\/pharmadreams.shop\/index.php\/product\/babylins-eau-de-senteur-rafraichissante\/#primaryimage","url":"https:\/\/pharmadreams.shop\/wp-content\/uploads\/2023\/12\/Sans-titre-20.png","contentUrl":"https:\/\/pharmadreams.shop\/wp-content\/uploads\/2023\/12\/Sans-titre-20.png","width":732,"height":772},{"@type":"BreadcrumbList","@id":"https:\/\/pharmadreams.shop\/index.php\/product\/babylins-eau-de-senteur-rafraichissante\/#breadcrumb","itemListElement":[{"@type":"ListItem","position":1,"name":"Accueil","item":"https:\/\/pharmadreams.shop\/"},{"@type":"ListItem","position":2,"name":"Shop","item":"https:\/\/pharmadreams.shop\/index.php\/shop\/"},{"@type":"ListItem","position":3,"name":"Babylin&#8217;s eau de senteur rafraichissante"}]},{"@type":"WebSite","@id":"https:\/\/pharmadreams.shop\/#website","url":"https:\/\/pharmadreams.shop\/","name":"pharmadreams","description":"Parapharmacie en ligne","potentialAction":[{"@type":"SearchAction","target":{"@type":"EntryPoint","urlTemplate":"https:\/\/pharmadreams.shop\/?s={search_term_string}"},"query-input":"required name=search_term_string"}],"inLanguage":"fr-FR"}]}},"_links":{"self":[{"href":"https:\/\/pharmadreams.shop\/index.php\/wp-json\/wp\/v2\/product\/16786","targetHints":{"allow":["GET"]}}],"collection":[{"href":"https:\/\/pharmadreams.shop\/index.php\/wp-json\/wp\/v2\/product"}],"about":[{"href":"https:\/\/pharmadreams.shop\/index.php\/wp-json\/wp\/v2\/types\/product"}],"replies":[{"embeddable":true,"href":"https:\/\/pharmadreams.shop\/index.php\/wp-json\/wp\/v2\/comments?post=16786"}],"version-history":[{"count":0,"href":"https:\/\/pharmadreams.shop\/index.php\/wp-json\/wp\/v2\/product\/16786\/revisions"}],"wp:featuredmedia":[{"embeddable":true,"href":"https:\/\/pharmadreams.shop\/index.php\/wp-json\/wp\/v2\/media\/16853"}],"wp:attachment":[{"href":"https:\/\/pharmadreams.shop\/index.php\/wp-json\/wp\/v2\/media?parent=16786"}],"wp:term":[{"taxonomy":"product_brand","embeddable":true,"href":"https:\/\/pharmadreams.shop\/index.php\/wp-json\/wp\/v2\/product_brand?post=16786"},{"taxonomy":"product_cat","embeddable":true,"href":"https:\/\/pharmadreams.shop\/index.php\/wp-json\/wp\/v2\/product_cat?post=16786"},{"taxonomy":"product_tag","embeddable":true,"href":"https:\/\/pharmadreams.shop\/index.php\/wp-json\/wp\/v2\/product_tag?post=16786"}],"curies":[{"name":"wp","href":"https:\/\/api.w.org\/{rel}","templated":true}]}}