{"id":16787,"date":"2023-12-19T19:38:10","date_gmt":"2023-12-19T18:38:10","guid":{"rendered":"https:\/\/venuspara.com\/?post_type=product&#038;p=16787"},"modified":"2023-12-19T19:38:55","modified_gmt":"2023-12-19T18:38:55","slug":"phyto-specific-kids-spray-demelant-magique-200ml","status":"publish","type":"product","link":"https:\/\/pharmadreams.shop\/index.php\/product\/phyto-specific-kids-spray-demelant-magique-200ml\/","title":{"rendered":"Phyto specific kids spray demelant magique 200ml"},"content":{"rendered":"","protected":false},"excerpt":{"rendered":"<p>PHYTO SPECIFIC KIDS SPRAY D\u00c9M\u00caLANT\u00a0d\u00e9m\u00eale et discipline\u00a0les cheveux les plus rebelle et difficile \u00e0 coiffer, tout en douceur. Sa formule non grasse, on collante, \u00e0 base d&rsquo;extraits v\u00e9g\u00e9taux riches en actifs naturels apporte brillance et confort aux cheveux boucl\u00e9s, cr\u00e9pus ou ondul\u00e9s.<\/p>\n","protected":false},"featured_media":16855,"comment_status":"open","ping_status":"closed","template":"","meta":[],"product_brand":[],"product_cat":[106,218],"product_tag":[],"class_list":{"0":"post-16787","1":"product","2":"type-product","3":"status-publish","4":"has-post-thumbnail","6":"product_cat-brillance","7":"product_cat-capillaire","9":"first","10":"instock","11":"shipping-taxable","12":"purchasable","13":"product-type-simple"},"yoast_head":"<!-- This site is optimized with the Yoast SEO plugin v23.0 - https:\/\/yoast.com\/wordpress\/plugins\/seo\/ -->\n<title>Phyto specific kids spray demelant magique 200ml - pharmadreams<\/title>\n<meta name=\"robots\" content=\"index, follow, max-snippet:-1, max-image-preview:large, max-video-preview:-1\" \/>\n<link rel=\"canonical\" href=\"https:\/\/pharmadreams.shop\/index.php\/product\/phyto-specific-kids-spray-demelant-magique-200ml\/\" \/>\n<meta property=\"og:locale\" content=\"fr_FR\" \/>\n<meta property=\"og:type\" content=\"article\" \/>\n<meta property=\"og:title\" content=\"Phyto specific kids spray demelant magique 200ml - pharmadreams\" \/>\n<meta property=\"og:description\" content=\"PHYTO SPECIFIC KIDS SPRAY D\u00c9M\u00caLANT\u00a0d\u00e9m\u00eale et discipline\u00a0les cheveux les plus rebelle et difficile \u00e0 coiffer, tout en douceur. Sa formule non grasse, on collante, \u00e0 base d&#039;extraits v\u00e9g\u00e9taux riches en actifs naturels apporte brillance et confort aux cheveux boucl\u00e9s, cr\u00e9pus ou ondul\u00e9s.\" \/>\n<meta property=\"og:url\" content=\"https:\/\/pharmadreams.shop\/index.php\/product\/phyto-specific-kids-spray-demelant-magique-200ml\/\" \/>\n<meta property=\"og:site_name\" content=\"pharmadreams\" \/>\n<meta property=\"article:modified_time\" content=\"2023-12-19T18:38:55+00:00\" \/>\n<meta property=\"og:image\" content=\"https:\/\/pharmadreams.shop\/wp-content\/uploads\/2023\/12\/Sans-titre-21.png\" \/>\n\t<meta property=\"og:image:width\" content=\"688\" \/>\n\t<meta property=\"og:image:height\" content=\"702\" \/>\n\t<meta property=\"og:image:type\" content=\"image\/png\" \/>\n<meta name=\"twitter:card\" content=\"summary_large_image\" \/>\n<script type=\"application\/ld+json\" class=\"yoast-schema-graph\">{\"@context\":\"https:\/\/schema.org\",\"@graph\":[{\"@type\":\"WebPage\",\"@id\":\"https:\/\/pharmadreams.shop\/index.php\/product\/phyto-specific-kids-spray-demelant-magique-200ml\/\",\"url\":\"https:\/\/pharmadreams.shop\/index.php\/product\/phyto-specific-kids-spray-demelant-magique-200ml\/\",\"name\":\"Phyto specific kids spray demelant magique 200ml - pharmadreams\",\"isPartOf\":{\"@id\":\"https:\/\/pharmadreams.shop\/#website\"},\"primaryImageOfPage\":{\"@id\":\"https:\/\/pharmadreams.shop\/index.php\/product\/phyto-specific-kids-spray-demelant-magique-200ml\/#primaryimage\"},\"image\":{\"@id\":\"https:\/\/pharmadreams.shop\/index.php\/product\/phyto-specific-kids-spray-demelant-magique-200ml\/#primaryimage\"},\"thumbnailUrl\":\"https:\/\/pharmadreams.shop\/wp-content\/uploads\/2023\/12\/Sans-titre-21.png\",\"datePublished\":\"2023-12-19T18:38:10+00:00\",\"dateModified\":\"2023-12-19T18:38:55+00:00\",\"breadcrumb\":{\"@id\":\"https:\/\/pharmadreams.shop\/index.php\/product\/phyto-specific-kids-spray-demelant-magique-200ml\/#breadcrumb\"},\"inLanguage\":\"fr-FR\",\"potentialAction\":[{\"@type\":\"ReadAction\",\"target\":[\"https:\/\/pharmadreams.shop\/index.php\/product\/phyto-specific-kids-spray-demelant-magique-200ml\/\"]}]},{\"@type\":\"ImageObject\",\"inLanguage\":\"fr-FR\",\"@id\":\"https:\/\/pharmadreams.shop\/index.php\/product\/phyto-specific-kids-spray-demelant-magique-200ml\/#primaryimage\",\"url\":\"https:\/\/pharmadreams.shop\/wp-content\/uploads\/2023\/12\/Sans-titre-21.png\",\"contentUrl\":\"https:\/\/pharmadreams.shop\/wp-content\/uploads\/2023\/12\/Sans-titre-21.png\",\"width\":688,\"height\":702},{\"@type\":\"BreadcrumbList\",\"@id\":\"https:\/\/pharmadreams.shop\/index.php\/product\/phyto-specific-kids-spray-demelant-magique-200ml\/#breadcrumb\",\"itemListElement\":[{\"@type\":\"ListItem\",\"position\":1,\"name\":\"Accueil\",\"item\":\"https:\/\/pharmadreams.shop\/\"},{\"@type\":\"ListItem\",\"position\":2,\"name\":\"Shop\",\"item\":\"https:\/\/pharmadreams.shop\/index.php\/shop\/\"},{\"@type\":\"ListItem\",\"position\":3,\"name\":\"Phyto specific kids spray demelant magique 200ml\"}]},{\"@type\":\"WebSite\",\"@id\":\"https:\/\/pharmadreams.shop\/#website\",\"url\":\"https:\/\/pharmadreams.shop\/\",\"name\":\"pharmadreams\",\"description\":\"Parapharmacie en ligne\",\"potentialAction\":[{\"@type\":\"SearchAction\",\"target\":{\"@type\":\"EntryPoint\",\"urlTemplate\":\"https:\/\/pharmadreams.shop\/?s={search_term_string}\"},\"query-input\":\"required name=search_term_string\"}],\"inLanguage\":\"fr-FR\"}]}<\/script>\n<!-- \/ Yoast SEO plugin. -->","yoast_head_json":{"title":"Phyto specific kids spray demelant magique 200ml - pharmadreams","robots":{"index":"index","follow":"follow","max-snippet":"max-snippet:-1","max-image-preview":"max-image-preview:large","max-video-preview":"max-video-preview:-1"},"canonical":"https:\/\/pharmadreams.shop\/index.php\/product\/phyto-specific-kids-spray-demelant-magique-200ml\/","og_locale":"fr_FR","og_type":"article","og_title":"Phyto specific kids spray demelant magique 200ml - pharmadreams","og_description":"PHYTO SPECIFIC KIDS SPRAY D\u00c9M\u00caLANT\u00a0d\u00e9m\u00eale et discipline\u00a0les cheveux les plus rebelle et difficile \u00e0 coiffer, tout en douceur. Sa formule non grasse, on collante, \u00e0 base d'extraits v\u00e9g\u00e9taux riches en actifs naturels apporte brillance et confort aux cheveux boucl\u00e9s, cr\u00e9pus ou ondul\u00e9s.","og_url":"https:\/\/pharmadreams.shop\/index.php\/product\/phyto-specific-kids-spray-demelant-magique-200ml\/","og_site_name":"pharmadreams","article_modified_time":"2023-12-19T18:38:55+00:00","og_image":[{"width":688,"height":702,"url":"https:\/\/pharmadreams.shop\/wp-content\/uploads\/2023\/12\/Sans-titre-21.png","type":"image\/png"}],"twitter_card":"summary_large_image","schema":{"@context":"https:\/\/schema.org","@graph":[{"@type":"WebPage","@id":"https:\/\/pharmadreams.shop\/index.php\/product\/phyto-specific-kids-spray-demelant-magique-200ml\/","url":"https:\/\/pharmadreams.shop\/index.php\/product\/phyto-specific-kids-spray-demelant-magique-200ml\/","name":"Phyto specific kids spray demelant magique 200ml - pharmadreams","isPartOf":{"@id":"https:\/\/pharmadreams.shop\/#website"},"primaryImageOfPage":{"@id":"https:\/\/pharmadreams.shop\/index.php\/product\/phyto-specific-kids-spray-demelant-magique-200ml\/#primaryimage"},"image":{"@id":"https:\/\/pharmadreams.shop\/index.php\/product\/phyto-specific-kids-spray-demelant-magique-200ml\/#primaryimage"},"thumbnailUrl":"https:\/\/pharmadreams.shop\/wp-content\/uploads\/2023\/12\/Sans-titre-21.png","datePublished":"2023-12-19T18:38:10+00:00","dateModified":"2023-12-19T18:38:55+00:00","breadcrumb":{"@id":"https:\/\/pharmadreams.shop\/index.php\/product\/phyto-specific-kids-spray-demelant-magique-200ml\/#breadcrumb"},"inLanguage":"fr-FR","potentialAction":[{"@type":"ReadAction","target":["https:\/\/pharmadreams.shop\/index.php\/product\/phyto-specific-kids-spray-demelant-magique-200ml\/"]}]},{"@type":"ImageObject","inLanguage":"fr-FR","@id":"https:\/\/pharmadreams.shop\/index.php\/product\/phyto-specific-kids-spray-demelant-magique-200ml\/#primaryimage","url":"https:\/\/pharmadreams.shop\/wp-content\/uploads\/2023\/12\/Sans-titre-21.png","contentUrl":"https:\/\/pharmadreams.shop\/wp-content\/uploads\/2023\/12\/Sans-titre-21.png","width":688,"height":702},{"@type":"BreadcrumbList","@id":"https:\/\/pharmadreams.shop\/index.php\/product\/phyto-specific-kids-spray-demelant-magique-200ml\/#breadcrumb","itemListElement":[{"@type":"ListItem","position":1,"name":"Accueil","item":"https:\/\/pharmadreams.shop\/"},{"@type":"ListItem","position":2,"name":"Shop","item":"https:\/\/pharmadreams.shop\/index.php\/shop\/"},{"@type":"ListItem","position":3,"name":"Phyto specific kids spray demelant magique 200ml"}]},{"@type":"WebSite","@id":"https:\/\/pharmadreams.shop\/#website","url":"https:\/\/pharmadreams.shop\/","name":"pharmadreams","description":"Parapharmacie en ligne","potentialAction":[{"@type":"SearchAction","target":{"@type":"EntryPoint","urlTemplate":"https:\/\/pharmadreams.shop\/?s={search_term_string}"},"query-input":"required name=search_term_string"}],"inLanguage":"fr-FR"}]}},"_links":{"self":[{"href":"https:\/\/pharmadreams.shop\/index.php\/wp-json\/wp\/v2\/product\/16787","targetHints":{"allow":["GET"]}}],"collection":[{"href":"https:\/\/pharmadreams.shop\/index.php\/wp-json\/wp\/v2\/product"}],"about":[{"href":"https:\/\/pharmadreams.shop\/index.php\/wp-json\/wp\/v2\/types\/product"}],"replies":[{"embeddable":true,"href":"https:\/\/pharmadreams.shop\/index.php\/wp-json\/wp\/v2\/comments?post=16787"}],"version-history":[{"count":0,"href":"https:\/\/pharmadreams.shop\/index.php\/wp-json\/wp\/v2\/product\/16787\/revisions"}],"wp:featuredmedia":[{"embeddable":true,"href":"https:\/\/pharmadreams.shop\/index.php\/wp-json\/wp\/v2\/media\/16855"}],"wp:attachment":[{"href":"https:\/\/pharmadreams.shop\/index.php\/wp-json\/wp\/v2\/media?parent=16787"}],"wp:term":[{"taxonomy":"product_brand","embeddable":true,"href":"https:\/\/pharmadreams.shop\/index.php\/wp-json\/wp\/v2\/product_brand?post=16787"},{"taxonomy":"product_cat","embeddable":true,"href":"https:\/\/pharmadreams.shop\/index.php\/wp-json\/wp\/v2\/product_cat?post=16787"},{"taxonomy":"product_tag","embeddable":true,"href":"https:\/\/pharmadreams.shop\/index.php\/wp-json\/wp\/v2\/product_tag?post=16787"}],"curies":[{"name":"wp","href":"https:\/\/api.w.org\/{rel}","templated":true}]}}