{"id":16822,"date":"2023-12-19T19:38:35","date_gmt":"2023-12-19T18:38:35","guid":{"rendered":"https:\/\/venuspara.com\/?post_type=product&#038;p=16822"},"modified":"2023-12-19T19:39:14","modified_gmt":"2023-12-19T18:39:14","slug":"isomar-spray-nasal-baby-a-lextrait-de-camomille-100ml","status":"publish","type":"product","link":"https:\/\/pharmadreams.shop\/index.php\/product\/isomar-spray-nasal-baby-a-lextrait-de-camomille-100ml\/","title":{"rendered":"Isomar spray nasal baby \u00e0 l\u2019extrait de camomille, 100ml"},"content":{"rendered":"","protected":false},"excerpt":{"rendered":"<p>Le nettoyage nasal\u00a0<strong>Isomar Spray Baby<\/strong>, m\u00eame quotidien, est utile pour les enfants et les adultes pour aider \u00e0 pr\u00e9venir les rhumes et les allergies respiratoires et \u00e0 maintenir les voies respiratoires en bonne sant\u00e9<\/p>\n","protected":false},"featured_media":16881,"comment_status":"open","ping_status":"closed","template":"","meta":[],"product_brand":[],"product_cat":[263],"product_tag":[],"class_list":{"0":"post-16822","1":"product","2":"type-product","3":"status-publish","4":"has-post-thumbnail","6":"product_cat-spray","8":"first","9":"instock","10":"shipping-taxable","11":"purchasable","12":"product-type-simple"},"yoast_head":"<!-- This site is optimized with the Yoast SEO plugin v23.0 - https:\/\/yoast.com\/wordpress\/plugins\/seo\/ -->\n<title>Isomar spray nasal baby \u00e0 l\u2019extrait de camomille, 100ml - pharmadreams<\/title>\n<meta name=\"robots\" content=\"index, follow, max-snippet:-1, max-image-preview:large, max-video-preview:-1\" \/>\n<link rel=\"canonical\" href=\"https:\/\/pharmadreams.shop\/index.php\/product\/isomar-spray-nasal-baby-a-lextrait-de-camomille-100ml\/\" \/>\n<meta property=\"og:locale\" content=\"fr_FR\" \/>\n<meta property=\"og:type\" content=\"article\" \/>\n<meta property=\"og:title\" content=\"Isomar spray nasal baby \u00e0 l\u2019extrait de camomille, 100ml - pharmadreams\" \/>\n<meta property=\"og:description\" content=\"Le nettoyage nasal\u00a0Isomar Spray Baby, m\u00eame quotidien, est utile pour les enfants et les adultes pour aider \u00e0 pr\u00e9venir les rhumes et les allergies respiratoires et \u00e0 maintenir les voies respiratoires en bonne sant\u00e9\" \/>\n<meta property=\"og:url\" content=\"https:\/\/pharmadreams.shop\/index.php\/product\/isomar-spray-nasal-baby-a-lextrait-de-camomille-100ml\/\" \/>\n<meta property=\"og:site_name\" content=\"pharmadreams\" \/>\n<meta property=\"article:modified_time\" content=\"2023-12-19T18:39:14+00:00\" \/>\n<meta property=\"og:image\" content=\"https:\/\/pharmadreams.shop\/wp-content\/uploads\/2023\/12\/Sans-titre-28.png\" \/>\n\t<meta property=\"og:image:width\" content=\"696\" \/>\n\t<meta property=\"og:image:height\" content=\"758\" \/>\n\t<meta property=\"og:image:type\" content=\"image\/png\" \/>\n<meta name=\"twitter:card\" content=\"summary_large_image\" \/>\n<script type=\"application\/ld+json\" class=\"yoast-schema-graph\">{\"@context\":\"https:\/\/schema.org\",\"@graph\":[{\"@type\":\"WebPage\",\"@id\":\"https:\/\/pharmadreams.shop\/index.php\/product\/isomar-spray-nasal-baby-a-lextrait-de-camomille-100ml\/\",\"url\":\"https:\/\/pharmadreams.shop\/index.php\/product\/isomar-spray-nasal-baby-a-lextrait-de-camomille-100ml\/\",\"name\":\"Isomar spray nasal baby \u00e0 l\u2019extrait de camomille, 100ml - pharmadreams\",\"isPartOf\":{\"@id\":\"https:\/\/pharmadreams.shop\/#website\"},\"primaryImageOfPage\":{\"@id\":\"https:\/\/pharmadreams.shop\/index.php\/product\/isomar-spray-nasal-baby-a-lextrait-de-camomille-100ml\/#primaryimage\"},\"image\":{\"@id\":\"https:\/\/pharmadreams.shop\/index.php\/product\/isomar-spray-nasal-baby-a-lextrait-de-camomille-100ml\/#primaryimage\"},\"thumbnailUrl\":\"https:\/\/pharmadreams.shop\/wp-content\/uploads\/2023\/12\/Sans-titre-28.png\",\"datePublished\":\"2023-12-19T18:38:35+00:00\",\"dateModified\":\"2023-12-19T18:39:14+00:00\",\"breadcrumb\":{\"@id\":\"https:\/\/pharmadreams.shop\/index.php\/product\/isomar-spray-nasal-baby-a-lextrait-de-camomille-100ml\/#breadcrumb\"},\"inLanguage\":\"fr-FR\",\"potentialAction\":[{\"@type\":\"ReadAction\",\"target\":[\"https:\/\/pharmadreams.shop\/index.php\/product\/isomar-spray-nasal-baby-a-lextrait-de-camomille-100ml\/\"]}]},{\"@type\":\"ImageObject\",\"inLanguage\":\"fr-FR\",\"@id\":\"https:\/\/pharmadreams.shop\/index.php\/product\/isomar-spray-nasal-baby-a-lextrait-de-camomille-100ml\/#primaryimage\",\"url\":\"https:\/\/pharmadreams.shop\/wp-content\/uploads\/2023\/12\/Sans-titre-28.png\",\"contentUrl\":\"https:\/\/pharmadreams.shop\/wp-content\/uploads\/2023\/12\/Sans-titre-28.png\",\"width\":696,\"height\":758},{\"@type\":\"BreadcrumbList\",\"@id\":\"https:\/\/pharmadreams.shop\/index.php\/product\/isomar-spray-nasal-baby-a-lextrait-de-camomille-100ml\/#breadcrumb\",\"itemListElement\":[{\"@type\":\"ListItem\",\"position\":1,\"name\":\"Accueil\",\"item\":\"https:\/\/pharmadreams.shop\/\"},{\"@type\":\"ListItem\",\"position\":2,\"name\":\"Shop\",\"item\":\"https:\/\/pharmadreams.shop\/index.php\/shop\/\"},{\"@type\":\"ListItem\",\"position\":3,\"name\":\"Isomar spray nasal baby \u00e0 l\u2019extrait de camomille, 100ml\"}]},{\"@type\":\"WebSite\",\"@id\":\"https:\/\/pharmadreams.shop\/#website\",\"url\":\"https:\/\/pharmadreams.shop\/\",\"name\":\"pharmadreams\",\"description\":\"Parapharmacie en ligne\",\"potentialAction\":[{\"@type\":\"SearchAction\",\"target\":{\"@type\":\"EntryPoint\",\"urlTemplate\":\"https:\/\/pharmadreams.shop\/?s={search_term_string}\"},\"query-input\":\"required name=search_term_string\"}],\"inLanguage\":\"fr-FR\"}]}<\/script>\n<!-- \/ Yoast SEO plugin. -->","yoast_head_json":{"title":"Isomar spray nasal baby \u00e0 l\u2019extrait de camomille, 100ml - pharmadreams","robots":{"index":"index","follow":"follow","max-snippet":"max-snippet:-1","max-image-preview":"max-image-preview:large","max-video-preview":"max-video-preview:-1"},"canonical":"https:\/\/pharmadreams.shop\/index.php\/product\/isomar-spray-nasal-baby-a-lextrait-de-camomille-100ml\/","og_locale":"fr_FR","og_type":"article","og_title":"Isomar spray nasal baby \u00e0 l\u2019extrait de camomille, 100ml - pharmadreams","og_description":"Le nettoyage nasal\u00a0Isomar Spray Baby, m\u00eame quotidien, est utile pour les enfants et les adultes pour aider \u00e0 pr\u00e9venir les rhumes et les allergies respiratoires et \u00e0 maintenir les voies respiratoires en bonne sant\u00e9","og_url":"https:\/\/pharmadreams.shop\/index.php\/product\/isomar-spray-nasal-baby-a-lextrait-de-camomille-100ml\/","og_site_name":"pharmadreams","article_modified_time":"2023-12-19T18:39:14+00:00","og_image":[{"width":696,"height":758,"url":"https:\/\/pharmadreams.shop\/wp-content\/uploads\/2023\/12\/Sans-titre-28.png","type":"image\/png"}],"twitter_card":"summary_large_image","schema":{"@context":"https:\/\/schema.org","@graph":[{"@type":"WebPage","@id":"https:\/\/pharmadreams.shop\/index.php\/product\/isomar-spray-nasal-baby-a-lextrait-de-camomille-100ml\/","url":"https:\/\/pharmadreams.shop\/index.php\/product\/isomar-spray-nasal-baby-a-lextrait-de-camomille-100ml\/","name":"Isomar spray nasal baby \u00e0 l\u2019extrait de camomille, 100ml - pharmadreams","isPartOf":{"@id":"https:\/\/pharmadreams.shop\/#website"},"primaryImageOfPage":{"@id":"https:\/\/pharmadreams.shop\/index.php\/product\/isomar-spray-nasal-baby-a-lextrait-de-camomille-100ml\/#primaryimage"},"image":{"@id":"https:\/\/pharmadreams.shop\/index.php\/product\/isomar-spray-nasal-baby-a-lextrait-de-camomille-100ml\/#primaryimage"},"thumbnailUrl":"https:\/\/pharmadreams.shop\/wp-content\/uploads\/2023\/12\/Sans-titre-28.png","datePublished":"2023-12-19T18:38:35+00:00","dateModified":"2023-12-19T18:39:14+00:00","breadcrumb":{"@id":"https:\/\/pharmadreams.shop\/index.php\/product\/isomar-spray-nasal-baby-a-lextrait-de-camomille-100ml\/#breadcrumb"},"inLanguage":"fr-FR","potentialAction":[{"@type":"ReadAction","target":["https:\/\/pharmadreams.shop\/index.php\/product\/isomar-spray-nasal-baby-a-lextrait-de-camomille-100ml\/"]}]},{"@type":"ImageObject","inLanguage":"fr-FR","@id":"https:\/\/pharmadreams.shop\/index.php\/product\/isomar-spray-nasal-baby-a-lextrait-de-camomille-100ml\/#primaryimage","url":"https:\/\/pharmadreams.shop\/wp-content\/uploads\/2023\/12\/Sans-titre-28.png","contentUrl":"https:\/\/pharmadreams.shop\/wp-content\/uploads\/2023\/12\/Sans-titre-28.png","width":696,"height":758},{"@type":"BreadcrumbList","@id":"https:\/\/pharmadreams.shop\/index.php\/product\/isomar-spray-nasal-baby-a-lextrait-de-camomille-100ml\/#breadcrumb","itemListElement":[{"@type":"ListItem","position":1,"name":"Accueil","item":"https:\/\/pharmadreams.shop\/"},{"@type":"ListItem","position":2,"name":"Shop","item":"https:\/\/pharmadreams.shop\/index.php\/shop\/"},{"@type":"ListItem","position":3,"name":"Isomar spray nasal baby \u00e0 l\u2019extrait de camomille, 100ml"}]},{"@type":"WebSite","@id":"https:\/\/pharmadreams.shop\/#website","url":"https:\/\/pharmadreams.shop\/","name":"pharmadreams","description":"Parapharmacie en ligne","potentialAction":[{"@type":"SearchAction","target":{"@type":"EntryPoint","urlTemplate":"https:\/\/pharmadreams.shop\/?s={search_term_string}"},"query-input":"required name=search_term_string"}],"inLanguage":"fr-FR"}]}},"_links":{"self":[{"href":"https:\/\/pharmadreams.shop\/index.php\/wp-json\/wp\/v2\/product\/16822","targetHints":{"allow":["GET"]}}],"collection":[{"href":"https:\/\/pharmadreams.shop\/index.php\/wp-json\/wp\/v2\/product"}],"about":[{"href":"https:\/\/pharmadreams.shop\/index.php\/wp-json\/wp\/v2\/types\/product"}],"replies":[{"embeddable":true,"href":"https:\/\/pharmadreams.shop\/index.php\/wp-json\/wp\/v2\/comments?post=16822"}],"version-history":[{"count":0,"href":"https:\/\/pharmadreams.shop\/index.php\/wp-json\/wp\/v2\/product\/16822\/revisions"}],"wp:featuredmedia":[{"embeddable":true,"href":"https:\/\/pharmadreams.shop\/index.php\/wp-json\/wp\/v2\/media\/16881"}],"wp:attachment":[{"href":"https:\/\/pharmadreams.shop\/index.php\/wp-json\/wp\/v2\/media?parent=16822"}],"wp:term":[{"taxonomy":"product_brand","embeddable":true,"href":"https:\/\/pharmadreams.shop\/index.php\/wp-json\/wp\/v2\/product_brand?post=16822"},{"taxonomy":"product_cat","embeddable":true,"href":"https:\/\/pharmadreams.shop\/index.php\/wp-json\/wp\/v2\/product_cat?post=16822"},{"taxonomy":"product_tag","embeddable":true,"href":"https:\/\/pharmadreams.shop\/index.php\/wp-json\/wp\/v2\/product_tag?post=16822"}],"curies":[{"name":"wp","href":"https:\/\/api.w.org\/{rel}","templated":true}]}}