{"id":16824,"date":"2023-12-19T19:38:35","date_gmt":"2023-12-19T18:38:35","guid":{"rendered":"https:\/\/venuspara.com\/?post_type=product&#038;p=16824"},"modified":"2023-12-19T19:39:18","modified_gmt":"2023-12-19T18:39:18","slug":"eric-favre-special-kid-multivitamines-125-ml","status":"publish","type":"product","link":"https:\/\/pharmadreams.shop\/index.php\/product\/eric-favre-special-kid-multivitamines-125-ml\/","title":{"rendered":"Eric favre special kid multivitamines 125 ml"},"content":{"rendered":"","protected":false},"excerpt":{"rendered":"<p>La gamme Sp\u00e9cial Kid apportera \u00e0 vos enfants une aide douce, efficace et sans grimace gr\u00e2ce \u00e0 nos go\u00fbts d\u00e9licieux.<br \/>\nSpecial Kid Multivitamines va combler certaines carences afin d&rsquo;offrir \u00e0 votre enfant un apport en vitamines et min\u00e9raux suffisant que l&rsquo;alimentation ne lui apporte pas.<\/p>\n<p>Plusieurs vitamines sont pr\u00e9sentes :<br \/>\n&#8211; Les vitamines B5, B9, C et PP contribuent \u00e0 r\u00e9duire la fatigue ainsi qu&rsquo;\u00e0 obtenir des performances intellectuelles normales.<br \/>\n&#8211; Les vitamines B8, B1 et B2 contribuent au fonctionnement normal du syst\u00e8me nerveux.<br \/>\n&#8211; Les vitamines B12 et B6 contribuent au fonctionnement normal du syst\u00e8me immunitaire.<br \/>\n&#8211; La vitamine E contribue \u00e0 prot\u00e9ger les cellules contre le stress oxydatif.<\/p>\n<p>Son go\u00fbt orange fruit\u00e9 ravira tous les petits gourmands<\/p>\n","protected":false},"featured_media":16885,"comment_status":"open","ping_status":"closed","template":"","meta":[],"product_brand":[],"product_cat":[32],"product_tag":[],"class_list":{"0":"post-16824","1":"product","2":"type-product","3":"status-publish","4":"has-post-thumbnail","6":"product_cat-complements-alimentaires","8":"first","9":"instock","10":"shipping-taxable","11":"purchasable","12":"product-type-simple"},"yoast_head":"<!-- This site is optimized with the Yoast SEO plugin v23.0 - https:\/\/yoast.com\/wordpress\/plugins\/seo\/ -->\n<title>Eric favre special kid multivitamines 125 ml - pharmadreams<\/title>\n<meta name=\"robots\" content=\"index, follow, max-snippet:-1, max-image-preview:large, max-video-preview:-1\" \/>\n<link rel=\"canonical\" href=\"https:\/\/pharmadreams.shop\/index.php\/product\/eric-favre-special-kid-multivitamines-125-ml\/\" \/>\n<meta property=\"og:locale\" content=\"fr_FR\" \/>\n<meta property=\"og:type\" content=\"article\" \/>\n<meta property=\"og:title\" content=\"Eric favre special kid multivitamines 125 ml - pharmadreams\" \/>\n<meta property=\"og:description\" content=\"La gamme Sp\u00e9cial Kid apportera \u00e0 vos enfants une aide douce, efficace et sans grimace gr\u00e2ce \u00e0 nos go\u00fbts d\u00e9licieux. Special Kid Multivitamines va combler certaines carences afin d&#039;offrir \u00e0 votre enfant un apport en vitamines et min\u00e9raux suffisant que l&#039;alimentation ne lui apporte pas.  Plusieurs vitamines sont pr\u00e9sentes : - Les vitamines B5, B9, C et PP contribuent \u00e0 r\u00e9duire la fatigue ainsi qu&#039;\u00e0 obtenir des performances intellectuelles normales. - Les vitamines B8, B1 et B2 contribuent au fonctionnement normal du syst\u00e8me nerveux. - Les vitamines B12 et B6 contribuent au fonctionnement normal du syst\u00e8me immunitaire. - La vitamine E contribue \u00e0 prot\u00e9ger les cellules contre le stress oxydatif.  Son go\u00fbt orange fruit\u00e9 ravira tous les petits gourmands\" \/>\n<meta property=\"og:url\" content=\"https:\/\/pharmadreams.shop\/index.php\/product\/eric-favre-special-kid-multivitamines-125-ml\/\" \/>\n<meta property=\"og:site_name\" content=\"pharmadreams\" \/>\n<meta property=\"article:modified_time\" content=\"2023-12-19T18:39:18+00:00\" \/>\n<meta property=\"og:image\" content=\"https:\/\/pharmadreams.shop\/wp-content\/uploads\/2023\/12\/Sans-titre-1-1.png\" \/>\n\t<meta property=\"og:image:width\" content=\"1118\" \/>\n\t<meta property=\"og:image:height\" content=\"978\" \/>\n\t<meta property=\"og:image:type\" content=\"image\/png\" \/>\n<meta name=\"twitter:card\" content=\"summary_large_image\" \/>\n<script type=\"application\/ld+json\" class=\"yoast-schema-graph\">{\"@context\":\"https:\/\/schema.org\",\"@graph\":[{\"@type\":\"WebPage\",\"@id\":\"https:\/\/pharmadreams.shop\/index.php\/product\/eric-favre-special-kid-multivitamines-125-ml\/\",\"url\":\"https:\/\/pharmadreams.shop\/index.php\/product\/eric-favre-special-kid-multivitamines-125-ml\/\",\"name\":\"Eric favre special kid multivitamines 125 ml - pharmadreams\",\"isPartOf\":{\"@id\":\"https:\/\/pharmadreams.shop\/#website\"},\"primaryImageOfPage\":{\"@id\":\"https:\/\/pharmadreams.shop\/index.php\/product\/eric-favre-special-kid-multivitamines-125-ml\/#primaryimage\"},\"image\":{\"@id\":\"https:\/\/pharmadreams.shop\/index.php\/product\/eric-favre-special-kid-multivitamines-125-ml\/#primaryimage\"},\"thumbnailUrl\":\"https:\/\/pharmadreams.shop\/wp-content\/uploads\/2023\/12\/Sans-titre-1-1.png\",\"datePublished\":\"2023-12-19T18:38:35+00:00\",\"dateModified\":\"2023-12-19T18:39:18+00:00\",\"breadcrumb\":{\"@id\":\"https:\/\/pharmadreams.shop\/index.php\/product\/eric-favre-special-kid-multivitamines-125-ml\/#breadcrumb\"},\"inLanguage\":\"fr-FR\",\"potentialAction\":[{\"@type\":\"ReadAction\",\"target\":[\"https:\/\/pharmadreams.shop\/index.php\/product\/eric-favre-special-kid-multivitamines-125-ml\/\"]}]},{\"@type\":\"ImageObject\",\"inLanguage\":\"fr-FR\",\"@id\":\"https:\/\/pharmadreams.shop\/index.php\/product\/eric-favre-special-kid-multivitamines-125-ml\/#primaryimage\",\"url\":\"https:\/\/pharmadreams.shop\/wp-content\/uploads\/2023\/12\/Sans-titre-1-1.png\",\"contentUrl\":\"https:\/\/pharmadreams.shop\/wp-content\/uploads\/2023\/12\/Sans-titre-1-1.png\",\"width\":1118,\"height\":978},{\"@type\":\"BreadcrumbList\",\"@id\":\"https:\/\/pharmadreams.shop\/index.php\/product\/eric-favre-special-kid-multivitamines-125-ml\/#breadcrumb\",\"itemListElement\":[{\"@type\":\"ListItem\",\"position\":1,\"name\":\"Accueil\",\"item\":\"https:\/\/pharmadreams.shop\/\"},{\"@type\":\"ListItem\",\"position\":2,\"name\":\"Shop\",\"item\":\"https:\/\/pharmadreams.shop\/index.php\/shop\/\"},{\"@type\":\"ListItem\",\"position\":3,\"name\":\"Eric favre special kid multivitamines 125 ml\"}]},{\"@type\":\"WebSite\",\"@id\":\"https:\/\/pharmadreams.shop\/#website\",\"url\":\"https:\/\/pharmadreams.shop\/\",\"name\":\"pharmadreams\",\"description\":\"Parapharmacie en ligne\",\"potentialAction\":[{\"@type\":\"SearchAction\",\"target\":{\"@type\":\"EntryPoint\",\"urlTemplate\":\"https:\/\/pharmadreams.shop\/?s={search_term_string}\"},\"query-input\":\"required name=search_term_string\"}],\"inLanguage\":\"fr-FR\"}]}<\/script>\n<!-- \/ Yoast SEO plugin. -->","yoast_head_json":{"title":"Eric favre special kid multivitamines 125 ml - pharmadreams","robots":{"index":"index","follow":"follow","max-snippet":"max-snippet:-1","max-image-preview":"max-image-preview:large","max-video-preview":"max-video-preview:-1"},"canonical":"https:\/\/pharmadreams.shop\/index.php\/product\/eric-favre-special-kid-multivitamines-125-ml\/","og_locale":"fr_FR","og_type":"article","og_title":"Eric favre special kid multivitamines 125 ml - pharmadreams","og_description":"La gamme Sp\u00e9cial Kid apportera \u00e0 vos enfants une aide douce, efficace et sans grimace gr\u00e2ce \u00e0 nos go\u00fbts d\u00e9licieux. Special Kid Multivitamines va combler certaines carences afin d'offrir \u00e0 votre enfant un apport en vitamines et min\u00e9raux suffisant que l'alimentation ne lui apporte pas.  Plusieurs vitamines sont pr\u00e9sentes : - Les vitamines B5, B9, C et PP contribuent \u00e0 r\u00e9duire la fatigue ainsi qu'\u00e0 obtenir des performances intellectuelles normales. - Les vitamines B8, B1 et B2 contribuent au fonctionnement normal du syst\u00e8me nerveux. - Les vitamines B12 et B6 contribuent au fonctionnement normal du syst\u00e8me immunitaire. - La vitamine E contribue \u00e0 prot\u00e9ger les cellules contre le stress oxydatif.  Son go\u00fbt orange fruit\u00e9 ravira tous les petits gourmands","og_url":"https:\/\/pharmadreams.shop\/index.php\/product\/eric-favre-special-kid-multivitamines-125-ml\/","og_site_name":"pharmadreams","article_modified_time":"2023-12-19T18:39:18+00:00","og_image":[{"width":1118,"height":978,"url":"https:\/\/pharmadreams.shop\/wp-content\/uploads\/2023\/12\/Sans-titre-1-1.png","type":"image\/png"}],"twitter_card":"summary_large_image","schema":{"@context":"https:\/\/schema.org","@graph":[{"@type":"WebPage","@id":"https:\/\/pharmadreams.shop\/index.php\/product\/eric-favre-special-kid-multivitamines-125-ml\/","url":"https:\/\/pharmadreams.shop\/index.php\/product\/eric-favre-special-kid-multivitamines-125-ml\/","name":"Eric favre special kid multivitamines 125 ml - pharmadreams","isPartOf":{"@id":"https:\/\/pharmadreams.shop\/#website"},"primaryImageOfPage":{"@id":"https:\/\/pharmadreams.shop\/index.php\/product\/eric-favre-special-kid-multivitamines-125-ml\/#primaryimage"},"image":{"@id":"https:\/\/pharmadreams.shop\/index.php\/product\/eric-favre-special-kid-multivitamines-125-ml\/#primaryimage"},"thumbnailUrl":"https:\/\/pharmadreams.shop\/wp-content\/uploads\/2023\/12\/Sans-titre-1-1.png","datePublished":"2023-12-19T18:38:35+00:00","dateModified":"2023-12-19T18:39:18+00:00","breadcrumb":{"@id":"https:\/\/pharmadreams.shop\/index.php\/product\/eric-favre-special-kid-multivitamines-125-ml\/#breadcrumb"},"inLanguage":"fr-FR","potentialAction":[{"@type":"ReadAction","target":["https:\/\/pharmadreams.shop\/index.php\/product\/eric-favre-special-kid-multivitamines-125-ml\/"]}]},{"@type":"ImageObject","inLanguage":"fr-FR","@id":"https:\/\/pharmadreams.shop\/index.php\/product\/eric-favre-special-kid-multivitamines-125-ml\/#primaryimage","url":"https:\/\/pharmadreams.shop\/wp-content\/uploads\/2023\/12\/Sans-titre-1-1.png","contentUrl":"https:\/\/pharmadreams.shop\/wp-content\/uploads\/2023\/12\/Sans-titre-1-1.png","width":1118,"height":978},{"@type":"BreadcrumbList","@id":"https:\/\/pharmadreams.shop\/index.php\/product\/eric-favre-special-kid-multivitamines-125-ml\/#breadcrumb","itemListElement":[{"@type":"ListItem","position":1,"name":"Accueil","item":"https:\/\/pharmadreams.shop\/"},{"@type":"ListItem","position":2,"name":"Shop","item":"https:\/\/pharmadreams.shop\/index.php\/shop\/"},{"@type":"ListItem","position":3,"name":"Eric favre special kid multivitamines 125 ml"}]},{"@type":"WebSite","@id":"https:\/\/pharmadreams.shop\/#website","url":"https:\/\/pharmadreams.shop\/","name":"pharmadreams","description":"Parapharmacie en ligne","potentialAction":[{"@type":"SearchAction","target":{"@type":"EntryPoint","urlTemplate":"https:\/\/pharmadreams.shop\/?s={search_term_string}"},"query-input":"required name=search_term_string"}],"inLanguage":"fr-FR"}]}},"_links":{"self":[{"href":"https:\/\/pharmadreams.shop\/index.php\/wp-json\/wp\/v2\/product\/16824","targetHints":{"allow":["GET"]}}],"collection":[{"href":"https:\/\/pharmadreams.shop\/index.php\/wp-json\/wp\/v2\/product"}],"about":[{"href":"https:\/\/pharmadreams.shop\/index.php\/wp-json\/wp\/v2\/types\/product"}],"replies":[{"embeddable":true,"href":"https:\/\/pharmadreams.shop\/index.php\/wp-json\/wp\/v2\/comments?post=16824"}],"version-history":[{"count":0,"href":"https:\/\/pharmadreams.shop\/index.php\/wp-json\/wp\/v2\/product\/16824\/revisions"}],"wp:featuredmedia":[{"embeddable":true,"href":"https:\/\/pharmadreams.shop\/index.php\/wp-json\/wp\/v2\/media\/16885"}],"wp:attachment":[{"href":"https:\/\/pharmadreams.shop\/index.php\/wp-json\/wp\/v2\/media?parent=16824"}],"wp:term":[{"taxonomy":"product_brand","embeddable":true,"href":"https:\/\/pharmadreams.shop\/index.php\/wp-json\/wp\/v2\/product_brand?post=16824"},{"taxonomy":"product_cat","embeddable":true,"href":"https:\/\/pharmadreams.shop\/index.php\/wp-json\/wp\/v2\/product_cat?post=16824"},{"taxonomy":"product_tag","embeddable":true,"href":"https:\/\/pharmadreams.shop\/index.php\/wp-json\/wp\/v2\/product_tag?post=16824"}],"curies":[{"name":"wp","href":"https:\/\/api.w.org\/{rel}","templated":true}]}}