{"id":16825,"date":"2023-12-19T19:38:35","date_gmt":"2023-12-19T18:38:35","guid":{"rendered":"https:\/\/venuspara.com\/?post_type=product&#038;p=16825"},"modified":"2023-12-19T19:39:20","modified_gmt":"2023-12-19T18:39:20","slug":"belpharma-baumix-toux-seche","status":"publish","type":"product","link":"https:\/\/pharmadreams.shop\/index.php\/product\/belpharma-baumix-toux-seche\/","title":{"rendered":"Belpharma baumix toux s\u00e8che"},"content":{"rendered":"","protected":false},"excerpt":{"rendered":"<div id=\"product-description-short-3617\" class=\"product-desc\">\n<p>Baumix sirop toux s\u00e8che nourrissons compl\u00e9ment alimentaire en suspension buvable qui favorise le bien-\u00eatre respiratoire, traditionnellement utilise\u0301 dans le traitement de la toux s\u00e8che, d\u2019irritation, de la toux non productive g\u00eanante, de la toux associ\u00e9e \u00e0 un refroidissement et de l\u2019inflammations des voies respiratoires sup\u00e9rieures et des muqueuses buccopharyng\u00e9es.<\/p>\n<\/div>\n<div class=\"product-actions\">\n<form id=\"add-to-cart-or-refresh\" action=\"https:\/\/www.parahouse.tn\/fr\/panier\" method=\"post\">\n<section class=\"product-discounts\"><\/section>\n<div class=\"product-variants\"><\/div>\n<div class=\"product-add-to-cart\"><\/div>\n<\/form>\n<\/div>\n","protected":false},"featured_media":16887,"comment_status":"open","ping_status":"closed","template":"","meta":[],"product_brand":[],"product_cat":[32],"product_tag":[],"class_list":{"0":"post-16825","1":"product","2":"type-product","3":"status-publish","4":"has-post-thumbnail","6":"product_cat-complements-alimentaires","8":"first","9":"instock","10":"shipping-taxable","11":"purchasable","12":"product-type-simple"},"yoast_head":"<!-- This site is optimized with the Yoast SEO plugin v23.0 - https:\/\/yoast.com\/wordpress\/plugins\/seo\/ -->\n<title>Belpharma baumix toux s\u00e8che - pharmadreams<\/title>\n<meta name=\"robots\" content=\"index, follow, max-snippet:-1, max-image-preview:large, max-video-preview:-1\" \/>\n<link rel=\"canonical\" href=\"https:\/\/pharmadreams.shop\/index.php\/product\/belpharma-baumix-toux-seche\/\" \/>\n<meta property=\"og:locale\" content=\"fr_FR\" \/>\n<meta property=\"og:type\" content=\"article\" \/>\n<meta property=\"og:title\" content=\"Belpharma baumix toux s\u00e8che - pharmadreams\" \/>\n<meta property=\"og:description\" content=\"Baumix sirop toux s\u00e8che nourrissons compl\u00e9ment alimentaire en suspension buvable qui favorise le bien-\u00eatre respiratoire, traditionnellement utilise\u0301 dans le traitement de la toux s\u00e8che, d\u2019irritation, de la toux non productive g\u00eanante, de la toux associ\u00e9e \u00e0 un refroidissement et de l\u2019inflammations des voies respiratoires sup\u00e9rieures et des muqueuses buccopharyng\u00e9es.\" \/>\n<meta property=\"og:url\" content=\"https:\/\/pharmadreams.shop\/index.php\/product\/belpharma-baumix-toux-seche\/\" \/>\n<meta property=\"og:site_name\" content=\"pharmadreams\" \/>\n<meta property=\"article:modified_time\" content=\"2023-12-19T18:39:20+00:00\" \/>\n<meta property=\"og:image\" content=\"https:\/\/pharmadreams.shop\/wp-content\/uploads\/2023\/12\/Sans-titre-2-1.png\" \/>\n\t<meta property=\"og:image:width\" content=\"998\" \/>\n\t<meta property=\"og:image:height\" content=\"1020\" \/>\n\t<meta property=\"og:image:type\" content=\"image\/png\" \/>\n<meta name=\"twitter:card\" content=\"summary_large_image\" \/>\n<script type=\"application\/ld+json\" class=\"yoast-schema-graph\">{\"@context\":\"https:\/\/schema.org\",\"@graph\":[{\"@type\":\"WebPage\",\"@id\":\"https:\/\/pharmadreams.shop\/index.php\/product\/belpharma-baumix-toux-seche\/\",\"url\":\"https:\/\/pharmadreams.shop\/index.php\/product\/belpharma-baumix-toux-seche\/\",\"name\":\"Belpharma baumix toux s\u00e8che - pharmadreams\",\"isPartOf\":{\"@id\":\"https:\/\/pharmadreams.shop\/#website\"},\"primaryImageOfPage\":{\"@id\":\"https:\/\/pharmadreams.shop\/index.php\/product\/belpharma-baumix-toux-seche\/#primaryimage\"},\"image\":{\"@id\":\"https:\/\/pharmadreams.shop\/index.php\/product\/belpharma-baumix-toux-seche\/#primaryimage\"},\"thumbnailUrl\":\"https:\/\/pharmadreams.shop\/wp-content\/uploads\/2023\/12\/Sans-titre-2-1.png\",\"datePublished\":\"2023-12-19T18:38:35+00:00\",\"dateModified\":\"2023-12-19T18:39:20+00:00\",\"breadcrumb\":{\"@id\":\"https:\/\/pharmadreams.shop\/index.php\/product\/belpharma-baumix-toux-seche\/#breadcrumb\"},\"inLanguage\":\"fr-FR\",\"potentialAction\":[{\"@type\":\"ReadAction\",\"target\":[\"https:\/\/pharmadreams.shop\/index.php\/product\/belpharma-baumix-toux-seche\/\"]}]},{\"@type\":\"ImageObject\",\"inLanguage\":\"fr-FR\",\"@id\":\"https:\/\/pharmadreams.shop\/index.php\/product\/belpharma-baumix-toux-seche\/#primaryimage\",\"url\":\"https:\/\/pharmadreams.shop\/wp-content\/uploads\/2023\/12\/Sans-titre-2-1.png\",\"contentUrl\":\"https:\/\/pharmadreams.shop\/wp-content\/uploads\/2023\/12\/Sans-titre-2-1.png\",\"width\":998,\"height\":1020},{\"@type\":\"BreadcrumbList\",\"@id\":\"https:\/\/pharmadreams.shop\/index.php\/product\/belpharma-baumix-toux-seche\/#breadcrumb\",\"itemListElement\":[{\"@type\":\"ListItem\",\"position\":1,\"name\":\"Accueil\",\"item\":\"https:\/\/pharmadreams.shop\/\"},{\"@type\":\"ListItem\",\"position\":2,\"name\":\"Shop\",\"item\":\"https:\/\/pharmadreams.shop\/index.php\/shop\/\"},{\"@type\":\"ListItem\",\"position\":3,\"name\":\"Belpharma baumix toux s\u00e8che\"}]},{\"@type\":\"WebSite\",\"@id\":\"https:\/\/pharmadreams.shop\/#website\",\"url\":\"https:\/\/pharmadreams.shop\/\",\"name\":\"pharmadreams\",\"description\":\"Parapharmacie en ligne\",\"potentialAction\":[{\"@type\":\"SearchAction\",\"target\":{\"@type\":\"EntryPoint\",\"urlTemplate\":\"https:\/\/pharmadreams.shop\/?s={search_term_string}\"},\"query-input\":\"required name=search_term_string\"}],\"inLanguage\":\"fr-FR\"}]}<\/script>\n<!-- \/ Yoast SEO plugin. -->","yoast_head_json":{"title":"Belpharma baumix toux s\u00e8che - pharmadreams","robots":{"index":"index","follow":"follow","max-snippet":"max-snippet:-1","max-image-preview":"max-image-preview:large","max-video-preview":"max-video-preview:-1"},"canonical":"https:\/\/pharmadreams.shop\/index.php\/product\/belpharma-baumix-toux-seche\/","og_locale":"fr_FR","og_type":"article","og_title":"Belpharma baumix toux s\u00e8che - pharmadreams","og_description":"Baumix sirop toux s\u00e8che nourrissons compl\u00e9ment alimentaire en suspension buvable qui favorise le bien-\u00eatre respiratoire, traditionnellement utilise\u0301 dans le traitement de la toux s\u00e8che, d\u2019irritation, de la toux non productive g\u00eanante, de la toux associ\u00e9e \u00e0 un refroidissement et de l\u2019inflammations des voies respiratoires sup\u00e9rieures et des muqueuses buccopharyng\u00e9es.","og_url":"https:\/\/pharmadreams.shop\/index.php\/product\/belpharma-baumix-toux-seche\/","og_site_name":"pharmadreams","article_modified_time":"2023-12-19T18:39:20+00:00","og_image":[{"width":998,"height":1020,"url":"https:\/\/pharmadreams.shop\/wp-content\/uploads\/2023\/12\/Sans-titre-2-1.png","type":"image\/png"}],"twitter_card":"summary_large_image","schema":{"@context":"https:\/\/schema.org","@graph":[{"@type":"WebPage","@id":"https:\/\/pharmadreams.shop\/index.php\/product\/belpharma-baumix-toux-seche\/","url":"https:\/\/pharmadreams.shop\/index.php\/product\/belpharma-baumix-toux-seche\/","name":"Belpharma baumix toux s\u00e8che - pharmadreams","isPartOf":{"@id":"https:\/\/pharmadreams.shop\/#website"},"primaryImageOfPage":{"@id":"https:\/\/pharmadreams.shop\/index.php\/product\/belpharma-baumix-toux-seche\/#primaryimage"},"image":{"@id":"https:\/\/pharmadreams.shop\/index.php\/product\/belpharma-baumix-toux-seche\/#primaryimage"},"thumbnailUrl":"https:\/\/pharmadreams.shop\/wp-content\/uploads\/2023\/12\/Sans-titre-2-1.png","datePublished":"2023-12-19T18:38:35+00:00","dateModified":"2023-12-19T18:39:20+00:00","breadcrumb":{"@id":"https:\/\/pharmadreams.shop\/index.php\/product\/belpharma-baumix-toux-seche\/#breadcrumb"},"inLanguage":"fr-FR","potentialAction":[{"@type":"ReadAction","target":["https:\/\/pharmadreams.shop\/index.php\/product\/belpharma-baumix-toux-seche\/"]}]},{"@type":"ImageObject","inLanguage":"fr-FR","@id":"https:\/\/pharmadreams.shop\/index.php\/product\/belpharma-baumix-toux-seche\/#primaryimage","url":"https:\/\/pharmadreams.shop\/wp-content\/uploads\/2023\/12\/Sans-titre-2-1.png","contentUrl":"https:\/\/pharmadreams.shop\/wp-content\/uploads\/2023\/12\/Sans-titre-2-1.png","width":998,"height":1020},{"@type":"BreadcrumbList","@id":"https:\/\/pharmadreams.shop\/index.php\/product\/belpharma-baumix-toux-seche\/#breadcrumb","itemListElement":[{"@type":"ListItem","position":1,"name":"Accueil","item":"https:\/\/pharmadreams.shop\/"},{"@type":"ListItem","position":2,"name":"Shop","item":"https:\/\/pharmadreams.shop\/index.php\/shop\/"},{"@type":"ListItem","position":3,"name":"Belpharma baumix toux s\u00e8che"}]},{"@type":"WebSite","@id":"https:\/\/pharmadreams.shop\/#website","url":"https:\/\/pharmadreams.shop\/","name":"pharmadreams","description":"Parapharmacie en ligne","potentialAction":[{"@type":"SearchAction","target":{"@type":"EntryPoint","urlTemplate":"https:\/\/pharmadreams.shop\/?s={search_term_string}"},"query-input":"required name=search_term_string"}],"inLanguage":"fr-FR"}]}},"_links":{"self":[{"href":"https:\/\/pharmadreams.shop\/index.php\/wp-json\/wp\/v2\/product\/16825","targetHints":{"allow":["GET"]}}],"collection":[{"href":"https:\/\/pharmadreams.shop\/index.php\/wp-json\/wp\/v2\/product"}],"about":[{"href":"https:\/\/pharmadreams.shop\/index.php\/wp-json\/wp\/v2\/types\/product"}],"replies":[{"embeddable":true,"href":"https:\/\/pharmadreams.shop\/index.php\/wp-json\/wp\/v2\/comments?post=16825"}],"version-history":[{"count":0,"href":"https:\/\/pharmadreams.shop\/index.php\/wp-json\/wp\/v2\/product\/16825\/revisions"}],"wp:featuredmedia":[{"embeddable":true,"href":"https:\/\/pharmadreams.shop\/index.php\/wp-json\/wp\/v2\/media\/16887"}],"wp:attachment":[{"href":"https:\/\/pharmadreams.shop\/index.php\/wp-json\/wp\/v2\/media?parent=16825"}],"wp:term":[{"taxonomy":"product_brand","embeddable":true,"href":"https:\/\/pharmadreams.shop\/index.php\/wp-json\/wp\/v2\/product_brand?post=16825"},{"taxonomy":"product_cat","embeddable":true,"href":"https:\/\/pharmadreams.shop\/index.php\/wp-json\/wp\/v2\/product_cat?post=16825"},{"taxonomy":"product_tag","embeddable":true,"href":"https:\/\/pharmadreams.shop\/index.php\/wp-json\/wp\/v2\/product_tag?post=16825"}],"curies":[{"name":"wp","href":"https:\/\/api.w.org\/{rel}","templated":true}]}}