{"id":16831,"date":"2023-12-19T19:38:36","date_gmt":"2023-12-19T18:38:36","guid":{"rendered":"https:\/\/venuspara.com\/?post_type=product&#038;p=16831"},"modified":"2023-12-19T19:39:45","modified_gmt":"2023-12-19T18:39:45","slug":"nutricap-soin-nutritif-et-demelant-100ml","status":"publish","type":"product","link":"https:\/\/pharmadreams.shop\/index.php\/product\/nutricap-soin-nutritif-et-demelant-100ml\/","title":{"rendered":"Nutricap soin nutritif et demelant 100ml"},"content":{"rendered":"","protected":false},"excerpt":{"rendered":"<p>Le soin au beurre de karit\u00e9 et au doux parfum vanill\u00e9, favorise l\u00e9clat et la beaut\u00e9 des cheveux. R\u00e9parateur et nourrissant, le karit\u00e9 aide \u00e0 renforcer la k\u00e9ratine et \u00e0 prot\u00e9ger le cheveu des agressions ext\u00e9rieures. Les actifs d\u00e9m\u00ealants et coiffants apportent souplesse, vitalit\u00e9 et brillance \u00e0 la chevelure<\/p>\n","protected":false},"featured_media":16910,"comment_status":"open","ping_status":"closed","template":"","meta":[],"product_brand":[],"product_cat":[106,134,80,118],"product_tag":[],"class_list":{"0":"post-16831","1":"product","2":"type-product","3":"status-publish","4":"has-post-thumbnail","6":"product_cat-brillance","7":"product_cat-eclat","8":"product_cat-soins","9":"product_cat-souplesse-et-volume","11":"first","12":"instock","13":"shipping-taxable","14":"purchasable","15":"product-type-simple"},"yoast_head":"<!-- This site is optimized with the Yoast SEO plugin v23.0 - https:\/\/yoast.com\/wordpress\/plugins\/seo\/ -->\n<title>Nutricap soin nutritif et demelant 100ml - pharmadreams<\/title>\n<meta name=\"robots\" content=\"index, follow, max-snippet:-1, max-image-preview:large, max-video-preview:-1\" \/>\n<link rel=\"canonical\" href=\"https:\/\/pharmadreams.shop\/index.php\/product\/nutricap-soin-nutritif-et-demelant-100ml\/\" \/>\n<meta property=\"og:locale\" content=\"fr_FR\" \/>\n<meta property=\"og:type\" content=\"article\" \/>\n<meta property=\"og:title\" content=\"Nutricap soin nutritif et demelant 100ml - pharmadreams\" \/>\n<meta property=\"og:description\" content=\"Le soin au beurre de karit\u00e9 et au doux parfum vanill\u00e9, favorise l\u00e9clat et la beaut\u00e9 des cheveux. R\u00e9parateur et nourrissant, le karit\u00e9 aide \u00e0 renforcer la k\u00e9ratine et \u00e0 prot\u00e9ger le cheveu des agressions ext\u00e9rieures. Les actifs d\u00e9m\u00ealants et coiffants apportent souplesse, vitalit\u00e9 et brillance \u00e0 la chevelure\" \/>\n<meta property=\"og:url\" content=\"https:\/\/pharmadreams.shop\/index.php\/product\/nutricap-soin-nutritif-et-demelant-100ml\/\" \/>\n<meta property=\"og:site_name\" content=\"pharmadreams\" \/>\n<meta property=\"article:modified_time\" content=\"2023-12-19T18:39:45+00:00\" \/>\n<meta property=\"og:image\" content=\"https:\/\/pharmadreams.shop\/wp-content\/uploads\/2023\/12\/Sans-titre-8-1-785x800.png\" \/>\n\t<meta property=\"og:image:width\" content=\"785\" \/>\n\t<meta property=\"og:image:height\" content=\"800\" \/>\n\t<meta property=\"og:image:type\" content=\"image\/png\" \/>\n<meta name=\"twitter:card\" content=\"summary_large_image\" \/>\n<script type=\"application\/ld+json\" class=\"yoast-schema-graph\">{\"@context\":\"https:\/\/schema.org\",\"@graph\":[{\"@type\":\"WebPage\",\"@id\":\"https:\/\/pharmadreams.shop\/index.php\/product\/nutricap-soin-nutritif-et-demelant-100ml\/\",\"url\":\"https:\/\/pharmadreams.shop\/index.php\/product\/nutricap-soin-nutritif-et-demelant-100ml\/\",\"name\":\"Nutricap soin nutritif et demelant 100ml - pharmadreams\",\"isPartOf\":{\"@id\":\"https:\/\/pharmadreams.shop\/#website\"},\"primaryImageOfPage\":{\"@id\":\"https:\/\/pharmadreams.shop\/index.php\/product\/nutricap-soin-nutritif-et-demelant-100ml\/#primaryimage\"},\"image\":{\"@id\":\"https:\/\/pharmadreams.shop\/index.php\/product\/nutricap-soin-nutritif-et-demelant-100ml\/#primaryimage\"},\"thumbnailUrl\":\"https:\/\/pharmadreams.shop\/wp-content\/uploads\/2023\/12\/Sans-titre-8-1.png\",\"datePublished\":\"2023-12-19T18:38:36+00:00\",\"dateModified\":\"2023-12-19T18:39:45+00:00\",\"breadcrumb\":{\"@id\":\"https:\/\/pharmadreams.shop\/index.php\/product\/nutricap-soin-nutritif-et-demelant-100ml\/#breadcrumb\"},\"inLanguage\":\"fr-FR\",\"potentialAction\":[{\"@type\":\"ReadAction\",\"target\":[\"https:\/\/pharmadreams.shop\/index.php\/product\/nutricap-soin-nutritif-et-demelant-100ml\/\"]}]},{\"@type\":\"ImageObject\",\"inLanguage\":\"fr-FR\",\"@id\":\"https:\/\/pharmadreams.shop\/index.php\/product\/nutricap-soin-nutritif-et-demelant-100ml\/#primaryimage\",\"url\":\"https:\/\/pharmadreams.shop\/wp-content\/uploads\/2023\/12\/Sans-titre-8-1.png\",\"contentUrl\":\"https:\/\/pharmadreams.shop\/wp-content\/uploads\/2023\/12\/Sans-titre-8-1.png\",\"width\":4928,\"height\":5024},{\"@type\":\"BreadcrumbList\",\"@id\":\"https:\/\/pharmadreams.shop\/index.php\/product\/nutricap-soin-nutritif-et-demelant-100ml\/#breadcrumb\",\"itemListElement\":[{\"@type\":\"ListItem\",\"position\":1,\"name\":\"Accueil\",\"item\":\"https:\/\/pharmadreams.shop\/\"},{\"@type\":\"ListItem\",\"position\":2,\"name\":\"Shop\",\"item\":\"https:\/\/pharmadreams.shop\/index.php\/shop\/\"},{\"@type\":\"ListItem\",\"position\":3,\"name\":\"Nutricap soin nutritif et demelant 100ml\"}]},{\"@type\":\"WebSite\",\"@id\":\"https:\/\/pharmadreams.shop\/#website\",\"url\":\"https:\/\/pharmadreams.shop\/\",\"name\":\"pharmadreams\",\"description\":\"Parapharmacie en ligne\",\"potentialAction\":[{\"@type\":\"SearchAction\",\"target\":{\"@type\":\"EntryPoint\",\"urlTemplate\":\"https:\/\/pharmadreams.shop\/?s={search_term_string}\"},\"query-input\":\"required name=search_term_string\"}],\"inLanguage\":\"fr-FR\"}]}<\/script>\n<!-- \/ Yoast SEO plugin. -->","yoast_head_json":{"title":"Nutricap soin nutritif et demelant 100ml - pharmadreams","robots":{"index":"index","follow":"follow","max-snippet":"max-snippet:-1","max-image-preview":"max-image-preview:large","max-video-preview":"max-video-preview:-1"},"canonical":"https:\/\/pharmadreams.shop\/index.php\/product\/nutricap-soin-nutritif-et-demelant-100ml\/","og_locale":"fr_FR","og_type":"article","og_title":"Nutricap soin nutritif et demelant 100ml - pharmadreams","og_description":"Le soin au beurre de karit\u00e9 et au doux parfum vanill\u00e9, favorise l\u00e9clat et la beaut\u00e9 des cheveux. R\u00e9parateur et nourrissant, le karit\u00e9 aide \u00e0 renforcer la k\u00e9ratine et \u00e0 prot\u00e9ger le cheveu des agressions ext\u00e9rieures. Les actifs d\u00e9m\u00ealants et coiffants apportent souplesse, vitalit\u00e9 et brillance \u00e0 la chevelure","og_url":"https:\/\/pharmadreams.shop\/index.php\/product\/nutricap-soin-nutritif-et-demelant-100ml\/","og_site_name":"pharmadreams","article_modified_time":"2023-12-19T18:39:45+00:00","og_image":[{"width":785,"height":800,"url":"https:\/\/pharmadreams.shop\/wp-content\/uploads\/2023\/12\/Sans-titre-8-1-785x800.png","type":"image\/png"}],"twitter_card":"summary_large_image","schema":{"@context":"https:\/\/schema.org","@graph":[{"@type":"WebPage","@id":"https:\/\/pharmadreams.shop\/index.php\/product\/nutricap-soin-nutritif-et-demelant-100ml\/","url":"https:\/\/pharmadreams.shop\/index.php\/product\/nutricap-soin-nutritif-et-demelant-100ml\/","name":"Nutricap soin nutritif et demelant 100ml - pharmadreams","isPartOf":{"@id":"https:\/\/pharmadreams.shop\/#website"},"primaryImageOfPage":{"@id":"https:\/\/pharmadreams.shop\/index.php\/product\/nutricap-soin-nutritif-et-demelant-100ml\/#primaryimage"},"image":{"@id":"https:\/\/pharmadreams.shop\/index.php\/product\/nutricap-soin-nutritif-et-demelant-100ml\/#primaryimage"},"thumbnailUrl":"https:\/\/pharmadreams.shop\/wp-content\/uploads\/2023\/12\/Sans-titre-8-1.png","datePublished":"2023-12-19T18:38:36+00:00","dateModified":"2023-12-19T18:39:45+00:00","breadcrumb":{"@id":"https:\/\/pharmadreams.shop\/index.php\/product\/nutricap-soin-nutritif-et-demelant-100ml\/#breadcrumb"},"inLanguage":"fr-FR","potentialAction":[{"@type":"ReadAction","target":["https:\/\/pharmadreams.shop\/index.php\/product\/nutricap-soin-nutritif-et-demelant-100ml\/"]}]},{"@type":"ImageObject","inLanguage":"fr-FR","@id":"https:\/\/pharmadreams.shop\/index.php\/product\/nutricap-soin-nutritif-et-demelant-100ml\/#primaryimage","url":"https:\/\/pharmadreams.shop\/wp-content\/uploads\/2023\/12\/Sans-titre-8-1.png","contentUrl":"https:\/\/pharmadreams.shop\/wp-content\/uploads\/2023\/12\/Sans-titre-8-1.png","width":4928,"height":5024},{"@type":"BreadcrumbList","@id":"https:\/\/pharmadreams.shop\/index.php\/product\/nutricap-soin-nutritif-et-demelant-100ml\/#breadcrumb","itemListElement":[{"@type":"ListItem","position":1,"name":"Accueil","item":"https:\/\/pharmadreams.shop\/"},{"@type":"ListItem","position":2,"name":"Shop","item":"https:\/\/pharmadreams.shop\/index.php\/shop\/"},{"@type":"ListItem","position":3,"name":"Nutricap soin nutritif et demelant 100ml"}]},{"@type":"WebSite","@id":"https:\/\/pharmadreams.shop\/#website","url":"https:\/\/pharmadreams.shop\/","name":"pharmadreams","description":"Parapharmacie en ligne","potentialAction":[{"@type":"SearchAction","target":{"@type":"EntryPoint","urlTemplate":"https:\/\/pharmadreams.shop\/?s={search_term_string}"},"query-input":"required name=search_term_string"}],"inLanguage":"fr-FR"}]}},"_links":{"self":[{"href":"https:\/\/pharmadreams.shop\/index.php\/wp-json\/wp\/v2\/product\/16831","targetHints":{"allow":["GET"]}}],"collection":[{"href":"https:\/\/pharmadreams.shop\/index.php\/wp-json\/wp\/v2\/product"}],"about":[{"href":"https:\/\/pharmadreams.shop\/index.php\/wp-json\/wp\/v2\/types\/product"}],"replies":[{"embeddable":true,"href":"https:\/\/pharmadreams.shop\/index.php\/wp-json\/wp\/v2\/comments?post=16831"}],"version-history":[{"count":0,"href":"https:\/\/pharmadreams.shop\/index.php\/wp-json\/wp\/v2\/product\/16831\/revisions"}],"wp:featuredmedia":[{"embeddable":true,"href":"https:\/\/pharmadreams.shop\/index.php\/wp-json\/wp\/v2\/media\/16910"}],"wp:attachment":[{"href":"https:\/\/pharmadreams.shop\/index.php\/wp-json\/wp\/v2\/media?parent=16831"}],"wp:term":[{"taxonomy":"product_brand","embeddable":true,"href":"https:\/\/pharmadreams.shop\/index.php\/wp-json\/wp\/v2\/product_brand?post=16831"},{"taxonomy":"product_cat","embeddable":true,"href":"https:\/\/pharmadreams.shop\/index.php\/wp-json\/wp\/v2\/product_cat?post=16831"},{"taxonomy":"product_tag","embeddable":true,"href":"https:\/\/pharmadreams.shop\/index.php\/wp-json\/wp\/v2\/product_tag?post=16831"}],"curies":[{"name":"wp","href":"https:\/\/api.w.org\/{rel}","templated":true}]}}