{"id":16832,"date":"2023-12-19T19:38:37","date_gmt":"2023-12-19T18:38:37","guid":{"rendered":"https:\/\/venuspara.com\/?post_type=product&#038;p=16832"},"modified":"2024-03-16T00:07:50","modified_gmt":"2024-03-15T23:07:50","slug":"xen-lumi-r-ecran-teinte-spf50","status":"publish","type":"product","link":"https:\/\/pharmadreams.shop\/index.php\/product\/xen-lumi-r-ecran-teinte-spf50\/","title":{"rendered":"Xen lumi-r ecran teinte spf50+"},"content":{"rendered":"","protected":false},"excerpt":{"rendered":"<p>Lumi-R 50+ se distingue par ces filtres min\u00e9reaux de nouvelle g\u00e9n\u00e9ration ( en nanoparticules,enroul\u00e9es dans des triglyc\u00e9rides v\u00e9g\u00e9taux ) Les filtres de Lumi-R 50+ ne p\u00e9netrent pas \u00e0 travers la peau, et ne sont pas des perturbateurs endocriniens. Lumi-R 50+ est l\u2019\u00e9cran le mieux adapt\u00e9 \u00e0 la femme enceinte,a peau sujette \u00e0 l\u2019hyper-pigmentation<\/p>\n","protected":false},"featured_media":16912,"comment_status":"open","ping_status":"closed","template":"","meta":[],"product_brand":[],"product_cat":[231,104],"product_tag":[],"class_list":{"0":"post-16832","1":"product","2":"type-product","3":"status-publish","4":"has-post-thumbnail","6":"product_cat-ecran-solaire","7":"product_cat-protection","9":"first","10":"instock","11":"shipping-taxable","12":"purchasable","13":"product-type-simple"},"yoast_head":"<!-- This site is optimized with the Yoast SEO plugin v23.0 - https:\/\/yoast.com\/wordpress\/plugins\/seo\/ -->\n<title>Xen lumi-r ecran teinte spf50+ - pharmadreams<\/title>\n<meta name=\"robots\" content=\"index, follow, max-snippet:-1, max-image-preview:large, max-video-preview:-1\" \/>\n<link rel=\"canonical\" href=\"https:\/\/pharmadreams.shop\/index.php\/product\/xen-lumi-r-ecran-teinte-spf50\/\" \/>\n<meta property=\"og:locale\" content=\"fr_FR\" \/>\n<meta property=\"og:type\" content=\"article\" \/>\n<meta property=\"og:title\" content=\"Xen lumi-r ecran teinte spf50+ - pharmadreams\" \/>\n<meta property=\"og:description\" content=\"Lumi-R 50+ se distingue par ces filtres min\u00e9reaux de nouvelle g\u00e9n\u00e9ration ( en nanoparticules,enroul\u00e9es dans des triglyc\u00e9rides v\u00e9g\u00e9taux ) Les filtres de Lumi-R 50+ ne p\u00e9netrent pas \u00e0 travers la peau, et ne sont pas des perturbateurs endocriniens. Lumi-R 50+ est l\u2019\u00e9cran le mieux adapt\u00e9 \u00e0 la femme enceinte,a peau sujette \u00e0 l\u2019hyper-pigmentation\" \/>\n<meta property=\"og:url\" content=\"https:\/\/pharmadreams.shop\/index.php\/product\/xen-lumi-r-ecran-teinte-spf50\/\" \/>\n<meta property=\"og:site_name\" content=\"pharmadreams\" \/>\n<meta property=\"article:modified_time\" content=\"2024-03-15T23:07:50+00:00\" \/>\n<meta property=\"og:image\" content=\"https:\/\/pharmadreams.shop\/wp-content\/uploads\/2023\/12\/Sans-titre-9-1.png\" \/>\n\t<meta property=\"og:image:width\" content=\"760\" \/>\n\t<meta property=\"og:image:height\" content=\"808\" \/>\n\t<meta property=\"og:image:type\" content=\"image\/png\" \/>\n<meta name=\"twitter:card\" content=\"summary_large_image\" \/>\n<meta name=\"twitter:label1\" content=\"Dur\u00e9e de lecture estim\u00e9e\" \/>\n\t<meta name=\"twitter:data1\" content=\"1 minute\" \/>\n<script type=\"application\/ld+json\" class=\"yoast-schema-graph\">{\"@context\":\"https:\/\/schema.org\",\"@graph\":[{\"@type\":\"WebPage\",\"@id\":\"https:\/\/pharmadreams.shop\/index.php\/product\/xen-lumi-r-ecran-teinte-spf50\/\",\"url\":\"https:\/\/pharmadreams.shop\/index.php\/product\/xen-lumi-r-ecran-teinte-spf50\/\",\"name\":\"Xen lumi-r ecran teinte spf50+ - pharmadreams\",\"isPartOf\":{\"@id\":\"https:\/\/pharmadreams.shop\/#website\"},\"primaryImageOfPage\":{\"@id\":\"https:\/\/pharmadreams.shop\/index.php\/product\/xen-lumi-r-ecran-teinte-spf50\/#primaryimage\"},\"image\":{\"@id\":\"https:\/\/pharmadreams.shop\/index.php\/product\/xen-lumi-r-ecran-teinte-spf50\/#primaryimage\"},\"thumbnailUrl\":\"https:\/\/pharmadreams.shop\/wp-content\/uploads\/2023\/12\/Sans-titre-9-1.png\",\"datePublished\":\"2023-12-19T18:38:37+00:00\",\"dateModified\":\"2024-03-15T23:07:50+00:00\",\"breadcrumb\":{\"@id\":\"https:\/\/pharmadreams.shop\/index.php\/product\/xen-lumi-r-ecran-teinte-spf50\/#breadcrumb\"},\"inLanguage\":\"fr-FR\",\"potentialAction\":[{\"@type\":\"ReadAction\",\"target\":[\"https:\/\/pharmadreams.shop\/index.php\/product\/xen-lumi-r-ecran-teinte-spf50\/\"]}]},{\"@type\":\"ImageObject\",\"inLanguage\":\"fr-FR\",\"@id\":\"https:\/\/pharmadreams.shop\/index.php\/product\/xen-lumi-r-ecran-teinte-spf50\/#primaryimage\",\"url\":\"https:\/\/pharmadreams.shop\/wp-content\/uploads\/2023\/12\/Sans-titre-9-1.png\",\"contentUrl\":\"https:\/\/pharmadreams.shop\/wp-content\/uploads\/2023\/12\/Sans-titre-9-1.png\",\"width\":760,\"height\":808},{\"@type\":\"BreadcrumbList\",\"@id\":\"https:\/\/pharmadreams.shop\/index.php\/product\/xen-lumi-r-ecran-teinte-spf50\/#breadcrumb\",\"itemListElement\":[{\"@type\":\"ListItem\",\"position\":1,\"name\":\"Accueil\",\"item\":\"https:\/\/pharmadreams.shop\/\"},{\"@type\":\"ListItem\",\"position\":2,\"name\":\"Shop\",\"item\":\"https:\/\/pharmadreams.shop\/index.php\/shop\/\"},{\"@type\":\"ListItem\",\"position\":3,\"name\":\"Xen lumi-r ecran teinte spf50+\"}]},{\"@type\":\"WebSite\",\"@id\":\"https:\/\/pharmadreams.shop\/#website\",\"url\":\"https:\/\/pharmadreams.shop\/\",\"name\":\"pharmadreams\",\"description\":\"Parapharmacie en ligne\",\"potentialAction\":[{\"@type\":\"SearchAction\",\"target\":{\"@type\":\"EntryPoint\",\"urlTemplate\":\"https:\/\/pharmadreams.shop\/?s={search_term_string}\"},\"query-input\":\"required name=search_term_string\"}],\"inLanguage\":\"fr-FR\"}]}<\/script>\n<!-- \/ Yoast SEO plugin. -->","yoast_head_json":{"title":"Xen lumi-r ecran teinte spf50+ - pharmadreams","robots":{"index":"index","follow":"follow","max-snippet":"max-snippet:-1","max-image-preview":"max-image-preview:large","max-video-preview":"max-video-preview:-1"},"canonical":"https:\/\/pharmadreams.shop\/index.php\/product\/xen-lumi-r-ecran-teinte-spf50\/","og_locale":"fr_FR","og_type":"article","og_title":"Xen lumi-r ecran teinte spf50+ - pharmadreams","og_description":"Lumi-R 50+ se distingue par ces filtres min\u00e9reaux de nouvelle g\u00e9n\u00e9ration ( en nanoparticules,enroul\u00e9es dans des triglyc\u00e9rides v\u00e9g\u00e9taux ) Les filtres de Lumi-R 50+ ne p\u00e9netrent pas \u00e0 travers la peau, et ne sont pas des perturbateurs endocriniens. Lumi-R 50+ est l\u2019\u00e9cran le mieux adapt\u00e9 \u00e0 la femme enceinte,a peau sujette \u00e0 l\u2019hyper-pigmentation","og_url":"https:\/\/pharmadreams.shop\/index.php\/product\/xen-lumi-r-ecran-teinte-spf50\/","og_site_name":"pharmadreams","article_modified_time":"2024-03-15T23:07:50+00:00","og_image":[{"width":760,"height":808,"url":"https:\/\/pharmadreams.shop\/wp-content\/uploads\/2023\/12\/Sans-titre-9-1.png","type":"image\/png"}],"twitter_card":"summary_large_image","twitter_misc":{"Dur\u00e9e de lecture estim\u00e9e":"1 minute"},"schema":{"@context":"https:\/\/schema.org","@graph":[{"@type":"WebPage","@id":"https:\/\/pharmadreams.shop\/index.php\/product\/xen-lumi-r-ecran-teinte-spf50\/","url":"https:\/\/pharmadreams.shop\/index.php\/product\/xen-lumi-r-ecran-teinte-spf50\/","name":"Xen lumi-r ecran teinte spf50+ - pharmadreams","isPartOf":{"@id":"https:\/\/pharmadreams.shop\/#website"},"primaryImageOfPage":{"@id":"https:\/\/pharmadreams.shop\/index.php\/product\/xen-lumi-r-ecran-teinte-spf50\/#primaryimage"},"image":{"@id":"https:\/\/pharmadreams.shop\/index.php\/product\/xen-lumi-r-ecran-teinte-spf50\/#primaryimage"},"thumbnailUrl":"https:\/\/pharmadreams.shop\/wp-content\/uploads\/2023\/12\/Sans-titre-9-1.png","datePublished":"2023-12-19T18:38:37+00:00","dateModified":"2024-03-15T23:07:50+00:00","breadcrumb":{"@id":"https:\/\/pharmadreams.shop\/index.php\/product\/xen-lumi-r-ecran-teinte-spf50\/#breadcrumb"},"inLanguage":"fr-FR","potentialAction":[{"@type":"ReadAction","target":["https:\/\/pharmadreams.shop\/index.php\/product\/xen-lumi-r-ecran-teinte-spf50\/"]}]},{"@type":"ImageObject","inLanguage":"fr-FR","@id":"https:\/\/pharmadreams.shop\/index.php\/product\/xen-lumi-r-ecran-teinte-spf50\/#primaryimage","url":"https:\/\/pharmadreams.shop\/wp-content\/uploads\/2023\/12\/Sans-titre-9-1.png","contentUrl":"https:\/\/pharmadreams.shop\/wp-content\/uploads\/2023\/12\/Sans-titre-9-1.png","width":760,"height":808},{"@type":"BreadcrumbList","@id":"https:\/\/pharmadreams.shop\/index.php\/product\/xen-lumi-r-ecran-teinte-spf50\/#breadcrumb","itemListElement":[{"@type":"ListItem","position":1,"name":"Accueil","item":"https:\/\/pharmadreams.shop\/"},{"@type":"ListItem","position":2,"name":"Shop","item":"https:\/\/pharmadreams.shop\/index.php\/shop\/"},{"@type":"ListItem","position":3,"name":"Xen lumi-r ecran teinte spf50+"}]},{"@type":"WebSite","@id":"https:\/\/pharmadreams.shop\/#website","url":"https:\/\/pharmadreams.shop\/","name":"pharmadreams","description":"Parapharmacie en ligne","potentialAction":[{"@type":"SearchAction","target":{"@type":"EntryPoint","urlTemplate":"https:\/\/pharmadreams.shop\/?s={search_term_string}"},"query-input":"required name=search_term_string"}],"inLanguage":"fr-FR"}]}},"_links":{"self":[{"href":"https:\/\/pharmadreams.shop\/index.php\/wp-json\/wp\/v2\/product\/16832","targetHints":{"allow":["GET"]}}],"collection":[{"href":"https:\/\/pharmadreams.shop\/index.php\/wp-json\/wp\/v2\/product"}],"about":[{"href":"https:\/\/pharmadreams.shop\/index.php\/wp-json\/wp\/v2\/types\/product"}],"replies":[{"embeddable":true,"href":"https:\/\/pharmadreams.shop\/index.php\/wp-json\/wp\/v2\/comments?post=16832"}],"version-history":[{"count":0,"href":"https:\/\/pharmadreams.shop\/index.php\/wp-json\/wp\/v2\/product\/16832\/revisions"}],"wp:featuredmedia":[{"embeddable":true,"href":"https:\/\/pharmadreams.shop\/index.php\/wp-json\/wp\/v2\/media\/16912"}],"wp:attachment":[{"href":"https:\/\/pharmadreams.shop\/index.php\/wp-json\/wp\/v2\/media?parent=16832"}],"wp:term":[{"taxonomy":"product_brand","embeddable":true,"href":"https:\/\/pharmadreams.shop\/index.php\/wp-json\/wp\/v2\/product_brand?post=16832"},{"taxonomy":"product_cat","embeddable":true,"href":"https:\/\/pharmadreams.shop\/index.php\/wp-json\/wp\/v2\/product_cat?post=16832"},{"taxonomy":"product_tag","embeddable":true,"href":"https:\/\/pharmadreams.shop\/index.php\/wp-json\/wp\/v2\/product_tag?post=16832"}],"curies":[{"name":"wp","href":"https:\/\/api.w.org\/{rel}","templated":true}]}}