{"id":16859,"date":"2023-12-19T19:39:02","date_gmt":"2023-12-19T18:39:02","guid":{"rendered":"https:\/\/venuspara.com\/?post_type=product&#038;p=16859"},"modified":"2024-03-16T00:05:49","modified_gmt":"2024-03-15T23:05:49","slug":"xen-ecran-solaire-cb3-defense-pour-peau-seche-50ml","status":"publish","type":"product","link":"https:\/\/pharmadreams.shop\/index.php\/product\/xen-ecran-solaire-cb3-defense-pour-peau-seche-50ml\/","title":{"rendered":"Xen ecran solaire cb3 d\u00e9fense &#8211; pour peau s\u00e8che &#8211; 50ml"},"content":{"rendered":"","protected":false},"excerpt":{"rendered":"<p><b>XEN CB3\u00a0<\/b>DEFENCE ECRAN SOLAIRE PNS est adapt\u00e9 \u00e0 la peau \u00e0 tendance s\u00e8che.<\/p>\n<p>Sp\u00e9cialement adapt\u00e9 pour le visage, le d\u00e9collet\u00e9 et les mains, plus expos\u00e9s aux UV, ce soin solaire invisible cumule toutes les propri\u00e9t\u00e9s dune protection solaire.<\/p>\n","protected":false},"featured_media":16925,"comment_status":"open","ping_status":"closed","template":"","meta":[],"product_brand":[],"product_cat":[231,79,80],"product_tag":[],"class_list":{"0":"post-16859","1":"product","2":"type-product","3":"status-publish","4":"has-post-thumbnail","6":"product_cat-ecran-solaire","7":"product_cat-peaux-seches","8":"product_cat-soins","10":"first","11":"instock","12":"shipping-taxable","13":"purchasable","14":"product-type-simple"},"yoast_head":"<!-- This site is optimized with the Yoast SEO plugin v23.0 - https:\/\/yoast.com\/wordpress\/plugins\/seo\/ -->\n<title>Xen ecran solaire cb3 d\u00e9fense - pour peau s\u00e8che - 50ml - pharmadreams<\/title>\n<meta name=\"robots\" content=\"index, follow, max-snippet:-1, max-image-preview:large, max-video-preview:-1\" \/>\n<link rel=\"canonical\" href=\"https:\/\/pharmadreams.shop\/index.php\/product\/xen-ecran-solaire-cb3-defense-pour-peau-seche-50ml\/\" \/>\n<meta property=\"og:locale\" content=\"fr_FR\" \/>\n<meta property=\"og:type\" content=\"article\" \/>\n<meta property=\"og:title\" content=\"Xen ecran solaire cb3 d\u00e9fense - pour peau s\u00e8che - 50ml - pharmadreams\" \/>\n<meta property=\"og:description\" content=\"XEN CB3\u00a0DEFENCE ECRAN SOLAIRE PNS est adapt\u00e9 \u00e0 la peau \u00e0 tendance s\u00e8che.  Sp\u00e9cialement adapt\u00e9 pour le visage, le d\u00e9collet\u00e9 et les mains, plus expos\u00e9s aux UV, ce soin solaire invisible cumule toutes les propri\u00e9t\u00e9s dune protection solaire.\" \/>\n<meta property=\"og:url\" content=\"https:\/\/pharmadreams.shop\/index.php\/product\/xen-ecran-solaire-cb3-defense-pour-peau-seche-50ml\/\" \/>\n<meta property=\"og:site_name\" content=\"pharmadreams\" \/>\n<meta property=\"article:modified_time\" content=\"2024-03-15T23:05:49+00:00\" \/>\n<meta property=\"og:image\" content=\"https:\/\/pharmadreams.shop\/wp-content\/uploads\/2023\/12\/Sans-titre-12-1.png\" \/>\n\t<meta property=\"og:image:width\" content=\"880\" \/>\n\t<meta property=\"og:image:height\" content=\"928\" \/>\n\t<meta property=\"og:image:type\" content=\"image\/png\" \/>\n<meta name=\"twitter:card\" content=\"summary_large_image\" \/>\n<meta name=\"twitter:label1\" content=\"Dur\u00e9e de lecture estim\u00e9e\" \/>\n\t<meta name=\"twitter:data1\" content=\"1 minute\" \/>\n<script type=\"application\/ld+json\" class=\"yoast-schema-graph\">{\"@context\":\"https:\/\/schema.org\",\"@graph\":[{\"@type\":\"WebPage\",\"@id\":\"https:\/\/pharmadreams.shop\/index.php\/product\/xen-ecran-solaire-cb3-defense-pour-peau-seche-50ml\/\",\"url\":\"https:\/\/pharmadreams.shop\/index.php\/product\/xen-ecran-solaire-cb3-defense-pour-peau-seche-50ml\/\",\"name\":\"Xen ecran solaire cb3 d\u00e9fense - pour peau s\u00e8che - 50ml - pharmadreams\",\"isPartOf\":{\"@id\":\"https:\/\/pharmadreams.shop\/#website\"},\"primaryImageOfPage\":{\"@id\":\"https:\/\/pharmadreams.shop\/index.php\/product\/xen-ecran-solaire-cb3-defense-pour-peau-seche-50ml\/#primaryimage\"},\"image\":{\"@id\":\"https:\/\/pharmadreams.shop\/index.php\/product\/xen-ecran-solaire-cb3-defense-pour-peau-seche-50ml\/#primaryimage\"},\"thumbnailUrl\":\"https:\/\/pharmadreams.shop\/wp-content\/uploads\/2023\/12\/Sans-titre-12-1.png\",\"datePublished\":\"2023-12-19T18:39:02+00:00\",\"dateModified\":\"2024-03-15T23:05:49+00:00\",\"breadcrumb\":{\"@id\":\"https:\/\/pharmadreams.shop\/index.php\/product\/xen-ecran-solaire-cb3-defense-pour-peau-seche-50ml\/#breadcrumb\"},\"inLanguage\":\"fr-FR\",\"potentialAction\":[{\"@type\":\"ReadAction\",\"target\":[\"https:\/\/pharmadreams.shop\/index.php\/product\/xen-ecran-solaire-cb3-defense-pour-peau-seche-50ml\/\"]}]},{\"@type\":\"ImageObject\",\"inLanguage\":\"fr-FR\",\"@id\":\"https:\/\/pharmadreams.shop\/index.php\/product\/xen-ecran-solaire-cb3-defense-pour-peau-seche-50ml\/#primaryimage\",\"url\":\"https:\/\/pharmadreams.shop\/wp-content\/uploads\/2023\/12\/Sans-titre-12-1.png\",\"contentUrl\":\"https:\/\/pharmadreams.shop\/wp-content\/uploads\/2023\/12\/Sans-titre-12-1.png\",\"width\":880,\"height\":928},{\"@type\":\"BreadcrumbList\",\"@id\":\"https:\/\/pharmadreams.shop\/index.php\/product\/xen-ecran-solaire-cb3-defense-pour-peau-seche-50ml\/#breadcrumb\",\"itemListElement\":[{\"@type\":\"ListItem\",\"position\":1,\"name\":\"Accueil\",\"item\":\"https:\/\/pharmadreams.shop\/\"},{\"@type\":\"ListItem\",\"position\":2,\"name\":\"Shop\",\"item\":\"https:\/\/pharmadreams.shop\/index.php\/shop\/\"},{\"@type\":\"ListItem\",\"position\":3,\"name\":\"Xen ecran solaire cb3 d\u00e9fense &#8211; pour peau s\u00e8che &#8211; 50ml\"}]},{\"@type\":\"WebSite\",\"@id\":\"https:\/\/pharmadreams.shop\/#website\",\"url\":\"https:\/\/pharmadreams.shop\/\",\"name\":\"pharmadreams\",\"description\":\"Parapharmacie en ligne\",\"potentialAction\":[{\"@type\":\"SearchAction\",\"target\":{\"@type\":\"EntryPoint\",\"urlTemplate\":\"https:\/\/pharmadreams.shop\/?s={search_term_string}\"},\"query-input\":\"required name=search_term_string\"}],\"inLanguage\":\"fr-FR\"}]}<\/script>\n<!-- \/ Yoast SEO plugin. -->","yoast_head_json":{"title":"Xen ecran solaire cb3 d\u00e9fense - pour peau s\u00e8che - 50ml - pharmadreams","robots":{"index":"index","follow":"follow","max-snippet":"max-snippet:-1","max-image-preview":"max-image-preview:large","max-video-preview":"max-video-preview:-1"},"canonical":"https:\/\/pharmadreams.shop\/index.php\/product\/xen-ecran-solaire-cb3-defense-pour-peau-seche-50ml\/","og_locale":"fr_FR","og_type":"article","og_title":"Xen ecran solaire cb3 d\u00e9fense - pour peau s\u00e8che - 50ml - pharmadreams","og_description":"XEN CB3\u00a0DEFENCE ECRAN SOLAIRE PNS est adapt\u00e9 \u00e0 la peau \u00e0 tendance s\u00e8che.  Sp\u00e9cialement adapt\u00e9 pour le visage, le d\u00e9collet\u00e9 et les mains, plus expos\u00e9s aux UV, ce soin solaire invisible cumule toutes les propri\u00e9t\u00e9s dune protection solaire.","og_url":"https:\/\/pharmadreams.shop\/index.php\/product\/xen-ecran-solaire-cb3-defense-pour-peau-seche-50ml\/","og_site_name":"pharmadreams","article_modified_time":"2024-03-15T23:05:49+00:00","og_image":[{"width":880,"height":928,"url":"https:\/\/pharmadreams.shop\/wp-content\/uploads\/2023\/12\/Sans-titre-12-1.png","type":"image\/png"}],"twitter_card":"summary_large_image","twitter_misc":{"Dur\u00e9e de lecture estim\u00e9e":"1 minute"},"schema":{"@context":"https:\/\/schema.org","@graph":[{"@type":"WebPage","@id":"https:\/\/pharmadreams.shop\/index.php\/product\/xen-ecran-solaire-cb3-defense-pour-peau-seche-50ml\/","url":"https:\/\/pharmadreams.shop\/index.php\/product\/xen-ecran-solaire-cb3-defense-pour-peau-seche-50ml\/","name":"Xen ecran solaire cb3 d\u00e9fense - pour peau s\u00e8che - 50ml - pharmadreams","isPartOf":{"@id":"https:\/\/pharmadreams.shop\/#website"},"primaryImageOfPage":{"@id":"https:\/\/pharmadreams.shop\/index.php\/product\/xen-ecran-solaire-cb3-defense-pour-peau-seche-50ml\/#primaryimage"},"image":{"@id":"https:\/\/pharmadreams.shop\/index.php\/product\/xen-ecran-solaire-cb3-defense-pour-peau-seche-50ml\/#primaryimage"},"thumbnailUrl":"https:\/\/pharmadreams.shop\/wp-content\/uploads\/2023\/12\/Sans-titre-12-1.png","datePublished":"2023-12-19T18:39:02+00:00","dateModified":"2024-03-15T23:05:49+00:00","breadcrumb":{"@id":"https:\/\/pharmadreams.shop\/index.php\/product\/xen-ecran-solaire-cb3-defense-pour-peau-seche-50ml\/#breadcrumb"},"inLanguage":"fr-FR","potentialAction":[{"@type":"ReadAction","target":["https:\/\/pharmadreams.shop\/index.php\/product\/xen-ecran-solaire-cb3-defense-pour-peau-seche-50ml\/"]}]},{"@type":"ImageObject","inLanguage":"fr-FR","@id":"https:\/\/pharmadreams.shop\/index.php\/product\/xen-ecran-solaire-cb3-defense-pour-peau-seche-50ml\/#primaryimage","url":"https:\/\/pharmadreams.shop\/wp-content\/uploads\/2023\/12\/Sans-titre-12-1.png","contentUrl":"https:\/\/pharmadreams.shop\/wp-content\/uploads\/2023\/12\/Sans-titre-12-1.png","width":880,"height":928},{"@type":"BreadcrumbList","@id":"https:\/\/pharmadreams.shop\/index.php\/product\/xen-ecran-solaire-cb3-defense-pour-peau-seche-50ml\/#breadcrumb","itemListElement":[{"@type":"ListItem","position":1,"name":"Accueil","item":"https:\/\/pharmadreams.shop\/"},{"@type":"ListItem","position":2,"name":"Shop","item":"https:\/\/pharmadreams.shop\/index.php\/shop\/"},{"@type":"ListItem","position":3,"name":"Xen ecran solaire cb3 d\u00e9fense &#8211; pour peau s\u00e8che &#8211; 50ml"}]},{"@type":"WebSite","@id":"https:\/\/pharmadreams.shop\/#website","url":"https:\/\/pharmadreams.shop\/","name":"pharmadreams","description":"Parapharmacie en ligne","potentialAction":[{"@type":"SearchAction","target":{"@type":"EntryPoint","urlTemplate":"https:\/\/pharmadreams.shop\/?s={search_term_string}"},"query-input":"required name=search_term_string"}],"inLanguage":"fr-FR"}]}},"_links":{"self":[{"href":"https:\/\/pharmadreams.shop\/index.php\/wp-json\/wp\/v2\/product\/16859","targetHints":{"allow":["GET"]}}],"collection":[{"href":"https:\/\/pharmadreams.shop\/index.php\/wp-json\/wp\/v2\/product"}],"about":[{"href":"https:\/\/pharmadreams.shop\/index.php\/wp-json\/wp\/v2\/types\/product"}],"replies":[{"embeddable":true,"href":"https:\/\/pharmadreams.shop\/index.php\/wp-json\/wp\/v2\/comments?post=16859"}],"version-history":[{"count":0,"href":"https:\/\/pharmadreams.shop\/index.php\/wp-json\/wp\/v2\/product\/16859\/revisions"}],"wp:featuredmedia":[{"embeddable":true,"href":"https:\/\/pharmadreams.shop\/index.php\/wp-json\/wp\/v2\/media\/16925"}],"wp:attachment":[{"href":"https:\/\/pharmadreams.shop\/index.php\/wp-json\/wp\/v2\/media?parent=16859"}],"wp:term":[{"taxonomy":"product_brand","embeddable":true,"href":"https:\/\/pharmadreams.shop\/index.php\/wp-json\/wp\/v2\/product_brand?post=16859"},{"taxonomy":"product_cat","embeddable":true,"href":"https:\/\/pharmadreams.shop\/index.php\/wp-json\/wp\/v2\/product_cat?post=16859"},{"taxonomy":"product_tag","embeddable":true,"href":"https:\/\/pharmadreams.shop\/index.php\/wp-json\/wp\/v2\/product_tag?post=16859"}],"curies":[{"name":"wp","href":"https:\/\/api.w.org\/{rel}","templated":true}]}}