{"id":16861,"date":"2023-12-19T19:39:02","date_gmt":"2023-12-19T18:39:02","guid":{"rendered":"https:\/\/venuspara.com\/?post_type=product&#038;p=16861"},"modified":"2023-12-19T19:39:58","modified_gmt":"2023-12-19T18:39:58","slug":"eye-care-eyeliner-waterproof-25g","status":"publish","type":"product","link":"https:\/\/pharmadreams.shop\/index.php\/product\/eye-care-eyeliner-waterproof-25g\/","title":{"rendered":"Eye care eyeliner waterproof 2,5g"},"content":{"rendered":"","protected":false},"excerpt":{"rendered":"<p>Un regard intense, voil\u00e0 ce que promet l&rsquo;eyeliner waterproof. Sa formule innovante, extra pigment\u00e9e, longue dur\u00e9e et waterproof clarifie votre regard en un clin d&rsquo;\u0153il.<br \/>\nLa pointe fine de l&rsquo;applicateur permet de tracer rapidement et facilement des lignes fines ou \u00e9paisses. Cet eye-liner r\u00e9sistant \u00e0 l&rsquo;eau est id\u00e9al pour les d\u00e9butants. Les quatre couleurs intenses s\u00e8chent rapidement,<br \/>\ndonnent de la profondeur et subliment votre look. L&rsquo;eyeliner waterproof ne coule pas, ne s&rsquo;estompe pas et tient toute la journ\u00e9e.<\/p>\n","protected":false},"featured_media":16929,"comment_status":"open","ping_status":"closed","template":"","meta":[],"product_brand":[],"product_cat":[268,269,270],"product_tag":[],"class_list":{"0":"post-16861","1":"product","2":"type-product","3":"status-publish","4":"has-post-thumbnail","6":"product_cat-eyeliner","7":"product_cat-waterproof","8":"product_cat-yeux-sensibles","10":"first","11":"instock","12":"shipping-taxable","13":"purchasable","14":"product-type-simple"},"yoast_head":"<!-- This site is optimized with the Yoast SEO plugin v23.0 - https:\/\/yoast.com\/wordpress\/plugins\/seo\/ -->\n<title>Eye care eyeliner waterproof 2,5g - pharmadreams<\/title>\n<meta name=\"robots\" content=\"index, follow, max-snippet:-1, max-image-preview:large, max-video-preview:-1\" \/>\n<link rel=\"canonical\" href=\"https:\/\/pharmadreams.shop\/index.php\/product\/eye-care-eyeliner-waterproof-25g\/\" \/>\n<meta property=\"og:locale\" content=\"fr_FR\" \/>\n<meta property=\"og:type\" content=\"article\" \/>\n<meta property=\"og:title\" content=\"Eye care eyeliner waterproof 2,5g - pharmadreams\" \/>\n<meta property=\"og:description\" content=\"Un regard intense, voil\u00e0 ce que promet l&#039;eyeliner waterproof. Sa formule innovante, extra pigment\u00e9e, longue dur\u00e9e et waterproof clarifie votre regard en un clin d&#039;\u0153il. La pointe fine de l&#039;applicateur permet de tracer rapidement et facilement des lignes fines ou \u00e9paisses. Cet eye-liner r\u00e9sistant \u00e0 l&#039;eau est id\u00e9al pour les d\u00e9butants. Les quatre couleurs intenses s\u00e8chent rapidement, donnent de la profondeur et subliment votre look. L&#039;eyeliner waterproof ne coule pas, ne s&#039;estompe pas et tient toute la journ\u00e9e.\" \/>\n<meta property=\"og:url\" content=\"https:\/\/pharmadreams.shop\/index.php\/product\/eye-care-eyeliner-waterproof-25g\/\" \/>\n<meta property=\"og:site_name\" content=\"pharmadreams\" \/>\n<meta property=\"article:modified_time\" content=\"2023-12-19T18:39:58+00:00\" \/>\n<meta property=\"og:image\" content=\"https:\/\/pharmadreams.shop\/wp-content\/uploads\/2023\/12\/Sans-titre-14-1.png\" \/>\n\t<meta property=\"og:image:width\" content=\"1152\" \/>\n\t<meta property=\"og:image:height\" content=\"1248\" \/>\n\t<meta property=\"og:image:type\" content=\"image\/png\" \/>\n<meta name=\"twitter:card\" content=\"summary_large_image\" \/>\n<script type=\"application\/ld+json\" class=\"yoast-schema-graph\">{\"@context\":\"https:\/\/schema.org\",\"@graph\":[{\"@type\":\"WebPage\",\"@id\":\"https:\/\/pharmadreams.shop\/index.php\/product\/eye-care-eyeliner-waterproof-25g\/\",\"url\":\"https:\/\/pharmadreams.shop\/index.php\/product\/eye-care-eyeliner-waterproof-25g\/\",\"name\":\"Eye care eyeliner waterproof 2,5g - pharmadreams\",\"isPartOf\":{\"@id\":\"https:\/\/pharmadreams.shop\/#website\"},\"primaryImageOfPage\":{\"@id\":\"https:\/\/pharmadreams.shop\/index.php\/product\/eye-care-eyeliner-waterproof-25g\/#primaryimage\"},\"image\":{\"@id\":\"https:\/\/pharmadreams.shop\/index.php\/product\/eye-care-eyeliner-waterproof-25g\/#primaryimage\"},\"thumbnailUrl\":\"https:\/\/pharmadreams.shop\/wp-content\/uploads\/2023\/12\/Sans-titre-14-1.png\",\"datePublished\":\"2023-12-19T18:39:02+00:00\",\"dateModified\":\"2023-12-19T18:39:58+00:00\",\"breadcrumb\":{\"@id\":\"https:\/\/pharmadreams.shop\/index.php\/product\/eye-care-eyeliner-waterproof-25g\/#breadcrumb\"},\"inLanguage\":\"fr-FR\",\"potentialAction\":[{\"@type\":\"ReadAction\",\"target\":[\"https:\/\/pharmadreams.shop\/index.php\/product\/eye-care-eyeliner-waterproof-25g\/\"]}]},{\"@type\":\"ImageObject\",\"inLanguage\":\"fr-FR\",\"@id\":\"https:\/\/pharmadreams.shop\/index.php\/product\/eye-care-eyeliner-waterproof-25g\/#primaryimage\",\"url\":\"https:\/\/pharmadreams.shop\/wp-content\/uploads\/2023\/12\/Sans-titre-14-1.png\",\"contentUrl\":\"https:\/\/pharmadreams.shop\/wp-content\/uploads\/2023\/12\/Sans-titre-14-1.png\",\"width\":1152,\"height\":1248},{\"@type\":\"BreadcrumbList\",\"@id\":\"https:\/\/pharmadreams.shop\/index.php\/product\/eye-care-eyeliner-waterproof-25g\/#breadcrumb\",\"itemListElement\":[{\"@type\":\"ListItem\",\"position\":1,\"name\":\"Accueil\",\"item\":\"https:\/\/pharmadreams.shop\/\"},{\"@type\":\"ListItem\",\"position\":2,\"name\":\"Shop\",\"item\":\"https:\/\/pharmadreams.shop\/index.php\/shop\/\"},{\"@type\":\"ListItem\",\"position\":3,\"name\":\"Eye care eyeliner waterproof 2,5g\"}]},{\"@type\":\"WebSite\",\"@id\":\"https:\/\/pharmadreams.shop\/#website\",\"url\":\"https:\/\/pharmadreams.shop\/\",\"name\":\"pharmadreams\",\"description\":\"Parapharmacie en ligne\",\"potentialAction\":[{\"@type\":\"SearchAction\",\"target\":{\"@type\":\"EntryPoint\",\"urlTemplate\":\"https:\/\/pharmadreams.shop\/?s={search_term_string}\"},\"query-input\":\"required name=search_term_string\"}],\"inLanguage\":\"fr-FR\"}]}<\/script>\n<!-- \/ Yoast SEO plugin. -->","yoast_head_json":{"title":"Eye care eyeliner waterproof 2,5g - pharmadreams","robots":{"index":"index","follow":"follow","max-snippet":"max-snippet:-1","max-image-preview":"max-image-preview:large","max-video-preview":"max-video-preview:-1"},"canonical":"https:\/\/pharmadreams.shop\/index.php\/product\/eye-care-eyeliner-waterproof-25g\/","og_locale":"fr_FR","og_type":"article","og_title":"Eye care eyeliner waterproof 2,5g - pharmadreams","og_description":"Un regard intense, voil\u00e0 ce que promet l'eyeliner waterproof. Sa formule innovante, extra pigment\u00e9e, longue dur\u00e9e et waterproof clarifie votre regard en un clin d'\u0153il. La pointe fine de l'applicateur permet de tracer rapidement et facilement des lignes fines ou \u00e9paisses. Cet eye-liner r\u00e9sistant \u00e0 l'eau est id\u00e9al pour les d\u00e9butants. Les quatre couleurs intenses s\u00e8chent rapidement, donnent de la profondeur et subliment votre look. L'eyeliner waterproof ne coule pas, ne s'estompe pas et tient toute la journ\u00e9e.","og_url":"https:\/\/pharmadreams.shop\/index.php\/product\/eye-care-eyeliner-waterproof-25g\/","og_site_name":"pharmadreams","article_modified_time":"2023-12-19T18:39:58+00:00","og_image":[{"width":1152,"height":1248,"url":"https:\/\/pharmadreams.shop\/wp-content\/uploads\/2023\/12\/Sans-titre-14-1.png","type":"image\/png"}],"twitter_card":"summary_large_image","schema":{"@context":"https:\/\/schema.org","@graph":[{"@type":"WebPage","@id":"https:\/\/pharmadreams.shop\/index.php\/product\/eye-care-eyeliner-waterproof-25g\/","url":"https:\/\/pharmadreams.shop\/index.php\/product\/eye-care-eyeliner-waterproof-25g\/","name":"Eye care eyeliner waterproof 2,5g - pharmadreams","isPartOf":{"@id":"https:\/\/pharmadreams.shop\/#website"},"primaryImageOfPage":{"@id":"https:\/\/pharmadreams.shop\/index.php\/product\/eye-care-eyeliner-waterproof-25g\/#primaryimage"},"image":{"@id":"https:\/\/pharmadreams.shop\/index.php\/product\/eye-care-eyeliner-waterproof-25g\/#primaryimage"},"thumbnailUrl":"https:\/\/pharmadreams.shop\/wp-content\/uploads\/2023\/12\/Sans-titre-14-1.png","datePublished":"2023-12-19T18:39:02+00:00","dateModified":"2023-12-19T18:39:58+00:00","breadcrumb":{"@id":"https:\/\/pharmadreams.shop\/index.php\/product\/eye-care-eyeliner-waterproof-25g\/#breadcrumb"},"inLanguage":"fr-FR","potentialAction":[{"@type":"ReadAction","target":["https:\/\/pharmadreams.shop\/index.php\/product\/eye-care-eyeliner-waterproof-25g\/"]}]},{"@type":"ImageObject","inLanguage":"fr-FR","@id":"https:\/\/pharmadreams.shop\/index.php\/product\/eye-care-eyeliner-waterproof-25g\/#primaryimage","url":"https:\/\/pharmadreams.shop\/wp-content\/uploads\/2023\/12\/Sans-titre-14-1.png","contentUrl":"https:\/\/pharmadreams.shop\/wp-content\/uploads\/2023\/12\/Sans-titre-14-1.png","width":1152,"height":1248},{"@type":"BreadcrumbList","@id":"https:\/\/pharmadreams.shop\/index.php\/product\/eye-care-eyeliner-waterproof-25g\/#breadcrumb","itemListElement":[{"@type":"ListItem","position":1,"name":"Accueil","item":"https:\/\/pharmadreams.shop\/"},{"@type":"ListItem","position":2,"name":"Shop","item":"https:\/\/pharmadreams.shop\/index.php\/shop\/"},{"@type":"ListItem","position":3,"name":"Eye care eyeliner waterproof 2,5g"}]},{"@type":"WebSite","@id":"https:\/\/pharmadreams.shop\/#website","url":"https:\/\/pharmadreams.shop\/","name":"pharmadreams","description":"Parapharmacie en ligne","potentialAction":[{"@type":"SearchAction","target":{"@type":"EntryPoint","urlTemplate":"https:\/\/pharmadreams.shop\/?s={search_term_string}"},"query-input":"required name=search_term_string"}],"inLanguage":"fr-FR"}]}},"_links":{"self":[{"href":"https:\/\/pharmadreams.shop\/index.php\/wp-json\/wp\/v2\/product\/16861","targetHints":{"allow":["GET"]}}],"collection":[{"href":"https:\/\/pharmadreams.shop\/index.php\/wp-json\/wp\/v2\/product"}],"about":[{"href":"https:\/\/pharmadreams.shop\/index.php\/wp-json\/wp\/v2\/types\/product"}],"replies":[{"embeddable":true,"href":"https:\/\/pharmadreams.shop\/index.php\/wp-json\/wp\/v2\/comments?post=16861"}],"version-history":[{"count":0,"href":"https:\/\/pharmadreams.shop\/index.php\/wp-json\/wp\/v2\/product\/16861\/revisions"}],"wp:featuredmedia":[{"embeddable":true,"href":"https:\/\/pharmadreams.shop\/index.php\/wp-json\/wp\/v2\/media\/16929"}],"wp:attachment":[{"href":"https:\/\/pharmadreams.shop\/index.php\/wp-json\/wp\/v2\/media?parent=16861"}],"wp:term":[{"taxonomy":"product_brand","embeddable":true,"href":"https:\/\/pharmadreams.shop\/index.php\/wp-json\/wp\/v2\/product_brand?post=16861"},{"taxonomy":"product_cat","embeddable":true,"href":"https:\/\/pharmadreams.shop\/index.php\/wp-json\/wp\/v2\/product_cat?post=16861"},{"taxonomy":"product_tag","embeddable":true,"href":"https:\/\/pharmadreams.shop\/index.php\/wp-json\/wp\/v2\/product_tag?post=16861"}],"curies":[{"name":"wp","href":"https:\/\/api.w.org\/{rel}","templated":true}]}}