{"id":16863,"date":"2023-12-19T19:39:02","date_gmt":"2023-12-19T18:39:02","guid":{"rendered":"https:\/\/venuspara.com\/?post_type=product&#038;p=16863"},"modified":"2023-12-19T19:40:01","modified_gmt":"2023-12-19T18:40:01","slug":"eye-care-vernis-soin-fortifiant-lissant-8ml","status":"publish","type":"product","link":"https:\/\/pharmadreams.shop\/index.php\/product\/eye-care-vernis-soin-fortifiant-lissant-8ml\/","title":{"rendered":"Eye care vernis soin fortifiant lissant 8ml"},"content":{"rendered":"","protected":false},"excerpt":{"rendered":"<p>Ce vernis permet de lisser et fortifier les ongles stri\u00e9s.<\/p>\n<p>Vernis haute tol\u00e9rance pour les personnes aux ongles fragiles, cassants, sensibles ou allergiques.<\/p>\n<p>Souvent utilis\u00e9 comme base fortifiante avant la pose du vernis.<\/p>\n<p>Flacon de 8 ml<\/p>\n","protected":false},"featured_media":16933,"comment_status":"open","ping_status":"closed","template":"","meta":[],"product_brand":[],"product_cat":[272],"product_tag":[],"class_list":{"0":"post-16863","1":"product","2":"type-product","3":"status-publish","4":"has-post-thumbnail","6":"product_cat-vernis","8":"first","9":"instock","10":"shipping-taxable","11":"purchasable","12":"product-type-simple"},"yoast_head":"<!-- This site is optimized with the Yoast SEO plugin v23.0 - https:\/\/yoast.com\/wordpress\/plugins\/seo\/ -->\n<title>Eye care vernis soin fortifiant lissant 8ml - pharmadreams<\/title>\n<meta name=\"robots\" content=\"index, follow, max-snippet:-1, max-image-preview:large, max-video-preview:-1\" \/>\n<link rel=\"canonical\" href=\"https:\/\/pharmadreams.shop\/index.php\/product\/eye-care-vernis-soin-fortifiant-lissant-8ml\/\" \/>\n<meta property=\"og:locale\" content=\"fr_FR\" \/>\n<meta property=\"og:type\" content=\"article\" \/>\n<meta property=\"og:title\" content=\"Eye care vernis soin fortifiant lissant 8ml - pharmadreams\" \/>\n<meta property=\"og:description\" content=\"Ce vernis permet de lisser et fortifier les ongles stri\u00e9s.  Vernis haute tol\u00e9rance pour les personnes aux ongles fragiles, cassants, sensibles ou allergiques.  Souvent utilis\u00e9 comme base fortifiante avant la pose du vernis.  Flacon de 8 ml\" \/>\n<meta property=\"og:url\" content=\"https:\/\/pharmadreams.shop\/index.php\/product\/eye-care-vernis-soin-fortifiant-lissant-8ml\/\" \/>\n<meta property=\"og:site_name\" content=\"pharmadreams\" \/>\n<meta property=\"article:modified_time\" content=\"2023-12-19T18:40:01+00:00\" \/>\n<meta property=\"og:image\" content=\"https:\/\/pharmadreams.shop\/wp-content\/uploads\/2023\/12\/Sans-titre-16-1.png\" \/>\n\t<meta property=\"og:image:width\" content=\"784\" \/>\n\t<meta property=\"og:image:height\" content=\"672\" \/>\n\t<meta property=\"og:image:type\" content=\"image\/png\" \/>\n<meta name=\"twitter:card\" content=\"summary_large_image\" \/>\n<script type=\"application\/ld+json\" class=\"yoast-schema-graph\">{\"@context\":\"https:\/\/schema.org\",\"@graph\":[{\"@type\":\"WebPage\",\"@id\":\"https:\/\/pharmadreams.shop\/index.php\/product\/eye-care-vernis-soin-fortifiant-lissant-8ml\/\",\"url\":\"https:\/\/pharmadreams.shop\/index.php\/product\/eye-care-vernis-soin-fortifiant-lissant-8ml\/\",\"name\":\"Eye care vernis soin fortifiant lissant 8ml - pharmadreams\",\"isPartOf\":{\"@id\":\"https:\/\/pharmadreams.shop\/#website\"},\"primaryImageOfPage\":{\"@id\":\"https:\/\/pharmadreams.shop\/index.php\/product\/eye-care-vernis-soin-fortifiant-lissant-8ml\/#primaryimage\"},\"image\":{\"@id\":\"https:\/\/pharmadreams.shop\/index.php\/product\/eye-care-vernis-soin-fortifiant-lissant-8ml\/#primaryimage\"},\"thumbnailUrl\":\"https:\/\/pharmadreams.shop\/wp-content\/uploads\/2023\/12\/Sans-titre-16-1.png\",\"datePublished\":\"2023-12-19T18:39:02+00:00\",\"dateModified\":\"2023-12-19T18:40:01+00:00\",\"breadcrumb\":{\"@id\":\"https:\/\/pharmadreams.shop\/index.php\/product\/eye-care-vernis-soin-fortifiant-lissant-8ml\/#breadcrumb\"},\"inLanguage\":\"fr-FR\",\"potentialAction\":[{\"@type\":\"ReadAction\",\"target\":[\"https:\/\/pharmadreams.shop\/index.php\/product\/eye-care-vernis-soin-fortifiant-lissant-8ml\/\"]}]},{\"@type\":\"ImageObject\",\"inLanguage\":\"fr-FR\",\"@id\":\"https:\/\/pharmadreams.shop\/index.php\/product\/eye-care-vernis-soin-fortifiant-lissant-8ml\/#primaryimage\",\"url\":\"https:\/\/pharmadreams.shop\/wp-content\/uploads\/2023\/12\/Sans-titre-16-1.png\",\"contentUrl\":\"https:\/\/pharmadreams.shop\/wp-content\/uploads\/2023\/12\/Sans-titre-16-1.png\",\"width\":784,\"height\":672},{\"@type\":\"BreadcrumbList\",\"@id\":\"https:\/\/pharmadreams.shop\/index.php\/product\/eye-care-vernis-soin-fortifiant-lissant-8ml\/#breadcrumb\",\"itemListElement\":[{\"@type\":\"ListItem\",\"position\":1,\"name\":\"Accueil\",\"item\":\"https:\/\/pharmadreams.shop\/\"},{\"@type\":\"ListItem\",\"position\":2,\"name\":\"Shop\",\"item\":\"https:\/\/pharmadreams.shop\/index.php\/shop\/\"},{\"@type\":\"ListItem\",\"position\":3,\"name\":\"Eye care vernis soin fortifiant lissant 8ml\"}]},{\"@type\":\"WebSite\",\"@id\":\"https:\/\/pharmadreams.shop\/#website\",\"url\":\"https:\/\/pharmadreams.shop\/\",\"name\":\"pharmadreams\",\"description\":\"Parapharmacie en ligne\",\"potentialAction\":[{\"@type\":\"SearchAction\",\"target\":{\"@type\":\"EntryPoint\",\"urlTemplate\":\"https:\/\/pharmadreams.shop\/?s={search_term_string}\"},\"query-input\":\"required name=search_term_string\"}],\"inLanguage\":\"fr-FR\"}]}<\/script>\n<!-- \/ Yoast SEO plugin. -->","yoast_head_json":{"title":"Eye care vernis soin fortifiant lissant 8ml - pharmadreams","robots":{"index":"index","follow":"follow","max-snippet":"max-snippet:-1","max-image-preview":"max-image-preview:large","max-video-preview":"max-video-preview:-1"},"canonical":"https:\/\/pharmadreams.shop\/index.php\/product\/eye-care-vernis-soin-fortifiant-lissant-8ml\/","og_locale":"fr_FR","og_type":"article","og_title":"Eye care vernis soin fortifiant lissant 8ml - pharmadreams","og_description":"Ce vernis permet de lisser et fortifier les ongles stri\u00e9s.  Vernis haute tol\u00e9rance pour les personnes aux ongles fragiles, cassants, sensibles ou allergiques.  Souvent utilis\u00e9 comme base fortifiante avant la pose du vernis.  Flacon de 8 ml","og_url":"https:\/\/pharmadreams.shop\/index.php\/product\/eye-care-vernis-soin-fortifiant-lissant-8ml\/","og_site_name":"pharmadreams","article_modified_time":"2023-12-19T18:40:01+00:00","og_image":[{"width":784,"height":672,"url":"https:\/\/pharmadreams.shop\/wp-content\/uploads\/2023\/12\/Sans-titre-16-1.png","type":"image\/png"}],"twitter_card":"summary_large_image","schema":{"@context":"https:\/\/schema.org","@graph":[{"@type":"WebPage","@id":"https:\/\/pharmadreams.shop\/index.php\/product\/eye-care-vernis-soin-fortifiant-lissant-8ml\/","url":"https:\/\/pharmadreams.shop\/index.php\/product\/eye-care-vernis-soin-fortifiant-lissant-8ml\/","name":"Eye care vernis soin fortifiant lissant 8ml - pharmadreams","isPartOf":{"@id":"https:\/\/pharmadreams.shop\/#website"},"primaryImageOfPage":{"@id":"https:\/\/pharmadreams.shop\/index.php\/product\/eye-care-vernis-soin-fortifiant-lissant-8ml\/#primaryimage"},"image":{"@id":"https:\/\/pharmadreams.shop\/index.php\/product\/eye-care-vernis-soin-fortifiant-lissant-8ml\/#primaryimage"},"thumbnailUrl":"https:\/\/pharmadreams.shop\/wp-content\/uploads\/2023\/12\/Sans-titre-16-1.png","datePublished":"2023-12-19T18:39:02+00:00","dateModified":"2023-12-19T18:40:01+00:00","breadcrumb":{"@id":"https:\/\/pharmadreams.shop\/index.php\/product\/eye-care-vernis-soin-fortifiant-lissant-8ml\/#breadcrumb"},"inLanguage":"fr-FR","potentialAction":[{"@type":"ReadAction","target":["https:\/\/pharmadreams.shop\/index.php\/product\/eye-care-vernis-soin-fortifiant-lissant-8ml\/"]}]},{"@type":"ImageObject","inLanguage":"fr-FR","@id":"https:\/\/pharmadreams.shop\/index.php\/product\/eye-care-vernis-soin-fortifiant-lissant-8ml\/#primaryimage","url":"https:\/\/pharmadreams.shop\/wp-content\/uploads\/2023\/12\/Sans-titre-16-1.png","contentUrl":"https:\/\/pharmadreams.shop\/wp-content\/uploads\/2023\/12\/Sans-titre-16-1.png","width":784,"height":672},{"@type":"BreadcrumbList","@id":"https:\/\/pharmadreams.shop\/index.php\/product\/eye-care-vernis-soin-fortifiant-lissant-8ml\/#breadcrumb","itemListElement":[{"@type":"ListItem","position":1,"name":"Accueil","item":"https:\/\/pharmadreams.shop\/"},{"@type":"ListItem","position":2,"name":"Shop","item":"https:\/\/pharmadreams.shop\/index.php\/shop\/"},{"@type":"ListItem","position":3,"name":"Eye care vernis soin fortifiant lissant 8ml"}]},{"@type":"WebSite","@id":"https:\/\/pharmadreams.shop\/#website","url":"https:\/\/pharmadreams.shop\/","name":"pharmadreams","description":"Parapharmacie en ligne","potentialAction":[{"@type":"SearchAction","target":{"@type":"EntryPoint","urlTemplate":"https:\/\/pharmadreams.shop\/?s={search_term_string}"},"query-input":"required name=search_term_string"}],"inLanguage":"fr-FR"}]}},"_links":{"self":[{"href":"https:\/\/pharmadreams.shop\/index.php\/wp-json\/wp\/v2\/product\/16863","targetHints":{"allow":["GET"]}}],"collection":[{"href":"https:\/\/pharmadreams.shop\/index.php\/wp-json\/wp\/v2\/product"}],"about":[{"href":"https:\/\/pharmadreams.shop\/index.php\/wp-json\/wp\/v2\/types\/product"}],"replies":[{"embeddable":true,"href":"https:\/\/pharmadreams.shop\/index.php\/wp-json\/wp\/v2\/comments?post=16863"}],"version-history":[{"count":0,"href":"https:\/\/pharmadreams.shop\/index.php\/wp-json\/wp\/v2\/product\/16863\/revisions"}],"wp:featuredmedia":[{"embeddable":true,"href":"https:\/\/pharmadreams.shop\/index.php\/wp-json\/wp\/v2\/media\/16933"}],"wp:attachment":[{"href":"https:\/\/pharmadreams.shop\/index.php\/wp-json\/wp\/v2\/media?parent=16863"}],"wp:term":[{"taxonomy":"product_brand","embeddable":true,"href":"https:\/\/pharmadreams.shop\/index.php\/wp-json\/wp\/v2\/product_brand?post=16863"},{"taxonomy":"product_cat","embeddable":true,"href":"https:\/\/pharmadreams.shop\/index.php\/wp-json\/wp\/v2\/product_cat?post=16863"},{"taxonomy":"product_tag","embeddable":true,"href":"https:\/\/pharmadreams.shop\/index.php\/wp-json\/wp\/v2\/product_tag?post=16863"}],"curies":[{"name":"wp","href":"https:\/\/api.w.org\/{rel}","templated":true}]}}