{"id":16864,"date":"2023-12-19T19:39:03","date_gmt":"2023-12-19T18:39:03","guid":{"rendered":"https:\/\/venuspara.com\/?post_type=product&#038;p=16864"},"modified":"2023-12-19T19:40:02","modified_gmt":"2023-12-19T18:40:02","slug":"lirene-magnolia-creme-mains-15-75ml","status":"publish","type":"product","link":"https:\/\/pharmadreams.shop\/index.php\/product\/lirene-magnolia-creme-mains-15-75ml\/","title":{"rendered":"Lirene magnolia cr\u00e8me mains 15% 75ml"},"content":{"rendered":"<p>&nbsp;<\/p>\n<p>&nbsp;<\/p>\n","protected":false},"excerpt":{"rendered":"<p>La cr\u00e8me mains et ongles hydratante en profondeur est destin\u00e9e aux peaux s\u00e8ches et rugueuses des mains qui ont besoin d&rsquo;une alimentation quotidienne. Une formule huileuse avec un complexe hydratant \u00e0 15% fournit une hydratation intense pour la peau rugueuse, la rendant plus douce et visiblement nourrie.<\/p>\n<p>Les cr\u00e8mes pour les mains Lirene hydratent, r\u00e9g\u00e9n\u00e8rent et apportent un soin optimal aux peaux ab\u00eem\u00e9es des mains.<\/p>\n<p>Riche en principes actifs, les formules am\u00e9liorent visiblement l&rsquo;\u00e9tat de la peau pour donner \u00e0 vos mains douceur et brillance naturelle et saine, les rendant douces et douces au toucher<\/p>\n","protected":false},"featured_media":16935,"comment_status":"open","ping_status":"closed","template":"","meta":[],"product_brand":[],"product_cat":[78,98,81],"product_tag":[],"class_list":{"0":"post-16864","1":"product","2":"type-product","3":"status-publish","4":"has-post-thumbnail","6":"product_cat-cremes","7":"product_cat-hydratation","8":"product_cat-soins-hydratants","10":"first","11":"instock","12":"shipping-taxable","13":"purchasable","14":"product-type-simple"},"yoast_head":"<!-- This site is optimized with the Yoast SEO plugin v23.0 - https:\/\/yoast.com\/wordpress\/plugins\/seo\/ -->\n<title>Lirene magnolia cr\u00e8me mains 15% 75ml - pharmadreams<\/title>\n<meta name=\"robots\" content=\"index, follow, max-snippet:-1, max-image-preview:large, max-video-preview:-1\" \/>\n<link rel=\"canonical\" href=\"https:\/\/pharmadreams.shop\/index.php\/product\/lirene-magnolia-creme-mains-15-75ml\/\" \/>\n<meta property=\"og:locale\" content=\"fr_FR\" \/>\n<meta property=\"og:type\" content=\"article\" \/>\n<meta property=\"og:title\" content=\"Lirene magnolia cr\u00e8me mains 15% 75ml - pharmadreams\" \/>\n<meta property=\"og:description\" content=\"La cr\u00e8me mains et ongles hydratante en profondeur est destin\u00e9e aux peaux s\u00e8ches et rugueuses des mains qui ont besoin d&#039;une alimentation quotidienne. Une formule huileuse avec un complexe hydratant \u00e0 15% fournit une hydratation intense pour la peau rugueuse, la rendant plus douce et visiblement nourrie.  Les cr\u00e8mes pour les mains Lirene hydratent, r\u00e9g\u00e9n\u00e8rent et apportent un soin optimal aux peaux ab\u00eem\u00e9es des mains.  Riche en principes actifs, les formules am\u00e9liorent visiblement l&#039;\u00e9tat de la peau pour donner \u00e0 vos mains douceur et brillance naturelle et saine, les rendant douces et douces au toucher\" \/>\n<meta property=\"og:url\" content=\"https:\/\/pharmadreams.shop\/index.php\/product\/lirene-magnolia-creme-mains-15-75ml\/\" \/>\n<meta property=\"og:site_name\" content=\"pharmadreams\" \/>\n<meta property=\"article:modified_time\" content=\"2023-12-19T18:40:02+00:00\" \/>\n<meta property=\"og:image\" content=\"https:\/\/pharmadreams.shop\/wp-content\/uploads\/2023\/12\/Sans-titre-17.png\" \/>\n\t<meta property=\"og:image:width\" content=\"680\" \/>\n\t<meta property=\"og:image:height\" content=\"704\" \/>\n\t<meta property=\"og:image:type\" content=\"image\/png\" \/>\n<meta name=\"twitter:card\" content=\"summary_large_image\" \/>\n<script type=\"application\/ld+json\" class=\"yoast-schema-graph\">{\"@context\":\"https:\/\/schema.org\",\"@graph\":[{\"@type\":\"WebPage\",\"@id\":\"https:\/\/pharmadreams.shop\/index.php\/product\/lirene-magnolia-creme-mains-15-75ml\/\",\"url\":\"https:\/\/pharmadreams.shop\/index.php\/product\/lirene-magnolia-creme-mains-15-75ml\/\",\"name\":\"Lirene magnolia cr\u00e8me mains 15% 75ml - pharmadreams\",\"isPartOf\":{\"@id\":\"https:\/\/pharmadreams.shop\/#website\"},\"primaryImageOfPage\":{\"@id\":\"https:\/\/pharmadreams.shop\/index.php\/product\/lirene-magnolia-creme-mains-15-75ml\/#primaryimage\"},\"image\":{\"@id\":\"https:\/\/pharmadreams.shop\/index.php\/product\/lirene-magnolia-creme-mains-15-75ml\/#primaryimage\"},\"thumbnailUrl\":\"https:\/\/pharmadreams.shop\/wp-content\/uploads\/2023\/12\/Sans-titre-17.png\",\"datePublished\":\"2023-12-19T18:39:03+00:00\",\"dateModified\":\"2023-12-19T18:40:02+00:00\",\"breadcrumb\":{\"@id\":\"https:\/\/pharmadreams.shop\/index.php\/product\/lirene-magnolia-creme-mains-15-75ml\/#breadcrumb\"},\"inLanguage\":\"fr-FR\",\"potentialAction\":[{\"@type\":\"ReadAction\",\"target\":[\"https:\/\/pharmadreams.shop\/index.php\/product\/lirene-magnolia-creme-mains-15-75ml\/\"]}]},{\"@type\":\"ImageObject\",\"inLanguage\":\"fr-FR\",\"@id\":\"https:\/\/pharmadreams.shop\/index.php\/product\/lirene-magnolia-creme-mains-15-75ml\/#primaryimage\",\"url\":\"https:\/\/pharmadreams.shop\/wp-content\/uploads\/2023\/12\/Sans-titre-17.png\",\"contentUrl\":\"https:\/\/pharmadreams.shop\/wp-content\/uploads\/2023\/12\/Sans-titre-17.png\",\"width\":680,\"height\":704},{\"@type\":\"BreadcrumbList\",\"@id\":\"https:\/\/pharmadreams.shop\/index.php\/product\/lirene-magnolia-creme-mains-15-75ml\/#breadcrumb\",\"itemListElement\":[{\"@type\":\"ListItem\",\"position\":1,\"name\":\"Accueil\",\"item\":\"https:\/\/pharmadreams.shop\/\"},{\"@type\":\"ListItem\",\"position\":2,\"name\":\"Shop\",\"item\":\"https:\/\/pharmadreams.shop\/index.php\/shop\/\"},{\"@type\":\"ListItem\",\"position\":3,\"name\":\"Lirene magnolia cr\u00e8me mains 15% 75ml\"}]},{\"@type\":\"WebSite\",\"@id\":\"https:\/\/pharmadreams.shop\/#website\",\"url\":\"https:\/\/pharmadreams.shop\/\",\"name\":\"pharmadreams\",\"description\":\"Parapharmacie en ligne\",\"potentialAction\":[{\"@type\":\"SearchAction\",\"target\":{\"@type\":\"EntryPoint\",\"urlTemplate\":\"https:\/\/pharmadreams.shop\/?s={search_term_string}\"},\"query-input\":\"required name=search_term_string\"}],\"inLanguage\":\"fr-FR\"}]}<\/script>\n<!-- \/ Yoast SEO plugin. -->","yoast_head_json":{"title":"Lirene magnolia cr\u00e8me mains 15% 75ml - pharmadreams","robots":{"index":"index","follow":"follow","max-snippet":"max-snippet:-1","max-image-preview":"max-image-preview:large","max-video-preview":"max-video-preview:-1"},"canonical":"https:\/\/pharmadreams.shop\/index.php\/product\/lirene-magnolia-creme-mains-15-75ml\/","og_locale":"fr_FR","og_type":"article","og_title":"Lirene magnolia cr\u00e8me mains 15% 75ml - pharmadreams","og_description":"La cr\u00e8me mains et ongles hydratante en profondeur est destin\u00e9e aux peaux s\u00e8ches et rugueuses des mains qui ont besoin d'une alimentation quotidienne. Une formule huileuse avec un complexe hydratant \u00e0 15% fournit une hydratation intense pour la peau rugueuse, la rendant plus douce et visiblement nourrie.  Les cr\u00e8mes pour les mains Lirene hydratent, r\u00e9g\u00e9n\u00e8rent et apportent un soin optimal aux peaux ab\u00eem\u00e9es des mains.  Riche en principes actifs, les formules am\u00e9liorent visiblement l'\u00e9tat de la peau pour donner \u00e0 vos mains douceur et brillance naturelle et saine, les rendant douces et douces au toucher","og_url":"https:\/\/pharmadreams.shop\/index.php\/product\/lirene-magnolia-creme-mains-15-75ml\/","og_site_name":"pharmadreams","article_modified_time":"2023-12-19T18:40:02+00:00","og_image":[{"width":680,"height":704,"url":"https:\/\/pharmadreams.shop\/wp-content\/uploads\/2023\/12\/Sans-titre-17.png","type":"image\/png"}],"twitter_card":"summary_large_image","schema":{"@context":"https:\/\/schema.org","@graph":[{"@type":"WebPage","@id":"https:\/\/pharmadreams.shop\/index.php\/product\/lirene-magnolia-creme-mains-15-75ml\/","url":"https:\/\/pharmadreams.shop\/index.php\/product\/lirene-magnolia-creme-mains-15-75ml\/","name":"Lirene magnolia cr\u00e8me mains 15% 75ml - pharmadreams","isPartOf":{"@id":"https:\/\/pharmadreams.shop\/#website"},"primaryImageOfPage":{"@id":"https:\/\/pharmadreams.shop\/index.php\/product\/lirene-magnolia-creme-mains-15-75ml\/#primaryimage"},"image":{"@id":"https:\/\/pharmadreams.shop\/index.php\/product\/lirene-magnolia-creme-mains-15-75ml\/#primaryimage"},"thumbnailUrl":"https:\/\/pharmadreams.shop\/wp-content\/uploads\/2023\/12\/Sans-titre-17.png","datePublished":"2023-12-19T18:39:03+00:00","dateModified":"2023-12-19T18:40:02+00:00","breadcrumb":{"@id":"https:\/\/pharmadreams.shop\/index.php\/product\/lirene-magnolia-creme-mains-15-75ml\/#breadcrumb"},"inLanguage":"fr-FR","potentialAction":[{"@type":"ReadAction","target":["https:\/\/pharmadreams.shop\/index.php\/product\/lirene-magnolia-creme-mains-15-75ml\/"]}]},{"@type":"ImageObject","inLanguage":"fr-FR","@id":"https:\/\/pharmadreams.shop\/index.php\/product\/lirene-magnolia-creme-mains-15-75ml\/#primaryimage","url":"https:\/\/pharmadreams.shop\/wp-content\/uploads\/2023\/12\/Sans-titre-17.png","contentUrl":"https:\/\/pharmadreams.shop\/wp-content\/uploads\/2023\/12\/Sans-titre-17.png","width":680,"height":704},{"@type":"BreadcrumbList","@id":"https:\/\/pharmadreams.shop\/index.php\/product\/lirene-magnolia-creme-mains-15-75ml\/#breadcrumb","itemListElement":[{"@type":"ListItem","position":1,"name":"Accueil","item":"https:\/\/pharmadreams.shop\/"},{"@type":"ListItem","position":2,"name":"Shop","item":"https:\/\/pharmadreams.shop\/index.php\/shop\/"},{"@type":"ListItem","position":3,"name":"Lirene magnolia cr\u00e8me mains 15% 75ml"}]},{"@type":"WebSite","@id":"https:\/\/pharmadreams.shop\/#website","url":"https:\/\/pharmadreams.shop\/","name":"pharmadreams","description":"Parapharmacie en ligne","potentialAction":[{"@type":"SearchAction","target":{"@type":"EntryPoint","urlTemplate":"https:\/\/pharmadreams.shop\/?s={search_term_string}"},"query-input":"required name=search_term_string"}],"inLanguage":"fr-FR"}]}},"_links":{"self":[{"href":"https:\/\/pharmadreams.shop\/index.php\/wp-json\/wp\/v2\/product\/16864","targetHints":{"allow":["GET"]}}],"collection":[{"href":"https:\/\/pharmadreams.shop\/index.php\/wp-json\/wp\/v2\/product"}],"about":[{"href":"https:\/\/pharmadreams.shop\/index.php\/wp-json\/wp\/v2\/types\/product"}],"replies":[{"embeddable":true,"href":"https:\/\/pharmadreams.shop\/index.php\/wp-json\/wp\/v2\/comments?post=16864"}],"version-history":[{"count":0,"href":"https:\/\/pharmadreams.shop\/index.php\/wp-json\/wp\/v2\/product\/16864\/revisions"}],"wp:featuredmedia":[{"embeddable":true,"href":"https:\/\/pharmadreams.shop\/index.php\/wp-json\/wp\/v2\/media\/16935"}],"wp:attachment":[{"href":"https:\/\/pharmadreams.shop\/index.php\/wp-json\/wp\/v2\/media?parent=16864"}],"wp:term":[{"taxonomy":"product_brand","embeddable":true,"href":"https:\/\/pharmadreams.shop\/index.php\/wp-json\/wp\/v2\/product_brand?post=16864"},{"taxonomy":"product_cat","embeddable":true,"href":"https:\/\/pharmadreams.shop\/index.php\/wp-json\/wp\/v2\/product_cat?post=16864"},{"taxonomy":"product_tag","embeddable":true,"href":"https:\/\/pharmadreams.shop\/index.php\/wp-json\/wp\/v2\/product_tag?post=16864"}],"curies":[{"name":"wp","href":"https:\/\/api.w.org\/{rel}","templated":true}]}}