{"id":16866,"date":"2023-12-19T19:39:03","date_gmt":"2023-12-19T18:39:03","guid":{"rendered":"https:\/\/venuspara.com\/?post_type=product&#038;p=16866"},"modified":"2023-12-19T19:40:06","modified_gmt":"2023-12-19T18:40:06","slug":"natnove-bio-shampoing-hydratant-cheveux-deshydrates-250ml","status":"publish","type":"product","link":"https:\/\/pharmadreams.shop\/index.php\/product\/natnove-bio-shampoing-hydratant-cheveux-deshydrates-250ml\/","title":{"rendered":"Nat&#038;nove bio shampoing hydratant &#8211; cheveux deshydrates 250ml"},"content":{"rendered":"","protected":false},"excerpt":{"rendered":"<p>NAT&amp;NOVE BIO Shampoing Hydratant\u00a0p\u00e9n\u00e8tre profond\u00e9ment dans le cortex de vos cheveux pour les hydrater,\u00a0il cr\u00e9e une barri\u00e8re hydratante autour de chaque m\u00e8che de cheveux, pr\u00e9servant ainsi leur hydratation et leur souplesse.<\/p>\n<p>Ainsi, les cheveux sont comme ressourc\u00e9s et retrouvent souplesse et vitalit\u00e9.<\/p>\n","protected":false},"featured_media":16939,"comment_status":"open","ping_status":"closed","template":"","meta":[],"product_brand":[],"product_cat":[53,98,82],"product_tag":[],"class_list":{"0":"post-16866","1":"product","2":"type-product","3":"status-publish","4":"has-post-thumbnail","6":"product_cat-cheveux","7":"product_cat-hydratation","8":"product_cat-shampooing","10":"first","11":"instock","12":"shipping-taxable","13":"purchasable","14":"product-type-simple"},"yoast_head":"<!-- This site is optimized with the Yoast SEO plugin v23.0 - https:\/\/yoast.com\/wordpress\/plugins\/seo\/ -->\n<title>Nat&amp;nove bio shampoing hydratant - cheveux deshydrates 250ml - pharmadreams<\/title>\n<meta name=\"robots\" content=\"index, follow, max-snippet:-1, max-image-preview:large, max-video-preview:-1\" \/>\n<link rel=\"canonical\" href=\"https:\/\/pharmadreams.shop\/index.php\/product\/natnove-bio-shampoing-hydratant-cheveux-deshydrates-250ml\/\" \/>\n<meta property=\"og:locale\" content=\"fr_FR\" \/>\n<meta property=\"og:type\" content=\"article\" \/>\n<meta property=\"og:title\" content=\"Nat&amp;nove bio shampoing hydratant - cheveux deshydrates 250ml - pharmadreams\" \/>\n<meta property=\"og:description\" content=\"NAT&amp;NOVE BIO Shampoing Hydratant\u00a0p\u00e9n\u00e8tre profond\u00e9ment dans le cortex de vos cheveux pour les hydrater,\u00a0il cr\u00e9e une barri\u00e8re hydratante autour de chaque m\u00e8che de cheveux, pr\u00e9servant ainsi leur hydratation et leur souplesse.  Ainsi, les cheveux sont comme ressourc\u00e9s et retrouvent souplesse et vitalit\u00e9.\" \/>\n<meta property=\"og:url\" content=\"https:\/\/pharmadreams.shop\/index.php\/product\/natnove-bio-shampoing-hydratant-cheveux-deshydrates-250ml\/\" \/>\n<meta property=\"og:site_name\" content=\"pharmadreams\" \/>\n<meta property=\"article:modified_time\" content=\"2023-12-19T18:40:06+00:00\" \/>\n<meta property=\"og:image\" content=\"https:\/\/pharmadreams.shop\/wp-content\/uploads\/2023\/12\/Sans-titre-19-1.png\" \/>\n\t<meta property=\"og:image:width\" content=\"592\" \/>\n\t<meta property=\"og:image:height\" content=\"688\" \/>\n\t<meta property=\"og:image:type\" content=\"image\/png\" \/>\n<meta name=\"twitter:card\" content=\"summary_large_image\" \/>\n<script type=\"application\/ld+json\" class=\"yoast-schema-graph\">{\"@context\":\"https:\/\/schema.org\",\"@graph\":[{\"@type\":\"WebPage\",\"@id\":\"https:\/\/pharmadreams.shop\/index.php\/product\/natnove-bio-shampoing-hydratant-cheveux-deshydrates-250ml\/\",\"url\":\"https:\/\/pharmadreams.shop\/index.php\/product\/natnove-bio-shampoing-hydratant-cheveux-deshydrates-250ml\/\",\"name\":\"Nat&nove bio shampoing hydratant - cheveux deshydrates 250ml - pharmadreams\",\"isPartOf\":{\"@id\":\"https:\/\/pharmadreams.shop\/#website\"},\"primaryImageOfPage\":{\"@id\":\"https:\/\/pharmadreams.shop\/index.php\/product\/natnove-bio-shampoing-hydratant-cheveux-deshydrates-250ml\/#primaryimage\"},\"image\":{\"@id\":\"https:\/\/pharmadreams.shop\/index.php\/product\/natnove-bio-shampoing-hydratant-cheveux-deshydrates-250ml\/#primaryimage\"},\"thumbnailUrl\":\"https:\/\/pharmadreams.shop\/wp-content\/uploads\/2023\/12\/Sans-titre-19-1.png\",\"datePublished\":\"2023-12-19T18:39:03+00:00\",\"dateModified\":\"2023-12-19T18:40:06+00:00\",\"breadcrumb\":{\"@id\":\"https:\/\/pharmadreams.shop\/index.php\/product\/natnove-bio-shampoing-hydratant-cheveux-deshydrates-250ml\/#breadcrumb\"},\"inLanguage\":\"fr-FR\",\"potentialAction\":[{\"@type\":\"ReadAction\",\"target\":[\"https:\/\/pharmadreams.shop\/index.php\/product\/natnove-bio-shampoing-hydratant-cheveux-deshydrates-250ml\/\"]}]},{\"@type\":\"ImageObject\",\"inLanguage\":\"fr-FR\",\"@id\":\"https:\/\/pharmadreams.shop\/index.php\/product\/natnove-bio-shampoing-hydratant-cheveux-deshydrates-250ml\/#primaryimage\",\"url\":\"https:\/\/pharmadreams.shop\/wp-content\/uploads\/2023\/12\/Sans-titre-19-1.png\",\"contentUrl\":\"https:\/\/pharmadreams.shop\/wp-content\/uploads\/2023\/12\/Sans-titre-19-1.png\",\"width\":592,\"height\":688},{\"@type\":\"BreadcrumbList\",\"@id\":\"https:\/\/pharmadreams.shop\/index.php\/product\/natnove-bio-shampoing-hydratant-cheveux-deshydrates-250ml\/#breadcrumb\",\"itemListElement\":[{\"@type\":\"ListItem\",\"position\":1,\"name\":\"Accueil\",\"item\":\"https:\/\/pharmadreams.shop\/\"},{\"@type\":\"ListItem\",\"position\":2,\"name\":\"Shop\",\"item\":\"https:\/\/pharmadreams.shop\/index.php\/shop\/\"},{\"@type\":\"ListItem\",\"position\":3,\"name\":\"Nat&#038;nove bio shampoing hydratant &#8211; cheveux deshydrates 250ml\"}]},{\"@type\":\"WebSite\",\"@id\":\"https:\/\/pharmadreams.shop\/#website\",\"url\":\"https:\/\/pharmadreams.shop\/\",\"name\":\"pharmadreams\",\"description\":\"Parapharmacie en ligne\",\"potentialAction\":[{\"@type\":\"SearchAction\",\"target\":{\"@type\":\"EntryPoint\",\"urlTemplate\":\"https:\/\/pharmadreams.shop\/?s={search_term_string}\"},\"query-input\":\"required name=search_term_string\"}],\"inLanguage\":\"fr-FR\"}]}<\/script>\n<!-- \/ Yoast SEO plugin. -->","yoast_head_json":{"title":"Nat&nove bio shampoing hydratant - cheveux deshydrates 250ml - pharmadreams","robots":{"index":"index","follow":"follow","max-snippet":"max-snippet:-1","max-image-preview":"max-image-preview:large","max-video-preview":"max-video-preview:-1"},"canonical":"https:\/\/pharmadreams.shop\/index.php\/product\/natnove-bio-shampoing-hydratant-cheveux-deshydrates-250ml\/","og_locale":"fr_FR","og_type":"article","og_title":"Nat&nove bio shampoing hydratant - cheveux deshydrates 250ml - pharmadreams","og_description":"NAT&amp;NOVE BIO Shampoing Hydratant\u00a0p\u00e9n\u00e8tre profond\u00e9ment dans le cortex de vos cheveux pour les hydrater,\u00a0il cr\u00e9e une barri\u00e8re hydratante autour de chaque m\u00e8che de cheveux, pr\u00e9servant ainsi leur hydratation et leur souplesse.  Ainsi, les cheveux sont comme ressourc\u00e9s et retrouvent souplesse et vitalit\u00e9.","og_url":"https:\/\/pharmadreams.shop\/index.php\/product\/natnove-bio-shampoing-hydratant-cheveux-deshydrates-250ml\/","og_site_name":"pharmadreams","article_modified_time":"2023-12-19T18:40:06+00:00","og_image":[{"width":592,"height":688,"url":"https:\/\/pharmadreams.shop\/wp-content\/uploads\/2023\/12\/Sans-titre-19-1.png","type":"image\/png"}],"twitter_card":"summary_large_image","schema":{"@context":"https:\/\/schema.org","@graph":[{"@type":"WebPage","@id":"https:\/\/pharmadreams.shop\/index.php\/product\/natnove-bio-shampoing-hydratant-cheveux-deshydrates-250ml\/","url":"https:\/\/pharmadreams.shop\/index.php\/product\/natnove-bio-shampoing-hydratant-cheveux-deshydrates-250ml\/","name":"Nat&nove bio shampoing hydratant - cheveux deshydrates 250ml - pharmadreams","isPartOf":{"@id":"https:\/\/pharmadreams.shop\/#website"},"primaryImageOfPage":{"@id":"https:\/\/pharmadreams.shop\/index.php\/product\/natnove-bio-shampoing-hydratant-cheveux-deshydrates-250ml\/#primaryimage"},"image":{"@id":"https:\/\/pharmadreams.shop\/index.php\/product\/natnove-bio-shampoing-hydratant-cheveux-deshydrates-250ml\/#primaryimage"},"thumbnailUrl":"https:\/\/pharmadreams.shop\/wp-content\/uploads\/2023\/12\/Sans-titre-19-1.png","datePublished":"2023-12-19T18:39:03+00:00","dateModified":"2023-12-19T18:40:06+00:00","breadcrumb":{"@id":"https:\/\/pharmadreams.shop\/index.php\/product\/natnove-bio-shampoing-hydratant-cheveux-deshydrates-250ml\/#breadcrumb"},"inLanguage":"fr-FR","potentialAction":[{"@type":"ReadAction","target":["https:\/\/pharmadreams.shop\/index.php\/product\/natnove-bio-shampoing-hydratant-cheveux-deshydrates-250ml\/"]}]},{"@type":"ImageObject","inLanguage":"fr-FR","@id":"https:\/\/pharmadreams.shop\/index.php\/product\/natnove-bio-shampoing-hydratant-cheveux-deshydrates-250ml\/#primaryimage","url":"https:\/\/pharmadreams.shop\/wp-content\/uploads\/2023\/12\/Sans-titre-19-1.png","contentUrl":"https:\/\/pharmadreams.shop\/wp-content\/uploads\/2023\/12\/Sans-titre-19-1.png","width":592,"height":688},{"@type":"BreadcrumbList","@id":"https:\/\/pharmadreams.shop\/index.php\/product\/natnove-bio-shampoing-hydratant-cheveux-deshydrates-250ml\/#breadcrumb","itemListElement":[{"@type":"ListItem","position":1,"name":"Accueil","item":"https:\/\/pharmadreams.shop\/"},{"@type":"ListItem","position":2,"name":"Shop","item":"https:\/\/pharmadreams.shop\/index.php\/shop\/"},{"@type":"ListItem","position":3,"name":"Nat&#038;nove bio shampoing hydratant &#8211; cheveux deshydrates 250ml"}]},{"@type":"WebSite","@id":"https:\/\/pharmadreams.shop\/#website","url":"https:\/\/pharmadreams.shop\/","name":"pharmadreams","description":"Parapharmacie en ligne","potentialAction":[{"@type":"SearchAction","target":{"@type":"EntryPoint","urlTemplate":"https:\/\/pharmadreams.shop\/?s={search_term_string}"},"query-input":"required name=search_term_string"}],"inLanguage":"fr-FR"}]}},"_links":{"self":[{"href":"https:\/\/pharmadreams.shop\/index.php\/wp-json\/wp\/v2\/product\/16866","targetHints":{"allow":["GET"]}}],"collection":[{"href":"https:\/\/pharmadreams.shop\/index.php\/wp-json\/wp\/v2\/product"}],"about":[{"href":"https:\/\/pharmadreams.shop\/index.php\/wp-json\/wp\/v2\/types\/product"}],"replies":[{"embeddable":true,"href":"https:\/\/pharmadreams.shop\/index.php\/wp-json\/wp\/v2\/comments?post=16866"}],"version-history":[{"count":0,"href":"https:\/\/pharmadreams.shop\/index.php\/wp-json\/wp\/v2\/product\/16866\/revisions"}],"wp:featuredmedia":[{"embeddable":true,"href":"https:\/\/pharmadreams.shop\/index.php\/wp-json\/wp\/v2\/media\/16939"}],"wp:attachment":[{"href":"https:\/\/pharmadreams.shop\/index.php\/wp-json\/wp\/v2\/media?parent=16866"}],"wp:term":[{"taxonomy":"product_brand","embeddable":true,"href":"https:\/\/pharmadreams.shop\/index.php\/wp-json\/wp\/v2\/product_brand?post=16866"},{"taxonomy":"product_cat","embeddable":true,"href":"https:\/\/pharmadreams.shop\/index.php\/wp-json\/wp\/v2\/product_cat?post=16866"},{"taxonomy":"product_tag","embeddable":true,"href":"https:\/\/pharmadreams.shop\/index.php\/wp-json\/wp\/v2\/product_tag?post=16866"}],"curies":[{"name":"wp","href":"https:\/\/api.w.org\/{rel}","templated":true}]}}