{"id":16867,"date":"2023-12-19T19:39:03","date_gmt":"2023-12-19T18:39:03","guid":{"rendered":"https:\/\/venuspara.com\/?post_type=product&#038;p=16867"},"modified":"2023-12-19T19:40:12","modified_gmt":"2023-12-19T18:40:12","slug":"natnove-bio-shampooing-boucles","status":"publish","type":"product","link":"https:\/\/pharmadreams.shop\/index.php\/product\/natnove-bio-shampooing-boucles\/","title":{"rendered":"Nat&#038;nove bio shampooing boucles"},"content":{"rendered":"","protected":false},"excerpt":{"rendered":"<p>Nourrit et redessine les boucles<br \/>\nLe Shampooing Boucles Nat&amp;Nove Bio \u00e0 l&rsquo;extrait de plante de guimauve bio lave en douceur et nourrit les cheveux boucl\u00e9s \u00e0 fris\u00e9s.<br \/>\nSa formule naturelle, vegan et sans sulfates nourrit, gaine et redessine parfaitement les boucles.<br \/>\nNettoie en profondeur le cuir chevelu et sublime les longueurs.<br \/>\nLes cheveux boucl\u00e9s sont parfaitement d\u00e9finis, doux et sans frisottis<\/p>\n","protected":false},"featured_media":16941,"comment_status":"open","ping_status":"closed","template":"","meta":[],"product_brand":[],"product_cat":[273,53,82],"product_tag":[],"class_list":{"0":"post-16867","1":"product","2":"type-product","3":"status-publish","4":"has-post-thumbnail","6":"product_cat-boucle","7":"product_cat-cheveux","8":"product_cat-shampooing","10":"first","11":"instock","12":"shipping-taxable","13":"purchasable","14":"product-type-simple"},"yoast_head":"<!-- This site is optimized with the Yoast SEO plugin v23.0 - https:\/\/yoast.com\/wordpress\/plugins\/seo\/ -->\n<title>Nat&amp;nove bio shampooing boucles - pharmadreams<\/title>\n<meta name=\"robots\" content=\"index, follow, max-snippet:-1, max-image-preview:large, max-video-preview:-1\" \/>\n<link rel=\"canonical\" href=\"https:\/\/pharmadreams.shop\/index.php\/product\/natnove-bio-shampooing-boucles\/\" \/>\n<meta property=\"og:locale\" content=\"fr_FR\" \/>\n<meta property=\"og:type\" content=\"article\" \/>\n<meta property=\"og:title\" content=\"Nat&amp;nove bio shampooing boucles - pharmadreams\" \/>\n<meta property=\"og:description\" content=\"Nourrit et redessine les boucles Le Shampooing Boucles Nat&amp;Nove Bio \u00e0 l&#039;extrait de plante de guimauve bio lave en douceur et nourrit les cheveux boucl\u00e9s \u00e0 fris\u00e9s. Sa formule naturelle, vegan et sans sulfates nourrit, gaine et redessine parfaitement les boucles. Nettoie en profondeur le cuir chevelu et sublime les longueurs. Les cheveux boucl\u00e9s sont parfaitement d\u00e9finis, doux et sans frisottis\" \/>\n<meta property=\"og:url\" content=\"https:\/\/pharmadreams.shop\/index.php\/product\/natnove-bio-shampooing-boucles\/\" \/>\n<meta property=\"og:site_name\" content=\"pharmadreams\" \/>\n<meta property=\"article:modified_time\" content=\"2023-12-19T18:40:12+00:00\" \/>\n<meta property=\"og:image\" content=\"https:\/\/pharmadreams.shop\/wp-content\/uploads\/2023\/12\/Sans-titre-20-1.png\" \/>\n\t<meta property=\"og:image:width\" content=\"1360\" \/>\n\t<meta property=\"og:image:height\" content=\"1376\" \/>\n\t<meta property=\"og:image:type\" content=\"image\/png\" \/>\n<meta name=\"twitter:card\" content=\"summary_large_image\" \/>\n<script type=\"application\/ld+json\" class=\"yoast-schema-graph\">{\"@context\":\"https:\/\/schema.org\",\"@graph\":[{\"@type\":\"WebPage\",\"@id\":\"https:\/\/pharmadreams.shop\/index.php\/product\/natnove-bio-shampooing-boucles\/\",\"url\":\"https:\/\/pharmadreams.shop\/index.php\/product\/natnove-bio-shampooing-boucles\/\",\"name\":\"Nat&nove bio shampooing boucles - pharmadreams\",\"isPartOf\":{\"@id\":\"https:\/\/pharmadreams.shop\/#website\"},\"primaryImageOfPage\":{\"@id\":\"https:\/\/pharmadreams.shop\/index.php\/product\/natnove-bio-shampooing-boucles\/#primaryimage\"},\"image\":{\"@id\":\"https:\/\/pharmadreams.shop\/index.php\/product\/natnove-bio-shampooing-boucles\/#primaryimage\"},\"thumbnailUrl\":\"https:\/\/pharmadreams.shop\/wp-content\/uploads\/2023\/12\/Sans-titre-20-1.png\",\"datePublished\":\"2023-12-19T18:39:03+00:00\",\"dateModified\":\"2023-12-19T18:40:12+00:00\",\"breadcrumb\":{\"@id\":\"https:\/\/pharmadreams.shop\/index.php\/product\/natnove-bio-shampooing-boucles\/#breadcrumb\"},\"inLanguage\":\"fr-FR\",\"potentialAction\":[{\"@type\":\"ReadAction\",\"target\":[\"https:\/\/pharmadreams.shop\/index.php\/product\/natnove-bio-shampooing-boucles\/\"]}]},{\"@type\":\"ImageObject\",\"inLanguage\":\"fr-FR\",\"@id\":\"https:\/\/pharmadreams.shop\/index.php\/product\/natnove-bio-shampooing-boucles\/#primaryimage\",\"url\":\"https:\/\/pharmadreams.shop\/wp-content\/uploads\/2023\/12\/Sans-titre-20-1.png\",\"contentUrl\":\"https:\/\/pharmadreams.shop\/wp-content\/uploads\/2023\/12\/Sans-titre-20-1.png\",\"width\":1360,\"height\":1376},{\"@type\":\"BreadcrumbList\",\"@id\":\"https:\/\/pharmadreams.shop\/index.php\/product\/natnove-bio-shampooing-boucles\/#breadcrumb\",\"itemListElement\":[{\"@type\":\"ListItem\",\"position\":1,\"name\":\"Accueil\",\"item\":\"https:\/\/pharmadreams.shop\/\"},{\"@type\":\"ListItem\",\"position\":2,\"name\":\"Shop\",\"item\":\"https:\/\/pharmadreams.shop\/index.php\/shop\/\"},{\"@type\":\"ListItem\",\"position\":3,\"name\":\"Nat&#038;nove bio shampooing boucles\"}]},{\"@type\":\"WebSite\",\"@id\":\"https:\/\/pharmadreams.shop\/#website\",\"url\":\"https:\/\/pharmadreams.shop\/\",\"name\":\"pharmadreams\",\"description\":\"Parapharmacie en ligne\",\"potentialAction\":[{\"@type\":\"SearchAction\",\"target\":{\"@type\":\"EntryPoint\",\"urlTemplate\":\"https:\/\/pharmadreams.shop\/?s={search_term_string}\"},\"query-input\":\"required name=search_term_string\"}],\"inLanguage\":\"fr-FR\"}]}<\/script>\n<!-- \/ Yoast SEO plugin. -->","yoast_head_json":{"title":"Nat&nove bio shampooing boucles - pharmadreams","robots":{"index":"index","follow":"follow","max-snippet":"max-snippet:-1","max-image-preview":"max-image-preview:large","max-video-preview":"max-video-preview:-1"},"canonical":"https:\/\/pharmadreams.shop\/index.php\/product\/natnove-bio-shampooing-boucles\/","og_locale":"fr_FR","og_type":"article","og_title":"Nat&nove bio shampooing boucles - pharmadreams","og_description":"Nourrit et redessine les boucles Le Shampooing Boucles Nat&amp;Nove Bio \u00e0 l'extrait de plante de guimauve bio lave en douceur et nourrit les cheveux boucl\u00e9s \u00e0 fris\u00e9s. Sa formule naturelle, vegan et sans sulfates nourrit, gaine et redessine parfaitement les boucles. Nettoie en profondeur le cuir chevelu et sublime les longueurs. Les cheveux boucl\u00e9s sont parfaitement d\u00e9finis, doux et sans frisottis","og_url":"https:\/\/pharmadreams.shop\/index.php\/product\/natnove-bio-shampooing-boucles\/","og_site_name":"pharmadreams","article_modified_time":"2023-12-19T18:40:12+00:00","og_image":[{"width":1360,"height":1376,"url":"https:\/\/pharmadreams.shop\/wp-content\/uploads\/2023\/12\/Sans-titre-20-1.png","type":"image\/png"}],"twitter_card":"summary_large_image","schema":{"@context":"https:\/\/schema.org","@graph":[{"@type":"WebPage","@id":"https:\/\/pharmadreams.shop\/index.php\/product\/natnove-bio-shampooing-boucles\/","url":"https:\/\/pharmadreams.shop\/index.php\/product\/natnove-bio-shampooing-boucles\/","name":"Nat&nove bio shampooing boucles - pharmadreams","isPartOf":{"@id":"https:\/\/pharmadreams.shop\/#website"},"primaryImageOfPage":{"@id":"https:\/\/pharmadreams.shop\/index.php\/product\/natnove-bio-shampooing-boucles\/#primaryimage"},"image":{"@id":"https:\/\/pharmadreams.shop\/index.php\/product\/natnove-bio-shampooing-boucles\/#primaryimage"},"thumbnailUrl":"https:\/\/pharmadreams.shop\/wp-content\/uploads\/2023\/12\/Sans-titre-20-1.png","datePublished":"2023-12-19T18:39:03+00:00","dateModified":"2023-12-19T18:40:12+00:00","breadcrumb":{"@id":"https:\/\/pharmadreams.shop\/index.php\/product\/natnove-bio-shampooing-boucles\/#breadcrumb"},"inLanguage":"fr-FR","potentialAction":[{"@type":"ReadAction","target":["https:\/\/pharmadreams.shop\/index.php\/product\/natnove-bio-shampooing-boucles\/"]}]},{"@type":"ImageObject","inLanguage":"fr-FR","@id":"https:\/\/pharmadreams.shop\/index.php\/product\/natnove-bio-shampooing-boucles\/#primaryimage","url":"https:\/\/pharmadreams.shop\/wp-content\/uploads\/2023\/12\/Sans-titre-20-1.png","contentUrl":"https:\/\/pharmadreams.shop\/wp-content\/uploads\/2023\/12\/Sans-titre-20-1.png","width":1360,"height":1376},{"@type":"BreadcrumbList","@id":"https:\/\/pharmadreams.shop\/index.php\/product\/natnove-bio-shampooing-boucles\/#breadcrumb","itemListElement":[{"@type":"ListItem","position":1,"name":"Accueil","item":"https:\/\/pharmadreams.shop\/"},{"@type":"ListItem","position":2,"name":"Shop","item":"https:\/\/pharmadreams.shop\/index.php\/shop\/"},{"@type":"ListItem","position":3,"name":"Nat&#038;nove bio shampooing boucles"}]},{"@type":"WebSite","@id":"https:\/\/pharmadreams.shop\/#website","url":"https:\/\/pharmadreams.shop\/","name":"pharmadreams","description":"Parapharmacie en ligne","potentialAction":[{"@type":"SearchAction","target":{"@type":"EntryPoint","urlTemplate":"https:\/\/pharmadreams.shop\/?s={search_term_string}"},"query-input":"required name=search_term_string"}],"inLanguage":"fr-FR"}]}},"_links":{"self":[{"href":"https:\/\/pharmadreams.shop\/index.php\/wp-json\/wp\/v2\/product\/16867","targetHints":{"allow":["GET"]}}],"collection":[{"href":"https:\/\/pharmadreams.shop\/index.php\/wp-json\/wp\/v2\/product"}],"about":[{"href":"https:\/\/pharmadreams.shop\/index.php\/wp-json\/wp\/v2\/types\/product"}],"replies":[{"embeddable":true,"href":"https:\/\/pharmadreams.shop\/index.php\/wp-json\/wp\/v2\/comments?post=16867"}],"version-history":[{"count":0,"href":"https:\/\/pharmadreams.shop\/index.php\/wp-json\/wp\/v2\/product\/16867\/revisions"}],"wp:featuredmedia":[{"embeddable":true,"href":"https:\/\/pharmadreams.shop\/index.php\/wp-json\/wp\/v2\/media\/16941"}],"wp:attachment":[{"href":"https:\/\/pharmadreams.shop\/index.php\/wp-json\/wp\/v2\/media?parent=16867"}],"wp:term":[{"taxonomy":"product_brand","embeddable":true,"href":"https:\/\/pharmadreams.shop\/index.php\/wp-json\/wp\/v2\/product_brand?post=16867"},{"taxonomy":"product_cat","embeddable":true,"href":"https:\/\/pharmadreams.shop\/index.php\/wp-json\/wp\/v2\/product_cat?post=16867"},{"taxonomy":"product_tag","embeddable":true,"href":"https:\/\/pharmadreams.shop\/index.php\/wp-json\/wp\/v2\/product_tag?post=16867"}],"curies":[{"name":"wp","href":"https:\/\/api.w.org\/{rel}","templated":true}]}}