{"id":16894,"date":"2023-12-19T19:39:27","date_gmt":"2023-12-19T18:39:27","guid":{"rendered":"https:\/\/venuspara.com\/?post_type=product&#038;p=16894"},"modified":"2023-12-19T19:40:29","modified_gmt":"2023-12-19T18:40:29","slug":"belpharma-baumix-creme-enfant-50g","status":"publish","type":"product","link":"https:\/\/pharmadreams.shop\/index.php\/product\/belpharma-baumix-creme-enfant-50g\/","title":{"rendered":"Belpharma baumix cr\u00e8me enfant 50g"},"content":{"rendered":"","protected":false},"excerpt":{"rendered":"<p>BAUMIX Enfant est une cr\u00e8me d\u00e9congestionnante des voies respiratoires sup\u00e9rieures Elle aide \u00e0 soulager les sympt\u00f4mes de la toux, du rhume, de l&rsquo;\u00e9tat grippal et des autres affections respiratoires saisonni\u00e8res<\/p>\n","protected":false},"featured_media":16961,"comment_status":"open","ping_status":"closed","template":"","meta":[],"product_brand":[],"product_cat":[78,275],"product_tag":[],"class_list":{"0":"post-16894","1":"product","2":"type-product","3":"status-publish","4":"has-post-thumbnail","6":"product_cat-cremes","7":"product_cat-decongestionnante","9":"first","10":"instock","11":"shipping-taxable","12":"purchasable","13":"product-type-simple"},"yoast_head":"<!-- This site is optimized with the Yoast SEO plugin v23.0 - https:\/\/yoast.com\/wordpress\/plugins\/seo\/ -->\n<title>Belpharma baumix cr\u00e8me enfant 50g - pharmadreams<\/title>\n<meta name=\"robots\" content=\"index, follow, max-snippet:-1, max-image-preview:large, max-video-preview:-1\" \/>\n<link rel=\"canonical\" href=\"https:\/\/pharmadreams.shop\/index.php\/product\/belpharma-baumix-creme-enfant-50g\/\" \/>\n<meta property=\"og:locale\" content=\"fr_FR\" \/>\n<meta property=\"og:type\" content=\"article\" \/>\n<meta property=\"og:title\" content=\"Belpharma baumix cr\u00e8me enfant 50g - pharmadreams\" \/>\n<meta property=\"og:description\" content=\"BAUMIX Enfant est une cr\u00e8me d\u00e9congestionnante des voies respiratoires sup\u00e9rieures Elle aide \u00e0 soulager les sympt\u00f4mes de la toux, du rhume, de l&#039;\u00e9tat grippal et des autres affections respiratoires saisonni\u00e8res\" \/>\n<meta property=\"og:url\" content=\"https:\/\/pharmadreams.shop\/index.php\/product\/belpharma-baumix-creme-enfant-50g\/\" \/>\n<meta property=\"og:site_name\" content=\"pharmadreams\" \/>\n<meta property=\"article:modified_time\" content=\"2023-12-19T18:40:29+00:00\" \/>\n<meta property=\"og:image\" content=\"https:\/\/pharmadreams.shop\/wp-content\/uploads\/2023\/12\/Sans-titre-25-1.png\" \/>\n\t<meta property=\"og:image:width\" content=\"528\" \/>\n\t<meta property=\"og:image:height\" content=\"392\" \/>\n\t<meta property=\"og:image:type\" content=\"image\/png\" \/>\n<meta name=\"twitter:card\" content=\"summary_large_image\" \/>\n<script type=\"application\/ld+json\" class=\"yoast-schema-graph\">{\"@context\":\"https:\/\/schema.org\",\"@graph\":[{\"@type\":\"WebPage\",\"@id\":\"https:\/\/pharmadreams.shop\/index.php\/product\/belpharma-baumix-creme-enfant-50g\/\",\"url\":\"https:\/\/pharmadreams.shop\/index.php\/product\/belpharma-baumix-creme-enfant-50g\/\",\"name\":\"Belpharma baumix cr\u00e8me enfant 50g - pharmadreams\",\"isPartOf\":{\"@id\":\"https:\/\/pharmadreams.shop\/#website\"},\"primaryImageOfPage\":{\"@id\":\"https:\/\/pharmadreams.shop\/index.php\/product\/belpharma-baumix-creme-enfant-50g\/#primaryimage\"},\"image\":{\"@id\":\"https:\/\/pharmadreams.shop\/index.php\/product\/belpharma-baumix-creme-enfant-50g\/#primaryimage\"},\"thumbnailUrl\":\"https:\/\/pharmadreams.shop\/wp-content\/uploads\/2023\/12\/Sans-titre-25-1.png\",\"datePublished\":\"2023-12-19T18:39:27+00:00\",\"dateModified\":\"2023-12-19T18:40:29+00:00\",\"breadcrumb\":{\"@id\":\"https:\/\/pharmadreams.shop\/index.php\/product\/belpharma-baumix-creme-enfant-50g\/#breadcrumb\"},\"inLanguage\":\"fr-FR\",\"potentialAction\":[{\"@type\":\"ReadAction\",\"target\":[\"https:\/\/pharmadreams.shop\/index.php\/product\/belpharma-baumix-creme-enfant-50g\/\"]}]},{\"@type\":\"ImageObject\",\"inLanguage\":\"fr-FR\",\"@id\":\"https:\/\/pharmadreams.shop\/index.php\/product\/belpharma-baumix-creme-enfant-50g\/#primaryimage\",\"url\":\"https:\/\/pharmadreams.shop\/wp-content\/uploads\/2023\/12\/Sans-titre-25-1.png\",\"contentUrl\":\"https:\/\/pharmadreams.shop\/wp-content\/uploads\/2023\/12\/Sans-titre-25-1.png\",\"width\":528,\"height\":392},{\"@type\":\"BreadcrumbList\",\"@id\":\"https:\/\/pharmadreams.shop\/index.php\/product\/belpharma-baumix-creme-enfant-50g\/#breadcrumb\",\"itemListElement\":[{\"@type\":\"ListItem\",\"position\":1,\"name\":\"Accueil\",\"item\":\"https:\/\/pharmadreams.shop\/\"},{\"@type\":\"ListItem\",\"position\":2,\"name\":\"Shop\",\"item\":\"https:\/\/pharmadreams.shop\/index.php\/shop\/\"},{\"@type\":\"ListItem\",\"position\":3,\"name\":\"Belpharma baumix cr\u00e8me enfant 50g\"}]},{\"@type\":\"WebSite\",\"@id\":\"https:\/\/pharmadreams.shop\/#website\",\"url\":\"https:\/\/pharmadreams.shop\/\",\"name\":\"pharmadreams\",\"description\":\"Parapharmacie en ligne\",\"potentialAction\":[{\"@type\":\"SearchAction\",\"target\":{\"@type\":\"EntryPoint\",\"urlTemplate\":\"https:\/\/pharmadreams.shop\/?s={search_term_string}\"},\"query-input\":\"required name=search_term_string\"}],\"inLanguage\":\"fr-FR\"}]}<\/script>\n<!-- \/ Yoast SEO plugin. -->","yoast_head_json":{"title":"Belpharma baumix cr\u00e8me enfant 50g - pharmadreams","robots":{"index":"index","follow":"follow","max-snippet":"max-snippet:-1","max-image-preview":"max-image-preview:large","max-video-preview":"max-video-preview:-1"},"canonical":"https:\/\/pharmadreams.shop\/index.php\/product\/belpharma-baumix-creme-enfant-50g\/","og_locale":"fr_FR","og_type":"article","og_title":"Belpharma baumix cr\u00e8me enfant 50g - pharmadreams","og_description":"BAUMIX Enfant est une cr\u00e8me d\u00e9congestionnante des voies respiratoires sup\u00e9rieures Elle aide \u00e0 soulager les sympt\u00f4mes de la toux, du rhume, de l'\u00e9tat grippal et des autres affections respiratoires saisonni\u00e8res","og_url":"https:\/\/pharmadreams.shop\/index.php\/product\/belpharma-baumix-creme-enfant-50g\/","og_site_name":"pharmadreams","article_modified_time":"2023-12-19T18:40:29+00:00","og_image":[{"width":528,"height":392,"url":"https:\/\/pharmadreams.shop\/wp-content\/uploads\/2023\/12\/Sans-titre-25-1.png","type":"image\/png"}],"twitter_card":"summary_large_image","schema":{"@context":"https:\/\/schema.org","@graph":[{"@type":"WebPage","@id":"https:\/\/pharmadreams.shop\/index.php\/product\/belpharma-baumix-creme-enfant-50g\/","url":"https:\/\/pharmadreams.shop\/index.php\/product\/belpharma-baumix-creme-enfant-50g\/","name":"Belpharma baumix cr\u00e8me enfant 50g - pharmadreams","isPartOf":{"@id":"https:\/\/pharmadreams.shop\/#website"},"primaryImageOfPage":{"@id":"https:\/\/pharmadreams.shop\/index.php\/product\/belpharma-baumix-creme-enfant-50g\/#primaryimage"},"image":{"@id":"https:\/\/pharmadreams.shop\/index.php\/product\/belpharma-baumix-creme-enfant-50g\/#primaryimage"},"thumbnailUrl":"https:\/\/pharmadreams.shop\/wp-content\/uploads\/2023\/12\/Sans-titre-25-1.png","datePublished":"2023-12-19T18:39:27+00:00","dateModified":"2023-12-19T18:40:29+00:00","breadcrumb":{"@id":"https:\/\/pharmadreams.shop\/index.php\/product\/belpharma-baumix-creme-enfant-50g\/#breadcrumb"},"inLanguage":"fr-FR","potentialAction":[{"@type":"ReadAction","target":["https:\/\/pharmadreams.shop\/index.php\/product\/belpharma-baumix-creme-enfant-50g\/"]}]},{"@type":"ImageObject","inLanguage":"fr-FR","@id":"https:\/\/pharmadreams.shop\/index.php\/product\/belpharma-baumix-creme-enfant-50g\/#primaryimage","url":"https:\/\/pharmadreams.shop\/wp-content\/uploads\/2023\/12\/Sans-titre-25-1.png","contentUrl":"https:\/\/pharmadreams.shop\/wp-content\/uploads\/2023\/12\/Sans-titre-25-1.png","width":528,"height":392},{"@type":"BreadcrumbList","@id":"https:\/\/pharmadreams.shop\/index.php\/product\/belpharma-baumix-creme-enfant-50g\/#breadcrumb","itemListElement":[{"@type":"ListItem","position":1,"name":"Accueil","item":"https:\/\/pharmadreams.shop\/"},{"@type":"ListItem","position":2,"name":"Shop","item":"https:\/\/pharmadreams.shop\/index.php\/shop\/"},{"@type":"ListItem","position":3,"name":"Belpharma baumix cr\u00e8me enfant 50g"}]},{"@type":"WebSite","@id":"https:\/\/pharmadreams.shop\/#website","url":"https:\/\/pharmadreams.shop\/","name":"pharmadreams","description":"Parapharmacie en ligne","potentialAction":[{"@type":"SearchAction","target":{"@type":"EntryPoint","urlTemplate":"https:\/\/pharmadreams.shop\/?s={search_term_string}"},"query-input":"required name=search_term_string"}],"inLanguage":"fr-FR"}]}},"_links":{"self":[{"href":"https:\/\/pharmadreams.shop\/index.php\/wp-json\/wp\/v2\/product\/16894","targetHints":{"allow":["GET"]}}],"collection":[{"href":"https:\/\/pharmadreams.shop\/index.php\/wp-json\/wp\/v2\/product"}],"about":[{"href":"https:\/\/pharmadreams.shop\/index.php\/wp-json\/wp\/v2\/types\/product"}],"replies":[{"embeddable":true,"href":"https:\/\/pharmadreams.shop\/index.php\/wp-json\/wp\/v2\/comments?post=16894"}],"version-history":[{"count":0,"href":"https:\/\/pharmadreams.shop\/index.php\/wp-json\/wp\/v2\/product\/16894\/revisions"}],"wp:featuredmedia":[{"embeddable":true,"href":"https:\/\/pharmadreams.shop\/index.php\/wp-json\/wp\/v2\/media\/16961"}],"wp:attachment":[{"href":"https:\/\/pharmadreams.shop\/index.php\/wp-json\/wp\/v2\/media?parent=16894"}],"wp:term":[{"taxonomy":"product_brand","embeddable":true,"href":"https:\/\/pharmadreams.shop\/index.php\/wp-json\/wp\/v2\/product_brand?post=16894"},{"taxonomy":"product_cat","embeddable":true,"href":"https:\/\/pharmadreams.shop\/index.php\/wp-json\/wp\/v2\/product_cat?post=16894"},{"taxonomy":"product_tag","embeddable":true,"href":"https:\/\/pharmadreams.shop\/index.php\/wp-json\/wp\/v2\/product_tag?post=16894"}],"curies":[{"name":"wp","href":"https:\/\/api.w.org\/{rel}","templated":true}]}}