{"id":16901,"date":"2023-12-19T19:39:29","date_gmt":"2023-12-19T18:39:29","guid":{"rendered":"https:\/\/venuspara.com\/?post_type=product&#038;p=16901"},"modified":"2023-12-19T19:40:49","modified_gmt":"2023-12-19T18:40:49","slug":"bio-orient-bain-dhuile-cheveux-90ml","status":"publish","type":"product","link":"https:\/\/pharmadreams.shop\/index.php\/product\/bio-orient-bain-dhuile-cheveux-90ml\/","title":{"rendered":"Bio orient bain d&rsquo;huile cheveux 90ml"},"content":{"rendered":"","protected":false},"excerpt":{"rendered":"<p>Bio orient bain de huiles forme une synergie de 10 huiles naturelles r\u00e9put\u00e9es pour leur efficacit\u00e9 exceptionnelle sur les cheveux, Cette huile de soin\u00a0pour cheveux\u00a0de bio orient\u00a0s\u2019utilise en bain d\u2019huile, en friction ou en soin sans rin\u00e7age sur les pointes<br \/>\nBio Orient le soin d\u2019exception fortifie, nourrit r\u00e9pare, fait briller les cheveux 100% d\u2019origine naturelle ce soin est une v\u00e9ritable cure de beaut\u00e9 pour vos cheveux<\/p>\n","protected":false},"featured_media":16984,"comment_status":"open","ping_status":"closed","template":"","meta":[],"product_brand":[],"product_cat":[106,153,110],"product_tag":[],"class_list":{"0":"post-16901","1":"product","2":"type-product","3":"status-publish","4":"has-post-thumbnail","6":"product_cat-brillance","7":"product_cat-huile","8":"product_cat-soin-cheveux","10":"first","11":"instock","12":"shipping-taxable","13":"purchasable","14":"product-type-simple"},"yoast_head":"<!-- This site is optimized with the Yoast SEO plugin v23.0 - https:\/\/yoast.com\/wordpress\/plugins\/seo\/ -->\n<title>Bio orient bain d&#039;huile cheveux 90ml - pharmadreams<\/title>\n<meta name=\"robots\" content=\"index, follow, max-snippet:-1, max-image-preview:large, max-video-preview:-1\" \/>\n<link rel=\"canonical\" href=\"https:\/\/pharmadreams.shop\/index.php\/product\/bio-orient-bain-dhuile-cheveux-90ml\/\" \/>\n<meta property=\"og:locale\" content=\"fr_FR\" \/>\n<meta property=\"og:type\" content=\"article\" \/>\n<meta property=\"og:title\" content=\"Bio orient bain d&#039;huile cheveux 90ml - pharmadreams\" \/>\n<meta property=\"og:description\" content=\"Bio orient bain de huiles forme une synergie de 10 huiles naturelles r\u00e9put\u00e9es pour leur efficacit\u00e9 exceptionnelle sur les cheveux, Cette huile de soin\u00a0pour cheveux\u00a0de bio orient\u00a0s\u2019utilise en bain d\u2019huile, en friction ou en soin sans rin\u00e7age sur les pointes Bio Orient le soin d\u2019exception fortifie, nourrit r\u00e9pare, fait briller les cheveux 100% d\u2019origine naturelle ce soin est une v\u00e9ritable cure de beaut\u00e9 pour vos cheveux\" \/>\n<meta property=\"og:url\" content=\"https:\/\/pharmadreams.shop\/index.php\/product\/bio-orient-bain-dhuile-cheveux-90ml\/\" \/>\n<meta property=\"og:site_name\" content=\"pharmadreams\" \/>\n<meta property=\"article:modified_time\" content=\"2023-12-19T18:40:49+00:00\" \/>\n<meta property=\"og:image\" content=\"https:\/\/pharmadreams.shop\/wp-content\/uploads\/2023\/12\/Sans-titre-32.png\" \/>\n\t<meta property=\"og:image:width\" content=\"860\" \/>\n\t<meta property=\"og:image:height\" content=\"840\" \/>\n\t<meta property=\"og:image:type\" content=\"image\/png\" \/>\n<meta name=\"twitter:card\" content=\"summary_large_image\" \/>\n<script type=\"application\/ld+json\" class=\"yoast-schema-graph\">{\"@context\":\"https:\/\/schema.org\",\"@graph\":[{\"@type\":\"WebPage\",\"@id\":\"https:\/\/pharmadreams.shop\/index.php\/product\/bio-orient-bain-dhuile-cheveux-90ml\/\",\"url\":\"https:\/\/pharmadreams.shop\/index.php\/product\/bio-orient-bain-dhuile-cheveux-90ml\/\",\"name\":\"Bio orient bain d'huile cheveux 90ml - pharmadreams\",\"isPartOf\":{\"@id\":\"https:\/\/pharmadreams.shop\/#website\"},\"primaryImageOfPage\":{\"@id\":\"https:\/\/pharmadreams.shop\/index.php\/product\/bio-orient-bain-dhuile-cheveux-90ml\/#primaryimage\"},\"image\":{\"@id\":\"https:\/\/pharmadreams.shop\/index.php\/product\/bio-orient-bain-dhuile-cheveux-90ml\/#primaryimage\"},\"thumbnailUrl\":\"https:\/\/pharmadreams.shop\/wp-content\/uploads\/2023\/12\/Sans-titre-32.png\",\"datePublished\":\"2023-12-19T18:39:29+00:00\",\"dateModified\":\"2023-12-19T18:40:49+00:00\",\"breadcrumb\":{\"@id\":\"https:\/\/pharmadreams.shop\/index.php\/product\/bio-orient-bain-dhuile-cheveux-90ml\/#breadcrumb\"},\"inLanguage\":\"fr-FR\",\"potentialAction\":[{\"@type\":\"ReadAction\",\"target\":[\"https:\/\/pharmadreams.shop\/index.php\/product\/bio-orient-bain-dhuile-cheveux-90ml\/\"]}]},{\"@type\":\"ImageObject\",\"inLanguage\":\"fr-FR\",\"@id\":\"https:\/\/pharmadreams.shop\/index.php\/product\/bio-orient-bain-dhuile-cheveux-90ml\/#primaryimage\",\"url\":\"https:\/\/pharmadreams.shop\/wp-content\/uploads\/2023\/12\/Sans-titre-32.png\",\"contentUrl\":\"https:\/\/pharmadreams.shop\/wp-content\/uploads\/2023\/12\/Sans-titre-32.png\",\"width\":860,\"height\":840},{\"@type\":\"BreadcrumbList\",\"@id\":\"https:\/\/pharmadreams.shop\/index.php\/product\/bio-orient-bain-dhuile-cheveux-90ml\/#breadcrumb\",\"itemListElement\":[{\"@type\":\"ListItem\",\"position\":1,\"name\":\"Accueil\",\"item\":\"https:\/\/pharmadreams.shop\/\"},{\"@type\":\"ListItem\",\"position\":2,\"name\":\"Shop\",\"item\":\"https:\/\/pharmadreams.shop\/index.php\/shop\/\"},{\"@type\":\"ListItem\",\"position\":3,\"name\":\"Bio orient bain d&#8217;huile cheveux 90ml\"}]},{\"@type\":\"WebSite\",\"@id\":\"https:\/\/pharmadreams.shop\/#website\",\"url\":\"https:\/\/pharmadreams.shop\/\",\"name\":\"pharmadreams\",\"description\":\"Parapharmacie en ligne\",\"potentialAction\":[{\"@type\":\"SearchAction\",\"target\":{\"@type\":\"EntryPoint\",\"urlTemplate\":\"https:\/\/pharmadreams.shop\/?s={search_term_string}\"},\"query-input\":\"required name=search_term_string\"}],\"inLanguage\":\"fr-FR\"}]}<\/script>\n<!-- \/ Yoast SEO plugin. -->","yoast_head_json":{"title":"Bio orient bain d'huile cheveux 90ml - pharmadreams","robots":{"index":"index","follow":"follow","max-snippet":"max-snippet:-1","max-image-preview":"max-image-preview:large","max-video-preview":"max-video-preview:-1"},"canonical":"https:\/\/pharmadreams.shop\/index.php\/product\/bio-orient-bain-dhuile-cheveux-90ml\/","og_locale":"fr_FR","og_type":"article","og_title":"Bio orient bain d'huile cheveux 90ml - pharmadreams","og_description":"Bio orient bain de huiles forme une synergie de 10 huiles naturelles r\u00e9put\u00e9es pour leur efficacit\u00e9 exceptionnelle sur les cheveux, Cette huile de soin\u00a0pour cheveux\u00a0de bio orient\u00a0s\u2019utilise en bain d\u2019huile, en friction ou en soin sans rin\u00e7age sur les pointes Bio Orient le soin d\u2019exception fortifie, nourrit r\u00e9pare, fait briller les cheveux 100% d\u2019origine naturelle ce soin est une v\u00e9ritable cure de beaut\u00e9 pour vos cheveux","og_url":"https:\/\/pharmadreams.shop\/index.php\/product\/bio-orient-bain-dhuile-cheveux-90ml\/","og_site_name":"pharmadreams","article_modified_time":"2023-12-19T18:40:49+00:00","og_image":[{"width":860,"height":840,"url":"https:\/\/pharmadreams.shop\/wp-content\/uploads\/2023\/12\/Sans-titre-32.png","type":"image\/png"}],"twitter_card":"summary_large_image","schema":{"@context":"https:\/\/schema.org","@graph":[{"@type":"WebPage","@id":"https:\/\/pharmadreams.shop\/index.php\/product\/bio-orient-bain-dhuile-cheveux-90ml\/","url":"https:\/\/pharmadreams.shop\/index.php\/product\/bio-orient-bain-dhuile-cheveux-90ml\/","name":"Bio orient bain d'huile cheveux 90ml - pharmadreams","isPartOf":{"@id":"https:\/\/pharmadreams.shop\/#website"},"primaryImageOfPage":{"@id":"https:\/\/pharmadreams.shop\/index.php\/product\/bio-orient-bain-dhuile-cheveux-90ml\/#primaryimage"},"image":{"@id":"https:\/\/pharmadreams.shop\/index.php\/product\/bio-orient-bain-dhuile-cheveux-90ml\/#primaryimage"},"thumbnailUrl":"https:\/\/pharmadreams.shop\/wp-content\/uploads\/2023\/12\/Sans-titre-32.png","datePublished":"2023-12-19T18:39:29+00:00","dateModified":"2023-12-19T18:40:49+00:00","breadcrumb":{"@id":"https:\/\/pharmadreams.shop\/index.php\/product\/bio-orient-bain-dhuile-cheveux-90ml\/#breadcrumb"},"inLanguage":"fr-FR","potentialAction":[{"@type":"ReadAction","target":["https:\/\/pharmadreams.shop\/index.php\/product\/bio-orient-bain-dhuile-cheveux-90ml\/"]}]},{"@type":"ImageObject","inLanguage":"fr-FR","@id":"https:\/\/pharmadreams.shop\/index.php\/product\/bio-orient-bain-dhuile-cheveux-90ml\/#primaryimage","url":"https:\/\/pharmadreams.shop\/wp-content\/uploads\/2023\/12\/Sans-titre-32.png","contentUrl":"https:\/\/pharmadreams.shop\/wp-content\/uploads\/2023\/12\/Sans-titre-32.png","width":860,"height":840},{"@type":"BreadcrumbList","@id":"https:\/\/pharmadreams.shop\/index.php\/product\/bio-orient-bain-dhuile-cheveux-90ml\/#breadcrumb","itemListElement":[{"@type":"ListItem","position":1,"name":"Accueil","item":"https:\/\/pharmadreams.shop\/"},{"@type":"ListItem","position":2,"name":"Shop","item":"https:\/\/pharmadreams.shop\/index.php\/shop\/"},{"@type":"ListItem","position":3,"name":"Bio orient bain d&#8217;huile cheveux 90ml"}]},{"@type":"WebSite","@id":"https:\/\/pharmadreams.shop\/#website","url":"https:\/\/pharmadreams.shop\/","name":"pharmadreams","description":"Parapharmacie en ligne","potentialAction":[{"@type":"SearchAction","target":{"@type":"EntryPoint","urlTemplate":"https:\/\/pharmadreams.shop\/?s={search_term_string}"},"query-input":"required name=search_term_string"}],"inLanguage":"fr-FR"}]}},"_links":{"self":[{"href":"https:\/\/pharmadreams.shop\/index.php\/wp-json\/wp\/v2\/product\/16901","targetHints":{"allow":["GET"]}}],"collection":[{"href":"https:\/\/pharmadreams.shop\/index.php\/wp-json\/wp\/v2\/product"}],"about":[{"href":"https:\/\/pharmadreams.shop\/index.php\/wp-json\/wp\/v2\/types\/product"}],"replies":[{"embeddable":true,"href":"https:\/\/pharmadreams.shop\/index.php\/wp-json\/wp\/v2\/comments?post=16901"}],"version-history":[{"count":0,"href":"https:\/\/pharmadreams.shop\/index.php\/wp-json\/wp\/v2\/product\/16901\/revisions"}],"wp:featuredmedia":[{"embeddable":true,"href":"https:\/\/pharmadreams.shop\/index.php\/wp-json\/wp\/v2\/media\/16984"}],"wp:attachment":[{"href":"https:\/\/pharmadreams.shop\/index.php\/wp-json\/wp\/v2\/media?parent=16901"}],"wp:term":[{"taxonomy":"product_brand","embeddable":true,"href":"https:\/\/pharmadreams.shop\/index.php\/wp-json\/wp\/v2\/product_brand?post=16901"},{"taxonomy":"product_cat","embeddable":true,"href":"https:\/\/pharmadreams.shop\/index.php\/wp-json\/wp\/v2\/product_cat?post=16901"},{"taxonomy":"product_tag","embeddable":true,"href":"https:\/\/pharmadreams.shop\/index.php\/wp-json\/wp\/v2\/product_tag?post=16901"}],"curies":[{"name":"wp","href":"https:\/\/api.w.org\/{rel}","templated":true}]}}